{"id":11,"date":"2015-12-16T15:31:03","date_gmt":"2015-12-16T14:31:03","guid":{"rendered":"https:\/\/2016.bilbao.wordcamp.org\/location\/"},"modified":"2016-03-30T13:52:00","modified_gmt":"2016-03-30T11:52:00","slug":"localizacion","status":"publish","type":"page","link":"https:\/\/bilbao.wordcamp.org\/2016\/localizacion\/","title":{"rendered":"Localizaci\u00f3n"},"content":{"rendered":"<p>WordCamp Bilbao 2016 se celebrar\u00e1 en el edificio Bizkaia Aretoa. Consulta toda la informaci\u00f3n sobre la localizaci\u00f3n en la parte inferior y no dudes en ponerte en contacto con el equipo de organizaci\u00f3n si tienes cualquier duda sobre la localizaci\u00f3n.<\/p>\n<p><strong>Direcci\u00f3n<\/strong><\/p>\n<p>Abandoibarra Etorbidea 3<br \/>\n48009 Bilbao, Bizkaia<\/p>\n<p><strong>Llegar al sitio<\/strong><\/p>\n<p>Parada de metro m\u00e1s cercana: Moyua &#8211; Salida Ercilla<\/p>\n<p>Parada de bus m\u00e1s cercana: Centro Comercial Zubiarte &#8211; Puente de Deusto<\/p>\n<p>Parada de tranv\u00eda m\u00e1s cercana: Museo Guggenheim<\/p>\n<p><strong>Mapa<\/strong><\/p>\n<div class=\"googlemaps\">\n\t\t\t\t<iframe loading=\"lazy\" width=\"100\" height=\"450\" frameborder=\"0\" scrolling=\"no\" marginheight=\"0\" marginwidth=\"0\"  src=\"https:\/\/www.google.com\/maps\/embed?pb=!1m18!1m12!1m3!1d2868.542030665042!2d-2.9364529389618785!3d43.268103219629324!2m3!1f0!2f0!3f0!3m2!1i1024!2i768!4f13.1!3m3!1m2!1s0x0000000000000000:0x529de363ac4a9d01!2sBizkaia%20Aretoa!5e0!3m2!1ses!2ses!4v1458906581132\"><\/iframe>\n\t\t\t<\/div>\n","protected":false},"excerpt":{"rendered":"<p>WordCamp Bilbao 2016 se celebrar\u00e1 en el edificio Bizkaia Aretoa. Consulta toda la informaci\u00f3n sobre la localizaci\u00f3n en la parte inferior y no dudes en ponerte en contacto con el equipo de organizaci\u00f3n si tienes cualquier duda sobre la localizaci\u00f3n. &hellip; <a href=\"https:\/\/bilbao.wordcamp.org\/2016\/localizacion\/\">Sigue leyendo <span class=\"assistive-text\">Localizaci\u00f3n<\/span>  <span class=\"meta-nav\">&rarr;<\/span><\/a><\/p>\n","protected":false},"author":13800779,"featured_media":0,"parent":0,"menu_order":0,"comment_status":"closed","ping_status":"closed","template":"","meta":{"jetpack_post_was_ever_published":false,"footnotes":""},"class_list":["post-11","page","type-page","status-publish","hentry"],"jetpack_sharing_enabled":true,"jetpack_shortlink":"https:\/\/wp.me\/P72Wcx-b","_links":{"self":[{"href":"https:\/\/bilbao.wordcamp.org\/2016\/wp-json\/wp\/v2\/pages\/11","targetHints":{"allow":["GET"]}}],"collection":[{"href":"https:\/\/bilbao.wordcamp.org\/2016\/wp-json\/wp\/v2\/pages"}],"about":[{"href":"https:\/\/bilbao.wordcamp.org\/2016\/wp-json\/wp\/v2\/types\/page"}],"author":[{"embeddable":true,"href":"https:\/\/bilbao.wordcamp.org\/2016\/wp-json\/wp\/v2\/users\/13800779"}],"replies":[{"embeddable":true,"href":"https:\/\/bilbao.wordcamp.org\/2016\/wp-json\/wp\/v2\/comments?post=11"}],"version-history":[{"count":6,"href":"https:\/\/bilbao.wordcamp.org\/2016\/wp-json\/wp\/v2\/pages\/11\/revisions"}],"predecessor-version":[{"id":225,"href":"https:\/\/bilbao.wordcamp.org\/2016\/wp-json\/wp\/v2\/pages\/11\/revisions\/225"}],"wp:attachment":[{"href":"https:\/\/bilbao.wordcamp.org\/2016\/wp-json\/wp\/v2\/media?parent=11"}],"curies":[{"name":"wp","href":"https:\/\/api.w.org\/{rel}","templated":true}]}}