{"id":72,"date":"2015-12-20T22:33:42","date_gmt":"2015-12-20T21:33:42","guid":{"rendered":"https:\/\/2016.bilbao.wordcamp.org\/?page_id=72"},"modified":"2016-04-29T08:41:23","modified_gmt":"2016-04-29T06:41:23","slug":"transparencia","status":"publish","type":"page","link":"https:\/\/bilbao.wordcamp.org\/2016\/wordcamp-bilbao\/transparencia\/","title":{"rendered":"Transparencia"},"content":{"rendered":"<p>Desde la <a href=\"https:\/\/2016.bilbao.wordcamp.org\/organizadores\/\" target=\"_blank\" rel=\"nofollow\">Organizaci\u00f3n<\/a> de la WordCamp Bilbao\u00a0entendemos y vemos la necesidad de que un evento como este ha de ser 100% transparente. Por nuestra parte, publicaremos las cuentas en esta p\u00e1gina y trataremos de hacer todo lo m\u00e1s accesible y transparente posible.<\/p>\n<p><a href=\"https:\/\/docs.google.com\/spreadsheets\/d\/1anaJux_Z03iOonyQH-KZCoGBs79lLIEVUtGp7Vq8Hb8\/edit#gid=0\" target=\"_blank\">Puedes ver el documento transparente aqu\u00ed.<\/a><\/p>\n<p>Explicaci\u00f3n de las diferentes pesta\u00f1as:<\/p>\n<ul>\n<li><strong>Budget<\/strong>: Indica el presupuesto inicial, son reales estimados que supondr\u00eda el evento realizado al 100% de capacidad (tanto de asistentes, como de medios).<\/li>\n<li><strong>Status<\/strong>: El estado en el que est\u00e1 la organizaci\u00f3n de la WordCamp y las diferentes fases que se van atravesando.<\/li>\n<li><strong>Vendors<\/strong>: Son las compa\u00f1\u00edas a quienes se les contratan los servicios necesarios para el evento; incluye el contacto, precio y descripci\u00f3n.<\/li>\n<li><strong>Sponsors<\/strong>: Son los patrocinadores; incluye el movimiento de solicitud y si se han confirmado o no.<\/li>\n<li><strong>Sponsor Packages<\/strong>: Los niveles\/tipos de patrocinio con los que cuenta el evento.<\/li>\n<li><strong>Speakers<\/strong>: La informaci\u00f3n sobre los speakers se hayan confirmado o no.<\/li>\n<li><strong>Volunteers<\/strong>: Quienes estamos en la organizaci\u00f3n y ayudando en la medida de lo posible.<\/li>\n<\/ul>\n<p>&nbsp;<\/p>\n<h3>Art\u00edculos de Res\u00famenes Semanales de la WordCamp Bilbao:<\/h3>\n<ul>\n<li><a href=\"https:\/\/2016.bilbao.wordcamp.org\/resumen-de-la-semana-menos-6\/\" rel=\"nofollow\">Resumen de la Semana -6<\/a><\/li>\n<\/ul>\n<div class=\"sharedaddy sd-sharing-enabled\"><\/div>\n","protected":false},"excerpt":{"rendered":"<p>Desde la Organizaci\u00f3n de la WordCamp Bilbao\u00a0entendemos y vemos la necesidad de que un evento como este ha de ser 100% transparente. Por nuestra parte, publicaremos las cuentas en esta p\u00e1gina y trataremos de hacer todo lo m\u00e1s accesible y &hellip; <a href=\"https:\/\/bilbao.wordcamp.org\/2016\/wordcamp-bilbao\/transparencia\/\">Sigue leyendo <span class=\"assistive-text\">Transparencia<\/span>  <span class=\"meta-nav\">&rarr;<\/span><\/a><\/p>\n","protected":false},"author":13800779,"featured_media":0,"parent":168,"menu_order":0,"comment_status":"closed","ping_status":"closed","template":"","meta":{"jetpack_post_was_ever_published":false,"footnotes":""},"class_list":["post-72","page","type-page","status-publish","hentry"],"jetpack_sharing_enabled":true,"jetpack_shortlink":"https:\/\/wp.me\/P72Wcx-1a","_links":{"self":[{"href":"https:\/\/bilbao.wordcamp.org\/2016\/wp-json\/wp\/v2\/pages\/72","targetHints":{"allow":["GET"]}}],"collection":[{"href":"https:\/\/bilbao.wordcamp.org\/2016\/wp-json\/wp\/v2\/pages"}],"about":[{"href":"https:\/\/bilbao.wordcamp.org\/2016\/wp-json\/wp\/v2\/types\/page"}],"author":[{"embeddable":true,"href":"https:\/\/bilbao.wordcamp.org\/2016\/wp-json\/wp\/v2\/users\/13800779"}],"replies":[{"embeddable":true,"href":"https:\/\/bilbao.wordcamp.org\/2016\/wp-json\/wp\/v2\/comments?post=72"}],"version-history":[{"count":4,"href":"https:\/\/bilbao.wordcamp.org\/2016\/wp-json\/wp\/v2\/pages\/72\/revisions"}],"predecessor-version":[{"id":869,"href":"https:\/\/bilbao.wordcamp.org\/2016\/wp-json\/wp\/v2\/pages\/72\/revisions\/869"}],"up":[{"embeddable":true,"href":"https:\/\/bilbao.wordcamp.org\/2016\/wp-json\/wp\/v2\/pages\/168"}],"wp:attachment":[{"href":"https:\/\/bilbao.wordcamp.org\/2016\/wp-json\/wp\/v2\/media?parent=72"}],"curies":[{"name":"wp","href":"https:\/\/api.w.org\/{rel}","templated":true}]}}