{"id":9,"date":"2015-12-16T15:31:03","date_gmt":"2015-12-16T15:31:03","guid":{"rendered":"https:\/\/2016.bilbao.wordcamp.org\/sessions\/"},"modified":"2016-04-28T18:09:49","modified_gmt":"2016-04-28T16:09:49","slug":"ponencias","status":"publish","type":"page","link":"https:\/\/bilbao.wordcamp.org\/2016\/programa\/ponencias\/","title":{"rendered":"Ponencias"},"content":{"rendered":"\n\t<div class=\"wcorg-sessions\">\n\t\t\n\t\t\t<div id=\"wcorg-session-1440\" class=\"wcorg-session\" >\n\t\t\t\t<h2>\n\t\t\t\t\tHerramientas de desarrollo en entornos LAMP\t\t\t\t<\/h2>\n\n\t\t\t\t<div class=\"wcorg-session-description\">\n\t\t\t\t\t\t\t\t\t\t\t\t\t\t\t\t\t\t\t\t<p class=\"p1\"><span class=\"s1\">Desarrollo WordPress &#8211; Herramientas para trabajar y colaborar<\/span><\/p>\n<p class=\"p1\"><span class=\"s1\">Esta charla\/taller se intentar\u00e1 explicar y hablar de las herramientas t\u00edpicas para proyectos LAMP como pueden ser WordPress, Drupal o Symfony.<\/span><\/p>\n<p class=\"p1\"><span class=\"s1\">Este caso hablaremos desde la Gesti\u00f3n de proyectos (y herramientas varias), hasta el control del c\u00f3digo del proyecto, pasando por tener un entorno local de desarrollo configuraci\u00f3n de IDE para desarrollar.<\/span><\/p>\n<p class=\"p3\"><span class=\"s2\">Ser\u00e1n conceptos b\u00e1sicos que intentaremos profundizar seg\u00fan avance la sesi\u00f3n.<\/span><\/p>\n\n\t\t\t\t\t\t\t\t\t<\/div>\n\t\t\t<\/div>\n\n\t\t\n\t\t\t<div id=\"wcorg-session-259\" class=\"wcorg-session\" >\n\t\t\t\t<h2>\n\t\t\t\t\tSare Sozialen pluginak WordPress-erako (Euskera)\t\t\t\t<\/h2>\n\n\t\t\t\t<div class=\"wcorg-session-description\">\n\t\t\t\t\t\t\t\t\t\t\t\t\t\t\t\t\t\t\t\t<p>WordPressek sare sozialekin uztartzeko dituen plugin ezberdinez hitz egingo dut orokorrean; zeintzuk diren erabilgarrienak, erabiltzaileentzako erabilterrazenak, gehien erabiltzen direnak edota ezagunenak eta nik zeintzuk erabiliko nituzkeen.<\/p>\n<p>En general, hablar\u00e9 de los diferentes plugins que ofrece WordPress para las redes sociales; cuales son los m\u00e1s eficaces, los m\u00e1s f\u00e1ciles de utilizar, cuales se utilizan m\u00e1s y, para finalizar, cuales son los que yo recomendar\u00eda.<\/p>\n<p>&nbsp;<\/p>\n\n\t\t\t\t\t\t\t\t\t<\/div>\n\t\t\t<\/div>\n\n\t\t\n\t\t\t<div id=\"wcorg-session-271\" class=\"wcorg-session\" >\n\t\t\t\t<h2>\n\t\t\t\t\tAccess Monitor by Tenon\t\t\t\t<\/h2>\n\n\t\t\t\t<div class=\"wcorg-session-description\">\n\t\t\t\t\t\t\t\t\t\t\t\t\t\t\t\t\t\t\t\t<p class=\"p1\"><span class=\"s1\">\u00bfPor qu\u00e9 un sitio debe ser accesible? Tras una introducci\u00f3n sobre lo que es la accesibilidad web y por qu\u00e9 hay que tenerla en cuenta veremos c\u00f3mo podemos usar el plugin Access Monitor para ayudar a revisar problemas que existan en nuestra p\u00e1gina.<\/span><\/p>\n<p>&nbsp;<\/p>\n\n\t\t\t\t\t\t\t\t\t<\/div>\n\t\t\t<\/div>\n\n\t\t\n\t\t\t<div id=\"wcorg-session-1101\" class=\"wcorg-session\" >\n\t\t\t\t<h2>\n\t\t\t\t\tWordPress y Marketing, inseparables en todos los proyectos web\t\t\t\t<\/h2>\n\n\t\t\t\t<div class=\"wcorg-session-description\">\n\t\t\t\t\t\t\t\t\t\t\t\t\t\t\t\t\t\t\t\t<p>Cualquiera que este en un proyecto web sabe que hay muchos aspectos a tener en cuenta y que no vale tan solo con hacer una web, tambi\u00e9n hay que hacerla crecer. Ah\u00ed es donde tanto WordPress como marketing online pueden trabajar conjuntamente para lograr lo mejor de cada proyecto Web.<\/p>\n<p>Las necesidades que se plantean en marketing online hace que debamos saber que ofrecer desde WordPress para ser la opci\u00f3n preferida, \u00bflo sabemos realmente?, \u00bfsabemos que ofrecer?<\/p>\n\n\t\t\t\t\t\t\t\t\t<\/div>\n\t\t\t<\/div>\n\n\t\t\n\t\t\t<div id=\"wcorg-session-267\" class=\"wcorg-session\" >\n\t\t\t\t<h2>\n\t\t\t\t\tIndexar y optimizar el ratio de rastreo del robot de Google\t\t\t\t<\/h2>\n\n\t\t\t\t<div class=\"wcorg-session-description\">\n\t\t\t\t\t\t\t\t\t\t\t\t\t\t\t\t\t\t\t\t<p>Menos SEO on-page y m\u00e1s indexaci\u00f3n. Optimiza el Crawl Rate.<\/p>\n<p>\u00bfSab\u00edas que Google asigna un tiempo concreto para el rastreo de tu web? Cada redirecci\u00f3n 301 que encuentra a su paso te resta segundos muy valiosos. Aprende a allanar el camino al robot de Google y manipularlo para que encuentre solo lo que t\u00fa quieras.<\/p>\n<p>WordPress puede ser un generador de contenido duplicado. Configura categor\u00edas, etiquetas, autores o paginaciones para lograr el ansiado contenido de calidad y alimentar a Google Panda.<\/p>\n<p>El SEO de repartir keywords por el html ha muerto. Es la era del rastreo, la indexaci\u00f3n, la arquitectura web, el WPO y los topics. El SEO mola.<\/p>\n<p>&nbsp;<\/p>\n\n\t\t\t\t\t\t\t\t\t<\/div>\n\t\t\t<\/div>\n\n\t\t\n\t\t\t<div id=\"wcorg-session-1105\" class=\"wcorg-session\" >\n\t\t\t\t<h2>\n\t\t\t\t\t\u00bfPol\u00edtica de Privacidad, Aviso Legal, LOPD?\t\t\t\t<\/h2>\n\n\t\t\t\t<div class=\"wcorg-session-description\">\n\t\t\t\t\t\t\t\t\t\t\t\t\t\t\t\t\t\t\t\t<p class=\"p2\"><span class=\"s2\">\u00bfTe gustar\u00eda saber la diferencia entre estos y otros t\u00e9rminos que a veces nos resultan tan confusos?<\/span><\/p>\n<p class=\"p2\"><span class=\"s2\">En esta charla-debate intentaremos hacer que eso que te parec\u00eda un engorro se convierta en algo mucho m\u00e1s claro y sencillo. Por otra parte tambi\u00e9n veremos las ventajas que te puede reportar, y porqu\u00e9 es imprescindible tener tu Web correctamente adecuada independientemente del tama\u00f1o de tu negocio.<\/span><\/p>\n<p class=\"p4\"><span class=\"s1\">Si hay inter\u00e9s, podemos hacer igualmente un repaso a la pol\u00e9mica Pol\u00edtica de Cookies y c\u00f3mo tener correctamente un formulario de suscripci\u00f3n o recogida de informaci\u00f3n.<\/span><\/p>\n\n\t\t\t\t\t\t\t\t\t<\/div>\n\t\t\t<\/div>\n\n\t\t\n\t\t\t<div id=\"wcorg-session-265\" class=\"wcorg-session\" >\n\t\t\t\t<h2>\n\t\t\t\t\tBetter Themes with Scalable Vector Graphics &#8211; SVG (Ingl\u00e9s)\t\t\t\t<\/h2>\n\n\t\t\t\t<div class=\"wcorg-session-description\">\n\t\t\t\t\t\t\t\t\t\t\t\t\t\t\t\t\t\t\t\t<p>A responsive design has become a standard of modern WordPress theme. But not only the content of a website has to be optimized for the mobile screen. The theme should also provide high resolution images and icons. Using SVG images here is usually the best way to accomplish this goal.<\/p>\n<p>This session will give a brief overview on how you can utilize Scalable Vector Graphics. Bernhard will show you different ways to integrate SVG images. But as SVG could not only be used for static images, the session will also cover things like styling and animating SVG or using them for image maps.<\/p>\n<p>&nbsp;<\/p>\n\n\t\t\t\t\t\t\t\t\t<\/div>\n\t\t\t<\/div>\n\n\t\t\n\t\t\t<div id=\"wcorg-session-257\" class=\"wcorg-session\" >\n\t\t\t\t<h2>\n\t\t\t\t\tDe HTML&amp;CSS a WordPress\t\t\t\t<\/h2>\n\n\t\t\t\t<div class=\"wcorg-session-description\">\n\t\t\t\t\t\t\t\t\t\t\t\t\t\t\t\t\t\t\t\t<p>Aprende c\u00f3mo pasar tu maqueta HTML y CSS a tema de WordPress.<\/p>\n<p>Un amplio repaso a la estructura de un theme de WordPress y las buenas pr\u00e1cticas a la hora de desarrollar nuestro propio theme.<\/p>\n<p>Aprende c\u00f3mo se comporta un tema, controla el Loop, crea men\u00fas din\u00e1micos, zonas de widgets, tipos de contenidos personalizados, metaboxes y alguna sorpresa m\u00e1s.<\/p>\n<p>&nbsp;<\/p>\n\n\t\t\t\t\t\t\t\t\t<\/div>\n\t\t\t<\/div>\n\n\t\t\n\t\t\t<div id=\"wcorg-session-273\" class=\"wcorg-session\" >\n\t\t\t\t<h2>\n\t\t\t\t\tLesson Learned from 7 years of freelancing as a WP Designer\/Devel (Ingl\u00e9s)\t\t\t\t<\/h2>\n\n\t\t\t\t<div class=\"wcorg-session-description\">\n\t\t\t\t\t\t\t\t\t\t\t\t\t\t\t\t\t\t\t\t<p>I\u2019ve made every possible mistake there is to make during the last 7+ years of freelancing as a WordPress Designer and Developer.<\/p>\n<p>Freelancers often tend to attract the wrong clients and miss the opportunity to communicate their value.<\/p>\n<p>This talk provides a list of my most important lessons learned. It shares my experience, useful insights, and an action plan on how to improve your freelance business. It is a presentation that inspires to make a huge impact by implementing small changes.<\/p>\n<p>&nbsp;<\/p>\n\n\t\t\t\t\t\t\t\t\t<\/div>\n\t\t\t<\/div>\n\n\t\t\n\t\t\t<div id=\"wcorg-session-263\" class=\"wcorg-session\" >\n\t\t\t\t<h2>\n\t\t\t\t\tUsos y oportunidades de WordPress en la educaci\u00f3n\t\t\t\t<\/h2>\n\n\t\t\t\t<div class=\"wcorg-session-description\">\n\t\t\t\t\t\t\t\t\t\t\t\t\t\t\t\t\t\t\t\t<p class=\"p1\"><span class=\"s1\">WordPress ofrece herramientas y oportunidades fant\u00e1sticas para el mundo educativo. En esta ponencia aprenderemos de la mano de Fernando Tellado como aprovechar todo el potencial de WordPress en colegios, academias, escuelas superiores y universidades.<\/span><\/p>\n<p class=\"p1\"><span class=\"s1\">Eliminando los costes de licencias, con todo lo que ofrece WordPress y un poco de ma\u00f1a se pueden crear desde entornos de comunicaci\u00f3n entre estudiantes y profesores, webs de proyecto, redes sociales para alumnos e incluso plataformas de formaci\u00f3n completas.<\/span><\/p>\n<p class=\"p1\"><span class=\"s1\">El 25% de Internet funciona con WordPress, y el mundo educativo tiene la oportunidad de utilizar el m\u00e1s potente gestor web y de contenidos para ofrecer herramientas y un ecosistema completo para que profesores y alumnos aprovechen al m\u00e1ximo sus conocimientos con las aplicaciones del mundo profesional.<\/span><\/p>\n<p class=\"p1\">\n\n\t\t\t\t\t\t\t\t\t<\/div>\n\t\t\t<\/div>\n\n\t\t\n\t\t\t<div id=\"wcorg-session-261\" class=\"wcorg-session\" >\n\t\t\t\t<h2>\n\t\t\t\t\tMigraci\u00f3n de tu WordPress al dominio .EUS \u00bfC\u00f3mo hacerlo y por qu\u00e9? (Euskera)\t\t\t\t<\/h2>\n\n\t\t\t\t<div class=\"wcorg-session-description\">\n\t\t\t\t\t\t\t\t\t\t\t\t\t\t\t\t\t\t\t\t<p>Desde finales del 2014, una gran cantidad de nuevos dominios ha salido al mercado. Entre ellos est\u00e1 el dominio .EUS, el dominio destinado a fomentar el euskara y la cultura vasca (en su sentido m\u00e1s amplio) en Internet. Por eso, muchas p\u00e1ginas est\u00e1n realizando el cambio de dominio para empezar a usar el dominio .EUS. Las razones pueden ser infinitas, desde el uso de un dominio no disponible en otros dominios como el .com o el .es, a la mejor\u00eda del posicionamiento.<\/p>\n<p>La ponencia empezar\u00e1 resumiendo las principales razones y ventajas de hacer el cambio para luego sumergirse en el proceso de migraci\u00f3n, empezando por los requisitos necesarios (la configuraci\u00f3n del espacio de alojamiento y el dominio, la base de datos, etc.) para poder hacer el cambio. Despu\u00e9s se explicar\u00e1n los pasos a seguir en WordPress, junto con los aspectos a tener en cuenta de cara al posicionamiento.<\/p>\n<p>&nbsp;<\/p>\n\n\t\t\t\t\t\t\t\t\t<\/div>\n\t\t\t<\/div>\n\n\t\t\n\t\t\t<div id=\"wcorg-session-247\" class=\"wcorg-session\" >\n\t\t\t\t<h2>\n\t\t\t\t\tEl SEO en WooCommerce requiere de un buen tiempo de crianza\t\t\t\t<\/h2>\n\n\t\t\t\t<div class=\"wcorg-session-description\">\n\t\t\t\t\t\t\t\t\t\t\t\t\t\t\t\t\t\t\t\t<p>A\u00f1o 2016, encontrar informaci\u00f3n sobre SEO es relativamente f\u00e1cil, configurar lo b\u00e1sico tambi\u00e9n y eso en muchos casos tiene premio.<\/p>\n<p>Pero en los ecommerce, cada aspecto requiere ser cuidado con detalle, como los buenos vinos. Tiempo y dedicaci\u00f3n con\u00a0<strong>herramientas\u00a0<\/strong>que nos faciliten ser mejores y todo ello con presupuestos limitados.<\/p>\n<p>\u00bfC\u00f3mo? Con un buen tiempo de crianza, descubre unos cuantos\u00a0<strong>trucos de WooCommerce<\/strong>\u00a0o al menos puede que te lleves una sorpresa.<\/p>\n<p>&nbsp;<\/p>\n\n\t\t\t\t\t\t\t\t\t<\/div>\n\t\t\t<\/div>\n\n\t\t\n\t\t\t<div id=\"wcorg-session-245\" class=\"wcorg-session\" >\n\t\t\t\t<h2>\n\t\t\t\t\tBest Practices de 10up (Castellano)\t\t\t\t<\/h2>\n\n\t\t\t\t<div class=\"wcorg-session-description\">\n\t\t\t\t\t\t\t\t\t\t\t\t\t\t\t\t\t\t\t\t<p>En esta charla recorreremos algunos de los puntos m\u00e1s relevantes sobre las mejores pr\u00e1cticas en el desarrollo para WordPress, bas\u00e1ndonos en \u00abWordPress Best Practices\u00bb de 10up veremos algunos ejemplos y consejos que nos permitir\u00e1n construir proyectos con mejor rendimiento, seguridad y mantenibilidad.<\/p>\n\n\t\t\t\t\t\t\t\t\t<\/div>\n\t\t\t<\/div>\n\n\t\t\n\t\t\t<div id=\"wcorg-session-952\" class=\"wcorg-session\" >\n\t\t\t\t<h2>\n\t\t\t\t\tEl Fen\u00f3meno de los Membership Sites\t\t\t\t<\/h2>\n\n\t\t\t\t<div class=\"wcorg-session-description\">\n\t\t\t\t\t\t\t\t\t\t\t\t\t\t\t\t\t\t\t\t<p>Los membership sites son <strong>el principal modelo de negocio online<\/strong> en EEUU y el m\u00e1s lucrativo. \u00bfPor qu\u00e9? \u00bfQu\u00e9 resultados puedes esperar? \u00bfC\u00f3mo hacerlo? \u00bfC\u00f3mo fidelizar al suscritor? \u00bfC\u00f3mo hacerlo con WordPress sin morir en el intento?<\/p>\n<p>Todo aquello que siempre quisiste saber sobre las webs de suscripci\u00f3n pero que nunca te atreviste a preguntar. Por qu\u00e9 deber\u00edas crear una para tu negocio, qu\u00e9 beneficios te puede ofrecer, y qu\u00e9 se debe tener en cuenta antes de empezar.<\/p>\n\n\t\t\t\t\t\t\t\t\t<\/div>\n\t\t\t<\/div>\n\n\t\t\n\t\t\t<div id=\"wcorg-session-954\" class=\"wcorg-session\" >\n\t\t\t\t<h2>\n\t\t\t\t\tDesplegando WordPress como un profesional\t\t\t\t<\/h2>\n\n\t\t\t\t<div class=\"wcorg-session-description\">\n\t\t\t\t\t\t\t\t\t\t\t\t\t\t\t\t\t\t\t\t<p>Todav\u00eda hay muchos desarrolladores que tiemblan cuando nada m\u00e1s decir que algo est\u00e1 hecho alguien les responde con un \u00abVamos a producci\u00f3n\u00bb.<\/p>\n<p>No hace falta ser Chuck Norris para contestar con confianza \u00abAhora mismo\u00bb. Un buen proceso, automatizado y monitorizado, te ayudar\u00e1 a que tus despliegues sean tan profesionales como tus webs.<\/p>\n\n\t\t\t\t\t\t\t\t\t<\/div>\n\t\t\t<\/div>\n\n\t\t\n\t\t\t<div id=\"wcorg-session-243\" class=\"wcorg-session\" >\n\t\t\t\t<h2>\n\t\t\t\t\tThe Remote Agency Toolbox (Ingl\u00e9s)\t\t\t\t<\/h2>\n\n\t\t\t\t<div class=\"wcorg-session-description\">\n\t\t\t\t\t\t\t\t\t\t\t\t\t\t\t\t\t\t\t\t<p>Esta ponencia se realizar\u00e1 en Ingl\u00e9s.<\/p>\n<p>More and more businesses are adopting the distributed company model \u2013 they hire the best talent, no matter where in the world they are. Following the example of WordPress, built by thousands of volunteers, more WordPress businesses go remote today than ever. Location independence provides many opportunities, but can also be challenging and frustrating unless executed right.<\/p>\n<p>This talk provides a quick list of useful tips, tricks and tools to help you make the most of remote working. It shares the experience and know-how of Human Made, a distributed WordPress agency and WordPress VIP partner that has more than 30 employees scattered across the globe and does enterprise work for clients in 4 continents.<\/p>\n<p>&nbsp;<\/p>\n\n\t\t\t\t\t\t\t\t\t<\/div>\n\t\t\t<\/div>\n\n\t\t\n\t\t\t<div id=\"wcorg-session-1107\" class=\"wcorg-session\" >\n\t\t\t\t<h2>\n\t\t\t\t\tDistinta formas jur\u00eddicas de ejercer una actividad\t\t\t\t<\/h2>\n\n\t\t\t\t<div class=\"wcorg-session-description\">\n\t\t\t\t\t\t\t\t\t\t\t\t\t\t\t\t\t\t\t\t<p>Una introducci\u00f3n a la distintas formas jur\u00eddicas a la hora de ejercer una actividad fundamentalmente como aut\u00f3nomo y como sociedad. M\u00e9todos mas sencillo para elegir una forma jur\u00eddica u otra, procedimiento de alta en hacienda y en la seguridad social, descripci\u00f3n de los impuestos de obligado cumplimiento de un aut\u00f3nomo y de una sociedad. Confecci\u00f3n de facturas, dudas varias de todo el proceso y mucho m\u00e1s.<\/p>\n\n\t\t\t\t\t\t\t\t\t<\/div>\n\t\t\t<\/div>\n\n\t\t\n\t\t\t<div id=\"wcorg-session-241\" class=\"wcorg-session\" >\n\t\t\t\t<h2>\n\t\t\t\t\tPostCSS. The treasure map\t\t\t\t<\/h2>\n\n\t\t\t\t<div class=\"wcorg-session-description\">\n\t\t\t\t\t\t\t\t\t\t\t\t\t\t\t\t\t\t\t\t<p><span style=\"font-weight: 400\">El postCSS ya se est\u00e1 convirtiendo en el siguiente eslab\u00f3n que cambiar\u00e1 la manera de trabajar con el CSS. Ha llegado la hora de tomar decisiones, de elegir qu\u00e9 sintaxis queremos usar, de seguir las pautas de la especificaci\u00f3n sin perdernos ninguna funcionalidad. Esto va a pegar fuerte, ya hemos sacado el mapa del desv\u00e1n, habr\u00e1 que seguir el camino y ver hasta d\u00f3nde nos lleva.<\/span><\/p>\n<p>&nbsp;<\/p>\n\n\t\t\t\t\t\t\t\t\t<\/div>\n\t\t\t<\/div>\n\n\t\t\n\t\t\t<div id=\"wcorg-session-239\" class=\"wcorg-session\" >\n\t\t\t\t<h2>\n\t\t\t\t\tChecklist anti-desastres antes de lanzar tu sitio web\t\t\t\t<\/h2>\n\n\t\t\t\t<div class=\"wcorg-session-description\">\n\t\t\t\t\t\t\t\t\t\t\t\t\t\t\t\t\t\t\t\t<p>Checklist de supervivencia antes de lanzar tu web en WordPress.<\/p>\n<p>\u00a1Qu\u00e9 bonita me ha quedado! \u00a1Es chul\u00edsima! \u00a1No tiene pegas! Realmente est\u00e1s orgulloso del trabajo que has hecho, acabas de terminar tu web en WordPress que con tanto esmero has creado para ti o para tu cliente y est\u00e1s deseando lanzarla para que todo el mundo la conozca.<\/p>\n<p>\u00a1Stop! \u00a1No lo hagas! Comentes un grave error, porque, a buen seguro, habr\u00e1 algo esencial que te habr\u00e1s dejado por el camino. Seguridad, SEO, dise\u00f1o, usabilidad, legalidad, y alguna que otra cosa m\u00e1s.<\/p>\n<p>Aunque sabemos que eres toda una \u201crockstar\u201d y no conoces el miedo haremos un repaso completo por todos los puntos que debes tener en cuenta antes de lanzar tu nuevo sitio web para que no te lleves ninguna sorpresa y tengas que lamentar no haber sido un poquito m\u00e1s prudente.<\/p>\n\n\t\t\t\t\t\t\t\t\t<\/div>\n\t\t\t<\/div>\n\n\t\t\n\t\t\t<div id=\"wcorg-session-237\" class=\"wcorg-session\" >\n\t\t\t\t<h2>\n\t\t\t\t\tEl arte de agrupar informaci\u00f3n en WordPress\t\t\t\t<\/h2>\n\n\t\t\t\t<div class=\"wcorg-session-description\">\n\t\t\t\t\t\t\t\t\t\t\t\t\t\t\t\t\t\t\t\t<p>Seamos sinceros, nos encanta categorizar y etiquetar cada aspecto de nuestras vidas: nuestra religi\u00f3n, orientaci\u00f3n pol\u00edtica, sexualidad o si somos frontenders o backenders.<\/p>\n<p>\u00bfpor qu\u00e9 no \u00edbamos a hacerlo tambi\u00e9n con la informaci\u00f3n de nuestros desarrollos?<\/p>\n<p>En esta charla veremos en detalle qu\u00e9 son y c\u00f3mo podemos sacar el m\u00e1ximo rendimiento a las taxonom\u00edas de WordPress.<\/p>\n<p>&nbsp;<\/p>\n\n\t\t\t\t\t\t\t\t\t<\/div>\n\t\t\t<\/div>\n\n\t\t\n\t\t\t<div id=\"wcorg-session-1103\" class=\"wcorg-session\" >\n\t\t\t\t<h2>\n\t\t\t\t\tCrea y vende webs usando Layers\t\t\t\t<\/h2>\n\n\t\t\t\t<div class=\"wcorg-session-description\">\n\t\t\t\t\t\t\t\t\t\t\t\t\t\t\t\t\t\t\t\t<p>Puedes crear tu web en tiempo real -ves los cambios al instante- sin necesidad de dominar c\u00f3digo ni de aprenderte miles de opciones de configuraci\u00f3n que vienen con los temas Premium. Que ya sabemos que cada uno trae su \u00ablibrillo\u00bb.<\/p>\n<p>La curva de aprendizaje es relativamente suave, la plataforma respeta los nuevos est\u00e1ndares de programaci\u00f3n web, incluido el enfoque \u00abmobile friendly\u00bb.<\/p>\n<p>Aprende en poco tiempo a crear p\u00e1ginas webs con Layers, que adem\u00e1s mantiene al 100% la compatibilidad con WooCommerce, si lo que quieres es montar una tienda online. Adem\u00e1s, sigue las buenas pr\u00e1cticas para hacer un buen SEO On-page.<\/p>\n<p>Lo que aprendas te servir\u00e1 para ganar dinero!. S\u00ed, como lo oyes.<\/p>\n<p>Libera tu creatividad y monetiza lo aprendido publicando tu proyecto web en ThemeForest, el mayor Marketplace de Themes del mundo!<\/p>\n\n\t\t\t\t\t\t\t\t\t<\/div>\n\t\t\t<\/div>\n\n\t\t\n\t\t\t<div id=\"wcorg-session-233\" class=\"wcorg-session\" >\n\t\t\t\t<h2>\n\t\t\t\t\tC\u00f3mo gestionar un proyecto WordPress con clientes\t\t\t\t<\/h2>\n\n\t\t\t\t<div class=\"wcorg-session-description\">\n\t\t\t\t\t\t\t\t\t\t\t\t\t\t\t\t\t\t\t\t<p>Cuando queremos hacer un buen trabajo no sirve s\u00f3lo con lanzarse de lleno con la faena, tenemos que tener un orden y una gesti\u00f3n del proyecto.<\/p>\n<p>Cuando organizamos la carpeta de nuestro Tema\/Plugin para WordPress lo hacemos de una forma ordenada (espero) con su carpeta para los CSS, JS, y dem\u00e1s contenido que necesitamos, lo mismo pasa con el proyecto en su totalidad.<\/p>\n<p>En esta charla veremos una parte de c\u00f3mo gestionar\u00a0un proyecto, estar\u00e1 enfocada en la interacci\u00f3n con el cliente. Hablaremos sobre qu\u00e9 herramienta usamos en <a title=\"Kreatidos - WordPress Bilbao\" href=\"http:\/\/www.kreatidos.com\/\" target=\"_blank\" rel=\"nofollow\">Kreatidos<\/a> que nos ha hecho olvidarnos del email y nos permite tener un control de los procesos y pasos a seguir donde integramos al cliente es uno m\u00e1s del proceso.<\/p>\n<p>&nbsp;<\/p>\n\n\t\t\t\t\t\t\t\t\t<\/div>\n\t\t\t<\/div>\n\n\t\t\n\t\t\t<div id=\"wcorg-session-1099\" class=\"wcorg-session\" >\n\t\t\t\t<h2>\n\t\t\t\t\tC\u00f3mo sacar el m\u00e1ximo provecho de tu proveedor de hosting\t\t\t\t<\/h2>\n\n\t\t\t\t<div class=\"wcorg-session-description\">\n\t\t\t\t\t\t\t\t\t\t\t\t\t\t\t\t\t\t\t\t<p>Es f\u00e1cil comprender c\u00f3mo tu proveedor de hosting puede arruinar tu negocio dando mal servicio. Pero es m\u00e1s dif\u00edcil llegar a entender lo beneficioso y positivo que podr\u00eda llegar a ser un proveedor de hosting s\u00f3lido y fiable sobre tu negocio.<\/p>\n<p>Aprende c\u00f3mo se puede obtener el m\u00e1ximo beneficio de tu proveedor de hosting mejorando tus ventas, ahorrando costes propios, trabajo y dificultades.<\/p>\n\n\t\t\t\t\t\t\t\t\t<\/div>\n\t\t\t<\/div>\n\n\t\t\n\t\t\t<div id=\"wcorg-session-231\" class=\"wcorg-session\" >\n\t\t\t\t<h2>\n\t\t\t\t\tBuenas pr\u00e1cticas para desarrollar un Plugin\t\t\t\t<\/h2>\n\n\t\t\t\t<div class=\"wcorg-session-description\">\n\t\t\t\t\t\t\t\t\t\t\t\t\t\t\t\t\t\t\t\t<p class=\"p1\"><span class=\"s1\">En esta charla pretendemos hablar de buenas pr\u00e1cticas a la hora de desarrollar un plugin para WordPress. Desde el planteamiento inicial, cosas que nunca deber\u00edas hacer, herramientas que nos pueden ayudar para optimizarlo, c\u00f3mo sacarle partido al modelo de datos de WordPress y sus APIs&#8230;<\/span><\/p>\n<p class=\"p1\"><span class=\"s1\">Tambi\u00e9n mostraremos ejemplos pr\u00e1cticos, y c\u00f3mo usar los hooks pensando en el d\u00eda de ma\u00f1ana, as\u00ed c\u00f3mo eliminar los datos o tablas que hayas podido necesitar cuando borras el plugin.<\/span><\/p>\n<p class=\"p3\"><span class=\"s2\">Por \u00faltimo veremos c\u00f3mo se sube un plugin al repositorio oficial de WordPress, para que est\u00e9 disponible para todos los usuarios de WordPress.<\/span><\/p>\n<p class=\"p3\">\n\n\t\t\t\t\t\t\t\t\t<\/div>\n\t\t\t<\/div>\n\n\t\t\n\t\t\t<div id=\"wcorg-session-229\" class=\"wcorg-session\" >\n\t\t\t\t<h2>\n\t\t\t\t\tC\u00f3mo involucrarte (m\u00e1s) con WordPress\t\t\t\t<\/h2>\n\n\t\t\t\t<div class=\"wcorg-session-description\">\n\t\t\t\t\t\t\t\t\t\t\t\t\t\t\t\t\t\t\t\t<p>En esta charla, Roc\u00edo Valdivia dar\u00e1 un repaso por todos los equipos que hay en el proyecto de c\u00f3digo abierto de WordPress. Hay muchas maneras de contribuir al proyecto y de poner tu granito de arena en un software utilizado por el 26% de internet.<\/p>\n<p>Una gran forma de desarrollarte profesionalmente y de trabajar con muchos de los mejores profesionales de WordPress del mundo. \u00a1Y no tienes que ser desarrollador o dise\u00f1ador! Todo el mundo puede contribuir en WordPress, no importa si eres un experto o un principiante, hay cabida para todos.<\/p>\n<p>Y en esta charla, Roc\u00edo nos contar\u00e1 por d\u00f3nde empezar y que opciones disponibles hay para poner un trocito de ti en WordPress.<\/p>\n<p>&nbsp;<\/p>\n\n\t\t\t\t\t\t\t\t\t<\/div>\n\t\t\t<\/div>\n\n\t\t\n\t\t\t<div id=\"wcorg-session-227\" class=\"wcorg-session\" >\n\t\t\t\t<h2>\n\t\t\t\t\tWooCommerce no solo para tiendas online\t\t\t\t<\/h2>\n\n\t\t\t\t<div class=\"wcorg-session-description\">\n\t\t\t\t\t\t\t\t\t\t\t\t\t\t\t\t\t\t\t\t<p>WooCommerce es conocido como el plugin m\u00e1s utilizado para crear tiendas online con WordPress. Pero WooCommerce no se queda \u00absolo\u00bb en eso, podemos extenderlo y crear toda clase de negocios, como webs de suscripciones, sistemas de reservas, eventos o cursos online. Veremos ejemplos reales de negocios y c\u00f3mo WooCommerce a solucionado y simplificado el negocio de estas empresas.<\/p>\n<p>&nbsp;<\/p>\n\n\t\t\t\t\t\t\t\t\t<\/div>\n\t\t\t<\/div>\n\n\t\t\t<\/div><!-- .wcorg-sessions -->\n\n\t\n","protected":false},"excerpt":{"rendered":"","protected":false},"author":13800779,"featured_media":0,"parent":7,"menu_order":0,"comment_status":"closed","ping_status":"closed","template":"","meta":{"jetpack_post_was_ever_published":false,"footnotes":""},"class_list":["post-9","page","type-page","status-publish","hentry"],"jetpack_sharing_enabled":true,"jetpack_shortlink":"https:\/\/wp.me\/P72Wcx-9","_links":{"self":[{"href":"https:\/\/bilbao.wordcamp.org\/2016\/wp-json\/wp\/v2\/pages\/9","targetHints":{"allow":["GET"]}}],"collection":[{"href":"https:\/\/bilbao.wordcamp.org\/2016\/wp-json\/wp\/v2\/pages"}],"about":[{"href":"https:\/\/bilbao.wordcamp.org\/2016\/wp-json\/wp\/v2\/types\/page"}],"author":[{"embeddable":true,"href":"https:\/\/bilbao.wordcamp.org\/2016\/wp-json\/wp\/v2\/users\/13800779"}],"replies":[{"embeddable":true,"href":"https:\/\/bilbao.wordcamp.org\/2016\/wp-json\/wp\/v2\/comments?post=9"}],"version-history":[{"count":2,"href":"https:\/\/bilbao.wordcamp.org\/2016\/wp-json\/wp\/v2\/pages\/9\/revisions"}],"predecessor-version":[{"id":814,"href":"https:\/\/bilbao.wordcamp.org\/2016\/wp-json\/wp\/v2\/pages\/9\/revisions\/814"}],"up":[{"embeddable":true,"href":"https:\/\/bilbao.wordcamp.org\/2016\/wp-json\/wp\/v2\/pages\/7"}],"wp:attachment":[{"href":"https:\/\/bilbao.wordcamp.org\/2016\/wp-json\/wp\/v2\/media?parent=9"}],"curies":[{"name":"wp","href":"https:\/\/api.w.org\/{rel}","templated":true}]}}