{"id":1010,"date":"2017-01-30T08:33:43","date_gmt":"2017-01-30T07:33:43","guid":{"rendered":"http:\/\/2017.bilbao.wordcamp.org\/?page_id=1010"},"modified":"2017-05-11T08:09:12","modified_gmt":"2017-05-11T06:09:12","slug":"programa","status":"publish","type":"page","link":"https:\/\/bilbao.wordcamp.org\/2017\/programa\/","title":{"rendered":"Programa"},"content":{"rendered":"<h2 style=\"text-align: center\">Viernes, 12 de Mayo<\/h2>\n<table class=\"wcpt-schedule\" border=\"0\">\n<thead>\n<tr>\n<th class=\"wcpt-col-time\">Hora<\/th>\n<th class=\"wcpt-col-track\"><span class=\"wcpt-track-name\">Ponencias (Euskera)<\/span><\/th>\n<th class=\"wcpt-col-track\"><span class=\"wcpt-track-name\">Talleres<\/span><\/th>\n<th class=\"wcpt-col-track\"><span class=\"wcpt-track-name\">Turismo<\/span><\/th>\n<\/tr>\n<\/thead>\n<tbody>\n<tr class=\"wcpt-time-1400 global-session\">\n<td class=\"wcpt-time\">14:00<\/td>\n<td class=\"wcpt-session-type-session\" style=\"text-align: center;background-color: #ffffff\" colspan=\"2\">Registro \/ Erregistroa \/ Registration<\/td>\n<td class=\"wcpt-session-empty\" style=\"text-align: center;vertical-align: middle;background-color: #f5f5f5 !important\" colspan=\"1\" rowspan=\"8\">Turismo alrededor de la ciudad, visitaremos<br \/>\nel Guggenheim, Euskalduna y el casco viejo.Tourism around the city, we will visit<br \/>\nthe Guggenheim, Euskalduna and the old town.<\/td>\n<\/tr>\n<tr class=\"wcpt-time-1420 global-session\">\n<td class=\"wcpt-time\">14:20<\/td>\n<td class=\"wcpt-session-type-session\" style=\"text-align: center;background-color: #ffffff\" colspan=\"2\">Bienvenida \/ Ongi Etorria \/ Opening Remarks<\/td>\n<\/tr>\n<tr class=\"wcpt-time-1430\">\n<td class=\"wcpt-time\">14:30<\/td>\n<td class=\"wcpt-session-type-session\" style=\"text-align: center;background-color: #ffffff\" colspan=\"1\"><a href=\"http:\/\/2017.bilbao.wordcamp.org\/session\/wordpress-webgune-eleanitz-bat-garatuz\/\" target=\"_blank\" rel=\"noopener noreferrer\">WordPress Pluginak garatzeko lehen pausoak<\/a><br \/>\n<span class=\"wcpt-session-speakers\">Egoitz Gonzalez<\/span><\/td>\n<td class=\"wcpt-session-type-session\" style=\"text-align: center;vertical-align: middle;background-color: #ffffff\" colspan=\"1\" rowspan=\"2\">Taller de iniciaci\u00f3n en WordPress. &#8211; <span class=\"wcpt-session-speakers\">Luc\u00eda Mar\u00edn<\/span><\/td>\n<\/tr>\n<tr class=\"wcpt-time-1515\">\n<td class=\"wcpt-time\">15:15<\/td>\n<td class=\"wcpt-session-type-session\" style=\"text-align: center;background-color: #ffffff\" colspan=\"1\"><a href=\"http:\/\/2017.bilbao.wordcamp.org\/session\/web-orrien-posizionamenduan-seo-teknikak\/#euskera\" target=\"_blank\" rel=\"noopener noreferrer\">Web-orrien posizionamenduan SEO teknikak<\/a><br \/>\n<a href=\"http:\/\/2017.bilbao.wordcamp.org\/speaker\/arkatiz-sukuntza\/#euskera\" target=\"_blank\" rel=\"noopener noreferrer\"><span class=\"wcpt-session-speakers\">Arkaitz Sukuntza<\/span><\/a><\/td>\n<\/tr>\n<tr class=\"wcpt-time-1600 global-session networking-happiness-bar\">\n<td class=\"wcpt-time\">16:00<\/td>\n<td class=\"wcpt-session-type-custom\" colspan=\"2\"><span class=\"wcpt-session-title\">Networking<\/span><\/td>\n<\/tr>\n<tr class=\"wcpt-time-1630\">\n<td class=\"wcpt-time\">16:30<\/td>\n<td class=\"wcpt-session-type-session\" style=\"text-align: center;background-color: #ffffff\" colspan=\"1\"><a href=\"http:\/\/2017.bilbao.wordcamp.org\/session\/esparru-digitaletako-oinarrizko-legedia\/\" target=\"_blank\" rel=\"noopener noreferrer\">Esparru digitaletako oinarrizko legedia<\/a><br \/>\n<a href=\"http:\/\/2017.bilbao.wordcamp.org\/speaker\/ainhoa-iribar\/\" target=\"_blank\" rel=\"noopener noreferrer\"><span class=\"wcpt-session-speakers\">Ainhoa Iribar<\/span><\/a><\/td>\n<td class=\"wcpt-session-type-session\" style=\"text-align: center;vertical-align: middle;background-color: #ffffff\" colspan=\"1\" rowspan=\"2\">Conectar WordPress con mis redes sociales. &#8211; <span class=\"wcpt-session-speakers\">Marcos Ramajo<\/span><\/td>\n<\/tr>\n<tr class=\"wcpt-time-1715\">\n<td class=\"wcpt-time\">17:15<\/td>\n<td class=\"wcpt-session-type-session\" style=\"text-align: center;background-color: #ffffff\" colspan=\"1\"><a href=\"http:\/\/2017.bilbao.wordcamp.org\/session\/euskarazko-web-orriak-wordpressen-zergatik-ez\/\" target=\"_blank\" rel=\"noopener noreferrer\">Euskarazko web-orriak WordPressen, zergatik ez?<\/a> &#8211; <a href=\"http:\/\/2017.bilbao.wordcamp.org\/speaker\/mikel-olaiz\/\" target=\"_blank\" rel=\"noopener noreferrer\"><span class=\"wcpt-session-speakers\">Mikel Olaiz<\/span><\/a><\/td>\n<\/tr>\n<tr class=\"wcpt-time-1800 global-session\">\n<td class=\"wcpt-time\">18:00<\/td>\n<td class=\"wcpt-session-type-session\" style=\"text-align: center;background-color: #ffffff\" colspan=\"2\">Cierre \/ Itxiera \/ Closing Remarks<\/td>\n<\/tr>\n<tr class=\"wcpt-time-1900 global-session pintxo-pote\">\n<td class=\"wcpt-time\">19:00<\/td>\n<td class=\"&quot;wcpt-session-type-custom\" colspan=\"3\"><span class=\"wcpt-session-title\">Pintxo Pote \/ Meetup in the Old Town<\/span><\/td>\n<\/tr>\n<\/tbody>\n<\/table>\n<p>&nbsp;<\/p>\n<h2 style=\"text-align: center\">S\u00e1bado, 13 de Mayo<\/h2>\n<p>&nbsp;<\/p>\n<table class=\"wcpt-schedule\" border=\"0\">\n<thead>\n<tr>\n<th class=\"wcpt-col-time\">Hora<\/th>\n<th class=\"wcpt-col-track\"><span class=\"wcpt-track-name\">Track A<\/span><\/th>\n<th class=\"wcpt-col-track\"><span class=\"wcpt-track-name\">Track B<\/span><\/th>\n<th class=\"wcpt-col-track\"><span class=\"wcpt-track-name\">Track C<\/span><\/th>\n<\/tr>\n<\/thead>\n<tbody>\n<tr class=\"wcpt-time-0800 global-session registro\">\n<td class=\"wcpt-time\">08:00<\/td>\n<td class=\"wcb-track-track-a wcb-track-track-b wcb-track-track-c wcpt-session-type-custom wcb-session-registro\" colspan=\"3\"><span class=\"wcpt-session-title\">Registro \/ Erregistroa \/ Registration<\/span><\/td>\n<\/tr>\n<tr class=\"wcpt-time-0800 global-session presentacin\">\n<td class=\"wcpt-time\">08:45<\/td>\n<td class=\"wcb-track-track-a wcb-track-track-b wcb-track-track-c wcpt-session-type-custom wcb-session-presentacion\" colspan=\"3\"><span class=\"wcpt-session-title\">Bienvenida \/ Ongi Etorria \/ Opening Remarks<\/span><\/td>\n<\/tr>\n<tr class=\"wcpt-time-0915\">\n<td class=\"wcpt-time\">09:15<\/td>\n<td class=\"wcb-speaker wcb-track-track-a wcpt-session-type-session wcb-session\" colspan=\"1\"><a href=\"http:\/\/2017.bilbao.wordcamp.org\/session\/sobrevive-a-la-gestion-de-proyectos-web\/\" target=\"_blank\" rel=\"noopener noreferrer\">Sobrevive a la Gesti\u00f3n de Proyectos Web<\/a> &#8211; <a href=\"http:\/\/2017.bilbao.wordcamp.org\/speaker\/jorge-gonzalez\/\" target=\"_blank\" rel=\"noopener noreferrer\"><span class=\"wcpt-session-speakers\">Jorge Gonz\u00e1lez<\/span><\/a><\/td>\n<td class=\"wcb-speaker wcb-track-track-b wcpt-session-type-session wcb-session\" colspan=\"1\"><a href=\"http:\/\/2017.bilbao.wordcamp.org\/session\/estrategias-cache-para-proyecto-wordpress\/\" target=\"_blank\" rel=\"noopener noreferrer\">Estrategias de cach\u00e9 para un proyecto WordPress<\/a> &#8211; <a href=\"http:\/\/2017.bilbao.wordcamp.org\/speaker\/fernando-puente\/\" target=\"_blank\" rel=\"noopener noreferrer\"><span class=\"wcpt-session-speakers\">Fernando Puente<\/span><\/a><\/td>\n<td class=\"wcb-speaker wcb-track-track-c wcpt-session-type-session wcb-session\" colspan=\"1\"><a href=\"http:\/\/2017.bilbao.wordcamp.org\/session\/10-tecnicas-growth-hacking\/\" target=\"_blank\" rel=\"noopener noreferrer\">Growth Hacking<\/a><br \/>\n<a href=\"http:\/\/2017.bilbao.wordcamp.org\/speaker\/eduardo-turino\/\" target=\"_blank\" rel=\"noopener noreferrer\"><span class=\"wcpt-session-speakers\">Eduardo Turi\u00f1o<\/span><\/a><\/td>\n<\/tr>\n<tr class=\"wcpt-time-1000\">\n<td class=\"wcpt-time\">10:00<\/td>\n<td class=\"wcb-speaker wcb-track-track-a wcpt-session-type-session wcb-session\" colspan=\"1\"><a href=\"http:\/\/2017.bilbao.wordcamp.org\/session\/plugins-seguridad-tiburones-gatitos-y-elefantes\/\" target=\"_blank\" rel=\"noopener noreferrer\">Plugins de seguridad, tiburones, gatitos y elefantes<\/a> &#8211; <a href=\"http:\/\/2017.bilbao.wordcamp.org\/speaker\/tomas-sierra\/\" target=\"_blank\" rel=\"noopener noreferrer\"><span class=\"wcpt-session-speakers\">Tom\u00e1s Sierra<\/span><\/a><\/td>\n<td class=\"wcb-speaker wcb-track-track-b wcpt-session-type-session wcb-session\" colspan=\"1\"><a href=\"http:\/\/2017.bilbao.wordcamp.org\/session\/internationalisation-done-right\/\" target=\"_blank\" rel=\"noopener noreferrer\">Internationalisation Done right<\/a><br \/>\n<a href=\"http:\/\/2017.bilbao.wordcamp.org\/speaker\/pascal-birchler\/\" target=\"_blank\" rel=\"noopener noreferrer\"><span class=\"wcpt-session-speakers\">Pascal Birchler<\/span><\/a><\/td>\n<td class=\"wcb-speaker wcb-track-track-c wcpt-session-type-session wcb-session\" colspan=\"1\" rowspan=\"2\"><a href=\"http:\/\/2017.bilbao.wordcamp.org\/session\/como-crear-tu-propia-red-social-con-wordpress\/\" target=\"_blank\" rel=\"noopener noreferrer\">Taller: BuddyPress<\/a><br \/>\n<a href=\"http:\/\/2017.bilbao.wordcamp.org\/speaker\/rocio-valdivia\/\" target=\"_blank\" rel=\"noopener noreferrer\"><span class=\"wcpt-session-speakers\">Rocio Valdivia<\/span><\/a><\/td>\n<\/tr>\n<tr class=\"wcpt-time-1045\">\n<td class=\"wcpt-time\">10:45<\/td>\n<td class=\"wcb-speaker wcb-track-track-a wcpt-session-type-session wcb-session\" colspan=\"1\"><a href=\"http:\/\/2017.bilbao.wordcamp.org\/session\/10-trucos-para-no-tirar-el-dinero-en-adwords\/\" target=\"_blank\" rel=\"noopener noreferrer\">10 trucos para no tirar el dinero en AdWords<\/a> &#8211; <a href=\"http:\/\/2017.bilbao.wordcamp.org\/speaker\/unai-benito\/\" target=\"_blank\" rel=\"noopener noreferrer\"><span class=\"wcpt-session-speakers\">Unai Benito<\/span><\/a><\/td>\n<td class=\"wcb-speaker wcb-track-track-b wcpt-session-type-session wcb-session\" colspan=\"1\">Crear layouts con Flexbox es mucho m\u00e1s f\u00e1cil &#8211; <span class=\"wcpt-session-speakers\">Dar\u00edo Balbont\u00edn<\/span><\/td>\n<\/tr>\n<tr class=\"wcpt-time-1130 global-session networking-happiness-bar\">\n<td class=\"wcpt-time\">11:30<\/td>\n<td class=\"wcb-track-track-a wcb-track-track-b wcb-track-track-c wcpt-session-type-custom wcb-session-networking-happiness-bar\" colspan=\"3\"><span class=\"wcpt-session-title\">Networking<\/span><\/td>\n<\/tr>\n<tr class=\"wcpt-time-1200\">\n<td class=\"wcpt-time\">12:00<\/td>\n<td class=\"wcb-speaker wcb-track-track-a wcpt-session-type-session wcb-session\" colspan=\"1\"><a href=\"http:\/\/2017.bilbao.wordcamp.org\/session\/wordpress-no-es-tan-facil\/\" target=\"_blank\" rel=\"noopener noreferrer\">WordPress no es \u00abtan\u00bb f\u00e1cil<\/a><br \/>\n<a href=\"http:\/\/2017.bilbao.wordcamp.org\/speaker\/fernando-tellado\/\" target=\"_blank\" rel=\"noopener noreferrer\"><span class=\"wcpt-session-speakers\">Fernando Tellado<\/span><\/a><\/td>\n<td class=\"wcb-speaker wcb-track-track-b wcpt-session-type-session wcb-session\" colspan=\"1\">Docker, entorno de trabajo configurado en 1 minuto &#8211; <span class=\"wcpt-session-speakers\">Ruben Egiguren<\/span><\/td>\n<td class=\"wcb-speaker wcb-track-track-c wcpt-session-type-session wcb-session\" colspan=\"1\" rowspan=\"2\"><a href=\"http:\/\/2017.bilbao.wordcamp.org\/session\/de-psd-a-wp\/\" target=\"_blank\" rel=\"noopener noreferrer\">Taller: De PSD a WP<\/a><br \/>\n<a href=\"http:\/\/2017.bilbao.wordcamp.org\/speaker\/juan-hernando\/\" target=\"_blank\" rel=\"noopener noreferrer\"><span class=\"wcpt-session-speakers\">Juan Hernando<\/span><\/a><\/td>\n<\/tr>\n<tr class=\"wcpt-time-1245\">\n<td class=\"wcpt-time\">12:45<\/td>\n<td class=\"wcb-speaker wcb-track-track-a wcpt-session-type-session wcb-session\" colspan=\"1\"><a href=\"http:\/\/2017.bilbao.wordcamp.org\/session\/unspoken-digital-content-editing-rules\/\" target=\"_blank\" rel=\"noopener noreferrer\">The unspoken digital content editing rules<\/a> &#8211; <a href=\"http:\/\/2017.bilbao.wordcamp.org\/speaker\/yonit-tzuk\/\" target=\"_blank\" rel=\"noopener noreferrer\"><span class=\"wcpt-session-speakers\">Yonit Tzuk<\/span><\/a><\/td>\n<td class=\"wcb-speaker wcb-track-track-b wcpt-session-type-session wcb-session\" colspan=\"1\"><a href=\"http:\/\/2017.bilbao.wordcamp.org\/session\/aprender-a-programar-en-wordpress\/\">Quiero aprender a programar en WordPress \u00bfpor d\u00f3nde empiezo?<\/a> &#8211; <a href=\"http:\/\/2017.bilbao.wordcamp.org\/speaker\/mauricio-gelves\/\"><span class=\"wcpt-session-speakers\">Mauricio Gelves<\/span><\/a><\/td>\n<\/tr>\n<tr class=\"wcpt-time-1330 global-session lunch\">\n<td class=\"wcpt-time\">13:30<\/td>\n<td class=\"wcb-track-track-a wcb-track-track-b wcb-track-track-c wcpt-session-type-custom wcb-session-lunch\" colspan=\"3\"><span class=\"wcpt-session-title\">Comida \/ Bazkaria \/ Lunch<\/span><\/td>\n<\/tr>\n<tr class=\"wcpt-time-1445\">\n<td class=\"wcpt-time\">14:45<\/td>\n<td class=\"wcb-speaker wcb-track-track-a wcpt-session-type-session wcb-session\" colspan=\"1\"><a href=\"http:\/\/2017.bilbao.wordcamp.org\/session\/organizar-un-evento-no-siempre-es-un-tormento\/\" target=\"_blank\" rel=\"noopener noreferrer\">Organizar un evento no siempre es un tormento<\/a> &#8211; <a href=\"http:\/\/2017.bilbao.wordcamp.org\/speaker\/alejandro-gil\/\" target=\"_blank\" rel=\"noopener noreferrer\"><span class=\"wcpt-session-speakers\">Alejandro Gil Mialdea<\/span><\/a><\/td>\n<td class=\"wcb-speaker wcb-track-track-b wcpt-session-type-session wcb-session\" colspan=\"1\" rowspan=\"2\"><a href=\"http:\/\/2017.bilbao.wordcamp.org\/session\/vue-js-wordpress-un-ejemplo-practico\/\" target=\"_blank\" rel=\"noopener noreferrer\">Tu primer contacto con Vue.js<\/a><br \/>\n<a href=\"http:\/\/2017.bilbao.wordcamp.org\/speaker\/julia-mestieri\/\" target=\"_blank\" rel=\"noopener noreferrer\"><span class=\"wcpt-session-speakers\">Juli\u00e0 Mestieri<\/span><\/a><\/td>\n<td class=\"wcb-speaker wcb-track-track-c wcpt-session-type-session wcb-session\" colspan=\"1\"><a href=\"http:\/\/2017.bilbao.wordcamp.org\/session\/el-soporte-soporta-tu-negocio\/\" target=\"_blank\" rel=\"noopener noreferrer\">El soporte soporta tu negocio: Caso de estudio de WPML<\/a> &#8211; <a href=\"http:\/\/2017.bilbao.wordcamp.org\/ponente-andres-cifuentes\/\" target=\"_blank\" rel=\"noopener noreferrer\"><span class=\"wcpt-session-speakers\">Andr\u00e9s Cifuentes<\/span><\/a><\/td>\n<\/tr>\n<tr class=\"wcpt-time-1530\">\n<td class=\"wcpt-time\">15:30<\/td>\n<td class=\"wcb-speaker wcb-track-track-a wcpt-session-type-session wcb-session\" colspan=\"1\"><a href=\"http:\/\/2017.bilbao.wordcamp.org\/session\/aprende-a-vivir-sin-themeforest\/\" target=\"_blank\" rel=\"noopener noreferrer\">Stranger Themes: Aprende a vivir sin ThemeForest<\/a> &#8211; <a href=\"http:\/\/2017.bilbao.wordcamp.org\/speaker\/fernan-diez\/\" target=\"_blank\" rel=\"noopener noreferrer\"><span class=\"wcpt-session-speakers\">Fernan D\u00edez<\/span><\/a><\/td>\n<td class=\"wcb-speaker wcb-track-track-c wcpt-session-type-session wcb-session\" colspan=\"1\" rowspan=\"2\"><a href=\"http:\/\/2017.bilbao.wordcamp.org\/session\/crea-tu-propio-staging-wordpress-en-tu-ordenador\/\" target=\"_blank\" rel=\"noopener noreferrer\">Taller: Crea tu propio staging de WordPress en tu ordenador<\/a><br \/>\n<a href=\"http:\/\/2017.bilbao.wordcamp.org\/speaker\/flavia-bernardez\/\" target=\"_blank\" rel=\"noopener noreferrer\"><span class=\"wcpt-session-speakers\">Flavia Bern\u00e1rdez<\/span><\/a><\/td>\n<\/tr>\n<tr class=\"wcpt-time-1615\">\n<td class=\"wcpt-time\">16:15<\/td>\n<td class=\"wcb-speaker wcb-track-track-a wcpt-session-type-session wcb-session\" colspan=\"1\"><a href=\"http:\/\/2017.bilbao.wordcamp.org\/session\/google-analytics-tag-manager\/\" target=\"_blank\" rel=\"noopener noreferrer\">Equipa y configura tu WordPress con Google Analytics<\/a> &#8211; <a href=\"http:\/\/2017.bilbao.wordcamp.org\/speaker\/gorka-goikoetxea\/\" target=\"_blank\" rel=\"noopener noreferrer\"><span class=\"wcpt-session-speakers\">Gorka Goikoetxea<\/span><\/a><\/td>\n<td class=\"wcb-speaker wcb-track-track-b wcpt-session-type-session wcb-session\" colspan=\"1\">Administrando WordPress con WP-CLI facilmente &#8211; <span class=\"wcpt-session-speakers\">\u00d3scar Abad<\/span><\/td>\n<\/tr>\n<tr class=\"wcpt-time-1700 global-session networking-happiness-bar\">\n<td class=\"wcpt-time\">17:00<\/td>\n<td class=\"wcb-track-track-a wcb-track-track-b wcb-track-track-c wcpt-session-type-custom wcb-session-networking-happiness-bar\" colspan=\"3\"><span class=\"wcpt-session-title\">Networking<\/span><\/td>\n<\/tr>\n<tr class=\"wcpt-time-1730\">\n<td class=\"wcpt-time\">17:30<\/td>\n<td class=\"wcb-speaker wcb-track-track-a wcpt-session-type-session wcb-session\" colspan=\"1\"><a href=\"http:\/\/2017.bilbao.wordcamp.org\/session\/ola-que-aso-el-seo-de-las-apps\/\" target=\"_blank\" rel=\"noopener noreferrer\">APP Store Optimization<\/a><br \/>\n<a href=\"http:\/\/2017.bilbao.wordcamp.org\/ponente-nekane-arribas\/\" target=\"_blank\" rel=\"noopener noreferrer\"><span class=\"wcpt-session-speakers\">Nekane Arribas<\/span><\/a><\/td>\n<td class=\"wcb-speaker wcb-track-track-b wcpt-session-type-session wcb-session\" colspan=\"1\"><a href=\"http:\/\/2017.bilbao.wordcamp.org\/session\/why-and-how-create-docs-that-rock\/\" target=\"_blank\" rel=\"noopener noreferrer\">Why and How to Create Docs that Rock<\/a> &#8211; <a href=\"http:\/\/2017.bilbao.wordcamp.org\/speaker\/kat-christofer\/\" target=\"_blank\" rel=\"noopener noreferrer\"><span class=\"wcpt-session-speakers\">Kat Christofer<\/span><\/a><\/td>\n<td class=\"wcb-speaker wcb-track-track-c wcpt-session-type-session wcb-session\" colspan=\"1\" rowspan=\"2\"><a href=\"http:\/\/2017.bilbao.wordcamp.org\/session\/jquery-wordpress\/\" target=\"_blank\" rel=\"noopener noreferrer\">Taller: jQuery.(\u00ab#WordPress\u00bb);<\/a><br \/>\n<a href=\"http:\/\/2017.bilbao.wordcamp.org\/speaker\/julka-grodel\/\" target=\"_blank\" rel=\"noopener noreferrer\"><span class=\"wcpt-session-speakers\">Julka Grodel<\/span><\/a><\/td>\n<\/tr>\n<tr class=\"wcpt-time-1815\">\n<td class=\"wcpt-time\">18:15<\/td>\n<td class=\"wcb-speaker wcb-track-track-a wcpt-session-type-session wcb-session\" colspan=\"1\">Hosting especializado WordPress: El motor de tus ventas<br \/>\n<span class=\"wcpt-session-speakers\">Jos\u00e9 Ram\u00f3n Padr\u00f3n<\/span><\/td>\n<td class=\"wcb-speaker wcb-track-track-b wcpt-session-type-session wcb-session\" colspan=\"1\">WordPress Translations Demystified<br \/>\n<span class=\"wcpt-session-speakers\">Dominik Schilling<\/span><\/td>\n<\/tr>\n<tr class=\"wcpt-time-1900 global-session clausura\">\n<td class=\"wcpt-time\">19:00<\/td>\n<td class=\"wcb-track-track-a wcb-track-track-b wcb-track-track-c wcpt-session-type-custom wcb-session-cierre\" colspan=\"3\"><span class=\"wcpt-session-title\">Cierre \/ Itxiera \/ Closing Remarks<\/span><\/td>\n<\/tr>\n<tr class=\"wcpt-time-1930 global-session cierre\">\n<td class=\"wcpt-time\">19:30<\/td>\n<td class=\"wcb-track-track-a wcb-track-track-b wcb-track-track-c wcpt-session-type-custom wcb-session-cierre-2\" colspan=\"3\"><span class=\"wcpt-session-title\">Networking<\/span><\/td>\n<\/tr>\n<tr class=\"wcpt-time-2230 global-session after-party\">\n<td class=\"wcpt-time\">22:30<\/td>\n<td class=\"wcb-track-track-a wcb-track-track-b wcb-track-track-c wcpt-session-type-custom wcb-session-after-party\" colspan=\"3\"><span class=\"wcpt-session-title\">After Party<\/span><\/td>\n<\/tr>\n<\/tbody>\n<\/table>\n<p>&nbsp;<\/p>\n<p style=\"text-align: center\"><a class=\"simple-button\" href=\"http:\/\/2017.bilbao.wordcamp.org\/compra-tu-entrada\/\" target=\"_self\">Comprar entradas<\/a><\/p>\n<p>&nbsp;<\/p>\n<h2 style=\"text-align: center\">Contributor Day &#8211; Domingo, 14 de Mayo<\/h2>\n<p>&nbsp;<\/p>\n<table class=\"wcpt-schedule\" border=\"0\">\n<thead>\n<tr>\n<th class=\"wcpt-col-time\">Hora<\/th>\n<th class=\"wcpt-col-track\"><span class=\"wcpt-track-name\">Track A<\/span><\/th>\n<th class=\"wcpt-col-track\"><span class=\"wcpt-track-name\">Track B<\/span><\/th>\n<\/tr>\n<\/thead>\n<tbody>\n<tr class=\"wcpt-time-1030 global-session bienvenida-e-introduccin\">\n<td class=\"wcpt-time\">10:30<\/td>\n<td class=\"wcb-track-track-a wcb-track-track-b wcpt-session-type-custom wcb-session-bienvenida-e-introduccion\" colspan=\"2\"><span class=\"wcpt-session-title\">Registro \/ Erregistroa \/ Registration<\/span><\/td>\n<\/tr>\n<tr class=\"wcpt-time-1100 global-session bienvenida-e-introduccin\">\n<td class=\"wcpt-time\">11:00<\/td>\n<td class=\"wcb-track-track-a wcb-track-track-b wcpt-session-type-custom wcb-session-bienvenida-e-introduccion\" colspan=\"2\"><span class=\"wcpt-session-title\">Bienvenida \/ Ongi Etorria \/ Opening Remarks<\/span><\/td>\n<\/tr>\n<tr class=\"wcpt-time-1115 global-session organizacin-de-mesas-caf\">\n<td class=\"wcpt-time\">11:15<\/td>\n<td class=\"wcb-track-track-a wcb-track-track-b wcpt-session-type-custom wcb-session-organizacion-de-mesas-cafe\" colspan=\"2\"><span class=\"wcpt-session-title\">Organizaci\u00f3n \/ Organizazioa \/ Organization<\/span><\/td>\n<\/tr>\n<tr class=\"wcpt-time-1145\">\n<td class=\"wcpt-time\">11:45<\/td>\n<td class=\"wcb-track-track-a wcb-track-track-b wcpt-session-type-custom wcb-session-organizacion-de-mesas-cafe\" colspan=\"2\"><span class=\"wcpt-session-title\">Contribuir \/ Laguntzea \/ Contribute<\/span><\/td>\n<\/tr>\n<tr class=\"wcpt-time-1215\">\n<td class=\"wcpt-time\">12:15<\/td>\n<td class=\"wcb-track-track-a wcpt-session-type-custom wcb-session-mesas-de-trabajo-2\" colspan=\"1\" rowspan=\"3\"><span class=\"wcpt-session-title\">Contribuir \/ Laguntzea \/ Contribute<\/span><\/td>\n<td class=\"wcb-track-track-b wcpt-session-type-custom wcb-session-bloque-2\" colspan=\"1\"><span class=\"wcpt-session-title\">Bloque 1<\/span><\/td>\n<\/tr>\n<tr class=\"wcpt-time-1245\">\n<td class=\"wcpt-time\">12:45<\/td>\n<td class=\"wcb-track-track-b wcpt-session-type-custom wcb-session-bloque-3\" colspan=\"1\"><span class=\"wcpt-session-title\">Bloque 2<\/span><\/td>\n<\/tr>\n<tr class=\"wcpt-time-1315\">\n<td class=\"wcpt-time\">13:15<\/td>\n<td class=\"wcb-track-track-b wcpt-session-type-custom wcb-session-bloque-4\" colspan=\"1\"><span class=\"wcpt-session-title\">Bloque 3<\/span><\/td>\n<\/tr>\n<tr class=\"wcpt-time-1345 global-session comida\">\n<td class=\"wcpt-time\">13:45<\/td>\n<td class=\"wcb-track-track-a wcb-track-track-b wcpt-session-type-custom wcb-session-comida-2\" colspan=\"2\"><span class=\"wcpt-session-title\">Comida \/ Bazkaria \/ Lunch<\/span><\/td>\n<\/tr>\n<tr class=\"wcpt-time-1445\">\n<td class=\"wcpt-time\">14:45<\/td>\n<td class=\"wcb-track-track-a wcpt-session-type-custom wcb-session-mesas-de-trabajo-2\" colspan=\"1\" rowspan=\"3\"><span class=\"wcpt-session-title\">Contribuir \/ Laguntzea \/ Contribute<\/span><\/td>\n<td class=\"wcb-track-track-b wcpt-session-type-custom wcb-session-bloque-5\" colspan=\"1\"><span class=\"wcpt-session-title\">Bloque 4<\/span><\/td>\n<\/tr>\n<tr class=\"wcpt-time-1515\">\n<td class=\"wcpt-time\">15:15<\/td>\n<td class=\"wcb-track-track-b wcpt-session-type-custom wcb-session-bloque-6\" colspan=\"1\"><span class=\"wcpt-session-title\">Bloque 5<\/span><\/td>\n<\/tr>\n<tr class=\"wcpt-time-1545\">\n<td class=\"wcpt-time\">15:45<\/td>\n<td class=\"wcb-track-track-b wcpt-session-type-custom wcb-session-bloque-7\" colspan=\"1\"><span class=\"wcpt-session-title\">Bloque 6<\/span><\/td>\n<\/tr>\n<tr class=\"wcpt-time-1615\">\n<td class=\"wcpt-time\">16:15<\/td>\n<td class=\"wcb-track-track-a wcb-track-track-b wcpt-session-type-custom wcb-session-organizacion-de-mesas-cafe\" colspan=\"2\"><span class=\"wcpt-session-title\">Contribuir \/ Laguntzea \/ Contribute<\/span><\/td>\n<\/tr>\n<tr class=\"wcpt-time-1715 global-session despedida-y-clausura\">\n<td class=\"wcpt-time\">17:15<\/td>\n<td class=\"wcb-track-track-a wcb-track-track-b wcpt-session-type-custom wcb-session-despedida-y-clausura\" colspan=\"2\"><span class=\"wcpt-session-title\">Cierre \/ Itxiera \/ Closing Remarks<\/span><\/td>\n<\/tr>\n<\/tbody>\n<\/table>\n<p>&nbsp;<\/p>\n<p style=\"text-align: center\"><a class=\"simple-button\" href=\"http:\/\/2017.bilbao.wordcamp.org\/compra-tu-entrada\/\" target=\"_self\">Comprar entradas<\/a><\/p>\n<p>&nbsp;<\/p>\n","protected":false},"excerpt":{"rendered":"<p>Viernes, 12 de Mayo Hora Ponencias (Euskera) Talleres Turismo 14:00 Registro \/ Erregistroa \/ Registration Turismo alrededor de la ciudad, visitaremos el Guggenheim, Euskalduna y el casco viejo.Tourism around the city, we will visit the Guggenheim, Euskalduna and the old &hellip; <a href=\"https:\/\/bilbao.wordcamp.org\/2017\/programa\/\">Sigue leyendo <span class=\"assistive-text\">Programa<\/span>  <span class=\"meta-nav\">&rarr;<\/span><\/a><\/p>\n","protected":false},"author":13800779,"featured_media":1049,"parent":0,"menu_order":0,"comment_status":"closed","ping_status":"closed","template":"","meta":{"_crdt_document":"","jetpack_post_was_ever_published":false,"footnotes":""},"class_list":["post-1010","page","type-page","status-publish","has-post-thumbnail","hentry"],"jetpack_sharing_enabled":true,"jetpack_shortlink":"https:\/\/wp.me\/PheMS7-gi","_links":{"self":[{"href":"https:\/\/bilbao.wordcamp.org\/2017\/wp-json\/wp\/v2\/pages\/1010","targetHints":{"allow":["GET"]}}],"collection":[{"href":"https:\/\/bilbao.wordcamp.org\/2017\/wp-json\/wp\/v2\/pages"}],"about":[{"href":"https:\/\/bilbao.wordcamp.org\/2017\/wp-json\/wp\/v2\/types\/page"}],"author":[{"embeddable":true,"href":"https:\/\/bilbao.wordcamp.org\/2017\/wp-json\/wp\/v2\/users\/13800779"}],"replies":[{"embeddable":true,"href":"https:\/\/bilbao.wordcamp.org\/2017\/wp-json\/wp\/v2\/comments?post=1010"}],"version-history":[{"count":64,"href":"https:\/\/bilbao.wordcamp.org\/2017\/wp-json\/wp\/v2\/pages\/1010\/revisions"}],"predecessor-version":[{"id":1968,"href":"https:\/\/bilbao.wordcamp.org\/2017\/wp-json\/wp\/v2\/pages\/1010\/revisions\/1968"}],"wp:featuredmedia":[{"embeddable":true,"href":"https:\/\/bilbao.wordcamp.org\/2017\/wp-json\/wp\/v2\/media\/1049"}],"wp:attachment":[{"href":"https:\/\/bilbao.wordcamp.org\/2017\/wp-json\/wp\/v2\/media?parent=1010"}],"curies":[{"name":"wp","href":"https:\/\/api.w.org\/{rel}","templated":true}]}}