{"id":21,"date":"2016-10-17T14:14:18","date_gmt":"2016-10-17T12:14:18","guid":{"rendered":"http:\/\/2017.bilbao.wordcamp.org\/?page_id=21"},"modified":"2016-12-17T12:09:38","modified_gmt":"2016-12-17T11:09:38","slug":"wordcamp-bilbao","status":"publish","type":"page","link":"https:\/\/bilbao.wordcamp.org\/2017\/wordcamp-bilbao\/","title":{"rendered":"WordCamp Bilbao"},"content":{"rendered":"<p><a title=\"WordCamp Bilbao\" href=\"#castellano\" target=\"_self\">Castellano<\/a> | <a title=\"WordCamp Bilbao\" href=\"#euskera\" target=\"_self\">Euskera<\/a> | <a title=\"WordCamp Bilbao\" href=\"#english\" target=\"_self\">English<\/a><\/p>\n<p>&nbsp;<\/p>\n<h3>\u00bfQu\u00e9 es una WordCamp?<\/h3>\n<p>Una WordCamp es un evento Oficial de WordPress, respaldada por la Fundaci\u00f3n WordPress, que se realiza a lo largo del mundo por comunidades locales, exigiendo a estas unos est\u00e1ndares de calidad tanto en el contenido como en la organizaci\u00f3n. <strong>Contamos con un aforo limitado a 300 personas con participantes de otras comunidades.<\/strong><\/p>\n<h3>\u00bfQu\u00e9 tem\u00e1ticas se van a tratar?<\/h3>\n<p>En WCBilbao se tratar\u00e1n los siguientes temas:<\/p>\n<ul>\n<li>Desarrollo de Plugins y Temas<\/li>\n<li>SEO<\/li>\n<li>Marketing Digital<\/li>\n<li>Negocio<\/li>\n<li>Comunidad<\/li>\n<li>Talleres<\/li>\n<li>Y otros temas de inter\u00e9s<\/li>\n<\/ul>\n<p><strong>En WCBilbao podr\u00e1s aprender de los mejores<\/strong>, tendremos grandes ponentes (incluso internacionales) que nos ense\u00f1ar\u00e1n las \u00faltimas novedades de WordPress y proyectos incre\u00edbles que se pueden realizar.<\/p>\n<p>Contaremos con ponencias para todo tipo de niveles que se dividir\u00e1n en 3 salas y ponencias simult\u00e1neas. En una de las salas se tratar\u00e1n temas enfocado a desarrolladores, en otra de las salas se hablar\u00e1n sobre c\u00f3mo sacar partido a nuestros WordPress sin necesidad de ser desarrollador y tendremos una tercera sala enfocada a negocio y talleres.<\/p>\n<p><strong>Networking<\/strong><\/p>\n<p>Por que en Bilbao nos gusta innovar&#8230; <strong>\u00a1contaremos con un espacio y tiempo m\u00e1s amplio para potenciar el networking y las relaciones entre profesionales!<\/strong> Ya que asistes a este gran evento, no pierdas la oportunidad\u00a0para poder entablar relaciones laborales e incluso de amistad con\u00a0profesionales como:\u00a0desarrolladores, dise\u00f1adores, gente de marketing, agencias, periodistas, y muchos m\u00e1s.<\/p>\n<p><strong>Happiness Bar<\/strong><\/p>\n<p>En la zona de networking habilitaremos un espacio con varios expertos\/as en diferentes materias (desarrollo, hosting, SEO, LOPD, etc.) a los cuales <strong>podr\u00e1s preguntar y resolver todas tus posibles dudas<\/strong>.<\/p>\n<h3>Te interesa asistir\u00a0a la WCBilbao<\/h3>\n<p>A una WordCamp puede acudir cualquier tipo de perfil relacionado con internet y WordPress. Os listaremos algunos ejemplos para que teng\u00e1is una idea si os pregunt\u00e1is si deber\u00edais o no asistir:<\/p>\n<ul>\n<li><strong>Para aprender:<\/strong> gracias a los ponentes y sus temas de actualidad podr\u00e1s aprender las novedades de WordPress y proyectos interesantes que est\u00e9 realizando la gente.<\/li>\n<li><strong>Por trabajo:<\/strong> tanto si eres freelance o empresa aqu\u00ed podr\u00e1s hacer nuevos contactos que mejoren tu negocio. Todo tipo de perfil es bienvenido, siempre hay gente\/empresas que buscan colaborar y para ello necesitan de profesionales de diferentes sectores.<\/li>\n<li><strong>Para conocer:<\/strong> siempre decimos que la Comunidad de WordPress es una familia, tanto a nivel internacional, nacional&#8230; \u00a1y c\u00f3mo no local! ser\u00e1s bien recibido\/a por todos y conocer\u00e1s gente con quien hablar sobre tus pasiones&#8230; \u00a1esperamos que WordPress sea una de esas pasiones!<\/li>\n<\/ul>\n<p>Por lo que, si eres uno\/a de los siguientes deber\u00edas asistir:<\/p>\n<ul>\n<li>Freelance desarrolladores, dise\u00f1adores gr\u00e1ficos\/web, marketing, SEO, bloggers&#8230;<\/li>\n<li>Agencias de marketing, comunicaci\u00f3n, periodismo, dise\u00f1o gr\u00e1fico&#8230;<\/li>\n<li>Empresas de cualquier sector que quieran mejorar su imagen online, una buena p\u00e1gina web y un blog son esenciales&#8230; y para ello WordPress puede ser tu mejor aliado. Si tienes gente que se encarga de todo esto en tu empresa, esta gente deber\u00eda de acudir a aprender y compartir!<\/li>\n<\/ul>\n<div id=\"euskera\">\n<hr \/>\n<\/div>\n<h2 style=\"text-align: center\"><strong>Euskera<\/strong><\/h2>\n<h3>Zer da WordCamp bat?<\/h3>\n<p>WordCamp bat WordPress Fundazioa onartutako ekitaldi informal bat da eta mundu osoan zear antolatzen dira. <strong>300 sarrera jarriko dira salgai.<\/strong><\/p>\n<h3>Zeri buruz hitz egingo da?<\/h3>\n<p>WCBilbao-ko ekitaldian hurrengo gaiak ikusiko dira:<\/p>\n<ul>\n<li>Itxuren eta Pluginen garapena<\/li>\n<li>SEO<\/li>\n<li>Marketing Digitala<\/li>\n<li>Enpresa<\/li>\n<li>Komunitatea<\/li>\n<li>Tailerrak<\/li>\n<li>Eta gai interesgarri asko<\/li>\n<\/ul>\n<p>WCBilbaon hoberenetatik ikasi ahal izango duzu, hizlari oso onak izango ditugu, internazionalak baita ere, eta WordPress-eko azken berriak eta proiektuak erakutziko dizkigute.<\/p>\n<p>3 areto edukiko ditugo maila guztietako hitzaldiekin. Areto batean garatzaileei zuzendutako hitzaldiak edukiko ditu, beste areto batek garatzaileak ez direntzako hitzaldiak edukiko ditu, eta azken aretoa tailerrak eta enpresentzat zuzendutako hitzaldiak edukiko ditu.<\/p>\n<p><strong>Networking<\/strong><\/p>\n<p>Bilbon berritzea gustatzen zaigunez&#8230;\u00a0<strong>leku eta denbora luzeagoa edukiko dugo networking eta profesionalen arteko harremanak laguntzeko!\u00a0<\/strong>ekitaldi handi honetan parte hartzen duzunez, besteekin hitz egiteko, bai lana dela eta edo lagun bezala, aukera ez galdu.<\/p>\n<p><strong>Happiness Bar<\/strong><\/p>\n<p>Networking gunean lekua izango dugu hainbat adituek galderak eta zalantzak erantzuteko, bai garapena, hosting, SEO, LOPD, eta abar gaiei buruz.<\/p>\n<div id=\"english\">\n<hr \/>\n<\/div>\n<h2 style=\"text-align: center\"><strong>English<\/strong><\/h2>\n<h3>What is a WordCamp?<\/h3>\n<p>A WordCamp is an oficial WordPress event, supported by the WordPress Foundation, and organized all hover the world by local communities. <strong>Our capacity is limited to 300 attendees and will have international attendees.<\/strong><\/p>\n<h3>What it&#8217;s going to be covered?<\/h3>\n<p>In WCBilbao will see this topics:<\/p>\n<ul>\n<li>Plugins and Themes Development<\/li>\n<li>SEO<\/li>\n<li>Digital Marketing<\/li>\n<li>Business<\/li>\n<li>Community<\/li>\n<li>Workshops<\/li>\n<li>Other interesting topics<\/li>\n<\/ul>\n<p><strong>In WCBilbao you will be able to learn from the best,<\/strong>\u00a0we will have great speakers (also international) that will show us the last news about WordPress and explain what kind of projects we can create.<\/p>\n<p>We will have presentations of different levels that will be divided in 3 rooms. In one of the rooms will have topics focused on development, in other of the rooms the topics will be more general and without the need of been a developer. In the third room we will have presentations focused in business and workshops.<\/p>\n<p><strong>Networking<\/strong><\/p>\n<p>As in Bilbao we like to innovate&#8230;\u00a0<strong>we will have more space and time for the networking and inter professional relationships!\u00a0<\/strong>as you attend to this great event, do not loose the opportunity to make work relations and even personal relationships with other professionals such as: developers, designers, marketing specialists, agencies, journalist, and much more.<\/p>\n<p><strong>Happiness Bar<\/strong><\/p>\n<p>In the networking space we will have some experts (development, hosting, SEO, LOPD, etc.) and <strong>you are going to be able to ask them and solve all your doubts.<\/strong><\/p>\n<h3>You are interested to attend WCBilbao<\/h3>\n<p>Anyone can attend a WordCamp. Here you have a list of examples to give you an idea if you should attend or not:<\/p>\n<ul>\n<li><strong>For learning:\u00a0<\/strong>thanks to all the speakers and their knowledge you are going to be able to learn and see great projects created with WordPress<\/li>\n<li><strong>Because working:<\/strong> even if you are a freelance or an agency, here you will be able to find new contacts for your work.<\/li>\n<li><strong>To meet new people:<\/strong> we always say that the WordPress Community it&#8217;s like a family, internationally, nationally&#8230; and locally! you are going to be welcomed and you will knew new people who shares your same passions&#8230; and expect that WordPress is one of those passions!<\/li>\n<\/ul>\n<p>So if you are one of this list, you should attend:<\/p>\n<ul>\n<li>A freelance on development, design, marketing, SEO, blogging&#8230;<\/li>\n<li>Agencies of marketing, development, communication, journalist, graphic design&#8230;<\/li>\n<li>Any kind of company that want to learn about how to improve their online presence, where WordPress is essential. If you have people in your company in charge of your website you should send them here to learn and share!<\/li>\n<\/ul>\n","protected":false},"excerpt":{"rendered":"<p>Castellano | Euskera | English &nbsp; \u00bfQu\u00e9 es una WordCamp? Una WordCamp es un evento Oficial de WordPress, respaldada por la Fundaci\u00f3n WordPress, que se realiza a lo largo del mundo por comunidades locales, exigiendo a estas unos est\u00e1ndares de &hellip; <a href=\"https:\/\/bilbao.wordcamp.org\/2017\/wordcamp-bilbao\/\">Sigue leyendo <span class=\"assistive-text\">WordCamp Bilbao<\/span>  <span class=\"meta-nav\">&rarr;<\/span><\/a><\/p>\n","protected":false},"author":13800779,"featured_media":0,"parent":0,"menu_order":0,"comment_status":"closed","ping_status":"closed","template":"","meta":{"jetpack_post_was_ever_published":false,"footnotes":""},"class_list":["post-21","page","type-page","status-publish","hentry"],"jetpack_sharing_enabled":true,"jetpack_shortlink":"https:\/\/wp.me\/P81ePb-l","_links":{"self":[{"href":"https:\/\/bilbao.wordcamp.org\/2017\/wp-json\/wp\/v2\/pages\/21","targetHints":{"allow":["GET"]}}],"collection":[{"href":"https:\/\/bilbao.wordcamp.org\/2017\/wp-json\/wp\/v2\/pages"}],"about":[{"href":"https:\/\/bilbao.wordcamp.org\/2017\/wp-json\/wp\/v2\/types\/page"}],"author":[{"embeddable":true,"href":"https:\/\/bilbao.wordcamp.org\/2017\/wp-json\/wp\/v2\/users\/13800779"}],"replies":[{"embeddable":true,"href":"https:\/\/bilbao.wordcamp.org\/2017\/wp-json\/wp\/v2\/comments?post=21"}],"version-history":[{"count":6,"href":"https:\/\/bilbao.wordcamp.org\/2017\/wp-json\/wp\/v2\/pages\/21\/revisions"}],"predecessor-version":[{"id":336,"href":"https:\/\/bilbao.wordcamp.org\/2017\/wp-json\/wp\/v2\/pages\/21\/revisions\/336"}],"wp:attachment":[{"href":"https:\/\/bilbao.wordcamp.org\/2017\/wp-json\/wp\/v2\/media?parent=21"}],"curies":[{"name":"wp","href":"https:\/\/api.w.org\/{rel}","templated":true}]}}