{"id":227,"date":"2016-11-27T17:33:31","date_gmt":"2016-11-27T16:33:31","guid":{"rendered":"http:\/\/2017.bilbao.wordcamp.org\/?page_id=227"},"modified":"2016-11-28T10:41:25","modified_gmt":"2016-11-28T09:41:25","slug":"beneficios-patrocinar-wordcamp-bilbao","status":"publish","type":"page","link":"https:\/\/bilbao.wordcamp.org\/2017\/patrocina\/beneficios-patrocinar-wordcamp-bilbao\/","title":{"rendered":"Beneficios de Patrocinar"},"content":{"rendered":"<p><img loading=\"lazy\" decoding=\"async\" class=\"aligncenter size-full wp-image-240\" src=\"http:\/\/2017.bilbao.wordcamp.org\/files\/2016\/11\/beneficios-patrocinadores-wcbilbao-2017.jpg\" alt=\"Beneficios Patrocinadores - WCBilbao 2017\" width=\"880\" height=\"440\" srcset=\"https:\/\/bilbao.wordcamp.org\/2017\/files\/2016\/11\/beneficios-patrocinadores-wcbilbao-2017.jpg 880w, https:\/\/bilbao.wordcamp.org\/2017\/files\/2016\/11\/beneficios-patrocinadores-wcbilbao-2017-300x150.jpg 300w, https:\/\/bilbao.wordcamp.org\/2017\/files\/2016\/11\/beneficios-patrocinadores-wcbilbao-2017-768x384.jpg 768w, https:\/\/bilbao.wordcamp.org\/2017\/files\/2016\/11\/beneficios-patrocinadores-wcbilbao-2017-500x250.jpg 500w\" sizes=\"auto, (max-width: 880px) 100vw, 880px\" \/><\/p>\n<p>Patrocinar y hacer que la WordCamp Bilbao 2017 se haga posible te aportar\u00e1 los siguientes beneficios:<\/p>\n<p><a title=\"WordCamp Bilbao\" href=\"http:\/\/2017.bilbao.wordcamp.org\/beneficios-patro\u2026-wordcamp-bilbao\/\" target=\"_self\">Castellano<\/a> | <a title=\"WordCamp Bilbao\" href=\"http:\/\/2017.bilbao.wordcamp.org\/beneficios-patro\u2026-wordcamp-bilbao\/#euskera\" target=\"_self\">Euskera<\/a> | <a title=\"WordCamp Bilbao\" href=\"http:\/\/2017.bilbao.wordcamp.org\/beneficios-patro\u2026-wordcamp-bilbao\/#english\" target=\"_self\">English<\/a><\/p>\n<p>&nbsp;<\/p>\n<p><!--more--><\/p>\n<h2>1. Exposici\u00f3n Local, Nacional e Internacional<\/h2>\n<p>WordCamp Bilbao es un evento Oficial de WordPress y por ello mueve a una gran cantidad de gente a nivel nacional, y este a\u00f1o incluso internacional. Su repercusi\u00f3n va m\u00e1s lejos del nivel local haciendo que tu empresa\/marca sea expuesta a lo largo de la pen\u00ednsula.<\/p>\n<h2>2. Repercusi\u00f3n en las Redes<\/h2>\n<p>La mayor parte de los asistentes a la WordCamp Bilbao son personas y empresas con p\u00e1ginas, blogs y redes sociales. Esto har\u00e1 que la exposici\u00f3n de tu empresa\/marca sea a\u00fan mayor a lo normal.<\/p>\n<h2>3. Enlaces a tu Web<\/h2>\n<p>Los patrocinios cuentan\u00a0con enlace desde la p\u00e1gina Oficial de la WordCamp. Incluso tambi\u00e9n contar\u00e1s con un art\u00edculo de agradecimiento en el blog con enlace a tu p\u00e1gina web.<\/p>\n<h2>4. Redes Sociales<\/h2>\n<p>Con tu patrocinio contar\u00e1s con Tweet de agradecimiento desde la cuenta oficial de Twitter de la WordCamp Bilbao (Castellano, Euskera e Ingl\u00e9s).<\/p>\n<h2>5. Slides entre Sesiones<\/h2>\n<p>Tu empresa\/marca se ver\u00e1 en los slides de espera entre sesiones. Tu marca estar\u00e1 a la vista de todos los asistentes a lo largo de todo el evento (Patrocinios Platino, Oro y Plata).<\/p>\n<h2>6. Merchandising y Carteler\u00eda<\/h2>\n<p>Con tu patrocinio tienes la opci\u00f3n de tener carteler\u00eda con tu marca en el lugar del evento, oportunidad de hacer regalos y concursos e incluso disponer de merchandising en las mesas situadas en el lugar del evento.<\/p>\n<h2>7. \u00abCase Study\u00bb Internacional<\/h2>\n<p>Al finalizar el evento se realizar\u00e1 un Case Study sobre el mismo y ser\u00e1 compartido con toda la comunidad Internacional. En este informe se agradecer\u00e1 a todos los patrocinadores haciendo que la exposici\u00f3n de tu marca sea alt\u00edsima.<\/p>\n<h2>8. Cena de Patrocinadores y Ponentes<\/h2>\n<p>El viernes 12 de Mayo se celebrar\u00e1 una cena a la cual podr\u00e1s tener acceso con algunos de nuestros paquetes de patrocinio. Aqu\u00ed podr\u00e1s conocer y conectar con otros grandes patrocinadores y todos los ponentes.<\/p>\n<h2>9. 3 cuentas de Twitter = Triple exposici\u00f3n<\/h2>\n<p>WordCamp Bilbao cuenta con 3 cuentas de Twitter: castellano, euskera e ingl\u00e9s. Esto hace que muchos de los beneficios anteriores (Exposici\u00f3n, Enlaces, etc) se multipliquen por 3, triple\u00a0beneficio por un mismo patrocinio.<\/p>\n<h2>10. No es solo un evento<\/h2>\n<p>Estamos confiados y con ganas de hacer que la WordCamp Bilbao sea un evento anual y nos gustar\u00eda contar con tu apoyo e ir creciendo juntos a\u00f1o tras a\u00f1o.<\/p>\n<p>&nbsp;<\/p>\n<p style=\"text-align: center\"><a class=\"simple-button\" title=\"Patrocinar WordCamp Bilbao\" href=\"http:\/\/2017.bilbao.wordcamp.org\/patrocinar-wordcamp-bilbao-2017\/\" target=\"_self\">PATROCINAR<\/a><\/p>\n<div id=\"euskera\">\n<hr \/>\n<\/div>\n<h2 style=\"text-align: center\">Euskera<\/h2>\n<p><img loading=\"lazy\" decoding=\"async\" class=\"aligncenter size-full wp-image-243\" src=\"http:\/\/2017.bilbao.wordcamp.org\/files\/2016\/11\/babesleen-onurak-wcbilbao-2017.jpg\" alt=\"Babesleen Onurak - WCBilbao 2017\" width=\"880\" height=\"440\" srcset=\"https:\/\/bilbao.wordcamp.org\/2017\/files\/2016\/11\/babesleen-onurak-wcbilbao-2017.jpg 880w, https:\/\/bilbao.wordcamp.org\/2017\/files\/2016\/11\/babesleen-onurak-wcbilbao-2017-300x150.jpg 300w, https:\/\/bilbao.wordcamp.org\/2017\/files\/2016\/11\/babesleen-onurak-wcbilbao-2017-768x384.jpg 768w, https:\/\/bilbao.wordcamp.org\/2017\/files\/2016\/11\/babesleen-onurak-wcbilbao-2017-500x250.jpg 500w\" sizes=\"auto, (max-width: 880px) 100vw, 880px\" \/><\/p>\n<p>WordCamp Bilbao 2017 aurrera eramateak eta honen babesle izateak hurrengo onurak dauzka:<\/p>\n<h2>1- TOKIKO, ESTATUKO ETA INTERNAZIONAL ERAKUSLEHIOA<\/h2>\n<p>WordPress-en ekitaldi ofizial bat da WordCamp Bilbao eta horregatik hainbat jende mugitzen du estatu mailan, eta aurten mundu osoan zehar ere bai. Ekitaldi honen eragina tokitik haratago doa, zure empresa \/ marka penintsulan zehar zabalduz.<\/p>\n<h2>2- SAREETAN ERAGINA<\/h2>\n<p>WordCamp Bilbaora hurbiltzen diren partehartzaile gehienak webgunea, bloga eta sare sozialak dituzten enpresa eta pertsonak dira. Honek zure enpresa \/ marka zabaltzen lagunduko du.<\/p>\n<h2>3- ESTEKAK ZURE WEBGUNERA<\/h2>\n<p>Babesleek WordCamp-aren web ofizialetik esteka izango dute. Eta hau gutxi balitz eskerrak emateko artikulu bat ere idatziko da blogean zure webgunerako esteka bat agertuz.<\/p>\n<h2>4- SARE SOZIALAK<\/h2>\n<p>Zure babesarekin batera eskerrak emanez txio bat argitaratuko da WordCamp Bilbaoren Twitter kontu ofizialean (Eskera, Gaztelera eta Ingelesa).<\/p>\n<h2>5- SAIOEN ARTEKO SLIDE EDO DIAPOSITIBAK<\/h2>\n<p>Zure enpresa \/ marka saioen arteko diapositibetan agertuko da. Hurbildu diren guztien begietara egongo da ekitaldi osoan zehar.<\/p>\n<h2>6- MERCHANDISING-A ETA KARTELGINTZA<\/h2>\n<p>Babesarekin batera, ekitaldiaren lekuan zure marka agertzen den kartelgintza jartzeko aukera izango duzu. Opariak eta lehiaketak egin ahal izango dituzu, baita ere mahaietan merchandising-a jartzeko lekua egongo da.<\/p>\n<h2>7- \u201cCASE STUDY\u201d INTERNAZIONALA<\/h2>\n<p>Ekitaldia bukatzerakoan honi buruzko \u201cCase Study\u201d bat egingo da eta nazioarteko komunitatearekin elkarbanatuko da. Txosten honetan babeslei eskerrak emango zaizkie, zure marka ikusgarriago eginez.<\/p>\n<h2>8- BABESLE ETA HIZLARIEN AFARIA<\/h2>\n<p>Maiatzak 12an ostiralez, afari bat egingo da. Bertan parte ahal izateko gure babesle pakete batzuen bitartez joan ahalko zarete. Hemen beste babesleak ezagutu eta konektatzeko aukera izango duzu ekitaldiaren hizlariekin batera.<\/p>\n<h2>9- 3 Twitter Kontu = Hiru ALDIZ IKUSGARRIAGO<\/h2>\n<p>WordCamp Bilbaok 3 Twitter kontu dauzka, Euskera, Gaztelera eta Ingelesa. Honek, azaldu diren aurreko onura guztiak hiru aldiz biderkatzen ditu, beraz onura hirukoitza babesle izateagatik.<\/p>\n<h2>10- EZ DA EKITALDI BAT BAKARRIK<\/h2>\n<p>Konfiantzaz beterik gaude eta WordCamp Bilbao urtero egingo den ekitaldi bat izateko gogoa daukagu. Zure laguntzarekin batera, urtez urte hazten joatea guztatuko litzaiguke.<\/p>\n<p>&nbsp;<\/p>\n<p style=\"text-align: center\"><a class=\"simple-button\" title=\"Patrocinar WordCamp Bilbao\" href=\"http:\/\/2017.bilbao.wordcamp.org\/babestu\/\" target=\"_self\">BABESTU<\/a><\/p>\n<div id=\"english\">\n<hr \/>\n<\/div>\n<h2 style=\"text-align: center\">English<\/h2>\n<p><img loading=\"lazy\" decoding=\"async\" class=\"aligncenter size-full wp-image-244\" src=\"http:\/\/2017.bilbao.wordcamp.org\/files\/2016\/11\/sponsors-benefits-wcbilbao-2017.jpg\" alt=\"Sponsors Benefits - WCBilbao 2017\" width=\"880\" height=\"440\" srcset=\"https:\/\/bilbao.wordcamp.org\/2017\/files\/2016\/11\/sponsors-benefits-wcbilbao-2017.jpg 880w, https:\/\/bilbao.wordcamp.org\/2017\/files\/2016\/11\/sponsors-benefits-wcbilbao-2017-300x150.jpg 300w, https:\/\/bilbao.wordcamp.org\/2017\/files\/2016\/11\/sponsors-benefits-wcbilbao-2017-768x384.jpg 768w, https:\/\/bilbao.wordcamp.org\/2017\/files\/2016\/11\/sponsors-benefits-wcbilbao-2017-500x250.jpg 500w\" sizes=\"auto, (max-width: 880px) 100vw, 880px\" \/><\/p>\n<p>Sponsor and make WordCamp Bilbao 2017 possible has the next benefits:<\/p>\n<h2>1. Local, National and International Exposition<\/h2>\n<p>WordCamp Bilbao it&#8217;s a WordPress Official event and it moves a lot of national and international people. It&#8217;s repercusion goes farther than national exposition, making your company\/brand visible internationally.<\/p>\n<h2>2. Visibility in Social Media<\/h2>\n<p>Most of the attendees to the WordCamp Bilbao are people and companies with websites, blogs and social accounts. This will may, even bigger, your company\/brand visibility<\/p>\n<h2>3. Links to your Website<\/h2>\n<p>The sponsor levels have links from the Official WordCamp website. You will also have a post article giving thanks with a link to your website.<\/p>\n<h2>4. Social Media<\/h2>\n<p>With your sponsorship you will have a Tweet from the WordCamp Bilbao official Twitter accounts (English, Spanish and Basque).<\/p>\n<h2>5. Slides between sessions<\/h2>\n<p>Your company\/brand will be seen in the slides between sessions. Your brand will be visible to everyone during all the event ( in Platinum, Gold and Silver sponsorships).<\/p>\n<h2>6. Swag\u00a0and Posters<\/h2>\n<p>With your sponsorhip you may have the oportunity to have RollUps in the venue, oportunity to make gifts and even to put swag in the tables alocated inside the venue.<\/p>\n<h2>7. International \u00abCase Study\u00bb<\/h2>\n<p>At the end of the event we will create a Case Study and will be shared with the international community. In this study we will give thanks to all the sponsors so your company\/brand visibility will be even bigger.<\/p>\n<h2>8. Speakers and Sponsors Dinner<\/h2>\n<p>The 12 of May there will be a dinner where, as a sponsor, you will be able to attend. Here you are going to meet and conect with other great sponsors and speakers.<\/p>\n<h2>9. 3 Twitter accounts = Triple visibility<\/h2>\n<p>WordCamp Bilbao has 3 Twitter accounts: English, Spanish and Basque. This makes that a lot of the benefits we just explained will me multiply by 3, triple beneffit for one sponsorship.<\/p>\n<h2>10. It&#8217;s not just an event<\/h2>\n<p>We want to make WordCamp Bilbao one of the most important WordCamp in Spain and we will like to have your help to make it better and bigger.<\/p>\n<p>&nbsp;<\/p>\n<p style=\"text-align: center\"><a class=\"simple-button\" title=\"Patrocinar WordCamp Bilbao\" href=\"http:\/\/2017.bilbao.wordcamp.org\/sponsor\/\" target=\"_self\">BECOME A SPONSOR<\/a><\/p>\n<p style=\"text-align: center\">\n","protected":false},"excerpt":{"rendered":"<p>Patrocinar y hacer que la WordCamp Bilbao 2017 se haga posible te aportar\u00e1 los siguientes beneficios: Castellano | Euskera | English &nbsp;<\/p>\n","protected":false},"author":13800779,"featured_media":240,"parent":38,"menu_order":0,"comment_status":"closed","ping_status":"closed","template":"","meta":{"_crdt_document":"","jetpack_post_was_ever_published":false,"footnotes":""},"class_list":["post-227","page","type-page","status-publish","has-post-thumbnail","hentry"],"jetpack_sharing_enabled":true,"jetpack_shortlink":"https:\/\/wp.me\/PheMS7-3F","_links":{"self":[{"href":"https:\/\/bilbao.wordcamp.org\/2017\/wp-json\/wp\/v2\/pages\/227","targetHints":{"allow":["GET"]}}],"collection":[{"href":"https:\/\/bilbao.wordcamp.org\/2017\/wp-json\/wp\/v2\/pages"}],"about":[{"href":"https:\/\/bilbao.wordcamp.org\/2017\/wp-json\/wp\/v2\/types\/page"}],"author":[{"embeddable":true,"href":"https:\/\/bilbao.wordcamp.org\/2017\/wp-json\/wp\/v2\/users\/13800779"}],"replies":[{"embeddable":true,"href":"https:\/\/bilbao.wordcamp.org\/2017\/wp-json\/wp\/v2\/comments?post=227"}],"version-history":[{"count":18,"href":"https:\/\/bilbao.wordcamp.org\/2017\/wp-json\/wp\/v2\/pages\/227\/revisions"}],"predecessor-version":[{"id":287,"href":"https:\/\/bilbao.wordcamp.org\/2017\/wp-json\/wp\/v2\/pages\/227\/revisions\/287"}],"up":[{"embeddable":true,"href":"https:\/\/bilbao.wordcamp.org\/2017\/wp-json\/wp\/v2\/pages\/38"}],"wp:featuredmedia":[{"embeddable":true,"href":"https:\/\/bilbao.wordcamp.org\/2017\/wp-json\/wp\/v2\/media\/240"}],"wp:attachment":[{"href":"https:\/\/bilbao.wordcamp.org\/2017\/wp-json\/wp\/v2\/media?parent=227"}],"curies":[{"name":"wp","href":"https:\/\/api.w.org\/{rel}","templated":true}]}}