{"id":25,"date":"2016-10-17T14:15:10","date_gmt":"2016-10-17T12:15:10","guid":{"rendered":"http:\/\/2017.bilbao.wordcamp.org\/?page_id=25"},"modified":"2016-10-17T14:15:10","modified_gmt":"2016-10-17T12:15:10","slug":"organizadores","status":"publish","type":"page","link":"https:\/\/bilbao.wordcamp.org\/2017\/wordcamp-bilbao\/organizadores\/","title":{"rendered":"Organizadores"},"content":{"rendered":"\t<div class=\"wcorg-organizers\">\n\n\t\t\n\t\t\t<div class=\"wcorg-organizer\">\n\t\t\t\t<h2>Asier Musatadi<\/h2>\n\t\t\t\t<div class=\"wcorg-organizer-description\">\n\t\t\t\t\t\t\t\t\t\t<img alt='' src='https:\/\/secure.gravatar.com\/avatar\/9aaeb0b9ab084e4ddef17a0c9ac73e129dbc520aed55d6b2b40cb20edd47295e?s=100&#038;d=mm&#038;r=g' srcset='https:\/\/secure.gravatar.com\/avatar\/9aaeb0b9ab084e4ddef17a0c9ac73e129dbc520aed55d6b2b40cb20edd47295e?s=200&#038;d=mm&#038;r=g 2x' class='avatar avatar-100 photo' height='100' width='100' \/>\t\t\t\t\t<p><strong>Organizador 2017<\/strong><\/p>\n<p>Como t\u00fa, apasionado de WordPress. Comenc\u00e9 en esto de crear webs desde muy joven, all\u00e1 por el 2002, colaborando en diferentes asociaciones y grupos locales ayudando como pod\u00eda, hasta que en 2010 di el paso de crear un peque\u00f1o estudio junto a Hibai Muniozguren.<\/p>\n<p><a href=\"https:\/\/www.biklik.net\" target=\"_blank\">biklik.net<\/a><\/p>\n<p>&nbsp;<\/p>\n\t\t\t\t<\/div>\n\t\t\t<\/div>\n\n\t\t\n\t\t\t<div class=\"wcorg-organizer\">\n\t\t\t\t<h2>Juan Carlos Alonso<\/h2>\n\t\t\t\t<div class=\"wcorg-organizer-description\">\n\t\t\t\t\t\t\t\t\t\t<img alt='' src='https:\/\/secure.gravatar.com\/avatar\/f71aeed19c6a5e079ee6085258e4cacdd7e8273c8ba44508a4a25977f706e8b8?s=100&#038;d=mm&#038;r=g' srcset='https:\/\/secure.gravatar.com\/avatar\/f71aeed19c6a5e079ee6085258e4cacdd7e8273c8ba44508a4a25977f706e8b8?s=200&#038;d=mm&#038;r=g 2x' class='avatar avatar-100 photo' height='100' width='100' \/>\t\t\t\t\t<p><strong>Organizador 2017<\/strong><\/p>\n<p>De perfil emprendedor y dise\u00f1ador, actualmente trabaja en la empresa Luzaro Solvi, de la que es co-fundador. Apasionado de WordPress y su comunidad (del software libre en general) se incorpor\u00f3 a WordPress Bilbao en marzo de 2015, encontrando el mejor ejemplo de comunidad y buena organizaci\u00f3n.<\/p>\n<p><a href=\"https:\/\/twitter.com\/ganixar\" target=\"_blank\">@ganixar<\/a><\/p>\n<p>&nbsp;<\/p>\n\t\t\t\t<\/div>\n\t\t\t<\/div>\n\n\t\t\n\t\t\t<div class=\"wcorg-organizer\">\n\t\t\t\t<h2>Ibon Azkoitia<\/h2>\n\t\t\t\t<div class=\"wcorg-organizer-description\">\n\t\t\t\t\t\t\t\t\t\t<img alt='' src='https:\/\/secure.gravatar.com\/avatar\/a715cc3104e7b54c8022436877053d54a4a751239ec08c8beb6c97f23b4ab51c?s=100&#038;d=mm&#038;r=g' srcset='https:\/\/secure.gravatar.com\/avatar\/a715cc3104e7b54c8022436877053d54a4a751239ec08c8beb6c97f23b4ab51c?s=200&#038;d=mm&#038;r=g 2x' class='avatar avatar-100 photo' height='100' width='100' \/>\t\t\t\t\t<p><strong>Organizador Principal 2017<\/strong><\/p>\n<p>Ibon Azkoitia es fundador de Kreatidos, empresa especializada en la Estrategia Digital para Empresas. Colabora de forma activa en la comunidad de WordPress, Organizador de la Comunidad WordPress Bilbao, ayuda a nuevos organizadores de Meetups y colabora en la p\u00e1gina de la Comunidad WordPress Espa\u00f1a y en las traducciones de WordPress.<\/p>\n<p><a href=\"https:\/\/www.ibonazkoitia.com\/\" target=\"_blank\" rel=\"noopener\">ibonazkoitia.com<\/a>\u00a0| <a href=\"https:\/\/www.twitter.com\/ibonazkoitia\" target=\"_blank\" rel=\"noopener\">@ibonazkoitia<\/a><\/p>\n<p>&nbsp;<\/p>\n\t\t\t\t<\/div>\n\t\t\t<\/div>\n\n\t\t\n\t\t\t<div class=\"wcorg-organizer\">\n\t\t\t\t<h2>Roberto Tu\u00f1\u00f3n<\/h2>\n\t\t\t\t<div class=\"wcorg-organizer-description\">\n\t\t\t\t\t\t\t\t\t\t<img alt='' src='https:\/\/secure.gravatar.com\/avatar\/7d2247a0a143f4ec01662b62fcbf1e5e1f48c9d4b3f78c771505f452acb3438c?s=100&#038;d=mm&#038;r=g' srcset='https:\/\/secure.gravatar.com\/avatar\/7d2247a0a143f4ec01662b62fcbf1e5e1f48c9d4b3f78c771505f452acb3438c?s=200&#038;d=mm&#038;r=g 2x' class='avatar avatar-100 photo' height='100' width='100' \/>\t\t\t\t\t<p><strong>Colaborador\u00a0Dise\u00f1o Gr\u00e1fico<\/strong><\/p>\n<p>Tras m\u00e1s de diez a\u00f1os desempe\u00f1ando puestos de dise\u00f1ador y director de arte online en varias agencias de publicidad e interactivas, desde 2013 trabajo por mi cuenta mimando mis proyectos y a mis clientes.<\/p>\n<p>Disfruto cada d\u00eda aprendiendo sobre Front-end, CSS, usabilidad,\u2026 y tratando de crear productos digitales \u00fatiles, con un enfoque m\u00e1s cercano al usuario.<\/p>\n<p><a href=\"https:\/\/robertotunon.com\/\" target=\"_blank\" rel=\"noopener noreferrer\">robertotunon.com<\/a> | <a href=\"https:\/\/twitter.com\/rtunon_\" target=\"_blank\" rel=\"noopener noreferrer\">@rtunon_<\/a><\/p>\n<p>&nbsp;<\/p>\n\t\t\t\t<\/div>\n\t\t\t<\/div>\n\n\t\t\n\t<\/div><!-- .wcorg-organizers -->\n\t\n","protected":false},"excerpt":{"rendered":"","protected":false},"author":13800779,"featured_media":0,"parent":21,"menu_order":0,"comment_status":"closed","ping_status":"closed","template":"","meta":{"_crdt_document":"","jetpack_post_was_ever_published":false,"footnotes":""},"class_list":["post-25","page","type-page","status-publish","hentry"],"jetpack_sharing_enabled":true,"jetpack_shortlink":"https:\/\/wp.me\/PheMS7-p","_links":{"self":[{"href":"https:\/\/bilbao.wordcamp.org\/2017\/wp-json\/wp\/v2\/pages\/25","targetHints":{"allow":["GET"]}}],"collection":[{"href":"https:\/\/bilbao.wordcamp.org\/2017\/wp-json\/wp\/v2\/pages"}],"about":[{"href":"https:\/\/bilbao.wordcamp.org\/2017\/wp-json\/wp\/v2\/types\/page"}],"author":[{"embeddable":true,"href":"https:\/\/bilbao.wordcamp.org\/2017\/wp-json\/wp\/v2\/users\/13800779"}],"replies":[{"embeddable":true,"href":"https:\/\/bilbao.wordcamp.org\/2017\/wp-json\/wp\/v2\/comments?post=25"}],"version-history":[{"count":1,"href":"https:\/\/bilbao.wordcamp.org\/2017\/wp-json\/wp\/v2\/pages\/25\/revisions"}],"predecessor-version":[{"id":26,"href":"https:\/\/bilbao.wordcamp.org\/2017\/wp-json\/wp\/v2\/pages\/25\/revisions\/26"}],"up":[{"embeddable":true,"href":"https:\/\/bilbao.wordcamp.org\/2017\/wp-json\/wp\/v2\/pages\/21"}],"wp:attachment":[{"href":"https:\/\/bilbao.wordcamp.org\/2017\/wp-json\/wp\/v2\/media?parent=25"}],"curies":[{"name":"wp","href":"https:\/\/api.w.org\/{rel}","templated":true}]}}