{"id":30,"date":"2016-10-17T14:22:44","date_gmt":"2016-10-17T12:22:44","guid":{"rendered":"http:\/\/2017.bilbao.wordcamp.org\/?page_id=30"},"modified":"2016-11-15T09:10:56","modified_gmt":"2016-11-15T08:10:56","slug":"localizacion","status":"publish","type":"page","link":"https:\/\/bilbao.wordcamp.org\/2017\/localizacion\/","title":{"rendered":"Localizaci\u00f3n"},"content":{"rendered":"<p><a title=\"Localizaci\u00f3n\" href=\"#castellano\" target=\"_self\">Castellano<\/a> | <a title=\"Kokapena\" href=\"#euskera\" target=\"_self\">Euskera<\/a> | <a title=\"Venue\" href=\"#english\" target=\"_self\">English<\/a><\/p>\n<p>La WordCamp Bilbao 2017 se celebrar\u00e1 en el <a title=\"Hotel Gran Bilbao\" href=\"http:\/\/www.hotelgranbilbao.com\/\" target=\"_blank\" rel=\"nofollow\">Hotel Gran Bilbao<\/a>. Consulta toda la informaci\u00f3n sobre la localizaci\u00f3n en la parte inferior y no dudes en ponerte en contacto con el equipo de organizaci\u00f3n si tienes cualquier duda sobre la localizaci\u00f3n.<\/p>\n<p class=\"jetpack-slideshow-noscript robots-nocontent\">El pase de diapositivas requiere JavaScript.<\/p><div id=\"gallery-30-1-slideshow\" class=\"jetpack-slideshow-window jetpack-slideshow jetpack-slideshow-black\" data-trans=\"fade\" data-autostart=\"1\" data-gallery=\"[{&quot;src&quot;:&quot;https:\\\/\\\/bilbao.wordcamp.org\\\/2017\\\/files\\\/2016\\\/10\\\/hotel-gran-bilbao.jpg&quot;,&quot;id&quot;:&quot;102&quot;,&quot;title&quot;:&quot;Hotel Gran Bilbao&quot;,&quot;alt&quot;:&quot;Hotel Gran Bilbao&quot;,&quot;caption&quot;:&quot;&quot;,&quot;itemprop&quot;:&quot;image&quot;},{&quot;src&quot;:&quot;https:\\\/\\\/bilbao.wordcamp.org\\\/2017\\\/files\\\/2016\\\/10\\\/hotel-gran-bilbao-begona.jpg&quot;,&quot;id&quot;:&quot;116&quot;,&quot;title&quot;:&quot;Hotel Gran Bilbao&quot;,&quot;alt&quot;:&quot;Hotel Gran Bilbao&quot;,&quot;caption&quot;:&quot;&quot;,&quot;itemprop&quot;:&quot;image&quot;},{&quot;src&quot;:&quot;https:\\\/\\\/bilbao.wordcamp.org\\\/2017\\\/files\\\/2016\\\/10\\\/hotel-gran-bilbao-leioa.jpg&quot;,&quot;id&quot;:&quot;117&quot;,&quot;title&quot;:&quot;Hotel Gran Bilbao&quot;,&quot;alt&quot;:&quot;Hotel Gran Bilbao&quot;,&quot;caption&quot;:&quot;&quot;,&quot;itemprop&quot;:&quot;image&quot;},{&quot;src&quot;:&quot;https:\\\/\\\/bilbao.wordcamp.org\\\/2017\\\/files\\\/2016\\\/10\\\/hotel-gran-bilbao-atxuri.jpg&quot;,&quot;id&quot;:&quot;115&quot;,&quot;title&quot;:&quot;Hotel Gran Bilbao&quot;,&quot;alt&quot;:&quot;Hotel Gran Bilbao&quot;,&quot;caption&quot;:&quot;&quot;,&quot;itemprop&quot;:&quot;image&quot;},{&quot;src&quot;:&quot;https:\\\/\\\/bilbao.wordcamp.org\\\/2017\\\/files\\\/2016\\\/10\\\/hotel-gran-bilbao-muskiz.jpg&quot;,&quot;id&quot;:&quot;118&quot;,&quot;title&quot;:&quot;Hotel Gran Bilbao&quot;,&quot;alt&quot;:&quot;Hotel Gran Bilbao&quot;,&quot;caption&quot;:&quot;&quot;,&quot;itemprop&quot;:&quot;image&quot;}]\" itemscope itemtype=\"https:\/\/schema.org\/ImageGallery\"><\/div>\n<h3><strong>Direcci\u00f3n<\/strong><\/h3>\n<p>C\/ Indalecio Prieto 1<br \/>\n48004 Bilbao, Bizkaia<\/p>\n<h3><strong>Llegar al sitio<\/strong><\/h3>\n<p><strong>Parada de metro m\u00e1s cercana:<\/strong> Basarrate &#8211; Salida Pintor Losada<\/p>\n<p><strong>Parada de bus m\u00e1s cercana:<\/strong> Indalecio Prieto 1 (justo en la puerta)<\/p>\n<h3><strong>Mapa<\/strong><\/h3>\n<div class=\"googlemaps\">\n\t\t\t\t<iframe loading=\"lazy\" width=\"100\" height=\"450\" frameborder=\"0\" scrolling=\"no\" marginheight=\"0\" marginwidth=\"0\"  src=\"https:\/\/www.google.com\/maps\/embed?pb=!1m18!1m12!1m3!1d2841.5332728488816!2d-2.9192791863171452!3d43.24837995447469!2m3!1f0!2f0!3f0!3m2!1i1024!2i768!4f13.1!3m3!1m2!1s0x0:0x43ebff410cb03786!2sHotel%20Gran%20Bilbao!5e0!3m2!1sen!2sus!4v1479053227543\"><\/iframe>\n\t\t\t<\/div>\n<div id=\"euskera\">\n<hr \/>\n<\/div>\n<h2 style=\"text-align: center\"><strong>Euskera<\/strong><\/h2>\n<p>WordCamp Bilbao 2017\u00a0<a title=\"Hotel Gran Bilbao\" href=\"http:\/\/www.hotelgranbilbao.com\/\" target=\"_blank\" rel=\"nofollow\">Hotel Gran Bilbao<\/a> hotelean ospatuko\u00a0da. Behean aurki dezakezu kokapenari buruzko informazio guztia, baina edozein kexka izanez gero, jar zaitez harremanetan kudeaketa taldearekin.<\/p>\n<h3><strong>Helbidea<\/strong><\/h3>\n<p>C\/ Indalecio Prieto 1<br \/>\n48004 Bilbao, Bizkaia<\/p>\n<h3><strong>Nola ailegatu<\/strong><\/h3>\n<p><strong>Metro geltokirik hurbilena:<\/strong> Basarrate &#8211; Losada Margolaria irteera<\/p>\n<p><strong>Bus geltokirik hurbilena:<\/strong> Indalecio Prieto 1 (atearen aurrean)<br \/>\n<p class=\"jetpack-slideshow-noscript robots-nocontent\">El pase de diapositivas requiere JavaScript.<\/p><div id=\"gallery-30-2-slideshow\" class=\"jetpack-slideshow-window jetpack-slideshow jetpack-slideshow-black\" data-trans=\"fade\" data-autostart=\"1\" data-gallery=\"[{&quot;src&quot;:&quot;https:\\\/\\\/bilbao.wordcamp.org\\\/2017\\\/files\\\/2016\\\/10\\\/hotel-gran-bilbao.jpg&quot;,&quot;id&quot;:&quot;102&quot;,&quot;title&quot;:&quot;Hotel Gran Bilbao&quot;,&quot;alt&quot;:&quot;Hotel Gran Bilbao&quot;,&quot;caption&quot;:&quot;&quot;,&quot;itemprop&quot;:&quot;image&quot;},{&quot;src&quot;:&quot;https:\\\/\\\/bilbao.wordcamp.org\\\/2017\\\/files\\\/2016\\\/10\\\/hotel-gran-bilbao-begona.jpg&quot;,&quot;id&quot;:&quot;116&quot;,&quot;title&quot;:&quot;Hotel Gran Bilbao&quot;,&quot;alt&quot;:&quot;Hotel Gran Bilbao&quot;,&quot;caption&quot;:&quot;&quot;,&quot;itemprop&quot;:&quot;image&quot;},{&quot;src&quot;:&quot;https:\\\/\\\/bilbao.wordcamp.org\\\/2017\\\/files\\\/2016\\\/10\\\/hotel-gran-bilbao-leioa.jpg&quot;,&quot;id&quot;:&quot;117&quot;,&quot;title&quot;:&quot;Hotel Gran Bilbao&quot;,&quot;alt&quot;:&quot;Hotel Gran Bilbao&quot;,&quot;caption&quot;:&quot;&quot;,&quot;itemprop&quot;:&quot;image&quot;},{&quot;src&quot;:&quot;https:\\\/\\\/bilbao.wordcamp.org\\\/2017\\\/files\\\/2016\\\/10\\\/hotel-gran-bilbao-atxuri.jpg&quot;,&quot;id&quot;:&quot;115&quot;,&quot;title&quot;:&quot;Hotel Gran Bilbao&quot;,&quot;alt&quot;:&quot;Hotel Gran Bilbao&quot;,&quot;caption&quot;:&quot;&quot;,&quot;itemprop&quot;:&quot;image&quot;},{&quot;src&quot;:&quot;https:\\\/\\\/bilbao.wordcamp.org\\\/2017\\\/files\\\/2016\\\/10\\\/hotel-gran-bilbao-muskiz.jpg&quot;,&quot;id&quot;:&quot;118&quot;,&quot;title&quot;:&quot;Hotel Gran Bilbao&quot;,&quot;alt&quot;:&quot;Hotel Gran Bilbao&quot;,&quot;caption&quot;:&quot;&quot;,&quot;itemprop&quot;:&quot;image&quot;}]\" itemscope itemtype=\"https:\/\/schema.org\/ImageGallery\"><\/div><\/p>\n<h3><strong>Mapa<\/strong><\/h3>\n<div class=\"googlemaps\">\n\t\t\t\t<iframe loading=\"lazy\" width=\"100\" height=\"450\" frameborder=\"0\" scrolling=\"no\" marginheight=\"0\" marginwidth=\"0\"  src=\"https:\/\/www.google.com\/maps\/embed?pb=!1m18!1m12!1m3!1d2841.5332728488816!2d-2.9192791863171452!3d43.24837995447469!2m3!1f0!2f0!3f0!3m2!1i1024!2i768!4f13.1!3m3!1m2!1s0x0:0x43ebff410cb03786!2sHotel%20Gran%20Bilbao!5e0!3m2!1sen!2sus!4v1479053227543\"><\/iframe>\n\t\t\t<\/div>\n<div id=\"english\">\n<hr \/>\n<\/div>\n<h2 style=\"text-align: center\"><strong>English<\/strong><\/h2>\n<p>The Venue of the WordCamp Bilbao 2017 it&#8217;s going to be the\u00a0<a title=\"Hotel Gran Bilbao\" href=\"http:\/\/www.hotelgranbilbao.com\/\" target=\"_blank\" rel=\"nofollow\">Hotel Gran Bilbao<\/a>\u00a0hotel. Just above you can find more info about the venue, if you have any question you can contact the organizing team and will help you with everything.<\/p>\n<h3><strong>Direction<\/strong><\/h3>\n<p>C\/ Indalecio Prieto 1<br \/>\n48004 Bilbao, Bizkaia<\/p>\n<h3><strong>How to arrive<\/strong><\/h3>\n<p><strong>Nearest Metro Station:<\/strong> Basarrate &#8211; Pintor Losada exit<\/p>\n<p><strong>Nearest Bus Stop:<\/strong> Indalecio Prieto 1 (just in front the door of the venue)<br \/>\n<p class=\"jetpack-slideshow-noscript robots-nocontent\">El pase de diapositivas requiere JavaScript.<\/p><div id=\"gallery-30-3-slideshow\" class=\"jetpack-slideshow-window jetpack-slideshow jetpack-slideshow-black\" data-trans=\"fade\" data-autostart=\"1\" data-gallery=\"[{&quot;src&quot;:&quot;https:\\\/\\\/bilbao.wordcamp.org\\\/2017\\\/files\\\/2016\\\/10\\\/hotel-gran-bilbao.jpg&quot;,&quot;id&quot;:&quot;102&quot;,&quot;title&quot;:&quot;Hotel Gran Bilbao&quot;,&quot;alt&quot;:&quot;Hotel Gran Bilbao&quot;,&quot;caption&quot;:&quot;&quot;,&quot;itemprop&quot;:&quot;image&quot;},{&quot;src&quot;:&quot;https:\\\/\\\/bilbao.wordcamp.org\\\/2017\\\/files\\\/2016\\\/10\\\/hotel-gran-bilbao-begona.jpg&quot;,&quot;id&quot;:&quot;116&quot;,&quot;title&quot;:&quot;Hotel Gran Bilbao&quot;,&quot;alt&quot;:&quot;Hotel Gran Bilbao&quot;,&quot;caption&quot;:&quot;&quot;,&quot;itemprop&quot;:&quot;image&quot;},{&quot;src&quot;:&quot;https:\\\/\\\/bilbao.wordcamp.org\\\/2017\\\/files\\\/2016\\\/10\\\/hotel-gran-bilbao-leioa.jpg&quot;,&quot;id&quot;:&quot;117&quot;,&quot;title&quot;:&quot;Hotel Gran Bilbao&quot;,&quot;alt&quot;:&quot;Hotel Gran Bilbao&quot;,&quot;caption&quot;:&quot;&quot;,&quot;itemprop&quot;:&quot;image&quot;},{&quot;src&quot;:&quot;https:\\\/\\\/bilbao.wordcamp.org\\\/2017\\\/files\\\/2016\\\/10\\\/hotel-gran-bilbao-atxuri.jpg&quot;,&quot;id&quot;:&quot;115&quot;,&quot;title&quot;:&quot;Hotel Gran Bilbao&quot;,&quot;alt&quot;:&quot;Hotel Gran Bilbao&quot;,&quot;caption&quot;:&quot;&quot;,&quot;itemprop&quot;:&quot;image&quot;},{&quot;src&quot;:&quot;https:\\\/\\\/bilbao.wordcamp.org\\\/2017\\\/files\\\/2016\\\/10\\\/hotel-gran-bilbao-muskiz.jpg&quot;,&quot;id&quot;:&quot;118&quot;,&quot;title&quot;:&quot;Hotel Gran Bilbao&quot;,&quot;alt&quot;:&quot;Hotel Gran Bilbao&quot;,&quot;caption&quot;:&quot;&quot;,&quot;itemprop&quot;:&quot;image&quot;}]\" itemscope itemtype=\"https:\/\/schema.org\/ImageGallery\"><\/div><\/p>\n<h3><strong>Map<\/strong><\/h3>\n<div class=\"googlemaps\">\n\t\t\t\t<iframe loading=\"lazy\" width=\"100\" height=\"450\" frameborder=\"0\" scrolling=\"no\" marginheight=\"0\" marginwidth=\"0\"  src=\"https:\/\/www.google.com\/maps\/embed?pb=!1m18!1m12!1m3!1d2841.5332728488816!2d-2.9192791863171452!3d43.24837995447469!2m3!1f0!2f0!3f0!3m2!1i1024!2i768!4f13.1!3m3!1m2!1s0x0:0x43ebff410cb03786!2sHotel%20Gran%20Bilbao!5e0!3m2!1sen!2sus!4v1479053227543\"><\/iframe>\n\t\t\t<\/div>\n","protected":false},"excerpt":{"rendered":"<p>Castellano | Euskera | English La WordCamp Bilbao 2017 se celebrar\u00e1 en el Hotel Gran Bilbao. Consulta toda la informaci\u00f3n sobre la localizaci\u00f3n en la parte inferior y no dudes en ponerte en contacto con el equipo de organizaci\u00f3n si &hellip; <a href=\"https:\/\/bilbao.wordcamp.org\/2017\/localizacion\/\">Sigue leyendo <span class=\"assistive-text\">Localizaci\u00f3n<\/span>  <span class=\"meta-nav\">&rarr;<\/span><\/a><\/p>\n","protected":false},"author":13800779,"featured_media":0,"parent":0,"menu_order":0,"comment_status":"closed","ping_status":"closed","template":"","meta":{"_crdt_document":"","jetpack_post_was_ever_published":false,"footnotes":""},"class_list":["post-30","page","type-page","status-publish","hentry"],"jetpack_sharing_enabled":true,"jetpack_shortlink":"https:\/\/wp.me\/PheMS7-u","_links":{"self":[{"href":"https:\/\/bilbao.wordcamp.org\/2017\/wp-json\/wp\/v2\/pages\/30","targetHints":{"allow":["GET"]}}],"collection":[{"href":"https:\/\/bilbao.wordcamp.org\/2017\/wp-json\/wp\/v2\/pages"}],"about":[{"href":"https:\/\/bilbao.wordcamp.org\/2017\/wp-json\/wp\/v2\/types\/page"}],"author":[{"embeddable":true,"href":"https:\/\/bilbao.wordcamp.org\/2017\/wp-json\/wp\/v2\/users\/13800779"}],"replies":[{"embeddable":true,"href":"https:\/\/bilbao.wordcamp.org\/2017\/wp-json\/wp\/v2\/comments?post=30"}],"version-history":[{"count":8,"href":"https:\/\/bilbao.wordcamp.org\/2017\/wp-json\/wp\/v2\/pages\/30\/revisions"}],"predecessor-version":[{"id":119,"href":"https:\/\/bilbao.wordcamp.org\/2017\/wp-json\/wp\/v2\/pages\/30\/revisions\/119"}],"wp:attachment":[{"href":"https:\/\/bilbao.wordcamp.org\/2017\/wp-json\/wp\/v2\/media?parent=30"}],"curies":[{"name":"wp","href":"https:\/\/api.w.org\/{rel}","templated":true}]}}