{"id":32,"date":"2016-10-17T14:23:07","date_gmt":"2016-10-17T12:23:07","guid":{"rendered":"http:\/\/2017.bilbao.wordcamp.org\/?page_id=32"},"modified":"2016-11-15T15:45:06","modified_gmt":"2016-11-15T14:45:06","slug":"hoteles-y-alojamiento","status":"publish","type":"page","link":"https:\/\/bilbao.wordcamp.org\/2017\/localizacion\/hoteles-y-alojamiento\/","title":{"rendered":"Hoteles y Alojamiento"},"content":{"rendered":"<p><a title=\"WordCamp Bilbao\" href=\"http:\/\/2017.bilbao.wordcamp.org\/localizacion\/hoteles-y-alojamiento\/\" target=\"_self\">Castellano<\/a> | <a title=\"WordCamp Bilbao\" href=\"http:\/\/2017.bilbao.wordcamp.org\/localizacion\/hoteles-y-alojamiento\/#euskera\" target=\"_self\">Euskera<\/a> | <a title=\"WordCamp Bilbao\" href=\"http:\/\/2017.bilbao.wordcamp.org\/localizacion\/hoteles-y-alojamiento\/#english\" target=\"_self\">English<\/a><\/p>\n<p>Desde el equipo de organizaci\u00f3n queremos ofreceros una lista de hoteles para todos aquellos que necesit\u00e9is de alojamiento para el fin de semana. Intentaremos conseguir descuentos y precios especiales para los asistentes. A\u00f1adiremos las ofertas a la siguiente lista:<\/p>\n<h2><strong>Hoteles<\/strong><\/h2>\n<h3>Hotel Gran Bilbao &#8211; 4 Estrellas | 20% de Descuento<\/h3>\n<ul>\n<li>C\/ Indalecio Prieto, 1<\/li>\n<li>Es donde se celebra el evento<\/li>\n<li>Tel\u00e9fono: +34 944 328 575<\/li>\n<li><a href=\"http:\/\/www.hotelgranbilbao.com\/\" target=\"_blank\" rel=\"nofollow\">P\u00e1gina Web<\/a><\/li>\n<\/ul>\n<p>El Hotel Gran Bilbao es uno de nuestros patrocinadores principales. Es por ello que nos ofrecen un 20% de descuento en sus habitaciones.<\/p>\n<p><strong>Cup\u00f3n: <\/strong>WORDCAMP17<\/p>\n<p>&nbsp;<\/p>\n<div id=\"euskera\">\n<hr \/>\n<\/div>\n<h2 style=\"text-align: center\">Euskera<\/h2>\n<h2><strong>Hotelak<\/strong><\/h2>\n<h3>Hotel Gran Bilbao &#8211; 4 Izar\u00a0| 20%-ko Diskontua<\/h3>\n<ul>\n<li>C\/ Indalecio Prieto, 1<\/li>\n<li>Hemen ospatzen da ekitaldia<\/li>\n<li>Telefonoa: +34 944 328 575<\/li>\n<li><a href=\"http:\/\/www.hotelgranbilbao.com\/\" target=\"_blank\" rel=\"nofollow\">Web Orrialdea<\/a><\/li>\n<\/ul>\n<p>Hotel Gran Bilbao gure babesle printzipaletako bat da. Horregatik 20%-ko diskontua eskaintzen digu bere logeletan.<\/p>\n<p><strong>Kupoia: <\/strong>WORDCAMP17<\/p>\n<p>&nbsp;<\/p>\n<div id=\"english\">\n<hr \/>\n<\/div>\n<h2 style=\"text-align: center\">English<\/h2>\n<p>From the organizing team we want to give you a list of\u00a0hotels\/hostels for those who need accommodation for the event. We will try to get discounts and special offers for the attendees. We will add the offers to the next list:<\/p>\n<h2><strong>Hotels<\/strong><\/h2>\n<h3>Hotel Gran Bilbao &#8211; 4 Stars\u00a0| 20%\u00a0of Discount<\/h3>\n<ul>\n<li>C\/ Indalecio Prieto, 1<\/li>\n<li>It&#8217;s the venue<\/li>\n<li>Phone: +34 944 328 575<\/li>\n<li><a href=\"http:\/\/www.hotelgranbilbao.com\/\" target=\"_blank\" rel=\"nofollow\">Website<\/a><\/li>\n<\/ul>\n<p>The Hotel Gran Bilbao is one of our major sponsor. That&#8217;s why they offer us 20% of discount in their bedrooms.<\/p>\n<p><strong>Coupon: <\/strong>WORDCAMP17<\/p>\n<p>&nbsp;<\/p>\n","protected":false},"excerpt":{"rendered":"<p>Castellano | Euskera | English Desde el equipo de organizaci\u00f3n queremos ofreceros una lista de hoteles para todos aquellos que necesit\u00e9is de alojamiento para el fin de semana. Intentaremos conseguir descuentos y precios especiales para los asistentes. A\u00f1adiremos las ofertas &hellip; <a href=\"https:\/\/bilbao.wordcamp.org\/2017\/localizacion\/hoteles-y-alojamiento\/\">Sigue leyendo <span class=\"assistive-text\">Hoteles y Alojamiento<\/span>  <span class=\"meta-nav\">&rarr;<\/span><\/a><\/p>\n","protected":false},"author":13800779,"featured_media":0,"parent":30,"menu_order":0,"comment_status":"closed","ping_status":"closed","template":"","meta":{"_crdt_document":"","jetpack_post_was_ever_published":false,"footnotes":""},"class_list":["post-32","page","type-page","status-publish","hentry"],"jetpack_sharing_enabled":true,"jetpack_shortlink":"https:\/\/wp.me\/PheMS7-w","_links":{"self":[{"href":"https:\/\/bilbao.wordcamp.org\/2017\/wp-json\/wp\/v2\/pages\/32","targetHints":{"allow":["GET"]}}],"collection":[{"href":"https:\/\/bilbao.wordcamp.org\/2017\/wp-json\/wp\/v2\/pages"}],"about":[{"href":"https:\/\/bilbao.wordcamp.org\/2017\/wp-json\/wp\/v2\/types\/page"}],"author":[{"embeddable":true,"href":"https:\/\/bilbao.wordcamp.org\/2017\/wp-json\/wp\/v2\/users\/13800779"}],"replies":[{"embeddable":true,"href":"https:\/\/bilbao.wordcamp.org\/2017\/wp-json\/wp\/v2\/comments?post=32"}],"version-history":[{"count":6,"href":"https:\/\/bilbao.wordcamp.org\/2017\/wp-json\/wp\/v2\/pages\/32\/revisions"}],"predecessor-version":[{"id":183,"href":"https:\/\/bilbao.wordcamp.org\/2017\/wp-json\/wp\/v2\/pages\/32\/revisions\/183"}],"up":[{"embeddable":true,"href":"https:\/\/bilbao.wordcamp.org\/2017\/wp-json\/wp\/v2\/pages\/30"}],"wp:attachment":[{"href":"https:\/\/bilbao.wordcamp.org\/2017\/wp-json\/wp\/v2\/media?parent=32"}],"curies":[{"name":"wp","href":"https:\/\/api.w.org\/{rel}","templated":true}]}}