{"id":38,"date":"2016-11-27T17:40:20","date_gmt":"2016-11-27T16:40:20","guid":{"rendered":"http:\/\/2017.bilbao.wordcamp.org\/?page_id=38"},"modified":"2017-02-17T14:06:15","modified_gmt":"2017-02-17T13:06:15","slug":"patrocina","status":"publish","type":"page","link":"https:\/\/bilbao.wordcamp.org\/2017\/patrocina\/","title":{"rendered":"\u00a1Patrocina!"},"content":{"rendered":"<p><a title=\"WordCamp Bilbao\" href=\"http:\/\/2017.bilbao.wordcamp.org\/patrocina\/#euskera\" target=\"_self\">Euskera<\/a> | <a title=\"WordCamp Bilbao\" href=\"http:\/\/2017.bilbao.wordcamp.org\/patrocina\/#english\" target=\"_self\">English<\/a><\/p>\n<p>&nbsp;<\/p>\n<p>En esta p\u00e1gina podr\u00e1s ver las formas de colaborar con WordCamp Bilbao. Consulta los <a href=\"http:\/\/2017.bilbao.wordcamp.org\/patrocina\/beneficios-patrocinar-wordcamp-bilbao\/\" target=\"_blank\">beneficios de patrocinar la WordCamp Bilbao<\/a>.<\/p>\n<h2>Patrocinador Platino 1.500 \u20ac | <span style=\"color: #ff0000\"><span style=\"text-decoration: line-through\">4<\/span><\/span>\u00a00 disponible<\/h2>\n<p>Ayuda a la comunidad con grandes ventajas visuales e interactuando con ella. \u00a1Durante todo el evento los asistentes sabr\u00e1n que est\u00e1s ah\u00ed colaborando con nosotros!<\/p>\n<ul>\n<li><strong>Dos mesas<\/strong>, juntas, de exhibici\u00f3n para merchandising, etc.<\/li>\n<li>Posibilidad de <strong>RollUp en cada sala<\/strong> de ponencias (3 salas)<\/li>\n<li>Logo y Enlace en la p\u00e1gina de WordCamp Bilbao<\/li>\n<li>Logo, <strong>tama\u00f1o grande<\/strong>, en las slides de espera entre sesiones<\/li>\n<li>Logo, <strong>grande<\/strong>, en los materiales impresos (salvo acreditaci\u00f3n y bolsa de asistentes)<\/li>\n<li>Un post completo escrito por la Organizaci\u00f3n de WCBilbao, en tres idiomas, el cual ser\u00e1 compartido en las redes sociales<\/li>\n<li>Por lo menos <strong>Tres menciones<\/strong> importantes durante el evento<\/li>\n<li>Por lo menos <strong>Tres menciones<\/strong> en las Redes Sociales durante el evento<\/li>\n<li>Opci\u00f3n de realizar un <strong>sorteo para los asistentes durante el evento<\/strong><\/li>\n<li>Opci\u00f3n de introducir <strong>dos elementos promocionales<\/strong> pre-aprobados en la bolsa para los asistentes<\/li>\n<li><strong>4 entradas<\/strong> para la WordCamp Bilbao 2017<\/li>\n<li><strong>3 invitaciones<\/strong>\u00a0para la cena de ponentes y patrocinadores<\/li>\n<\/ul>\n<h2>Patrocinador Oro 1.000 \u20ac | 4 disponibles<\/h2>\n<p>Ayuda a la comunidad interactuando con ella a lo largo de todo el evento. \u00a1Ven y date a conocer a los que utilizan y crean WordPress!<\/p>\n<ul>\n<li><strong>Una mesa<\/strong> de exhibici\u00f3n para merchandising, etc.<\/li>\n<li>Logo y Enlace en la p\u00e1gina de WordCamp Bilbao<\/li>\n<li>Logo, <strong>tama\u00f1o medio<\/strong>, en las slides de espera entre sesiones<\/li>\n<li>Logo,\u00a0<strong>peque\u00f1o,<\/strong> en los materiales impresos (salvo acreditaci\u00f3n y bolsa de asistentes)<\/li>\n<li>Un post completo escrito por la Organizaci\u00f3n de WCBilbao, en tres idiomas, el cual ser\u00e1 compartido en las redes sociales<\/li>\n<li>Por lo menos <strong>Dos menciones<\/strong> importantes durante el evento<\/li>\n<li>Por lo menos <strong>Dos menciones<\/strong> en las Redes Sociales durante el evento<\/li>\n<li>Opci\u00f3n de realizar un <strong>sorteo para los asistentes durante el evento<\/strong><\/li>\n<li>Opci\u00f3n de introducir<strong> un elemento promociona<\/strong>l pre-aprobado en la bolsa para los asistentes<\/li>\n<li><strong>3 entradas<\/strong> para la WordCamp Bilbao 2017<\/li>\n<li><strong>2 entradas<\/strong> para la cena de ponentes y patrocinadores<\/li>\n<\/ul>\n<h2>Patrocinador Plata 700 \u20ac | <span style=\"color: #ff0000\"><span style=\"text-decoration: line-through\">5<\/span><\/span>\u00a01 disponible<\/h2>\n<p>Ayuda a la comunidad para darte a conocer y aprovecha las ventajas del networking que se genera entre la comunidad de desarrolladores.<\/p>\n<ul>\n<li>Logo y Enlace en la p\u00e1gina de WordCamp Bilbao<\/li>\n<li>Logo, <strong>tama\u00f1o peque\u00f1o<\/strong>, en las slides de espera entre sesiones<\/li>\n<li>Un post escrito por la Organizaci\u00f3n de WCBilbao, en tres idiomas, junto con el resto de patrocinadores Plata, el cual ser\u00e1 compartido en las redes sociales<\/li>\n<li>Por lo menos <strong>una menci\u00f3n<\/strong> importantes durante el evento<\/li>\n<li>Por lo menos <strong>una menci\u00f3n<\/strong> en las Redes Sociales durante el evento<\/li>\n<li><strong>2 entradas<\/strong> para la WordCamp Bilbao 2017<\/li>\n<li><strong>1 entrada<\/strong> para la cena de ponentes y patrocinadores<\/li>\n<\/ul>\n<h2>Patrocinador Bronce 400 \u20ac | <span style=\"color: #ff0000\"><span style=\"text-decoration: line-through\">6<\/span><\/span>\u00a05 disponibles<\/h2>\n<p>Date a conocer a la comunidad con este patrocinio y haz que podamos organizar una WordCamp incre\u00edble!<\/p>\n<ul>\n<li>Logo y Enlace en la p\u00e1gina de WordCamp Bilbao<\/li>\n<li>Un post escrito por la Organizaci\u00f3n de WCBilbao junto con el resto de patrocinadores Bronce, el cual ser\u00e1 compartido en las redes sociales<\/li>\n<li><strong>1 entrada<\/strong> para la WordCamp Bilbao 2017<\/li>\n<\/ul>\n<p>&nbsp;<\/p>\n<p style=\"text-align: center\"><a class=\"simple-button\" title=\"Patrocinar la WCBilbao\" href=\"http:\/\/2017.bilbao.wordcamp.org\/patrocinar-wordcamp-bilbao-2017\/\" target=\"_self\">PATROCINAR<\/a><\/p>\n<hr \/>\n<p><strong>Donaciones<\/strong><\/p>\n<p>Aceptamos donaciones en especie. Cualquier ayuda con alimentos, consumibles, cordones, impresi\u00f3n, acreditaciones, pegatinas, etc. ser\u00e1 muy apreciada.<\/p>\n<p><strong>Otras formas de patrocinar<\/strong><\/p>\n<p>Y si buscabas patrocinar de alguna otra forma que no aparece aqu\u00ed, por favor <a href=\"http:\/\/2017.bilbao.wordcamp.org\/patrocinar-wordcamp-bilbao-2017\/\">contacta con nosotros<\/a> y cu\u00e9ntanos tu oferta. La intenci\u00f3n es devolver todo lo que podamos a la comunidad de WordPress, as\u00ed que estaremos encantados de trabajar contigo para conseguirlo<\/p>\n<p><strong>Devoluciones<\/strong><\/p>\n<p>No podemos ofreceros reembolso de las entradas compradas. Si has comprado una entrada y has decidido o no puedes asistir, por favor considera la compra como una donaci\u00f3n a la comunidad. Si prefieres que tu entrada la utilice un amigo, puedes editar tu informaci\u00f3n de registro y poner la entrada a nombre de otra persona.<\/p>\n<p>Si quieres patrocinar la WordCamp de cualquiera de estas maneras, puedes ponerte en contacto con nosotros a trav\u00e9s del <a href=\"http:\/\/2017.bilbao.wordcamp.org\/patrocinar-wordcamp-bilbao-2017\/\">formulario de contacto<\/a>.<\/p>\n<div id=\"euskera\">\n<hr \/>\n<\/div>\n<h2 style=\"text-align: center\">Euskera<\/h2>\n<p>Orrialde honetan WordCamp Bilbaorekin kolaboratzeko modu ezberdinak ikusi ahal dituzu. Begiratu <a href=\"http:\/\/2017.bilbao.wordcamp.org\/patrocina\/beneficios-patrocinar-wordcamp-bilbao\/#euskera\" target=\"_blank\">WordCamp Bilbao babestearen onurak<\/a>.<\/p>\n<h2>Platinozko Babeslea\u00a01.500 \u20ac | <span style=\"color: #ff0000\"><span style=\"text-decoration: line-through\">4<\/span><\/span>\u00a00 eskuragarri<\/h2>\n<p>Lagundu komunitateari eta interaktuatu honekin abantaila ikusgarriagoekin. Hurreratu diren guztiek gurekin kolaboratzen ari zarela jakingo dute une oro ekitaldi guztian zehar!<\/p>\n<ul>\n<li><strong>Bi mahai<\/strong>, batera, zure informazioa eta publizitatea jartzeko<\/li>\n<li><strong>RollUp bat gela bakoitzean<\/strong>\u00a0jartzeko aukera (3 gela)<\/li>\n<li>Logoa eta esteka WordCamp Bilbaoren webgunean.<\/li>\n<li>Logoa,\u00a0<strong>tamaina handian<\/strong>, saio arteko slide edo diapositibetan<\/li>\n<li>Logoa,\u00a0<strong>handia<\/strong>, imprimatzen diren materialetan (akreditazioa eta bertaratutakoen boltsetan izan ezik)<\/li>\n<li>Blog artikulu oso bat, hiru hizkuntzetan, WCBilbao antolatzaileek idatzita, eta sare sozialetan elkarbanatuko da<\/li>\n<li>Gutxienez\u00a0<strong>Hiru aipamen nabarmen<\/strong>\u00a0ekitaldian zehar<\/li>\n<li>Gutxienez\u00a0<strong>Hiru aipamen nabarmen<\/strong>\u00a0sare sozialetan ekitaldian zehar<\/li>\n<li><strong>Bertaratutakoen artean zozketa<\/strong> bat egiteko aukera<\/li>\n<li>Aurre onartutako <strong>promoziozko bi elementu<\/strong> bertaratutakoen boltsetan sartzeko aukera<\/li>\n<li>WordCamp Bilbao 2017-ko <strong>4 sarrera<\/strong><\/li>\n<li>Babesle eta hizlarien afarirako <strong>3 gonbidapen<\/strong><\/li>\n<\/ul>\n<h2>Urrezko Babeslea\u00a01.000 \u20ac | 4\u00a0eskuragarri<\/h2>\n<p>Lagundu komunitateari eta interaktuatu honekin ekitaldi osoan zehar. Etorri eta ezagutarazi zaitez WordPress erabiltzen eta sortzen dutenei!<\/p>\n<ul>\n<li><strong>Mahai bat<\/strong>, zure informazioa eta publizitatea jartzeko<\/li>\n<li>Logoa eta esteka WordCamp Bilbaoren webgunean.<\/li>\n<li>Logoa,\u00a0<strong>tamaina ertainan<\/strong>, saio arteko slide edo diapositibetan<\/li>\n<li>Logoa, <b>ertaina<\/b>, imprimatzen diren materialetan (akreditazioa eta bertaratutakoen boltsetan izan ezik)<\/li>\n<li>Blog artikulu oso bat, hiru hizkuntzetan, WCBilbao antolatzaileek idatzita, eta sare sozialetan elkarbanatuko da<\/li>\n<li>Gutxienez\u00a0<strong>Bi aipamen nabarmen<\/strong>\u00a0ekitaldian zehar<\/li>\n<li>Gutxienez\u00a0<strong>Bi aipamen nabarmen<\/strong>\u00a0sare sozialetan ekitaldian zehar<\/li>\n<li><strong>Bertaratutakoen artean zozketa<\/strong> bat egiteko aukera<\/li>\n<li>Aurre onartutako <strong>promoziozko elementu bat<\/strong> bertaratutakoen boltsetan sartzeko aukera<\/li>\n<li>WordCamp Bilbao 2017-ko <strong>3 sarrera<\/strong><\/li>\n<li>Babesle eta hizlarien afarirako <strong>2 gonbidapen<\/strong><\/li>\n<\/ul>\n<h2>Zilarrezko Babeslea 700 \u20ac | <span style=\"color: #ff0000\"><span style=\"text-decoration: line-through\">5<\/span><\/span>\u00a01 eskuragarri<\/h2>\n<p>Lagundu komunitateari ezagutu zaitezen eta aprobetxatu garatzaile komunitatearen artean sortzen den networking-aren abantailak.<\/p>\n<ul>\n<li>Logoa eta esteka WordCamp Bilbaoren webgunean.<\/li>\n<li>Logoa,\u00a0<strong>tamaina txikian<\/strong>, saio arteko slide edo diapositibetan<\/li>\n<li>Logoa, <b>txikia<\/b>, imprimatzen diren materialetan (akreditazioa eta bertaratutakoen boltsetan izan ezik)<\/li>\n<li>Blog artikulu bat zilarrezko beste babesleekin, hiru hizkuntzetan, WCBilbao antolatzaileek idatzita, eta sare sozialetan elkarbanatuko da<\/li>\n<li>Gutxienez\u00a0<strong>aipamen nabarmen bat<\/strong>\u00a0ekitaldian zehar<\/li>\n<li>Gutxienez\u00a0<strong>aipamen nabarmen bat<\/strong>\u00a0sare sozialetan ekitaldian zehar<\/li>\n<li>WordCamp Bilbao 2017-ko <strong>2 sarrera<\/strong><\/li>\n<li>Babesle eta hizlarien afarirako <strong>gonbidapen 1<\/strong><\/li>\n<\/ul>\n<h2>Brontzezko Babeslea 400 \u20ac | <span style=\"color: #ff0000\"><span style=\"text-decoration: line-through\">6<\/span><\/span>\u00a05 eskuragarri<\/h2>\n<p>Babes honekin komunitateari iragarritu eta lagundu WordCamp oso on bat antolatzen.<\/p>\n<ul>\n<li>Logoa eta esteka WordCamp Bilbaoren webgunean.<\/li>\n<li>Blog artikulu bat brontzezko beste babesleekin, hiru hizkuntzetan, WCBilbao antolatzaileek idatzita, eta sare sozialetan elkarbanatuko da<\/li>\n<li>WordCamp Bilbao 2017-ko <strong>sarrera 1<\/strong><\/li>\n<\/ul>\n<p style=\"text-align: center\"><a class=\"simple-button\" title=\"Patrocinar la WCBilbao\" href=\"http:\/\/2017.bilbao.wordcamp.org\/babestu\/\" target=\"_self\">BABESTU<\/a><\/p>\n<hr \/>\n<p><strong>Dohaintzak<\/strong><\/p>\n<p>Mota guztietako dohaintzak onartzen ditugu. Edozein laguntza janariekin, kontsumibleekin, lokarriekin, inpresioekin, akreditazioekin, pegatinekin etab. ongi etorria izango da.<\/p>\n<p><strong>Babesteko beste modu batzuk<\/strong><\/p>\n<p>Eta hemen agertzen ez den babesteko beste modu bat baldin badaukazu, mesedez <a href=\"http:\/\/2017.bilbao.wordcamp.org\/babestu\/\">gurekin harremanetan jarri<\/a>\u00a0eta esaiguzu zer eskaintzen duzun. WordPress komunitateari ahal den guztia bueltan ematea da ideia, beraz pozik egongo gara zurekin elkarlanean aritzean.<\/p>\n<p><strong>Itzultzeak<\/strong><\/p>\n<p>Erosi diren sarreren dirua ezin izango dugu itzuli. Sarrera bat erosi duzu edo ezin zara ekitaldira hurbildu, edota agian ez etortzea erabaki duzu. Horrela bada, komunitateari dohaintza bat egin diozula haintzat hartu mesedez. Nahiago baduzu zure sarrera beste lagun batek erabiltzea, zure izen ematearen datuak editatu ahalko dituzu beste pertsona baten izenean jartzeko.<\/p>\n<p>WordCamp-a modu hauetan babestu nahi izan eskero, gurekin <a href=\"http:\/\/2017.bilbao.wordcamp.org\/babestu\/\" target=\"_blank\">harremanetan jarri<\/a> ahal zara harremanetarako inprimakiaren bitartez.<\/p>\n<p>&nbsp;<\/p>\n<div id=\"english\">\n<hr \/>\n<\/div>\n<h2 style=\"text-align: center\">English<\/h2>\n<p>In this page you can see the different ways to collaborate with the WordCamp Bilbao. Take a look to the <a title=\"Benefits Sponsoring WCBilbao\" href=\"http:\/\/2017.bilbao.wordcamp.org\/patrocina\/beneficios-patrocinar-wordcamp-bilbao\/#english\" target=\"_blank\">benefits of sponsoring\u00a0the WordCamp Bilbao<\/a>.<\/p>\n<h2>Platinum Sponsor 1.500 \u20ac | <span style=\"color: #ff0000\"><span style=\"text-decoration: line-through\">4<\/span><\/span>\u00a00 available<\/h2>\n<p>Help the community with great visual advantages and interacting with it. During all the event attendees will know that you are collaborating with us!<\/p>\n<ul>\n<li><strong>Two tables<\/strong>, together, for swag, etc.<\/li>\n<li>Possibility to have a\u00a0<strong>RollUp in each room<\/strong>\u00a0(3 rooms)<\/li>\n<li>Logo and Link in the WordCamp Bilbao webpage<\/li>\n<li>Logo, <strong>big size<\/strong>, in the slides between sessions.<\/li>\n<li>Logo, <strong>big<\/strong>, in the printed materials (except accreditations and gifts given to attendees)<\/li>\n<li>A full article written by the WCBilbao organization, in three languages, that will be shared in the social accounts<\/li>\n<li>At least <strong>Three important mentions<\/strong>\u00a0during the event<\/li>\n<li>At least <strong>Three important mentions<\/strong>\u00a0in the Social Accounts during the event<\/li>\n<li>Option to organize a <strong>raffle for the event attendees<\/strong><\/li>\n<li>Option to introduce <strong>two<\/strong>, pre-approved,<strong>\u00a0promotional elements<\/strong>\u00a0into the attendees bag<\/li>\n<li><strong>4 tickets<\/strong>\u00a0for the\u00a0WordCamp Bilbao 2017<\/li>\n<li><strong>3 invitation<\/strong>\u00a0for the speakers and sponsors dinner<\/li>\n<\/ul>\n<h2>Gold Sponsor\u00a01.000 \u20ac | 4\u00a0available<\/h2>\n<p>Help the community interacting with it during all the event. Come and announce your self to the WordPress users!<\/p>\n<ul>\n<li><strong>One table<\/strong>\u00a0for swag, etc.<\/li>\n<li>Logo and Link in the WordCamp Bilbao webpage<\/li>\n<li>Logo, <strong>medium size<\/strong>, in the slides between sessions<\/li>\n<li>Logo,\u00a0<strong>small,<\/strong>\u00a0in the printed materials (except accreditations and gifts given to attendees)<\/li>\n<li>A full article written by the WCBilbao organization, in three languages, that will be shared in the social accounts<\/li>\n<li>At least <strong>Two important mentions<\/strong>\u00a0during the event<\/li>\n<li>At least <strong>Two important mentions<\/strong>\u00a0in the Social Accounts during the event<\/li>\n<li>Option to organize a <strong>raffle for the event attendees<\/strong><\/li>\n<li>Option to introduce <b>one<\/b>\u00a0pre-approved,<strong>\u00a0promotional element<\/strong>\u00a0into the attendees bag<\/li>\n<li><strong>3 tickets<\/strong>\u00a0for the\u00a0WordCamp Bilbao 2017<\/li>\n<li><strong>2 invitation<\/strong>\u00a0for the speakers and sponsors dinner<\/li>\n<\/ul>\n<h2>Silver Sponsor\u00a0700 \u20ac | <span style=\"color: #ff0000\"><span style=\"text-decoration: line-through\">5<\/span><\/span>\u00a01 available<\/h2>\n<p>Help the community and take advantage from the networking that it&#8217;s generated during the WordCamp.<\/p>\n<ul>\n<li>Logo and Link in the WordCamp Bilbao webpage<\/li>\n<li>Logo, <strong>small size<\/strong>, in the slides between sessions<\/li>\n<li>A full article, with the rest of Silver Sponsors, written by the WCBilbao organization, in three languages, that will be shared in the social accounts<\/li>\n<li>At least <strong>One important mentions<\/strong>\u00a0during the event<\/li>\n<li>At least <strong>One important mentions<\/strong>\u00a0in the Social Accounts during the event<\/li>\n<li><strong>2 tickets<\/strong>\u00a0for the\u00a0WordCamp Bilbao 2017<\/li>\n<li><strong>1 invitation<\/strong>\u00a0for the speakers and sponsors dinner<\/li>\n<\/ul>\n<h2>Bronze Sponsor\u00a0400 \u20ac | <span style=\"color: #ff0000\"><span style=\"text-decoration: line-through\">6<\/span><\/span> 5 available<\/h2>\n<p>Make you known in the community with this sponsorship and help us to make the WordCamp incredible!<\/p>\n<ul>\n<li>Logo and Link in the WordCamp Bilbao webpage<\/li>\n<li>A full article, with the rest of Bronze Sponsors, written by the WCBilbao organization, in three languages, that will be shared in the social accounts<\/li>\n<li><strong>1 tickets<\/strong>\u00a0for the\u00a0WordCamp Bilbao 2017<\/li>\n<\/ul>\n<p style=\"text-align: center\"><a class=\"simple-button\" title=\"Patrocinar la WCBilbao\" href=\"http:\/\/2017.bilbao.wordcamp.org\/sponsor\/\" target=\"_self\">SPONSOR<\/a><\/p>\n<hr \/>\n<p><strong>Donations<\/strong><\/p>\n<p>We accept donations in any of the next ways: food, drinks, printing, accreditations, stickers, etc.<\/p>\n<p><strong>Other way of sponsoring<\/strong><\/p>\n<p>If your are looking for sponsoring in any other way, please\u00a0<a href=\"http:\/\/2017.bilbao.wordcamp.org\/sponsor\/\">get in contact with us<\/a>\u00a0and tell us your idea. Our main objetive is to give back everything that we can to the WordPress Community, so we will be glad to work with you to achieve it.<\/p>\n<p><strong>Refunds<\/strong><\/p>\n<p>We do not offer refunds for the tickets. If you have bought a ticket and you decided not to attend, please take it as a donation for the community. If you want to give that ticket to a friend, you can edit the information and put it in to his name.<\/p>\n<p>If you want to sponsor the WordCamp in any of this ways, or other, you can contact us in this contact form\u00a0<a href=\"http:\/\/2017.bilbao.wordcamp.org\/sponsor\/\">contact form<\/a>.<\/p>\n<p>&nbsp;<\/p>\n","protected":false},"excerpt":{"rendered":"<p>Euskera | English &nbsp; En esta p\u00e1gina podr\u00e1s ver las formas de colaborar con WordCamp Bilbao. Consulta los beneficios de patrocinar la WordCamp Bilbao. Patrocinador Platino 1.500 \u20ac | 4\u00a00 disponible Ayuda a la comunidad con grandes ventajas visuales e &hellip; <a href=\"https:\/\/bilbao.wordcamp.org\/2017\/patrocina\/\">Sigue leyendo <span class=\"assistive-text\">\u00a1Patrocina!<\/span>  <span class=\"meta-nav\">&rarr;<\/span><\/a><\/p>\n","protected":false},"author":13800779,"featured_media":0,"parent":0,"menu_order":0,"comment_status":"closed","ping_status":"closed","template":"","meta":{"_crdt_document":"","jetpack_post_was_ever_published":false,"footnotes":""},"class_list":["post-38","page","type-page","status-publish","hentry"],"jetpack_sharing_enabled":true,"jetpack_shortlink":"https:\/\/wp.me\/PheMS7-C","_links":{"self":[{"href":"https:\/\/bilbao.wordcamp.org\/2017\/wp-json\/wp\/v2\/pages\/38","targetHints":{"allow":["GET"]}}],"collection":[{"href":"https:\/\/bilbao.wordcamp.org\/2017\/wp-json\/wp\/v2\/pages"}],"about":[{"href":"https:\/\/bilbao.wordcamp.org\/2017\/wp-json\/wp\/v2\/types\/page"}],"author":[{"embeddable":true,"href":"https:\/\/bilbao.wordcamp.org\/2017\/wp-json\/wp\/v2\/users\/13800779"}],"replies":[{"embeddable":true,"href":"https:\/\/bilbao.wordcamp.org\/2017\/wp-json\/wp\/v2\/comments?post=38"}],"version-history":[{"count":16,"href":"https:\/\/bilbao.wordcamp.org\/2017\/wp-json\/wp\/v2\/pages\/38\/revisions"}],"predecessor-version":[{"id":1279,"href":"https:\/\/bilbao.wordcamp.org\/2017\/wp-json\/wp\/v2\/pages\/38\/revisions\/1279"}],"wp:attachment":[{"href":"https:\/\/bilbao.wordcamp.org\/2017\/wp-json\/wp\/v2\/media?parent=38"}],"curies":[{"name":"wp","href":"https:\/\/api.w.org\/{rel}","templated":true}]}}