{"id":767,"date":"2017-01-18T12:42:38","date_gmt":"2017-01-18T11:42:38","guid":{"rendered":"http:\/\/2017.bilbao.wordcamp.org\/?page_id=767"},"modified":"2017-01-19T09:14:08","modified_gmt":"2017-01-19T08:14:08","slug":"empieza-aqui","status":"publish","type":"page","link":"https:\/\/bilbao.wordcamp.org\/2017\/empieza-aqui\/","title":{"rendered":"Empieza aqu\u00ed"},"content":{"rendered":"<p><img loading=\"lazy\" decoding=\"async\" class=\"aligncenter size-full wp-image-121\" src=\"http:\/\/2017.bilbao.wordcamp.org\/files\/2016\/10\/wordcamp-bilbao-2017.jpg\" alt=\"WordCamp Bilbao 2017\" width=\"880\" height=\"440\" srcset=\"https:\/\/bilbao.wordcamp.org\/2017\/files\/2016\/10\/wordcamp-bilbao-2017.jpg 880w, https:\/\/bilbao.wordcamp.org\/2017\/files\/2016\/10\/wordcamp-bilbao-2017-300x150.jpg 300w, https:\/\/bilbao.wordcamp.org\/2017\/files\/2016\/10\/wordcamp-bilbao-2017-768x384.jpg 768w, https:\/\/bilbao.wordcamp.org\/2017\/files\/2016\/10\/wordcamp-bilbao-2017-500x250.jpg 500w\" sizes=\"auto, (max-width: 880px) 100vw, 880px\" \/><\/p>\n<p>\u00a1Hola y bienvenido a la WordCamp Bilbao 2017! esto es lo que tenemos y tendremos:<\/p>\n<ul>\n<li><strong><a href=\"https:\/\/2017.bilbao.wordcamp.org\/localizacion\">Localizaci\u00f3n<\/a><\/strong>: un gran sitio para la WordCamp<\/li>\n<li><strong>3 Tracks<\/strong>: General | Desarrollo | Negocio\/Talleres<\/li>\n<li><strong>Traducci\u00f3n Simult\u00e1nea<\/strong>: Castellano -&gt; Ingl\u00e9s -&gt; Castellano<\/li>\n<li><strong>Espacio para trabajar:<\/strong>\u00a0para aquellos que tengan que trabajar durante la WordCamp<\/li>\n<li><strong><a href=\"https:\/\/2017.bilbao.wordcamp.org\/viernes-12-mayo\/#english\">Programa para el Viernes 12 de Mayo<\/a><\/strong>: echa un vistazo al programa, tenemos grandes cosas preparadas<\/li>\n<li><a href=\"https:\/\/2017.bilbao.wordcamp.org\/localizacion\/hoteles-y-alojamiento\/#english\"><strong>Descuento en el alojamiento<\/strong><\/a>: <strong>20% de descuento<\/strong> en el Hotel del evento con el cup\u00f3n: <strong>WORDCAMP17<\/strong><\/li>\n<li><strong><a href=\"https:\/\/2017.bilbao.wordcamp.org\/coworking-gratuito-asistentes\">Coworking Gratuito durante 2 semanas<\/a>:<\/strong>\u00a0como asistente dispondr\u00e1s de un espacio de coworking gratuito para la semana antes y despu\u00e9s de la WordCamp<\/li>\n<li><a href=\"https:\/\/2017.bilbao.wordcamp.org\/empieza-aqui\/#turismo\" target=\"_self\"><strong>Turismo<\/strong><\/a>: Bilbao y el Pa\u00eds Vasco tienen mucho que ofrecer<\/li>\n<\/ul>\n<p>&nbsp;<\/p>\n<p style=\"text-align: center\"><a class=\"simple-button\" title=\"Compra tu Entrada\" href=\"https:\/\/2017.bilbao.wordcamp.org\/compra-tu-entrada\/\">Compra tu Entrada<\/a><\/p>\n<p>&nbsp;<\/p>\n<h3>Llamada a Ponentes<\/h3>\n<p>La <a href=\"https:\/\/2017.bilbao.wordcamp.org\/te-queremos-como-ponente\/\">Llamada a Ponentes<\/a>\u00a0est\u00e1 abierta, \u00a1te queremos como ponente!<\/p>\n<h3>Llamada a Patrocinadores<\/h3>\n<p>Necesitamos tu ayuda para organizar una gran WordCamp -&gt;\u00a0<a href=\"https:\/\/2017.bilbao.wordcamp.org\/patrocina\/\">Llamada a Patrocinadores<\/a><\/p>\n<div id=\"turismo\">\n<hr \/>\n<\/div>\n<h3>Turismo<\/h3>\n<p>Bilbao, Bizkaia y el Pa\u00eds Vasco tienen mucho que ofrecer cuando hablamos de Turismo. Planearemos algunas rutas tur\u00edsticas para nuestros asistentes y de ah\u00ed iremos al Casco Viejo. Aqu\u00ed tienes algunos v\u00eddeos interesantes.<\/p>\n<p><span class=\"embed-youtube\" style=\"text-align:center; display: block;\"><iframe loading=\"lazy\" class=\"youtube-player\" width=\"640\" height=\"360\" src=\"https:\/\/www.youtube.com\/embed\/joQ97DBM344?version=3&#038;rel=1&#038;showsearch=0&#038;showinfo=1&#038;iv_load_policy=1&#038;fs=1&#038;hl=es-ES&#038;autohide=2&#038;wmode=transparent\" allowfullscreen=\"true\" style=\"border:0;\" sandbox=\"allow-scripts allow-same-origin allow-popups allow-presentation allow-popups-to-escape-sandbox\"><\/iframe><\/span><\/p>\n<p><span class=\"embed-youtube\" style=\"text-align:center; display: block;\"><iframe loading=\"lazy\" class=\"youtube-player\" width=\"640\" height=\"360\" src=\"https:\/\/www.youtube.com\/embed\/BKJD6-u8ueo?version=3&#038;rel=1&#038;showsearch=0&#038;showinfo=1&#038;iv_load_policy=1&#038;fs=1&#038;hl=es-ES&#038;autohide=2&#038;wmode=transparent\" allowfullscreen=\"true\" style=\"border:0;\" sandbox=\"allow-scripts allow-same-origin allow-popups allow-presentation allow-popups-to-escape-sandbox\"><\/iframe><\/span><\/p>\n<p><span class=\"embed-youtube\" style=\"text-align:center; display: block;\"><iframe loading=\"lazy\" class=\"youtube-player\" width=\"640\" height=\"360\" src=\"https:\/\/www.youtube.com\/embed\/JYwUUDdYi9I?version=3&#038;rel=1&#038;showsearch=0&#038;showinfo=1&#038;iv_load_policy=1&#038;fs=1&#038;hl=es-ES&#038;autohide=2&#038;wmode=transparent\" allowfullscreen=\"true\" style=\"border:0;\" sandbox=\"allow-scripts allow-same-origin allow-popups allow-presentation allow-popups-to-escape-sandbox\"><\/iframe><\/span><\/p>\n","protected":false},"excerpt":{"rendered":"<p>\u00a1Hola y bienvenido a la WordCamp Bilbao 2017! esto es lo que tenemos y tendremos: Localizaci\u00f3n: un gran sitio para la WordCamp 3 Tracks: General | Desarrollo | Negocio\/Talleres Traducci\u00f3n Simult\u00e1nea: Castellano -&gt; Ingl\u00e9s -&gt; Castellano Espacio para trabajar:\u00a0para aquellos &hellip; <a href=\"https:\/\/bilbao.wordcamp.org\/2017\/empieza-aqui\/\">Sigue leyendo <span class=\"assistive-text\">Empieza aqu\u00ed<\/span>  <span class=\"meta-nav\">&rarr;<\/span><\/a><\/p>\n","protected":false},"author":13800779,"featured_media":121,"parent":0,"menu_order":0,"comment_status":"closed","ping_status":"closed","template":"","meta":{"jetpack_post_was_ever_published":false,"footnotes":""},"class_list":["post-767","page","type-page","status-publish","has-post-thumbnail","hentry"],"jetpack_sharing_enabled":true,"jetpack_shortlink":"https:\/\/wp.me\/P81ePb-cn","_links":{"self":[{"href":"https:\/\/bilbao.wordcamp.org\/2017\/wp-json\/wp\/v2\/pages\/767","targetHints":{"allow":["GET"]}}],"collection":[{"href":"https:\/\/bilbao.wordcamp.org\/2017\/wp-json\/wp\/v2\/pages"}],"about":[{"href":"https:\/\/bilbao.wordcamp.org\/2017\/wp-json\/wp\/v2\/types\/page"}],"author":[{"embeddable":true,"href":"https:\/\/bilbao.wordcamp.org\/2017\/wp-json\/wp\/v2\/users\/13800779"}],"replies":[{"embeddable":true,"href":"https:\/\/bilbao.wordcamp.org\/2017\/wp-json\/wp\/v2\/comments?post=767"}],"version-history":[{"count":5,"href":"https:\/\/bilbao.wordcamp.org\/2017\/wp-json\/wp\/v2\/pages\/767\/revisions"}],"predecessor-version":[{"id":822,"href":"https:\/\/bilbao.wordcamp.org\/2017\/wp-json\/wp\/v2\/pages\/767\/revisions\/822"}],"wp:featuredmedia":[{"embeddable":true,"href":"https:\/\/bilbao.wordcamp.org\/2017\/wp-json\/wp\/v2\/media\/121"}],"wp:attachment":[{"href":"https:\/\/bilbao.wordcamp.org\/2017\/wp-json\/wp\/v2\/media?parent=767"}],"curies":[{"name":"wp","href":"https:\/\/api.w.org\/{rel}","templated":true}]}}