{"id":12,"date":"2017-10-25T11:55:09","date_gmt":"2017-10-25T11:55:09","guid":{"rendered":"https:\/\/2018.bilbao.wordcamp.org\/organizers\/"},"modified":"2018-03-16T14:00:00","modified_gmt":"2018-03-16T13:00:00","slug":"organizadores","status":"publish","type":"page","link":"https:\/\/bilbao.wordcamp.org\/2018\/wordcamp-bilbao\/organizadores\/","title":{"rendered":"Organizadores"},"content":{"rendered":"<p><strong>WordCamp Bilbao 2018<\/strong> es posible gracias al trabajo desinteresado de los miembros de la comunidad de <a href=\"https:\/\/www.wpbilbao.es\/\" target=\"_blank\" rel=\"noopener\">WordPress Bilbao<\/a>.<\/p>\n<p>El equipo de organizaci\u00f3n de WordCamp Bilbao 2018 est\u00e1 formado por las siguientes personas que se encargan de los diferentes apartados como la coordinaci\u00f3n de equipo, gesti\u00f3n de presupuestos, contacto con patrocinadores y ponenttes, log\u00edstica del evento, comunicaci\u00f3n y otras \u00e1reas.<\/p>\n<p>No dudes en <a href=\"https:\/\/2018.bilbao.wordcamp.org\/contacto\/\">contactar<\/a> con nosotros si quieres colaborar de alg\u00fan modo o si necesitas m\u00e1s informaci\u00f3n.<\/p>\n\t<div class=\"wcorg-organizers\">\n\n\t\t\n\t\t\t<div class=\"wcorg-organizer\">\n\t\t\t\t<h2>Ibon Azkoitia<\/h2>\n\t\t\t\t<div class=\"wcorg-organizer-description\">\n\t\t\t\t\t\t\t\t\t\t<img alt='' src='https:\/\/secure.gravatar.com\/avatar\/a715cc3104e7b54c8022436877053d54a4a751239ec08c8beb6c97f23b4ab51c?s=100&#038;d=mm&#038;r=g' srcset='https:\/\/secure.gravatar.com\/avatar\/a715cc3104e7b54c8022436877053d54a4a751239ec08c8beb6c97f23b4ab51c?s=200&#038;d=mm&#038;r=g 2x' class='avatar avatar-100 photo' height='100' width='100' \/>\t\t\t\t\t<p>Coordinador de Eventos en SiteGround. Ayudando a emprendedores a ser mejores profesionales en el Club EOM.<\/p>\n<hr \/>\n\t\t\t\t<\/div>\n\t\t\t<\/div>\n\n\t\t\n\t\t\t<div class=\"wcorg-organizer\">\n\t\t\t\t<h2>Juan Carlos Alonso<\/h2>\n\t\t\t\t<div class=\"wcorg-organizer-description\">\n\t\t\t\t\t\t\t\t\t\t<img alt='' src='https:\/\/secure.gravatar.com\/avatar\/f71aeed19c6a5e079ee6085258e4cacdd7e8273c8ba44508a4a25977f706e8b8?s=100&#038;d=mm&#038;r=g' srcset='https:\/\/secure.gravatar.com\/avatar\/f71aeed19c6a5e079ee6085258e4cacdd7e8273c8ba44508a4a25977f706e8b8?s=200&#038;d=mm&#038;r=g 2x' class='avatar avatar-100 photo' height='100' width='100' \/>\t\t\t\t\t<p>Apasionado de casi todo lo que implique aprender o ense\u00f1ar. Desde la m\u00e1s exacta de las ciencias hasta la filosof\u00eda y el arte de ser feliz :) pasando por las TIC<\/p>\n<hr>\n\t\t\t\t<\/div>\n\t\t\t<\/div>\n\n\t\t\n\t\t\t<div class=\"wcorg-organizer\">\n\t\t\t\t<h2>Asier Musatadi<\/h2>\n\t\t\t\t<div class=\"wcorg-organizer-description\">\n\t\t\t\t\t\t\t\t\t\t<img alt='' src='https:\/\/secure.gravatar.com\/avatar\/9aaeb0b9ab084e4ddef17a0c9ac73e129dbc520aed55d6b2b40cb20edd47295e?s=100&#038;d=mm&#038;r=g' srcset='https:\/\/secure.gravatar.com\/avatar\/9aaeb0b9ab084e4ddef17a0c9ac73e129dbc520aed55d6b2b40cb20edd47295e?s=200&#038;d=mm&#038;r=g 2x' class='avatar avatar-100 photo' height='100' width='100' \/>\t\t\t\t\t<p>Informatikako goi mailako teknikaria ikasketaz, web diseinatzaile eta garatzaile autodidakta bokazioz. SARKOR Punk-Rock.<\/p>\n<hr \/>\n\t\t\t\t<\/div>\n\t\t\t<\/div>\n\n\t\t\n\t\t\t<div class=\"wcorg-organizer\">\n\t\t\t\t<h2>Rosa P\u00e9rez<\/h2>\n\t\t\t\t<div class=\"wcorg-organizer-description\">\n\t\t\t\t\t\t\t\t\t\t<img alt='' src='https:\/\/secure.gravatar.com\/avatar\/32d9b88400f6053bda16b6487b96f1dda89d1a9c9b6cc83531391fde5f674261?s=100&#038;d=mm&#038;r=g' srcset='https:\/\/secure.gravatar.com\/avatar\/32d9b88400f6053bda16b6487b96f1dda89d1a9c9b6cc83531391fde5f674261?s=200&#038;d=mm&#038;r=g 2x' class='avatar avatar-100 photo' height='100' width='100' \/>\t\t\t\t\t<p>Como aut\u00f3noma (freelance que tiene + glamour) s\u00e9 un poco de mucho y mucho de poco #inform\u00e1tica #wp #geek #exfutbolista #athletic #viajera #workaholic a mi pesar<\/p>\n<hr \/>\n\t\t\t\t<\/div>\n\t\t\t<\/div>\n\n\t\t\n\t\t\t<div class=\"wcorg-organizer\">\n\t\t\t\t<h2>Marcos Ramajo<\/h2>\n\t\t\t\t<div class=\"wcorg-organizer-description\">\n\t\t\t\t\t\t\t\t\t\t<img alt='' src='https:\/\/secure.gravatar.com\/avatar\/3b182c748681a3e8cf41a24ade94d780b23ac29ad97862514d95a40720d91d4e?s=100&#038;d=mm&#038;r=g' srcset='https:\/\/secure.gravatar.com\/avatar\/3b182c748681a3e8cf41a24ade94d780b23ac29ad97862514d95a40720d91d4e?s=200&#038;d=mm&#038;r=g 2x' class='avatar avatar-100 photo' height='100' width='100' \/>\t\t\t\t\t<p>Marketing Digital, WPO, An\u00e1litica Web y SEM. Certificado en Adwords, BingAds y Analytics. Gestiono Proyectos en Frikitek. Organizador en WordPress Bilbao.<\/p>\n<hr \/>\n\t\t\t\t<\/div>\n\t\t\t<\/div>\n\n\t\t\n\t\t\t<div class=\"wcorg-organizer\">\n\t\t\t\t<h2>Fernan D\u00edez<\/h2>\n\t\t\t\t<div class=\"wcorg-organizer-description\">\n\t\t\t\t\t\t\t\t\t\t<img alt='' src='https:\/\/secure.gravatar.com\/avatar\/6065468b45759dbb89ce38877ad10d0f2a180c4b5add8a185c3dc4e483386985?s=100&#038;d=mm&#038;r=g' srcset='https:\/\/secure.gravatar.com\/avatar\/6065468b45759dbb89ce38877ad10d0f2a180c4b5add8a185c3dc4e483386985?s=200&#038;d=mm&#038;r=g 2x' class='avatar avatar-100 photo' height='100' width='100' \/>\t\t\t\t\t<p>Dise\u00f1o Web WordPress en Pictel Web+ Blog y Podcast en fernan.com.es + Guitarra y voz en Inner Turbulence + Organizando WordPress Bilbao + WordCamp Bilbao<\/p>\n<hr \/>\n\t\t\t\t<\/div>\n\t\t\t<\/div>\n\n\t\t\n\t<\/div><!-- .wcorg-organizers -->\n\t\n","protected":false},"excerpt":{"rendered":"<p>WordCamp Bilbao 2018 es posible gracias al trabajo desinteresado de los miembros de la comunidad de WordPress Bilbao. El equipo de organizaci\u00f3n de WordCamp Bilbao 2018 est\u00e1 formado por las siguientes personas que se encargan de los diferentes apartados como &hellip; <a href=\"https:\/\/bilbao.wordcamp.org\/2018\/organizer\/fernan-diez\/\">Sigue leyendo <span class=\"assistive-text\">Fernan D\u00edez<\/span>  <span class=\"meta-nav\">&rarr;<\/span><\/a><\/p>\n","protected":false},"author":13545685,"featured_media":0,"parent":2,"menu_order":0,"comment_status":"closed","ping_status":"closed","template":"","meta":{"jetpack_post_was_ever_published":false,"footnotes":""},"class_list":["post-12","page","type-page","status-publish","hentry"],"jetpack_sharing_enabled":true,"jetpack_shortlink":"https:\/\/wp.me\/P9jILg-c","_links":{"self":[{"href":"https:\/\/bilbao.wordcamp.org\/2018\/wp-json\/wp\/v2\/pages\/12","targetHints":{"allow":["GET"]}}],"collection":[{"href":"https:\/\/bilbao.wordcamp.org\/2018\/wp-json\/wp\/v2\/pages"}],"about":[{"href":"https:\/\/bilbao.wordcamp.org\/2018\/wp-json\/wp\/v2\/types\/page"}],"author":[{"embeddable":true,"href":"https:\/\/bilbao.wordcamp.org\/2018\/wp-json\/wp\/v2\/users\/13545685"}],"replies":[{"embeddable":true,"href":"https:\/\/bilbao.wordcamp.org\/2018\/wp-json\/wp\/v2\/comments?post=12"}],"version-history":[{"count":4,"href":"https:\/\/bilbao.wordcamp.org\/2018\/wp-json\/wp\/v2\/pages\/12\/revisions"}],"predecessor-version":[{"id":443,"href":"https:\/\/bilbao.wordcamp.org\/2018\/wp-json\/wp\/v2\/pages\/12\/revisions\/443"}],"up":[{"embeddable":true,"href":"https:\/\/bilbao.wordcamp.org\/2018\/wp-json\/wp\/v2\/pages\/2"}],"wp:attachment":[{"href":"https:\/\/bilbao.wordcamp.org\/2018\/wp-json\/wp\/v2\/media?parent=12"}],"curies":[{"name":"wp","href":"https:\/\/api.w.org\/{rel}","templated":true}]}}