{"id":174,"date":"2018-03-02T12:14:42","date_gmt":"2018-03-02T11:14:42","guid":{"rendered":"https:\/\/2018.bilbao.wordcamp.org\/?page_id=174"},"modified":"2018-03-19T17:54:33","modified_gmt":"2018-03-19T16:54:33","slug":"contributor-day","status":"publish","type":"page","link":"https:\/\/bilbao.wordcamp.org\/2018\/programa\/contributor-day\/","title":{"rendered":"Contributor Day \/ D\u00eda de la Comunidad"},"content":{"rendered":"<h2>\u00bfQu\u00e9 es un Contributor Day?<\/h2>\n<p>Es el d\u00eda para aquellos que quieran colaborar en la ampliaci\u00f3n de WordPress. Habr\u00e1 aprendizaje y trabajo. Quien quiera asistir, aprender a colaborar y a participar en la comunidad de WordPress ser\u00e1 bienvenido.<\/p>\n<p>Como Contributor Day no hay horarios fijos ni programa establecido, es completamente abierto, aunque s\u00ed que requiere apuntarse, ya que el aforo\u00a0es limitado.<\/p>\n<h2>\u00bfQu\u00e9 se puede hacer, entre otras muchas cosas, en un Contributor Day?<\/h2>\n<ul>\n<li>Colaborar con el core de WordPress<\/li>\n<li>Ayudar a revisar plantillas<\/li>\n<li>Ayudar a revisar plugins<\/li>\n<li>Traducir WordPress a otros idiomas<\/li>\n<li>Ofrecer ayuda a otros que quieran contribuir en WordPress<\/li>\n<\/ul>\n<p>Sobre todo, el objetivo principal del Contributor Day es juntarse, pasar un buen rato y que sea uno de muchos d\u00edas en los que colabores en la comunidad.<\/p>\n","protected":false},"excerpt":{"rendered":"<p>\u00bfQu\u00e9 es un Contributor Day? Es el d\u00eda para aquellos que quieran colaborar en la ampliaci\u00f3n de WordPress. Habr\u00e1 aprendizaje y trabajo. Quien quiera asistir, aprender a colaborar y a participar en la comunidad de WordPress ser\u00e1 bienvenido. Como Contributor &hellip; <a href=\"https:\/\/bilbao.wordcamp.org\/2018\/programa\/contributor-day\/\">Sigue leyendo <span class=\"assistive-text\">Contributor Day \/ D\u00eda de la Comunidad<\/span>  <span class=\"meta-nav\">&rarr;<\/span><\/a><\/p>\n","protected":false},"author":13545685,"featured_media":0,"parent":7,"menu_order":0,"comment_status":"closed","ping_status":"closed","template":"","meta":{"jetpack_post_was_ever_published":false,"footnotes":""},"class_list":["post-174","page","type-page","status-publish","hentry"],"jetpack_sharing_enabled":true,"jetpack_shortlink":"https:\/\/wp.me\/P9jILg-2O","_links":{"self":[{"href":"https:\/\/bilbao.wordcamp.org\/2018\/wp-json\/wp\/v2\/pages\/174","targetHints":{"allow":["GET"]}}],"collection":[{"href":"https:\/\/bilbao.wordcamp.org\/2018\/wp-json\/wp\/v2\/pages"}],"about":[{"href":"https:\/\/bilbao.wordcamp.org\/2018\/wp-json\/wp\/v2\/types\/page"}],"author":[{"embeddable":true,"href":"https:\/\/bilbao.wordcamp.org\/2018\/wp-json\/wp\/v2\/users\/13545685"}],"replies":[{"embeddable":true,"href":"https:\/\/bilbao.wordcamp.org\/2018\/wp-json\/wp\/v2\/comments?post=174"}],"version-history":[{"count":3,"href":"https:\/\/bilbao.wordcamp.org\/2018\/wp-json\/wp\/v2\/pages\/174\/revisions"}],"predecessor-version":[{"id":473,"href":"https:\/\/bilbao.wordcamp.org\/2018\/wp-json\/wp\/v2\/pages\/174\/revisions\/473"}],"up":[{"embeddable":true,"href":"https:\/\/bilbao.wordcamp.org\/2018\/wp-json\/wp\/v2\/pages\/7"}],"wp:attachment":[{"href":"https:\/\/bilbao.wordcamp.org\/2018\/wp-json\/wp\/v2\/media?parent=174"}],"curies":[{"name":"wp","href":"https:\/\/api.w.org\/{rel}","templated":true}]}}