{"id":2,"date":"2017-10-25T11:55:08","date_gmt":"2017-10-25T11:55:08","guid":{"rendered":"http:\/\/2018.bilbao.wordcamp.org\/?page_id=2"},"modified":"2018-03-02T12:02:33","modified_gmt":"2018-03-02T11:02:33","slug":"wordcamp-bilbao","status":"publish","type":"page","link":"https:\/\/bilbao.wordcamp.org\/2018\/wordcamp-bilbao\/","title":{"rendered":"WordCamp Bilbao"},"content":{"rendered":"<h2>\u00bfQu\u00e9 es una WordCamp?<\/h2>\n<p>Una WordCamp es un evento Oficial de WordPress, respaldada por la Fundaci\u00f3n WordPress, que se realiza a lo largo del mundo por comunidades locales, exigiendo a estas unos est\u00e1ndares de calidad tanto en el contenido como en la organizaci\u00f3n. <strong>Contamos con un aforo limitado a 250 personas con participantes de otras comunidades.<\/strong><\/p>\n<h2>\u00bfQu\u00e9 tem\u00e1ticas se van a tratar?<\/h2>\n<p>En WCBilbao se tratar\u00e1n los siguientes temas:<\/p>\n<ul>\n<li>Desarrollo de Plugins<\/li>\n<li>Desarrollo de Temas<\/li>\n<li>SEO<\/li>\n<li>Marketing<\/li>\n<li>Publicidad<\/li>\n<li>Comunidad<\/li>\n<li>Y otros temas de inter\u00e9s<\/li>\n<\/ul>\n<p><strong>En WCBilbao podr\u00e1s aprender de los mejores<\/strong>, tendremos grandes ponentes (incluso internacionales) que nos ense\u00f1ar\u00e1n las \u00faltimas novedades de WordPress y proyectos incre\u00edbles que se pueden realizar.<\/p>\n<p>Contaremos con ponencias para todo tipo de niveles que se dividir\u00e1n en 2 salas y ponencias simult\u00e1neas. En una de las salas se tratar\u00e1n temas enfocado a desarrolladores mientras que en la otra sala se hablar\u00e1n sobre c\u00f3mo sacar partido a nuestros WordPress sin necesidad de ser desarrollador.<\/p>\n<p><strong>Novedad:<\/strong><\/p>\n<p>Por que en Bilbao nos gusta innovar&#8230; <strong>\u00a1contaremos con un tiempo m\u00e1s amplio para potenciar el networking y las relaciones entre profesionales!<\/strong> Ya que asistes a este gran evento, no pierdas la oportunidad\u00a0para poder entablar relaciones laborales e incluso de amistad con\u00a0profesionales como:\u00a0desarrolladores, dise\u00f1adores, gente de marketing, agencias, periodistas, y muchos m\u00e1s.<\/p>\n<p>Y os traemos otra novedad&#8230; <strong>\u00a1tendremos una Genius Bar!<\/strong> En la zona de networking habilitaremos un espacio con varios expertos\/as en diferentes materias (desarrollo, hosting, SEO, LOPD, etc.) a los cuales <strong>podr\u00e1s preguntar y resolver todas tus posibles dudas<\/strong>.<\/p>\n<h2>Te interesa asistir\u00a0a la WCBilbao<\/h2>\n<p>A una WordCamp puede acudir cualquier tipo de perfil relacionado con internet y WordPress. Os listaremos algunos ejemplos para que teng\u00e1is una idea si os pregunt\u00e1is si deber\u00edais o no asistir:<\/p>\n<ul>\n<li><strong>Para aprender:<\/strong> gracias a los ponentes y sus temas de actualidad podr\u00e1s aprender las novedades de WordPress y proyectos interesantes que est\u00e9 realizando la gente.<\/li>\n<li><strong>Por trabajo:<\/strong> tanto si eres freelance o empresa aqu\u00ed podr\u00e1s hacer nuevos contactos que mejoren tu negocio. Todo tipo de perfil es bienvenido, siempre hay gente\/empresas que buscan colaborar y para ello necesitan de profesionales de diferentes sectores.<\/li>\n<li><strong>Para conocer:<\/strong> siempre decimos que la Comunidad de WordPress es una familia, tanto a nivel internacional, nacional&#8230; \u00a1y c\u00f3mo no local! ser\u00e1s bien recibido\/a por todos y conocer\u00e1s gente con quien hablar sobre tus pasiones&#8230; \u00a1esperamos que WordPress sea una de esas pasiones!<\/li>\n<\/ul>\n<p>Por lo que, si eres uno\/a de los siguientes deber\u00edas asistir:<\/p>\n<ul>\n<li>Freelance desarrolladores, dise\u00f1adores gr\u00e1ficos\/web, marketing, SEO&#8230;<\/li>\n<li>Agencias de marketing, comunicaci\u00f3n, periodismo, dise\u00f1o gr\u00e1fico&#8230;<\/li>\n<li>Empresas de cualquier sector que quieran mejorar su imagen online, una buena p\u00e1gina web y un blog son esenciales&#8230; y para ello WordPress puede ser tu mejor aliado. Si tienes gente que se encarga de todo esto en tu empresa, esta gente deber\u00eda de acudir a aprender y compartir!<\/li>\n<\/ul>\n","protected":false},"excerpt":{"rendered":"<p>\u00bfQu\u00e9 es una WordCamp? Una WordCamp es un evento Oficial de WordPress, respaldada por la Fundaci\u00f3n WordPress, que se realiza a lo largo del mundo por comunidades locales, exigiendo a estas unos est\u00e1ndares de calidad tanto en el contenido como &hellip; <a href=\"https:\/\/bilbao.wordcamp.org\/2018\/wordcamp-bilbao\/\">Sigue leyendo <span class=\"assistive-text\">WordCamp Bilbao<\/span>  <span class=\"meta-nav\">&rarr;<\/span><\/a><\/p>\n","protected":false},"author":13545685,"featured_media":0,"parent":0,"menu_order":0,"comment_status":"closed","ping_status":"open","template":"","meta":{"jetpack_post_was_ever_published":false,"footnotes":""},"class_list":["post-2","page","type-page","status-publish","hentry"],"jetpack_sharing_enabled":true,"jetpack_shortlink":"https:\/\/wp.me\/P9jILg-2","_links":{"self":[{"href":"https:\/\/bilbao.wordcamp.org\/2018\/wp-json\/wp\/v2\/pages\/2","targetHints":{"allow":["GET"]}}],"collection":[{"href":"https:\/\/bilbao.wordcamp.org\/2018\/wp-json\/wp\/v2\/pages"}],"about":[{"href":"https:\/\/bilbao.wordcamp.org\/2018\/wp-json\/wp\/v2\/types\/page"}],"author":[{"embeddable":true,"href":"https:\/\/bilbao.wordcamp.org\/2018\/wp-json\/wp\/v2\/users\/13545685"}],"replies":[{"embeddable":true,"href":"https:\/\/bilbao.wordcamp.org\/2018\/wp-json\/wp\/v2\/comments?post=2"}],"version-history":[{"count":2,"href":"https:\/\/bilbao.wordcamp.org\/2018\/wp-json\/wp\/v2\/pages\/2\/revisions"}],"predecessor-version":[{"id":440,"href":"https:\/\/bilbao.wordcamp.org\/2018\/wp-json\/wp\/v2\/pages\/2\/revisions\/440"}],"wp:attachment":[{"href":"https:\/\/bilbao.wordcamp.org\/2018\/wp-json\/wp\/v2\/media?parent=2"}],"curies":[{"name":"wp","href":"https:\/\/api.w.org\/{rel}","templated":true}]}}