{"id":463,"date":"2018-03-19T17:34:10","date_gmt":"2018-03-19T16:34:10","guid":{"rendered":"https:\/\/2018.bilbao.wordcamp.org\/?page_id=463"},"modified":"2018-03-19T17:34:10","modified_gmt":"2018-03-19T16:34:10","slug":"beneficios-de-patrocinar","status":"publish","type":"page","link":"https:\/\/bilbao.wordcamp.org\/2018\/patrocinadores\/beneficios-de-patrocinar\/","title":{"rendered":"Beneficios de Patrocinar"},"content":{"rendered":"<p>Patrocinar y hacer que la <strong>WordCamp Bilbao 2018<\/strong> se haga posible te aportar\u00e1 los siguientes beneficios:<\/p>\n<h3>1. Exposici\u00f3n Local y Nacional<\/h3>\n<p>WordCamp Bilbao es un evento Oficial de WordPress y por ello mueve a una gran cantidad de gente a nivel nacional. Su repercusi\u00f3n va m\u00e1s lejos del nivel local haciendo que tu empresa\/marca sea expuesta a lo largo de la pen\u00ednsula.<\/p>\n<h3>2. Repercusi\u00f3n en las Redes<\/h3>\n<p>La mayor parte de los asistentes a la WordCamp Bilbao son personas y empresas con p\u00e1ginas, blogs y redes sociales. Esto har\u00e1 que la exposici\u00f3n de tu empresa\/marca sea a\u00fan mayor a lo normal.<\/p>\n<h3>3.\u00a0Enlaces a tu Web<\/h3>\n<p>Los patrocinios Platino, Oro y Plata cuentan\u00a0con enlace desde la p\u00e1gina Oficial de la WordCamp. Incluso tambi\u00e9n contar\u00e1s con un art\u00edculo de agradecimiento en el blog con enlace a tu p\u00e1gina web.<\/p>\n<h3>4. Redes Sociales<\/h3>\n<p>Con tu patrocinio contar\u00e1s con Tweet de agradecimiento desde la cuenta oficial de Twitter de la WordCamp Bilbao.<\/p>\n<h3>5. Slides entre Sesiones<\/h3>\n<p>Tu empresa\/marca se ver\u00e1 en los slides de espera entre sesiones. Tu marca estar\u00e1 a la vista de todos los asistentes a lo largo de todo el evento.<\/p>\n<h3>6. Merchandising y Carteler\u00eda<\/h3>\n<p>Con tu patrocinio tienes la opci\u00f3n de tener carteler\u00eda con tu marca en el lugar del evento, oportunidad de hacer regalos y concursos e incluso disponer de merchandising en las mesas situadas en el lugar del evento.<\/p>\n<h3>7.- Tu empresa \/ marca en todos los emails<\/h3>\n<p>Tu marca estar\u00e1 presente en todos los emails que se env\u00eden a los asistentes. Si eres Patrocinador Premium tambi\u00e9n aparecer\u00e1 tu marca en todos los emails que se env\u00eden desde la organizaci\u00f3n: asistentes, patrocinadores, instituciones, organizaciones, etc.<\/p>\n<h3>8. \u00abCase Study\u00bb Internacional<\/h3>\n<p>Al finalizar el evento se realizar\u00e1 un Case Study sobre el mismo y ser\u00e1 compartido con toda la comunidad Internacional. En este informe se agradecer\u00e1 a todos los patrocinadores haciendo que la exposici\u00f3n de tu marca sea alt\u00edsima.<\/p>\n<h3>9. V\u00eddeo y Entrevistas<\/h3>\n<p>Las ponencias ser\u00e1n grabadas, al igual que un resumen global del evento. Estos v\u00eddeos ser\u00e1n subidos a wordpress.tv y en \u00e9l aparecer\u00e1 tu marca&#8230; \u00a1m\u00e1s exposici\u00f3n internacional!<\/p>\n<h3>10. Cena de Patrocinadores y Ponentes<\/h3>\n<p>El viernes 18 de mayo se celebrar\u00e1 una cena a la cual podr\u00e1s tener acceso con algunos de nuestros paquetes de patrocinio. Aqu\u00ed podr\u00e1s conocer y conectar con otros grandes patrocinadores y todos los ponentes.<\/p>\n<p>&nbsp;<\/p>\n<h3>11. No es solo un evento<\/h3>\n<p>Estamos confiados y con ganas de hacer que la WordCamp Bilbao sea un evento anual y nos gustar\u00eda contar con tu apoyo e ir creciendo juntos a\u00f1o tras a\u00f1o.<\/p>\n<p style=\"text-align: center\"><a href=\"https:\/\/2018.bilbao.wordcamp.org\/patrocina\/\">PATROCINAR<\/a><\/p>\n","protected":false},"excerpt":{"rendered":"<p>Patrocinar y hacer que la WordCamp Bilbao 2018 se haga posible te aportar\u00e1 los siguientes beneficios: 1. Exposici\u00f3n Local y Nacional WordCamp Bilbao es un evento Oficial de WordPress y por ello mueve a una gran cantidad de gente a &hellip; <a href=\"https:\/\/bilbao.wordcamp.org\/2018\/patrocinadores\/beneficios-de-patrocinar\/\">Sigue leyendo <span class=\"assistive-text\">Beneficios de Patrocinar<\/span>  <span class=\"meta-nav\">&rarr;<\/span><\/a><\/p>\n","protected":false},"author":13545685,"featured_media":0,"parent":10,"menu_order":0,"comment_status":"closed","ping_status":"closed","template":"","meta":{"jetpack_post_was_ever_published":false,"footnotes":""},"class_list":["post-463","page","type-page","status-publish","hentry"],"jetpack_sharing_enabled":true,"jetpack_shortlink":"https:\/\/wp.me\/P9jILg-7t","_links":{"self":[{"href":"https:\/\/bilbao.wordcamp.org\/2018\/wp-json\/wp\/v2\/pages\/463","targetHints":{"allow":["GET"]}}],"collection":[{"href":"https:\/\/bilbao.wordcamp.org\/2018\/wp-json\/wp\/v2\/pages"}],"about":[{"href":"https:\/\/bilbao.wordcamp.org\/2018\/wp-json\/wp\/v2\/types\/page"}],"author":[{"embeddable":true,"href":"https:\/\/bilbao.wordcamp.org\/2018\/wp-json\/wp\/v2\/users\/13545685"}],"replies":[{"embeddable":true,"href":"https:\/\/bilbao.wordcamp.org\/2018\/wp-json\/wp\/v2\/comments?post=463"}],"version-history":[{"count":2,"href":"https:\/\/bilbao.wordcamp.org\/2018\/wp-json\/wp\/v2\/pages\/463\/revisions"}],"predecessor-version":[{"id":1416,"href":"https:\/\/bilbao.wordcamp.org\/2018\/wp-json\/wp\/v2\/pages\/463\/revisions\/1416"}],"up":[{"embeddable":true,"href":"https:\/\/bilbao.wordcamp.org\/2018\/wp-json\/wp\/v2\/pages\/10"}],"wp:attachment":[{"href":"https:\/\/bilbao.wordcamp.org\/2018\/wp-json\/wp\/v2\/media?parent=463"}],"curies":[{"name":"wp","href":"https:\/\/api.w.org\/{rel}","templated":true}]}}