{"id":7,"date":"2017-10-25T11:55:08","date_gmt":"2017-10-25T11:55:08","guid":{"rendered":"https:\/\/2018.bilbao.wordcamp.org\/schedule\/"},"modified":"2018-04-17T08:03:03","modified_gmt":"2018-04-17T06:03:03","slug":"programa","status":"publish","type":"page","link":"https:\/\/bilbao.wordcamp.org\/2018\/programa\/","title":{"rendered":"Programa"},"content":{"rendered":"<p>\u00a1\u00a1\u00a1Ya tenemos programa de la WordCamp Bilbao 2018!!!.<\/p>\n<h2 style=\"text-align: center\">Open Sessions &#8211; S\u00e1bado, 19 de Mayo<\/h2>\n<table class=\"wcpt-schedule\" border=\"0\"><thead><tr><th class=\"wcpt-col-time\">Hora<\/th><th class=\"wcpt-col-track\"> <span class=\"wcpt-track-name\">Track A<\/span> <span class=\"wcpt-track-description\"><\/span> <\/th><th class=\"wcpt-col-track\"> <span class=\"wcpt-track-name\">Track B<\/span> <span class=\"wcpt-track-description\"><\/span> <\/th><\/tr><\/thead><tbody><tr class=\"wcpt-time-0900 global-session registro\"><td class=\"wcpt-time\">09:00<\/td><td colspan=\"2\" class=\"wcb-track-track-a wcb-track-track-b wcpt-session-type-custom wcb-session-registro\" data-track-title=\"Track A, Track B\" data-session-id=\"886\"><div class=\"wcb-session-cell-content\"><span class=\"wcpt-session-title\">Registro<\/span><\/div><\/td><\/tr><tr class=\"wcpt-time-0945 global-session bienvenida-y-comienzo-de-wcbilbao-2018\"><td class=\"wcpt-time\">09:45<\/td><td colspan=\"2\" class=\"wcb-track-track-a wcb-track-track-b wcpt-session-type-custom wcb-session-bienvenida-y-comienzo-de-wcbilbao-2018\" data-track-title=\"Track A, Track B\" data-session-id=\"888\"><div class=\"wcb-session-cell-content\"><span class=\"wcpt-session-title\">Bienvenida y comienzo de WCBilbao 2018<\/span><\/div><\/td><\/tr><tr class=\"wcpt-time-1000\"><td class=\"wcpt-time\">10:00<\/td><td colspan=\"1\" class=\"wcb-speaker-ibon-azkoitia wcb-track-track-a wcpt-session-type-session wcb-session-consigue-trabajo-gracias-a-la-comunidad-de-wordpress\" data-track-title=\"Track A\" data-session-id=\"754\"><div class=\"wcb-session-cell-content\"><a class=\"wcpt-session-title\" href=\"https:\/\/bilbao.wordcamp.org\/2018\/session\/consigue-trabajo-gracias-a-la-comunidad-de-wordpress\/\">Consigue trabajo gracias a la comunidad de WordPress<\/a> <span class=\"wcpt-session-speakers\"><a href=\"https:\/\/bilbao.wordcamp.org\/2018\/programa\/ponentes\/#wcorg-speaker-ibon-azkoitia\">Ibon Azkoitia<\/a><\/span><\/div><div class=\"wcb-session-favourite-icon\"><a href=\"#\" role=\"button\" class=\"fav-session-button\" aria-pressed=\"false\"><span class=\"screen-reader-text\">Sesi\u00f3n favorita: Consigue trabajo gracias a la comunidad de WordPress<\/span><span class=\"dashicons dashicons-star-filled\"><\/span><\/a><\/div><\/td><td colspan=\"1\" class=\"wcb-speaker-fernando-garcia-rebolledo wcb-track-track-b wcpt-session-type-session wcb-session-wp-cli-maneja-tu-wordpress-like-a-pro\" data-track-title=\"Track B\" data-session-id=\"808\"><div class=\"wcb-session-cell-content\"><a class=\"wcpt-session-title\" href=\"https:\/\/bilbao.wordcamp.org\/2018\/session\/wp-cli-maneja-tu-wordpress-like-a-pro\/\">WP-CLI: maneja tu WordPress like a pro<\/a> <span class=\"wcpt-session-speakers\"><a href=\"https:\/\/bilbao.wordcamp.org\/2018\/programa\/ponentes\/#wcorg-speaker-fernando-garcia-rebolledo\">Fernando Garc\u00eda Rebolledo<\/a><\/span><\/div><div class=\"wcb-session-favourite-icon\"><a href=\"#\" role=\"button\" class=\"fav-session-button\" aria-pressed=\"false\"><span class=\"screen-reader-text\">Sesi\u00f3n favorita: WP-CLI: maneja tu WordPress like a pro<\/span><span class=\"dashicons dashicons-star-filled\"><\/span><\/a><\/div><\/td><\/tr><tr class=\"wcpt-time-1040\"><td class=\"wcpt-time\">10:40<\/td><td colspan=\"1\" class=\"wcb-speaker-vanesa-gomez-del-rio wcb-track-track-a wcpt-session-type-session wcb-session-sos-no-tengo-visitas-estrategias-para-disparar-el-trafico-de-tu-wordpress\" data-track-title=\"Track A\" data-session-id=\"766\"><div class=\"wcb-session-cell-content\"><a class=\"wcpt-session-title\" href=\"https:\/\/bilbao.wordcamp.org\/2018\/session\/sos-no-tengo-visitas-estrategias-para-disparar-el-trafico-de-tu-wordpress\/\">\u00a1SOS, no tengo visitas! Estrategias para disparar el tr\u00e1fico de tu WordPress<\/a> <span class=\"wcpt-session-speakers\"><a href=\"https:\/\/bilbao.wordcamp.org\/2018\/programa\/ponentes\/#wcorg-speaker-vanesa-gomez-del-rio\">Vanesa G\u00f3mez del R\u00edo<\/a><\/span><\/div><div class=\"wcb-session-favourite-icon\"><a href=\"#\" role=\"button\" class=\"fav-session-button\" aria-pressed=\"false\"><span class=\"screen-reader-text\">Sesi\u00f3n favorita: \u00a1SOS, no tengo visitas! Estrategias para disparar el tr\u00e1fico de tu WordPress<\/span><span class=\"dashicons dashicons-star-filled\"><\/span><\/a><\/div><\/td><td colspan=\"1\" class=\"wcb-speaker-andoni-martin wcb-track-track-b wcpt-session-type-session wcb-session-con-3-horas-de-growth-hacking-seo-para-tener-resultados\" data-track-title=\"Track B\" data-session-id=\"811\"><div class=\"wcb-session-cell-content\"><a class=\"wcpt-session-title\" href=\"https:\/\/bilbao.wordcamp.org\/2018\/session\/con-3-horas-de-growth-hacking-seo-para-tener-resultados\/\">Con 3 horas de Growth Hacking SEO para tener resultados<\/a> <span class=\"wcpt-session-speakers\"><a href=\"https:\/\/bilbao.wordcamp.org\/2018\/programa\/ponentes\/#wcorg-speaker-andoni-martin\">Andoni Mart\u00edn<\/a><\/span><\/div><div class=\"wcb-session-favourite-icon\"><a href=\"#\" role=\"button\" class=\"fav-session-button\" aria-pressed=\"false\"><span class=\"screen-reader-text\">Sesi\u00f3n favorita: Con 3 horas de Growth Hacking SEO para tener resultados<\/span><span class=\"dashicons dashicons-star-filled\"><\/span><\/a><\/div><\/td><\/tr><tr class=\"wcpt-time-1120 global-session hamaiketako\"><td class=\"wcpt-time\">11:20<\/td><td colspan=\"2\" class=\"wcb-track-track-a wcb-track-track-b wcpt-session-type-custom wcb-session-hamaiketako\" data-track-title=\"Track A, Track B\" data-session-id=\"768\"><div class=\"wcb-session-cell-content\"><span class=\"wcpt-session-title\">Hamaiketako<\/span><\/div><\/td><\/tr><tr class=\"wcpt-time-1150\"><td class=\"wcpt-time\">11:50<\/td><td colspan=\"1\" class=\"wcb-speaker-rosa-perez wcb-track-track-a wcpt-session-type-session wcb-session-mi-cliente-no-siempre-tiene-la-razon\" data-track-title=\"Track A\" data-session-id=\"770\"><div class=\"wcb-session-cell-content\"><a class=\"wcpt-session-title\" href=\"https:\/\/bilbao.wordcamp.org\/2018\/session\/mi-cliente-no-siempre-tiene-la-razon\/\">Mi cliente no siempre tiene la raz\u00f3n<\/a> <span class=\"wcpt-session-speakers\"><a href=\"https:\/\/bilbao.wordcamp.org\/2018\/programa\/ponentes\/#wcorg-speaker-rosa-perez\">Rosa P\u00e9rez<\/a><\/span><\/div><div class=\"wcb-session-favourite-icon\"><a href=\"#\" role=\"button\" class=\"fav-session-button\" aria-pressed=\"false\"><span class=\"screen-reader-text\">Sesi\u00f3n favorita: Mi cliente no siempre tiene la raz\u00f3n<\/span><span class=\"dashicons dashicons-star-filled\"><\/span><\/a><\/div><\/td><td colspan=\"1\" class=\"wcb-speaker-alvaro-gomez wcb-track-track-b wcpt-session-type-session wcb-session-gutenberg-keep-calm-and-carry-on-posting\" data-track-title=\"Track B\" data-session-id=\"815\"><div class=\"wcb-session-cell-content\"><a class=\"wcpt-session-title\" href=\"https:\/\/bilbao.wordcamp.org\/2018\/session\/gutenberg-keep-calm-and-carry-on-posting\/\">La Revoluci\u00f3n Gutenberg: Del &#8216;Post&#8217; al &#8216;Block&#8217;<\/a> <span class=\"wcpt-session-speakers\"><a href=\"https:\/\/bilbao.wordcamp.org\/2018\/programa\/ponentes\/#wcorg-speaker-alvaro-gomez\">\u00c1lvaro G\u00f3mez<\/a><\/span><\/div><div class=\"wcb-session-favourite-icon\"><a href=\"#\" role=\"button\" class=\"fav-session-button\" aria-pressed=\"false\"><span class=\"screen-reader-text\">Sesi\u00f3n favorita: La Revoluci\u00f3n Gutenberg: Del &#8216;Post&#8217; al &#8216;Block&#8217;<\/span><span class=\"dashicons dashicons-star-filled\"><\/span><\/a><\/div><\/td><\/tr><tr class=\"wcpt-time-1230\"><td class=\"wcpt-time\">12:30<\/td><td colspan=\"1\" class=\"wcb-speaker-mauricio-gelves wcb-track-track-a wcpt-session-type-session wcb-session-sigue-estos-10-pasos-para-convertirte-en-freelancer-de-wordpress\" data-track-title=\"Track A\" data-session-id=\"778\"><div class=\"wcb-session-cell-content\"><a class=\"wcpt-session-title\" href=\"https:\/\/bilbao.wordcamp.org\/2018\/session\/sigue-estos-10-pasos-para-convertirte-en-freelancer-de-wordpress\/\">Sigue estos 10 pasos para convertirte en Freelancer de WordPress<\/a> <span class=\"wcpt-session-speakers\"><a href=\"https:\/\/bilbao.wordcamp.org\/2018\/programa\/ponentes\/#wcorg-speaker-mauricio-gelves\">Mauricio Gelves<\/a><\/span><\/div><div class=\"wcb-session-favourite-icon\"><a href=\"#\" role=\"button\" class=\"fav-session-button\" aria-pressed=\"false\"><span class=\"screen-reader-text\">Sesi\u00f3n favorita: Sigue estos 10 pasos para convertirte en Freelancer de WordPress<\/span><span class=\"dashicons dashicons-star-filled\"><\/span><\/a><\/div><\/td><td colspan=\"1\" class=\"wcb-speaker-cain-santamaria wcb-track-track-b wcpt-session-type-session wcb-session-la-2a-extincion-de-disenadores-y-programadores-esta-aqui\" data-track-title=\"Track B\" data-session-id=\"819\"><div class=\"wcb-session-cell-content\"><a class=\"wcpt-session-title\" href=\"https:\/\/bilbao.wordcamp.org\/2018\/session\/la-2a-extincion-de-disenadores-y-programadores-esta-aqui\/\">La 2\u00aa extinci\u00f3n de dise\u00f1adores y programadores \u00bfest\u00e1 aqu\u00ed?<\/a> <span class=\"wcpt-session-speakers\"><a href=\"https:\/\/bilbao.wordcamp.org\/2018\/programa\/ponentes\/#wcorg-speaker-cain-santamaria\">Ca\u00edn Santamar\u00eda<\/a><\/span><\/div><div class=\"wcb-session-favourite-icon\"><a href=\"#\" role=\"button\" class=\"fav-session-button\" aria-pressed=\"false\"><span class=\"screen-reader-text\">Sesi\u00f3n favorita: La 2\u00aa extinci\u00f3n de dise\u00f1adores y programadores \u00bfest\u00e1 aqu\u00ed?<\/span><span class=\"dashicons dashicons-star-filled\"><\/span><\/a><\/div><\/td><\/tr><tr class=\"wcpt-time-1310\"><td class=\"wcpt-time\">13:10<\/td><td colspan=\"1\" class=\"wcb-speaker-ana-cirujano wcb-track-track-a wcpt-session-type-session wcb-session-como-se-disena-una-web-y-cuanto-cuesta\" data-track-title=\"Track A\" data-session-id=\"781\"><div class=\"wcb-session-cell-content\"><a class=\"wcpt-session-title\" href=\"https:\/\/bilbao.wordcamp.org\/2018\/session\/como-se-disena-una-web-y-cuanto-cuesta\/\">\u00bfC\u00f3mo se dise\u00f1a una web y cu\u00e1nto cuesta?<\/a> <span class=\"wcpt-session-speakers\"><a href=\"https:\/\/bilbao.wordcamp.org\/2018\/programa\/ponentes\/#wcorg-speaker-ana-cirujano\">Ana Cirujano<\/a><\/span><\/div><div class=\"wcb-session-favourite-icon\"><a href=\"#\" role=\"button\" class=\"fav-session-button\" aria-pressed=\"false\"><span class=\"screen-reader-text\">Sesi\u00f3n favorita: \u00bfC\u00f3mo se dise\u00f1a una web y cu\u00e1nto cuesta?<\/span><span class=\"dashicons dashicons-star-filled\"><\/span><\/a><\/div><\/td><td colspan=\"1\" class=\"wcb-speaker-antonio-torres wcb-track-track-b wcpt-session-type-session wcb-session-link-affinity\" data-track-title=\"Track B\" data-session-id=\"822\"><div class=\"wcb-session-cell-content\"><a class=\"wcpt-session-title\" href=\"https:\/\/bilbao.wordcamp.org\/2018\/session\/link-affinity\/\">Link Affinity<\/a> <span class=\"wcpt-session-speakers\"><a href=\"https:\/\/bilbao.wordcamp.org\/2018\/programa\/ponentes\/#wcorg-speaker-antonio-torres\">Antonio Torres<\/a><\/span><\/div><div class=\"wcb-session-favourite-icon\"><a href=\"#\" role=\"button\" class=\"fav-session-button\" aria-pressed=\"false\"><span class=\"screen-reader-text\">Sesi\u00f3n favorita: Link Affinity<\/span><span class=\"dashicons dashicons-star-filled\"><\/span><\/a><\/div><\/td><\/tr><tr class=\"wcpt-time-1350 global-session comida\"><td class=\"wcpt-time\">13:50<\/td><td colspan=\"2\" class=\"wcb-track-track-a wcb-track-track-b wcpt-session-type-custom wcb-session-comida\" data-track-title=\"Track A, Track B\" data-session-id=\"783\"><div class=\"wcb-session-cell-content\"><span class=\"wcpt-session-title\">Comida<\/span><\/div><\/td><\/tr><tr class=\"wcpt-time-1520\"><td class=\"wcpt-time\">15:20<\/td><td colspan=\"1\" class=\"wcb-speaker-fernando-tellado wcb-track-track-a wcpt-session-type-session wcb-session-te-ha-pillado-el-toro-guia-urgente-para-cumplir-la-rgpd-en-tu-web\" data-track-title=\"Track A\" data-session-id=\"786\"><div class=\"wcb-session-cell-content\"><a class=\"wcpt-session-title\" href=\"https:\/\/bilbao.wordcamp.org\/2018\/session\/te-ha-pillado-el-toro-guia-urgente-para-cumplir-la-rgpd-en-tu-web\/\">\u00a1Te ha pillado el toro! Gu\u00eda urgente para cumplir la RGPD en tu web<\/a> <span class=\"wcpt-session-speakers\"><a href=\"https:\/\/bilbao.wordcamp.org\/2018\/programa\/ponentes\/#wcorg-speaker-fernando-tellado\">Fernando Tellado<\/a><\/span><\/div><div class=\"wcb-session-favourite-icon\"><a href=\"#\" role=\"button\" class=\"fav-session-button\" aria-pressed=\"false\"><span class=\"screen-reader-text\">Sesi\u00f3n favorita: \u00a1Te ha pillado el toro! Gu\u00eda urgente para cumplir la RGPD en tu web<\/span><span class=\"dashicons dashicons-star-filled\"><\/span><\/a><\/div><\/td><td colspan=\"1\" class=\"wcb-speaker-oscar-abad-folgueira wcb-track-track-b wcpt-session-type-session wcb-session-creacion-de-un-membership-site-con-woocommerce\" data-track-title=\"Track B\" data-session-id=\"830\"><div class=\"wcb-session-cell-content\"><a class=\"wcpt-session-title\" href=\"https:\/\/bilbao.wordcamp.org\/2018\/session\/creacion-de-un-membership-site-con-woocommerce\/\">Descubre las posibilidades de WooCommerce<\/a> <span class=\"wcpt-session-speakers\"><a href=\"https:\/\/bilbao.wordcamp.org\/2018\/programa\/ponentes\/#wcorg-speaker-oscar-abad-folgueira\">Oscar Abad Folgueira<\/a><\/span><\/div><div class=\"wcb-session-favourite-icon\"><a href=\"#\" role=\"button\" class=\"fav-session-button\" aria-pressed=\"false\"><span class=\"screen-reader-text\">Sesi\u00f3n favorita: Descubre las posibilidades de WooCommerce<\/span><span class=\"dashicons dashicons-star-filled\"><\/span><\/a><\/div><\/td><\/tr><tr class=\"wcpt-time-1600\"><td class=\"wcpt-time\">16:00<\/td><td colspan=\"1\" class=\"wcb-speaker-fernando-puente wcb-track-track-a wcpt-session-type-session wcb-session-freelance-wordpress-como-tener-exito-profesional\" data-track-title=\"Track A\" data-session-id=\"790\"><div class=\"wcb-session-cell-content\"><a class=\"wcpt-session-title\" href=\"https:\/\/bilbao.wordcamp.org\/2018\/session\/freelance-wordpress-como-tener-exito-profesional\/\">Freelance WordPress: c\u00f3mo tener \u00e9xito profesional<\/a> <span class=\"wcpt-session-speakers\"><a href=\"https:\/\/bilbao.wordcamp.org\/2018\/programa\/ponentes\/#wcorg-speaker-fernando-puente\">Fernando Puente<\/a><\/span><\/div><div class=\"wcb-session-favourite-icon\"><a href=\"#\" role=\"button\" class=\"fav-session-button\" aria-pressed=\"false\"><span class=\"screen-reader-text\">Sesi\u00f3n favorita: Freelance WordPress: c\u00f3mo tener \u00e9xito profesional<\/span><span class=\"dashicons dashicons-star-filled\"><\/span><\/a><\/div><\/td><td colspan=\"1\" class=\"wcb-speaker-monica wcb-track-track-b wcpt-session-type-session wcb-session-teoria-del-color-para-temas-wordpress\" data-track-title=\"Track B\" data-session-id=\"827\"><div class=\"wcb-session-cell-content\"><a class=\"wcpt-session-title\" href=\"https:\/\/bilbao.wordcamp.org\/2018\/session\/teoria-del-color-para-temas-wordpress\/\">Teor\u00eda del color para temas WordPress<\/a> <span class=\"wcpt-session-speakers\"><a href=\"https:\/\/bilbao.wordcamp.org\/2018\/programa\/ponentes\/#wcorg-speaker-monica\">M\u00f3nica Mart\u00edn<\/a><\/span><\/div><div class=\"wcb-session-favourite-icon\"><a href=\"#\" role=\"button\" class=\"fav-session-button\" aria-pressed=\"false\"><span class=\"screen-reader-text\">Sesi\u00f3n favorita: Teor\u00eda del color para temas WordPress<\/span><span class=\"dashicons dashicons-star-filled\"><\/span><\/a><\/div><\/td><\/tr><tr class=\"wcpt-time-1640 global-session merienda\"><td class=\"wcpt-time\">16:40<\/td><td colspan=\"2\" class=\"wcb-track-track-a wcb-track-track-b wcpt-session-type-custom wcb-session-merienda\" data-track-title=\"Track A, Track B\" data-session-id=\"792\"><div class=\"wcb-session-cell-content\"><span class=\"wcpt-session-title\">Merienda<\/span><\/div><\/td><\/tr><tr class=\"wcpt-time-1710\"><td class=\"wcpt-time\">17:10<\/td><td colspan=\"1\" class=\"wcb-speaker-saray-ortiz wcb-track-track-a wcpt-session-type-session wcb-session-no-todos-hablamos-el-mismo-idioma\" data-track-title=\"Track A\" data-session-id=\"795\"><div class=\"wcb-session-cell-content\"><a class=\"wcpt-session-title\" href=\"https:\/\/bilbao.wordcamp.org\/2018\/session\/no-todos-hablamos-el-mismo-idioma\/\">No todos hablamos el mismo idioma<\/a> <span class=\"wcpt-session-speakers\"><a href=\"https:\/\/bilbao.wordcamp.org\/2018\/programa\/ponentes\/#wcorg-speaker-saray-ortiz\">Saray Ortiz<\/a><\/span><\/div><div class=\"wcb-session-favourite-icon\"><a href=\"#\" role=\"button\" class=\"fav-session-button\" aria-pressed=\"false\"><span class=\"screen-reader-text\">Sesi\u00f3n favorita: No todos hablamos el mismo idioma<\/span><span class=\"dashicons dashicons-star-filled\"><\/span><\/a><\/div><\/td><td colspan=\"1\" class=\"wcb-speaker-javier-casares wcb-track-track-b wcpt-session-type-session wcb-session-hola-dorothea\" data-track-title=\"Track B\" data-session-id=\"834\"><div class=\"wcb-session-cell-content\"><a class=\"wcpt-session-title\" href=\"https:\/\/bilbao.wordcamp.org\/2018\/session\/hola-dorothea\/\">Hola Dorothea<\/a> <span class=\"wcpt-session-speakers\"><a href=\"https:\/\/bilbao.wordcamp.org\/2018\/programa\/ponentes\/#wcorg-speaker-javier-casares\">Javier Casares<\/a><\/span><\/div><div class=\"wcb-session-favourite-icon\"><a href=\"#\" role=\"button\" class=\"fav-session-button\" aria-pressed=\"false\"><span class=\"screen-reader-text\">Sesi\u00f3n favorita: Hola Dorothea<\/span><span class=\"dashicons dashicons-star-filled\"><\/span><\/a><\/div><\/td><\/tr><tr class=\"wcpt-time-1750\"><td class=\"wcpt-time\">17:50<\/td><td colspan=\"1\" class=\"wcb-speaker-tomas-sierra wcb-track-track-a wcpt-session-type-session wcb-session-proyectos-heredados-pros-y-contras-de-una-web-que-no-has-desarrollado\" data-track-title=\"Track A\" data-session-id=\"801\"><div class=\"wcb-session-cell-content\"><a class=\"wcpt-session-title\" href=\"https:\/\/bilbao.wordcamp.org\/2018\/session\/proyectos-heredados-pros-y-contras-de-una-web-que-no-has-desarrollado\/\">\u00a1Proyectos heredados! Pros y contras de una web que no has desarrollado<\/a> <span class=\"wcpt-session-speakers\"><a href=\"https:\/\/bilbao.wordcamp.org\/2018\/programa\/ponentes\/#wcorg-speaker-tomas-sierra\">Tom\u00e1s Sierra<\/a><\/span><\/div><div class=\"wcb-session-favourite-icon\"><a href=\"#\" role=\"button\" class=\"fav-session-button\" aria-pressed=\"false\"><span class=\"screen-reader-text\">Sesi\u00f3n favorita: \u00a1Proyectos heredados! Pros y contras de una web que no has desarrollado<\/span><span class=\"dashicons dashicons-star-filled\"><\/span><\/a><\/div><\/td><td colspan=\"1\" class=\"wcb-speaker-marcos-ramajo wcb-track-track-b wcpt-session-type-session wcb-session-esta-muerto-el-seo-para-los-negocios\" data-track-title=\"Track B\" data-session-id=\"837\"><div class=\"wcb-session-cell-content\"><a class=\"wcpt-session-title\" href=\"https:\/\/bilbao.wordcamp.org\/2018\/session\/esta-muerto-el-seo-para-los-negocios\/\">Automatiza y Vencer\u00e1s<\/a> <span class=\"wcpt-session-speakers\"><a href=\"https:\/\/bilbao.wordcamp.org\/2018\/programa\/ponentes\/#wcorg-speaker-marcos-ramajo\">Marcos Ramajo<\/a><\/span><\/div><div class=\"wcb-session-favourite-icon\"><a href=\"#\" role=\"button\" class=\"fav-session-button\" aria-pressed=\"false\"><span class=\"screen-reader-text\">Sesi\u00f3n favorita: Automatiza y Vencer\u00e1s<\/span><span class=\"dashicons dashicons-star-filled\"><\/span><\/a><\/div><\/td><\/tr><tr class=\"wcpt-time-1830 global-session despedida\"><td class=\"wcpt-time\">18:30<\/td><td colspan=\"2\" class=\"wcb-track-track-a wcb-track-track-b wcpt-session-type-custom wcb-session-despedida\" data-track-title=\"Track A, Track B\" data-session-id=\"803\"><div class=\"wcb-session-cell-content\"><span class=\"wcpt-session-title\">Despedida :(<\/span><\/div><\/td><\/tr><tr class=\"wcpt-time-2030 global-session after-party\"><td class=\"wcpt-time\">20:30<\/td><td colspan=\"2\" class=\"wcb-track-track-a wcb-track-track-b wcpt-session-type-custom wcb-session-after-party\" data-track-title=\"Track A, Track B\" data-session-id=\"1006\"><div class=\"wcb-session-cell-content\"><span class=\"wcpt-session-title\">After Party<\/span><\/div><\/td><\/tr><\/tbody><\/table>\n\t<div class=\"email-form fav-session-email-form-hide\">\n\t\t<!-- Tab links -->\n\t\t<div class=\"fav-session-share-tab\">\n\t\t\t\t\t\t\t<div class=\"fav-session-tablinks\" id=\"fav-session-btn-email\">\n\t\t\t\t\tCorreo electr\u00f3nico\t\t\t\t<\/div>\n\t\t\t\n\t\t\t<div class=\"fav-session-tablinks\" id=\"fav-session-btn-link\">\n\t\t\t\tEnlace\t\t\t<\/div>\n\n\t\t\t<div class=\"fav-session-tablinks\" id=\"fav-session-btn-print\">\n\t\t\t\tImprimir\t\t\t<\/div>\n\t\t<\/div>\n\n\t\t<!-- Tab content -->\n\t\t\t\t\t<div id=\"fav-session-tab-email\" class=\"fav-session-share-tabcontent\">\n\t\t\t\t<div id=\"fav-session-email-form\">\n\t\t\t\t\tEnv\u00edame mis sesiones favoritas:\n\t\t\t\t\t<form id=\"fav-sessions-form\">\n\t\t\t\t\t\t<input\n\t\t\t\t\t\t\ttype=\"text\"\n\t\t\t\t\t\t\tname=\"email_address\"\n\t\t\t\t\t\t\tid=\"fav-sessions-email-address\"\n\t\t\t\t\t\t\tplaceholder=\"me@protonmail.com\"\n\t\t\t\t\t\t\/>\n\t\t\t\t\t\t<input type=\"submit\" value=\"Enviar\" \/>\n\t\t\t\t\t<\/form>\n\t\t\t\t<\/div>\n\n\t\t\t\t<div class=\"fav-session-email-wait-spinner\"><\/div>\n\t\t\t\t<div class=\"fav-session-email-result\"><\/div>\n\t\t\t<\/div>\n\t\t\n\t\t<div id=\"fav-session-tab-link\" class=\"fav-session-share-tabcontent\">\n\t\t\tEnlace compartible:\t\t\t<br \/>\n\t\t\t<a id=\"fav-sessions-link\" href=\"\"><\/a>\n\t\t<\/div>\n\n\t\t<div id=\"fav-session-tab-print\" class=\"fav-session-share-tabcontent\">\n\t\t\t<button id=\"fav-session-print\">\n\t\t\t\tImprimir sesiones favoritas\t\t\t<\/button>\n\t\t<\/div>\n\t<\/div>\n\n\t<a class=\"show-email-form\" href=\"javascript:\">\n\t\t<span class=\"dashicons dashicons-star-filled\"><\/span>\n\t\t<span class=\"dashicons dashicons-email-alt\"><\/span>\n\t<\/a>\n\n\t\n<h2 style=\"text-align: center\">Contributor Day &#8211; Domingo, 20 de Mayo<\/h2>\n<table class=\"wcpt-schedule\" border=\"0\"><thead><tr><th class=\"wcpt-col-time\">Hora<\/th><th class=\"wcpt-col-track\"> <span class=\"wcpt-track-name\">Track A<\/span> <span class=\"wcpt-track-description\"><\/span> <\/th><th class=\"wcpt-col-track\"> <span class=\"wcpt-track-name\">Track B<\/span> <span class=\"wcpt-track-description\"><\/span> <\/th><\/tr><\/thead><tbody><tr class=\"wcpt-time-1100\"><td class=\"wcpt-time\">11:00<\/td><td colspan=\"1\" class=\"wcb-track-track-a wcpt-session-type-custom wcb-session-contributor-day-introduccion-organizacion-de-mesas-hamaiketako\" data-track-title=\"Track A\" data-session-id=\"839\"><div class=\"wcb-session-cell-content\"><span class=\"wcpt-session-title\">Contributor Day: Introducci\u00f3n, organizaci\u00f3n de mesas + hamaiketako<\/span><\/div><\/td><td class=\"wcpt-session-empty\"><\/td><\/tr><tr class=\"wcpt-time-1200\"><td class=\"wcpt-time\">12:00<\/td><td colspan=\"1\" class=\"wcb-track-track-a wcpt-session-type-custom wcb-session-mesas-de-trabajo\" data-track-title=\"Track A\" data-session-id=\"841\"><div class=\"wcb-session-cell-content\"><span class=\"wcpt-session-title\">Mesas de trabajo<\/span><\/div><\/td><td class=\"wcpt-session-empty\"><\/td><\/tr><tr class=\"wcpt-time-1400\"><td class=\"wcpt-time\">14:00<\/td><td colspan=\"1\" class=\"wcb-track-track-a wcpt-session-type-custom wcb-session-comida-networking\" data-track-title=\"Track A\" data-session-id=\"843\"><div class=\"wcb-session-cell-content\"><span class=\"wcpt-session-title\">Comida + Networking<\/span><\/div><\/td><td class=\"wcpt-session-empty\"><\/td><\/tr><tr class=\"wcpt-time-1530\"><td class=\"wcpt-time\">15:30<\/td><td colspan=\"1\" class=\"wcb-track-track-a wcpt-session-type-custom wcb-session-mesas-de-trabajo-2\" data-track-title=\"Track A\" data-session-id=\"845\"><div class=\"wcb-session-cell-content\"><span class=\"wcpt-session-title\">Mesas de trabajo<\/span><\/div><\/td><td class=\"wcpt-session-empty\"><\/td><\/tr><tr class=\"wcpt-time-1730\"><td class=\"wcpt-time\">17:30<\/td><td colspan=\"1\" class=\"wcb-track-track-a wcpt-session-type-custom wcb-session-despedida-y-clausura\" data-track-title=\"Track A\" data-session-id=\"847\"><div class=\"wcb-session-cell-content\"><span class=\"wcpt-session-title\">Despedida y Clausura<\/span><\/div><\/td><td class=\"wcpt-session-empty\"><\/td><\/tr><\/tbody><\/table>\n<p>&nbsp;<\/p>\n<p>No dudes en <a href=\"https:\/\/2018.bilbao.wordcamp.org\/contacto\/\">contactar<\/a> con nosotros si quieres colaborar de alg\u00fan modo o si necesitas m\u00e1s informaci\u00f3n.<\/p>\n","protected":false},"excerpt":{"rendered":"<p>\u00a1\u00a1\u00a1Ya tenemos programa de la WordCamp Bilbao 2018!!!. Open Sessions &#8211; S\u00e1bado, 19 de Mayo Contributor Day &#8211; Domingo, 20 de Mayo &nbsp; No dudes en contactar con nosotros si quieres colaborar de alg\u00fan modo o si necesitas m\u00e1s informaci\u00f3n.<\/p>\n","protected":false},"author":13545685,"featured_media":0,"parent":0,"menu_order":0,"comment_status":"closed","ping_status":"closed","template":"","meta":{"jetpack_post_was_ever_published":false,"footnotes":""},"class_list":["post-7","page","type-page","status-publish","hentry"],"jetpack_sharing_enabled":true,"jetpack_shortlink":"https:\/\/wp.me\/P9jILg-7","_links":{"self":[{"href":"https:\/\/bilbao.wordcamp.org\/2018\/wp-json\/wp\/v2\/pages\/7","targetHints":{"allow":["GET"]}}],"collection":[{"href":"https:\/\/bilbao.wordcamp.org\/2018\/wp-json\/wp\/v2\/pages"}],"about":[{"href":"https:\/\/bilbao.wordcamp.org\/2018\/wp-json\/wp\/v2\/types\/page"}],"author":[{"embeddable":true,"href":"https:\/\/bilbao.wordcamp.org\/2018\/wp-json\/wp\/v2\/users\/13545685"}],"replies":[{"embeddable":true,"href":"https:\/\/bilbao.wordcamp.org\/2018\/wp-json\/wp\/v2\/comments?post=7"}],"version-history":[{"count":7,"href":"https:\/\/bilbao.wordcamp.org\/2018\/wp-json\/wp\/v2\/pages\/7\/revisions"}],"predecessor-version":[{"id":882,"href":"https:\/\/bilbao.wordcamp.org\/2018\/wp-json\/wp\/v2\/pages\/7\/revisions\/882"}],"wp:attachment":[{"href":"https:\/\/bilbao.wordcamp.org\/2018\/wp-json\/wp\/v2\/media?parent=7"}],"curies":[{"name":"wp","href":"https:\/\/api.w.org\/{rel}","templated":true}]}}