{"id":11,"date":"2018-11-23T10:53:01","date_gmt":"2018-11-23T10:53:01","guid":{"rendered":"https:\/\/2019.bilbao.wordcamp.org\/location\/"},"modified":"2019-02-22T01:07:22","modified_gmt":"2019-02-22T00:07:22","slug":"localizacion","status":"publish","type":"page","link":"https:\/\/bilbao.wordcamp.org\/2019\/localizacion\/","title":{"rendered":"Localizaci\u00f3n"},"content":{"rendered":"<p><strong>WordCamp Bilbao 2019<\/strong>\u00a0se celebrar\u00e1 en el <strong>Museo Mar\u00edtimo R\u00eda de Bilbao<\/strong>. Consulta toda la informaci\u00f3n sobre la localizaci\u00f3n en la parte inferior de esta p\u00e1gina y no dudes en ponerte <a href=\"\/contacto\/\">en contacto<\/a> con el equipo de organizaci\u00f3n si tienes cualquier duda sobre la localizaci\u00f3n.<\/p>\n<h3><strong>\u00bfD\u00f3nde?<\/strong><\/h3>\n<p>Ram\u00f3n de la Sota Kaia, 1<br \/>\n48011 Bilbo, Bizkaia<\/p>\n<h3><strong>\u00bfC\u00f3mo llegar?<\/strong><\/h3>\n<ul>\n<li>Metro: Estaci\u00f3n San Mam\u00e9s, salida Sabino Arana.<\/li>\n<li>Tranv\u00eda (Euskotren): Parada Euskalduna.<\/li>\n<li>Bilbobus (Bus urbano): Parada Sagrado Coraz\u00f3n, n\u00fameros 56, 62 y A3.<\/li>\n<li>Aeropuerto: Situado a 15 km. del centro de la ciudad. Hay servicio de autob\u00fas.<\/li>\n<li>Parking Euskalduna: Situado a 50 metros del Museo.<\/li>\n<\/ul>\n<h3><strong>Mapa<\/strong><\/h3>\n<div class=\"googlemaps\">\n\t\t\t\t<iframe loading=\"lazy\" width=\"100\" height=\"450\" frameborder=\"0\" scrolling=\"no\" marginheight=\"0\" marginwidth=\"0\"  src=\"https:\/\/www.google.com\/maps\/embed?pb=!1m14!1m8!1m3!1d11621.154652725849!2d-2.946203!3d43.266328!3m2!1i1024!2i768!4f13.1!3m3!1m2!1s0x0:0x2159b591e59b5ab6!2sMuseo%20Mar\u00edtimo%20R\u00eda%20de%20Bilbao!5e0!3m2!1ses!2ses!4v1521478180903\"><\/iframe>\n\t\t\t<\/div>\n","protected":false},"excerpt":{"rendered":"<p>WordCamp Bilbao 2019\u00a0se celebrar\u00e1 en el Museo Mar\u00edtimo R\u00eda de Bilbao. Consulta toda la informaci\u00f3n sobre la localizaci\u00f3n en la parte inferior de esta p\u00e1gina y no dudes en ponerte en contacto con el equipo de organizaci\u00f3n si tienes cualquier duda sobre la localizaci\u00f3n. \u00bfD\u00f3nde? Ram\u00f3n de la Sota Kaia, 1 48011 Bilbo, Bizkaia \u00bfC\u00f3mo &hellip; <\/p>\n<p class=\"link-more\"><a href=\"https:\/\/bilbao.wordcamp.org\/2019\/localizacion\/\" class=\"more-link\">Continuar leyendo<span class=\"screen-reader-text\"> \u00abLocalizaci\u00f3n\u00bb<\/span><\/a><\/p>\n","protected":false},"author":13545685,"featured_media":0,"parent":0,"menu_order":0,"comment_status":"closed","ping_status":"closed","template":"","meta":{"jetpack_post_was_ever_published":false,"footnotes":""},"class_list":["post-11","page","type-page","status-publish","hentry"],"jetpack_sharing_enabled":true,"jetpack_shortlink":"https:\/\/wp.me\/PaxzwU-b","_links":{"self":[{"href":"https:\/\/bilbao.wordcamp.org\/2019\/wp-json\/wp\/v2\/pages\/11","targetHints":{"allow":["GET"]}}],"collection":[{"href":"https:\/\/bilbao.wordcamp.org\/2019\/wp-json\/wp\/v2\/pages"}],"about":[{"href":"https:\/\/bilbao.wordcamp.org\/2019\/wp-json\/wp\/v2\/types\/page"}],"author":[{"embeddable":true,"href":"https:\/\/bilbao.wordcamp.org\/2019\/wp-json\/wp\/v2\/users\/13545685"}],"replies":[{"embeddable":true,"href":"https:\/\/bilbao.wordcamp.org\/2019\/wp-json\/wp\/v2\/comments?post=11"}],"version-history":[{"count":1,"href":"https:\/\/bilbao.wordcamp.org\/2019\/wp-json\/wp\/v2\/pages\/11\/revisions"}],"predecessor-version":[{"id":153,"href":"https:\/\/bilbao.wordcamp.org\/2019\/wp-json\/wp\/v2\/pages\/11\/revisions\/153"}],"wp:attachment":[{"href":"https:\/\/bilbao.wordcamp.org\/2019\/wp-json\/wp\/v2\/media?parent=11"}],"curies":[{"name":"wp","href":"https:\/\/api.w.org\/{rel}","templated":true}]}}