{"id":12,"date":"2018-11-23T10:53:01","date_gmt":"2018-11-23T10:53:01","guid":{"rendered":"https:\/\/2019.bilbao.wordcamp.org\/organizers\/"},"modified":"2019-03-08T00:23:27","modified_gmt":"2019-03-07T23:23:27","slug":"organizadores","status":"publish","type":"page","link":"https:\/\/bilbao.wordcamp.org\/2019\/wordcamp-bilbao\/organizadores\/","title":{"rendered":"Organizadores"},"content":{"rendered":"<p><strong>WordCamp Bilbao 2019<\/strong>\u00a0es posible gracias al trabajo desinteresado de los miembros de la comunidad de <a href=\"https:\/\/www.wpbilbao.es\/\" target=\"_blank\" rel=\"noopener noreferrer\">WordPress Bilbao<\/a>.<\/p>\n<p>El equipo de organizaci\u00f3n de WordCamp Bilbao 2019 est\u00e1 formado por las siguientes personas que se encargan de los diferentes apartados como la coordinaci\u00f3n de equipo, gesti\u00f3n de presupuestos, contacto con patrocinadores y ponentes, log\u00edstica del evento, comunicaci\u00f3n y otras \u00e1reas.<\/p>\n<p>No dudes en <a href=\"\/contacto\/\">contactar<\/a> con nosotros si quieres colaborar de alg\u00fan modo o si necesitas m\u00e1s informaci\u00f3n.<\/p>\n\t<div class=\"wcorg-organizers\">\n\n\t\t\n\t\t\t<div class=\"wcorg-organizer\">\n\t\t\t\t<h2>Miguel \u00c1ngel Gonz\u00e1lez<\/h2>\n\t\t\t\t<div class=\"wcorg-organizer-description\">\n\t\t\t\t\t\t\t\t\t\t<img alt='' src='https:\/\/secure.gravatar.com\/avatar\/dcf3f29ff33def6d0513d31e6e5bc0eb49a7b8619c60caa962915f99f7057c85?s=100&#038;d=mm&#038;r=g' srcset='https:\/\/secure.gravatar.com\/avatar\/dcf3f29ff33def6d0513d31e6e5bc0eb49a7b8619c60caa962915f99f7057c85?s=200&#038;d=mm&#038;r=g 2x' class='avatar avatar-100 photo' height='100' width='100' \/>\t\t\t\t\t\n<p>Eterno ne\u00f3fito. Me gusta sentarme a la mesa frente a un buen plato de conocimiento y no dejar ni las migas. Devoro temas y plugins desde hace poco m\u00e1s de un a\u00f1o. <\/p>\n\n\n\n<p>Programador, dise\u00f1ador gr\u00e1fico y web a partes iguales. Me ayudo a mi mismo a ser rico en tiempo y en dinero. Siempre dispuesto para echar una mano a los dem\u00e1s.<\/p>\n\t\t\t\t<\/div>\n\t\t\t<\/div>\n\n\t\t\n\t\t\t<div class=\"wcorg-organizer\">\n\t\t\t\t<h2>Rober Flores<\/h2>\n\t\t\t\t<div class=\"wcorg-organizer-description\">\n\t\t\t\t\t\t\t\t\t\t<img alt='' src='https:\/\/secure.gravatar.com\/avatar\/d3f8c4f64c899e917dbc78aca6e4e250c87694b1080de7491429643557961d1d?s=100&#038;d=mm&#038;r=g' srcset='https:\/\/secure.gravatar.com\/avatar\/d3f8c4f64c899e917dbc78aca6e4e250c87694b1080de7491429643557961d1d?s=200&#038;d=mm&#038;r=g 2x' class='avatar avatar-100 photo' height='100' width='100' \/>\t\t\t\t\t\n<p>Trabajo como freelance en roberflores.com haciendo SEO, SEM y dise\u00f1o web con WordPress. Formador de Marketing Digital en Cipsa. SEO Manager en Sembi<\/p>\n\n\n\n<p>Colaborador en las meetup de SEO Bilbao. Participo en las meetup de WordPress Bilbao siempre que el tiempo me lo permite.<\/p>\n\t\t\t\t<\/div>\n\t\t\t<\/div>\n\n\t\t\n\t\t\t<div class=\"wcorg-organizer\">\n\t\t\t\t<h2>Ver\u00f3nica Ruiz<\/h2>\n\t\t\t\t<div class=\"wcorg-organizer-description\">\n\t\t\t\t\t\t\t\t\t\t<img alt='' src='https:\/\/secure.gravatar.com\/avatar\/05884151f0cd8af57c6b619b32612eaafc21ce7d6e555730a01be8eb5f12bc8f?s=100&#038;d=mm&#038;r=g' srcset='https:\/\/secure.gravatar.com\/avatar\/05884151f0cd8af57c6b619b32612eaafc21ce7d6e555730a01be8eb5f12bc8f?s=200&#038;d=mm&#038;r=g 2x' class='avatar avatar-100 photo' height='100' width='100' \/>\t\t\t\t\t\n<p>Community Manager, redactora web freelance con gotas de dise\u00f1o gr\u00e1fico, dise\u00f1o web y edici\u00f3n de v\u00eddeo.<\/p>\n\n\n\n<p>Realizo diferentes trabajos de redacci\u00f3n, dise\u00f1o, edici\u00f3n de v\u00eddeo y gesti\u00f3n de redes sociales para agencias de marketing digital, pymes, centros formativos de Bilbao, Zaragoza y Valencia.<\/p>\n\n\n\n<p>Colaboro desde junio de 2018 como Community Manager en Evento SEO Bilbao,<\/p>\n\n\n\n<p>En 2019 descubr\u00ed por un casual WorPress Bilbao y tengo la suerte de poder colaborar en el WordCamp Bilbao 2019.<\/p>\n\n\n\n<p>Esto me permite seguir aprendiendo cada d\u00eda m\u00e1s sobre Marketing Digital, SEO y WordPress.<\/p>\n\t\t\t\t<\/div>\n\t\t\t<\/div>\n\n\t\t\n\t\t\t<div class=\"wcorg-organizer\">\n\t\t\t\t<h2>Susana Rodr\u00edguez<\/h2>\n\t\t\t\t<div class=\"wcorg-organizer-description\">\n\t\t\t\t\t\t\t\t\t\t<img alt='' src='https:\/\/secure.gravatar.com\/avatar\/9bd8ff73dcaab94064f9b11f23357decd23e9174e51dbaa78c8fdee1811705a9?s=100&#038;d=mm&#038;r=g' srcset='https:\/\/secure.gravatar.com\/avatar\/9bd8ff73dcaab94064f9b11f23357decd23e9174e51dbaa78c8fdee1811705a9?s=200&#038;d=mm&#038;r=g 2x' class='avatar avatar-100 photo' height='100' width='100' \/>\t\t\t\t\t\n<p>Directora creativa en Bobysuh Creative.<\/p>\n\n\n\n<p>Emprendo cada d\u00eda y hago un restyling a todo lo anterior.<\/p>\n\n\n\n<p>En mis ratos libres intento tener ratos libres.<\/p>\n\t\t\t\t<\/div>\n\t\t\t<\/div>\n\n\t\t\n\t\t\t<div class=\"wcorg-organizer\">\n\t\t\t\t<h2>Saray Ortiz<\/h2>\n\t\t\t\t<div class=\"wcorg-organizer-description\">\n\t\t\t\t\t\t\t\t\t\t<img alt='' src='https:\/\/secure.gravatar.com\/avatar\/b7a13d4b14533b3e54345675a0b2e83e6bdbb7fee907f12545c372726532dad1?s=100&#038;d=mm&#038;r=g' srcset='https:\/\/secure.gravatar.com\/avatar\/b7a13d4b14533b3e54345675a0b2e83e6bdbb7fee907f12545c372726532dad1?s=200&#038;d=mm&#038;r=g 2x' class='avatar avatar-100 photo' height='100' width='100' \/>\t\t\t\t\t\n<p>Dise\u00f1adora y community manager en Dosmedia.<\/p>\n\n\n\n<p>Una apasionada de WordPress y de todo lo que sea imagen de marca: desde la creaci\u00f3n de un logotipo hasta el dise\u00f1o de una web. <\/p>\n\n\n\n<p>Ponente y formadora entusiasta.<\/p>\n\t\t\t\t<\/div>\n\t\t\t<\/div>\n\n\t\t\n\t\t\t<div class=\"wcorg-organizer\">\n\t\t\t\t<h2>Juan Carlos Alonso<\/h2>\n\t\t\t\t<div class=\"wcorg-organizer-description\">\n\t\t\t\t\t\t\t\t\t\t<img alt='' src='https:\/\/secure.gravatar.com\/avatar\/f71aeed19c6a5e079ee6085258e4cacdd7e8273c8ba44508a4a25977f706e8b8?s=100&#038;d=mm&#038;r=g' srcset='https:\/\/secure.gravatar.com\/avatar\/f71aeed19c6a5e079ee6085258e4cacdd7e8273c8ba44508a4a25977f706e8b8?s=200&#038;d=mm&#038;r=g 2x' class='avatar avatar-100 photo' height='100' width='100' \/>\t\t\t\t\t\n<p>Apasionado de casi todo lo que implique aprender o ense\u00f1ar. Desde la m\u00e1s exacta de las ciencias hasta la filosof\u00eda y el arte de ser feliz :) pasando por las TIC<br><\/p>\n\t\t\t\t<\/div>\n\t\t\t<\/div>\n\n\t\t\n\t\t\t<div class=\"wcorg-organizer\">\n\t\t\t\t<h2>\u00d3scar Abad Folgueira<\/h2>\n\t\t\t\t<div class=\"wcorg-organizer-description\">\n\t\t\t\t\t\t\t\t\t\t<img alt='' src='https:\/\/secure.gravatar.com\/avatar\/01709818ac1b389ebf6f8ec6e9043c56442563bf38424f2fa741953370b78d83?s=100&#038;d=mm&#038;r=g' srcset='https:\/\/secure.gravatar.com\/avatar\/01709818ac1b389ebf6f8ec6e9043c56442563bf38424f2fa741953370b78d83?s=200&#038;d=mm&#038;r=g 2x' class='avatar avatar-100 photo' height='100' width='100' \/>\t\t\t\t\t\n<p>Desarrollador y programador WordPress y WooCommerce<br> Desarrollo de sitios web a medida usando WordPress como Framework.<br> Desarrollador de plugins para WordPress y WooCommerce.<br> Entusiasta de WordPress.<br> Asiduo a los eventos de WordPress tanto como ponente, voluntario o asistente.<br> Podcaster en mis ratos libres\u2026<br> Co-organizado del grupo de WordPress de Amurrio.<\/p>\n\t\t\t\t<\/div>\n\t\t\t<\/div>\n\n\t\t\n\t\t\t<div class=\"wcorg-organizer\">\n\t\t\t\t<h2>Marcos Ramajo<\/h2>\n\t\t\t\t<div class=\"wcorg-organizer-description\">\n\t\t\t\t\t\t\t\t\t\t<img alt='' src='https:\/\/secure.gravatar.com\/avatar\/3b182c748681a3e8cf41a24ade94d780b23ac29ad97862514d95a40720d91d4e?s=100&#038;d=mm&#038;r=g' srcset='https:\/\/secure.gravatar.com\/avatar\/3b182c748681a3e8cf41a24ade94d780b23ac29ad97862514d95a40720d91d4e?s=200&#038;d=mm&#038;r=g 2x' class='avatar avatar-100 photo' height='100' width='100' \/>\t\t\t\t\t\n<p>Marketing Digital, WPO, An\u00e1litica Web y SEM. Certificado en Adwords, BingAds y Analytics. Gestiono Proyectos en Frikitek. Organizador en WordPress Bilbao.<\/p>\n\t\t\t\t<\/div>\n\t\t\t<\/div>\n\n\t\t\n\t\t\t<div class=\"wcorg-organizer\">\n\t\t\t\t<h2>Rosa P\u00e9rez<\/h2>\n\t\t\t\t<div class=\"wcorg-organizer-description\">\n\t\t\t\t\t\t\t\t\t\t<img alt='' src='https:\/\/secure.gravatar.com\/avatar\/32d9b88400f6053bda16b6487b96f1dda89d1a9c9b6cc83531391fde5f674261?s=100&#038;d=mm&#038;r=g' srcset='https:\/\/secure.gravatar.com\/avatar\/32d9b88400f6053bda16b6487b96f1dda89d1a9c9b6cc83531391fde5f674261?s=200&#038;d=mm&#038;r=g 2x' class='avatar avatar-100 photo' height='100' width='100' \/>\t\t\t\t\t\n<p>Como aut\u00f3noma (freelance que tiene + glamour) s\u00e9 un poco de mucho y mucho de poco #inform\u00e1tica #wp #geek #exfutbolista #athletic #viajera #workaholic a mi pesar.<br><\/p>\n\t\t\t\t<\/div>\n\t\t\t<\/div>\n\n\t\t\n\t\t\t<div class=\"wcorg-organizer\">\n\t\t\t\t<h2>Fernan D\u00edez<\/h2>\n\t\t\t\t<div class=\"wcorg-organizer-description\">\n\t\t\t\t\t\t\t\t\t\t<img alt='' src='https:\/\/secure.gravatar.com\/avatar\/6065468b45759dbb89ce38877ad10d0f2a180c4b5add8a185c3dc4e483386985?s=100&#038;d=mm&#038;r=g' srcset='https:\/\/secure.gravatar.com\/avatar\/6065468b45759dbb89ce38877ad10d0f2a180c4b5add8a185c3dc4e483386985?s=200&#038;d=mm&#038;r=g 2x' class='avatar avatar-100 photo' height='100' width='100' \/>\t\t\t\t\t\n<p>Trabajo como Coordinador de Proyectos Web en Frikitek.<\/p>\n\n\n\n<p>Publico un podcast sobre Dise\u00f1o Web WordPress llamado WordPress Diario.<br><\/p>\n\n\n\n<p>Colaboro en la organizaci\u00f3n de las meetups de WordPress Bilbao.<\/p>\n\t\t\t\t<\/div>\n\t\t\t<\/div>\n\n\t\t\n\t<\/div><!-- .wcorg-organizers -->\n\t\n","protected":false},"excerpt":{"rendered":"<p>WordCamp Bilbao 2019\u00a0es posible gracias al trabajo desinteresado de los miembros de la comunidad de WordPress Bilbao. El equipo de organizaci\u00f3n de WordCamp Bilbao 2019 est\u00e1 formado por las siguientes personas que se encargan de los diferentes apartados como la coordinaci\u00f3n de equipo, gesti\u00f3n de presupuestos, contacto con patrocinadores y ponentes, log\u00edstica del evento, comunicaci\u00f3n &hellip; <\/p>\n<p class=\"link-more\"><a href=\"https:\/\/bilbao.wordcamp.org\/2019\/organizer\/fernan-diez\/\" class=\"more-link\">Continuar leyendo<span class=\"screen-reader-text\"> \u00abFernan D\u00edez\u00bb<\/span><\/a><\/p>\n","protected":false},"author":13545685,"featured_media":0,"parent":165,"menu_order":0,"comment_status":"closed","ping_status":"closed","template":"","meta":{"jetpack_post_was_ever_published":false,"footnotes":""},"class_list":["post-12","page","type-page","status-publish","hentry"],"jetpack_sharing_enabled":true,"jetpack_shortlink":"https:\/\/wp.me\/PaxzwU-c","_links":{"self":[{"href":"https:\/\/bilbao.wordcamp.org\/2019\/wp-json\/wp\/v2\/pages\/12","targetHints":{"allow":["GET"]}}],"collection":[{"href":"https:\/\/bilbao.wordcamp.org\/2019\/wp-json\/wp\/v2\/pages"}],"about":[{"href":"https:\/\/bilbao.wordcamp.org\/2019\/wp-json\/wp\/v2\/types\/page"}],"author":[{"embeddable":true,"href":"https:\/\/bilbao.wordcamp.org\/2019\/wp-json\/wp\/v2\/users\/13545685"}],"replies":[{"embeddable":true,"href":"https:\/\/bilbao.wordcamp.org\/2019\/wp-json\/wp\/v2\/comments?post=12"}],"version-history":[{"count":6,"href":"https:\/\/bilbao.wordcamp.org\/2019\/wp-json\/wp\/v2\/pages\/12\/revisions"}],"predecessor-version":[{"id":353,"href":"https:\/\/bilbao.wordcamp.org\/2019\/wp-json\/wp\/v2\/pages\/12\/revisions\/353"}],"up":[{"embeddable":true,"href":"https:\/\/bilbao.wordcamp.org\/2019\/wp-json\/wp\/v2\/pages\/165"}],"wp:attachment":[{"href":"https:\/\/bilbao.wordcamp.org\/2019\/wp-json\/wp\/v2\/media?parent=12"}],"curies":[{"name":"wp","href":"https:\/\/api.w.org\/{rel}","templated":true}]}}