{"id":13,"date":"2019-02-22T01:02:55","date_gmt":"2019-02-22T00:02:55","guid":{"rendered":"https:\/\/2019.bilbao.wordcamp.org\/?page_id=13"},"modified":"2019-04-28T07:51:10","modified_gmt":"2019-04-28T05:51:10","slug":"entradas","status":"publish","type":"page","link":"https:\/\/bilbao.wordcamp.org\/2019\/entradas\/","title":{"rendered":"Entradas"},"content":{"rendered":"<h3>Registro de entradas cerrado<\/h3>\n<h3>Entrada\u00a0WordCamp Bilbao 2019<\/h3>\n<p>Tu entrada a la WordCamp Bilbao incluye:<\/p>\n<ul>\n<li>Acceso a las conferencias de #WCBilbao (S\u00e1bado 27 de abril).<\/li>\n<li>Acceso al <a href=\"\/programa\/contributor-day\/\" target=\"_blank\" rel=\"noopener noreferrer\">d\u00eda de comunidad<\/a> #WCBilbao (Domingo d\u00eda 28 de abril).<\/li>\n<li>Almuerzo, caf\u00e9 y snacks durante ambos d\u00edas.<\/li>\n<li>Acreditaci\u00f3n personalizada.<\/li>\n<li>Camiseta y otros regalos promocionales.<\/li>\n<\/ul>\n<p style=\"padding-left: 30px\"><em>* Si quieres asistir al d\u00eda de comunidad (Contributor Day) m\u00e1rcalo cuando rellenes los datos para tu entrada.<\/em><\/p>\n<p style=\"padding-left: 30px\"><em>** Aunque la \u00fanica forma de pago sea PayPal, no necesitas cuenta para pagar, el sistema admite pago con tarjeta.<\/em><\/p>\n<p style=\"padding-left: 30px\"><em><span class=\"s1\">*** Si buscas otras opciones (packs de entradas y dem\u00e1s) <a href=\"\/contacto\/\" target=\"_blank\" rel=\"noopener noreferrer\">contacta con nosotros<\/a>.<\/span><\/em><\/p>\n<a href=\"https:\/\/bilbao.wordcamp.org\/2019\/entradas\/\">Por favor, ve esta p\u00e1gina en un navegador para hacer una compra o gestionar entradas.<\/a>\n<p style=\"text-align: center\">\n","protected":false},"excerpt":{"rendered":"<p>Registro de entradas cerrado Entrada\u00a0WordCamp Bilbao 2019 Tu entrada a la WordCamp Bilbao incluye: Acceso a las conferencias de #WCBilbao (S\u00e1bado 27 de abril). Acceso al d\u00eda de comunidad #WCBilbao (Domingo d\u00eda 28 de abril). Almuerzo, caf\u00e9 y snacks durante ambos d\u00edas. Acreditaci\u00f3n personalizada. Camiseta y otros regalos promocionales. * Si quieres asistir al d\u00eda &hellip; <\/p>\n<p class=\"link-more\"><a href=\"https:\/\/bilbao.wordcamp.org\/2019\/entradas\/\" class=\"more-link\">Continuar leyendo<span class=\"screen-reader-text\"> \u00abEntradas\u00bb<\/span><\/a><\/p>\n","protected":false},"author":13545685,"featured_media":0,"parent":0,"menu_order":0,"comment_status":"closed","ping_status":"closed","template":"","meta":{"jetpack_post_was_ever_published":false,"footnotes":""},"class_list":["post-13","page","type-page","status-publish","hentry"],"jetpack_sharing_enabled":true,"jetpack_shortlink":"https:\/\/wp.me\/PaxzwU-d","_links":{"self":[{"href":"https:\/\/bilbao.wordcamp.org\/2019\/wp-json\/wp\/v2\/pages\/13","targetHints":{"allow":["GET"]}}],"collection":[{"href":"https:\/\/bilbao.wordcamp.org\/2019\/wp-json\/wp\/v2\/pages"}],"about":[{"href":"https:\/\/bilbao.wordcamp.org\/2019\/wp-json\/wp\/v2\/types\/page"}],"author":[{"embeddable":true,"href":"https:\/\/bilbao.wordcamp.org\/2019\/wp-json\/wp\/v2\/users\/13545685"}],"replies":[{"embeddable":true,"href":"https:\/\/bilbao.wordcamp.org\/2019\/wp-json\/wp\/v2\/comments?post=13"}],"version-history":[{"count":5,"href":"https:\/\/bilbao.wordcamp.org\/2019\/wp-json\/wp\/v2\/pages\/13\/revisions"}],"predecessor-version":[{"id":1048,"href":"https:\/\/bilbao.wordcamp.org\/2019\/wp-json\/wp\/v2\/pages\/13\/revisions\/1048"}],"wp:attachment":[{"href":"https:\/\/bilbao.wordcamp.org\/2019\/wp-json\/wp\/v2\/media?parent=13"}],"curies":[{"name":"wp","href":"https:\/\/api.w.org\/{rel}","templated":true}]}}