{"id":155,"date":"2019-02-22T01:13:41","date_gmt":"2019-02-22T00:13:41","guid":{"rendered":"https:\/\/2019.bilbao.wordcamp.org\/?page_id=155"},"modified":"2019-02-22T01:33:19","modified_gmt":"2019-02-22T00:33:19","slug":"hoteles-alojamientos","status":"publish","type":"page","link":"https:\/\/bilbao.wordcamp.org\/2019\/localizacion\/hoteles-alojamientos\/","title":{"rendered":"Hoteles y alojamientos"},"content":{"rendered":"<p>Desde el equipo de organizaci\u00f3n queremos ofreceros una lista de hoteles para todos aquellos que necesit\u00e9is de alojamiento para el fin de semana.<\/p>\n<p>La lista de hoteles, hostales y albergues est\u00e1 ordenada\u00a0por el la distancia medida en tiempo\u00a0a la <a href=\"\/localizacion\/\" target=\"_blank\" rel=\"noopener\">localizaci\u00f3n<\/a> del evento, no tenemos acuerdo alguno con ninguno de ellos.<\/p>\n<h2>Hoteles<\/h2>\n<p><strong>Hotel\u00a0Mir\u00f3 Bilbao &#8211; 4 Estrellas<\/strong><\/p>\n<ul>\n<li>Alameda Mazarredo, 77<\/li>\n<li>4 minutos andando: <a href=\"https:\/\/www.google.es\/maps\/dir\/Hotel+Mir%C3%B3,+Alameda+Mazarredo,+77,+48009+Bilbao,+Bizkaia\/Bizkaia+Aretoa\/@43.2678079,-2.9394239,17z\/data=!3m1!4b1!4m13!4m12!1m5!1m1!1s0xd4e4fd8bb8cc12b:0xb1eda75f6a18e4a2!2m2!1d-2.9366755!2d43.2667952!1m5!1m1!1s0x0:0x529de363ac4a9d01!2m2!1d-2.9377949!2d43.268446\" target=\"_blank\" rel=\"noopener\">Google Maps<\/a><\/li>\n<li>Tel\u00e9fono: +34 946 611 880<\/li>\n<li><a href=\"http:\/\/www.mirohotelbilbao.com\/\" target=\"_blank\" rel=\"noopener\">P\u00e1gina Web<\/a><\/li>\n<\/ul>\n<p><strong>Hotel Meli\u00e1 Bilbao &#8211; 5 Estrellas<\/strong><\/p>\n<ul>\n<li>Leizaola Lehendakariaren Kalea 29<\/li>\n<li>5 minutos andando: <a href=\"https:\/\/www.google.es\/maps\/dir\/Bizkaia+Aretoa,+Abandoibarra+Etorb.,+3,+48009+Bilbao,+Bizkaia,+Espa%C3%B1a\/Meli%C3%A1+Bilbao\/@43.2681832,-2.940913,18z\/data=!3m1!4b1!4m13!4m12!1m5!1m1!1s0xd4e4fdecdf9dee3:0x529de363ac4a9d01!2m2!1d-2.9377949!2d43.268446!1m5!1m1!1s0x0:0xa2f7d067a2626a2c!2m2!1d-2.9418548!2d43.267473\" target=\"_blank\" rel=\"noopener\">Google Maps<\/a><\/li>\n<li>Tel\u00e9fono: +34 912 764 646<\/li>\n<li><a href=\"http:\/\/www.melia.com\/es\/hoteles\/espana\/bilbao\/melia-bilbao\/index.html\" target=\"_blank\" rel=\"noopener\">P\u00e1gina Web<\/a><\/li>\n<\/ul>\n<p><strong>Gran Hotel Domine Bilbao &#8211; 5 Estrellas<\/strong><\/p>\n<ul>\n<li>Alameda Mazarredo\u00a061<\/li>\n<li>7 minutos andando: <a href=\"https:\/\/www.google.es\/maps\/dir\/Gran+Hotel+Domine+Bilbao,+Mazarredo+Zumarkalea,+61,+48009+Bilbao,+Bizkaia,+Espa%C3%B1a\/Bizkaia+Aretoa\/@43.2677496,-2.9368643,18z\/data=!3m1!4b1!4m13!4m12!1m5!1m1!1s0xd4e4fd935e2313b:0xefc25468fac67f0e!2m2!1d-2.933745!2d43.267526!1m5!1m1!1s0x0:0x529de363ac4a9d01!2m2!1d-2.9377949!2d43.268446\" target=\"_blank\" rel=\"noopener\">Google Maps<\/a><\/li>\n<li>Tel\u00e9fono: +34\u00a0944 253 300<\/li>\n<li><a href=\"http:\/\/www.hoteldominebilbao.com\/\" target=\"_blank\" rel=\"noopener\">P\u00e1gina Web<\/a><\/li>\n<\/ul>\n<p><strong>Hotel NH Bilbao Deusto &#8211; 3 Estrellas<\/strong><\/p>\n<ul>\n<li>Calle de Francisco Maci\u00e1 9<\/li>\n<li>9 minutos andando: <a href=\"https:\/\/www.google.es\/maps\/dir\/Bizkaia+Aretoa,+Abandoibarra+Etorb.,+3,+48009+Bilbao,+Bizkaia,+Espa%C3%B1a\/Hotel+NH+Bilbao+Deusto\/@43.2697253,-2.9406728,18z\/data=!3m1!4b1!4m13!4m12!1m5!1m1!1s0xd4e4fdecdf9dee3:0x529de363ac4a9d01!2m2!1d-2.9377949!2d43.268446!1m5!1m1!1s0x0:0x17a5f5d6844563ac!2m2!1d-2.9423024!2d43.270665\" target=\"_blank\" rel=\"noopener\">Google Maps<\/a><\/li>\n<li>Tel\u00e9fono: +34\u00a0944 760 006<\/li>\n<li><a href=\"http:\/\/www.nh-hoteles.es\/hotel\/nh-bilbao-deusto\" target=\"_blank\" rel=\"noopener\">P\u00e1gina Web<\/a><\/li>\n<\/ul>\n<p><strong>Hotel Gran Bilbao &#8211; 4 Estrellas<\/strong><\/p>\n<ul>\n<li>Avenida Indalecio Prieto, 1<\/li>\n<li>28 minutos transporte p\u00fablico: <a href=\"https:\/\/www.google.es\/maps\/dir\/Bizkaia+Aretoa,+Abandoibarra+Etorb.,+3,+48009+Bilbao,+Bizkaia,+Espa%C3%B1a\/Hotel+Gran+Bilbao,+Avenida+Indalecio+Prieto,+Bilbao\/@43.2589129,-2.9328167,15z\/data=!3m1!4b1!4m14!4m13!1m5!1m1!1s0xd4e4fdecdf9dee3:0x529de363ac4a9d01!2m2!1d-2.9377949!2d43.268446!1m5!1m1!1s0xd4e4e35d93f2259:0x43ebff410cb03786!2m2!1d-2.9193366!2d43.2490566!3e3\" target=\"_blank\" rel=\"noopener\">Google Maps<\/a><\/li>\n<li>Tel\u00e9fono: +34 944 328 575<\/li>\n<li><a href=\"http:\/\/www.hotelgranbilbao.com\/\" target=\"_blank\" rel=\"noopener\">P\u00e1gina Web<\/a><\/li>\n<\/ul>\n<p><strong>Hotel Puerta de Bilbao &#8211; 4 Estrellas<\/strong><\/p>\n<ul>\n<li>Rio Casta\u00f1os Kalea, 2, 48903 Barakaldo, Bizkaia<\/li>\n<li>35 minutos transporte p\u00fablico: Google Maps<\/li>\n<li>Tel\u00e9fono: +34 944 18 47 00<\/li>\n<li>P\u00e1gina Web<\/li>\n<\/ul>\n<h2>Hostales \/ Albergues<\/h2>\n<p><strong>Botxo Gallery Youth Hostel<\/strong><\/p>\n<ul>\n<li>Avenida de las Universidades, 5<\/li>\n<li>6 minutos andando: <a href=\"https:\/\/www.google.es\/maps\/dir\/''\/Bizkaia+Aretoa\/@43.2682963,-2.9381049,17.65z\/data=!4m13!4m12!1m5!1m1!1s0x0:0xf8d434ecbd2bcf0d!2m2!1d-2.9332922!2d43.2701602!1m5!1m1!1s0x0:0x529de363ac4a9d01!2m2!1d-2.9377949!2d43.268446\" target=\"_blank\" rel=\"noopener\">Google Maps<\/a><\/li>\n<li>Tel\u00e9fono:+34 94 413 48 49<\/li>\n<li><a href=\"http:\/\/botxogallery.com\/\" target=\"_blank\" rel=\"noopener\">P\u00e1gina Web<\/a><\/li>\n<\/ul>\n<p><strong>Hostal Albergue Bilbao<\/strong><\/p>\n<ul>\n<li>Avenida de las Universidades, 5<\/li>\n<li>6 minutos andando: <a href=\"https:\/\/www.google.es\/maps\/dir\/''\/Bizkaia+Aretoa\/@43.2682963,-2.9381049,17.65z\/data=!4m13!4m12!1m5!1m1!1s0x0:0xf8d434ecbd2bcf0d!2m2!1d-2.9332922!2d43.2701602!1m5!1m1!1s0x0:0x529de363ac4a9d01!2m2!1d-2.9377949!2d43.268446\" target=\"_blank\" rel=\"noopener\">Google Maps<\/a><\/li>\n<li>Tel\u00e9fono:+34 608 610 977<\/li>\n<li><a href=\"https:\/\/hostelbilbao.wordpress.com\/\" target=\"_blank\" rel=\"noopener\">P\u00e1gina Web<\/a><\/li>\n<\/ul>\n<p><strong>Moon Hostel Bio<\/strong><\/p>\n<ul>\n<li>Luzarra Kalea, 7<\/li>\n<li>15\u00a0minutos andando: <a href=\"https:\/\/www.google.es\/maps\/dir\/Moon+Hostel+Bio,+Luzarra+Kalea,+7,+48014+Bilbao,+Bizkaia\/Bizkaia+Aretoa\/@43.270394,-2.943937,17z\/data=!3m1!4b1!4m14!4m13!1m5!1m1!1s0xd4e5022a77fcbc7:0x766b1408d2018bed!2m2!1d-2.946735!2d43.2722348!1m5!1m1!1s0x0:0x529de363ac4a9d01!2m2!1d-2.9377949!2d43.268446!3e2\" target=\"_blank\" rel=\"noopener\">Google Maps<\/a><\/li>\n<li>Tel\u00e9fono:+34\u00a0<a class=\"widget-pane-link\">944 750 848<\/a><\/li>\n<li><a href=\"http:\/\/www.moonhostelbio.com\/\" target=\"_blank\" rel=\"noopener\">P\u00e1gina Web<\/a><\/li>\n<\/ul>\n","protected":false},"excerpt":{"rendered":"<p>Desde el equipo de organizaci\u00f3n queremos ofreceros una lista de hoteles para todos aquellos que necesit\u00e9is de alojamiento para el fin de semana. La lista de hoteles, hostales y albergues est\u00e1 ordenada\u00a0por el la distancia medida en tiempo\u00a0a la localizaci\u00f3n del evento, no tenemos acuerdo alguno con ninguno de ellos. Hoteles Hotel\u00a0Mir\u00f3 Bilbao &#8211; 4 &hellip; <\/p>\n<p class=\"link-more\"><a href=\"https:\/\/bilbao.wordcamp.org\/2019\/localizacion\/hoteles-alojamientos\/\" class=\"more-link\">Continuar leyendo<span class=\"screen-reader-text\"> \u00abHoteles y alojamientos\u00bb<\/span><\/a><\/p>\n","protected":false},"author":13545685,"featured_media":0,"parent":11,"menu_order":0,"comment_status":"closed","ping_status":"closed","template":"","meta":{"jetpack_post_was_ever_published":false,"footnotes":""},"class_list":["post-155","page","type-page","status-publish","hentry"],"jetpack_sharing_enabled":true,"jetpack_shortlink":"https:\/\/wp.me\/PaxzwU-2v","_links":{"self":[{"href":"https:\/\/bilbao.wordcamp.org\/2019\/wp-json\/wp\/v2\/pages\/155","targetHints":{"allow":["GET"]}}],"collection":[{"href":"https:\/\/bilbao.wordcamp.org\/2019\/wp-json\/wp\/v2\/pages"}],"about":[{"href":"https:\/\/bilbao.wordcamp.org\/2019\/wp-json\/wp\/v2\/types\/page"}],"author":[{"embeddable":true,"href":"https:\/\/bilbao.wordcamp.org\/2019\/wp-json\/wp\/v2\/users\/13545685"}],"replies":[{"embeddable":true,"href":"https:\/\/bilbao.wordcamp.org\/2019\/wp-json\/wp\/v2\/comments?post=155"}],"version-history":[{"count":1,"href":"https:\/\/bilbao.wordcamp.org\/2019\/wp-json\/wp\/v2\/pages\/155\/revisions"}],"predecessor-version":[{"id":156,"href":"https:\/\/bilbao.wordcamp.org\/2019\/wp-json\/wp\/v2\/pages\/155\/revisions\/156"}],"up":[{"embeddable":true,"href":"https:\/\/bilbao.wordcamp.org\/2019\/wp-json\/wp\/v2\/pages\/11"}],"wp:attachment":[{"href":"https:\/\/bilbao.wordcamp.org\/2019\/wp-json\/wp\/v2\/media?parent=155"}],"curies":[{"name":"wp","href":"https:\/\/api.w.org\/{rel}","templated":true}]}}