{"id":10,"date":"2019-11-14T11:18:34","date_gmt":"2019-11-14T11:18:34","guid":{"rendered":"https:\/\/2020.bilbao.wordcamp.org\/sponsors\/"},"modified":"2020-03-10T20:02:43","modified_gmt":"2020-03-10T19:02:43","slug":"patrocinadores","status":"publish","type":"page","link":"https:\/\/bilbao.wordcamp.org\/2020\/patrocinadores\/","title":{"rendered":"Patrocinadores"},"content":{"rendered":"\n<p class=\"has-large-font-size\">Los patrocinadores son los que realmente hacen posible que la WordCamp Bilbao 2020 se pueda celebrar. Nos permiten cubrir los gastos del evento, atender las necesidades de los asistentes y tener precios asequibles.  <\/p>\n\n\n\n<h4 class=\"has-text-align-center wp-block-heading\"><strong>\u00a1Gracias por colaborar con nosotros\/as!<\/strong><\/h4>\n\n\n\n<div class=\"wp-block-group\"><div class=\"wp-block-group__inner-container is-layout-flow wp-block-group-is-layout-flow\">\n<hr class=\"wp-block-separator is-style-wide\" \/>\n\n\n\n<h2 class=\"has-accent-color has-text-color has-text-align-center wp-block-heading\"><strong>PATROCINADORES ORO<\/strong><\/h2>\n\n\n\n<div style=\"height:20px\" aria-hidden=\"true\" class=\"wp-block-spacer\"><\/div>\n<\/div><\/div>\n\n\n<ul class=\"wordcamp-block wordcamp-post-list has-layout-grid wordcamp-sponsors has-grid-columns-2\"><li class=\"wordcamp-post-list__post wordcamp-clearfix\">\n<div class=\"wordcamp-sponsor wordcamp-sponsors__post slug-jetpack\">\n\t\n\t\t\t<div class=\"wordcamp-image__featured-image-container wordcamp-sponsors__featured-image wordcamp-sponsors__logo align-center\"><a href=\"https:\/\/bilbao.wordcamp.org\/2020\/sponsor\/jetpack\/\" class=\"wordcamp-image__featured-image-link\"><img loading=\"lazy\" decoding=\"async\" width=\"298\" height=\"83\" src=\"https:\/\/bilbao.wordcamp.org\/2020\/files\/2020\/02\/Jetpack_Horizontal_RGB_500-300x83.png\" class=\"wordcamp-image__featured-image wp-post-image\" alt=\"\" srcset=\"https:\/\/bilbao.wordcamp.org\/2020\/files\/2020\/02\/Jetpack_Horizontal_RGB_500-300x83.png 300w, https:\/\/bilbao.wordcamp.org\/2020\/files\/2020\/02\/Jetpack_Horizontal_RGB_500-493x138.png 493w, https:\/\/bilbao.wordcamp.org\/2020\/files\/2020\/02\/Jetpack_Horizontal_RGB_500.png 500w\" sizes=\"auto, (max-width: 298px) 100vw, 298px\" \/><\/a><\/div>\t\n\t<\/div>\n\n<\/li><li class=\"wordcamp-post-list__post wordcamp-clearfix\">\n<div class=\"wordcamp-sponsor wordcamp-sponsors__post slug-woocommerce\">\n\t\n\t\t\t<div class=\"wordcamp-image__featured-image-container wordcamp-sponsors__featured-image wordcamp-sponsors__logo align-center\"><a href=\"https:\/\/bilbao.wordcamp.org\/2020\/sponsor\/woocommerce\/\" class=\"wordcamp-image__featured-image-link\"><img loading=\"lazy\" decoding=\"async\" width=\"298\" height=\"89\" src=\"https:\/\/bilbao.wordcamp.org\/2020\/files\/2020\/02\/logo-woocommerce-black-300x89.png\" class=\"wordcamp-image__featured-image wp-post-image\" alt=\"\" srcset=\"https:\/\/bilbao.wordcamp.org\/2020\/files\/2020\/02\/logo-woocommerce-black-300x89.png 300w, https:\/\/bilbao.wordcamp.org\/2020\/files\/2020\/02\/logo-woocommerce-black-500x148.png 500w, https:\/\/bilbao.wordcamp.org\/2020\/files\/2020\/02\/logo-woocommerce-black.png 510w\" sizes=\"auto, (max-width: 298px) 100vw, 298px\" \/><\/a><\/div>\t\n\t<\/div>\n\n<\/li><\/ul>\n\n\n<div class=\"wp-block-group\"><div class=\"wp-block-group__inner-container is-layout-flow wp-block-group-is-layout-flow\">\n<hr class=\"wp-block-separator\" \/>\n\n\n\n<h2 class=\"has-accent-color has-text-color has-text-align-center wp-block-heading\"><strong>PATROCINADORES PLATA<\/strong><\/h2>\n\n\n\n<div style=\"height:20px\" aria-hidden=\"true\" class=\"wp-block-spacer\"><\/div>\n<\/div><\/div>\n\n\n<ul class=\"wordcamp-block wordcamp-post-list has-layout-grid wordcamp-sponsors plata has-grid-columns-3\"><li class=\"wordcamp-post-list__post wordcamp-clearfix\">\n<div class=\"wordcamp-sponsor wordcamp-sponsors__post slug-bluehost\">\n\t\n\t\t\t<div class=\"wordcamp-image__featured-image-container wordcamp-sponsors__featured-image wordcamp-sponsors__logo align-center\"><a href=\"https:\/\/bilbao.wordcamp.org\/2020\/sponsor\/bluehost\/\" class=\"wordcamp-image__featured-image-link\"><img loading=\"lazy\" decoding=\"async\" width=\"300\" height=\"63\" src=\"https:\/\/bilbao.wordcamp.org\/2020\/files\/2020\/02\/bh_logo_2015-300x63.png\" class=\"wordcamp-image__featured-image wp-post-image\" alt=\"\" srcset=\"https:\/\/bilbao.wordcamp.org\/2020\/files\/2020\/02\/bh_logo_2015-300x63.png 300w, https:\/\/bilbao.wordcamp.org\/2020\/files\/2020\/02\/bh_logo_2015-500x105.png 500w, https:\/\/bilbao.wordcamp.org\/2020\/files\/2020\/02\/bh_logo_2015.png 651w\" sizes=\"auto, (max-width: 300px) 100vw, 300px\" \/><\/a><\/div>\t\n\t<\/div>\n\n<\/li><li class=\"wordcamp-post-list__post wordcamp-clearfix\">\n<div class=\"wordcamp-sponsor wordcamp-sponsors__post slug-godaddy\">\n\t\n\t\t\t<div class=\"wordcamp-image__featured-image-container wordcamp-sponsors__featured-image wordcamp-sponsors__logo align-center\"><a href=\"https:\/\/bilbao.wordcamp.org\/2020\/sponsor\/godaddy\/\" class=\"wordcamp-image__featured-image-link\"><img loading=\"lazy\" decoding=\"async\" width=\"300\" height=\"47\" src=\"https:\/\/bilbao.wordcamp.org\/2020\/files\/2020\/02\/godaddy-pro-300x47.png\" class=\"wordcamp-image__featured-image wp-post-image\" alt=\"\" srcset=\"https:\/\/bilbao.wordcamp.org\/2020\/files\/2020\/02\/godaddy-pro-300x47.png 300w, https:\/\/bilbao.wordcamp.org\/2020\/files\/2020\/02\/godaddy-pro-500x78.png 500w, https:\/\/bilbao.wordcamp.org\/2020\/files\/2020\/02\/godaddy-pro.png 600w\" sizes=\"auto, (max-width: 300px) 100vw, 300px\" \/><\/a><\/div>\t\n\t<\/div>\n\n<\/li><\/ul>\n\n\n<hr class=\"wp-block-separator is-style-wide\" \/>\n\n\n\n<h2 class=\"has-accent-color has-text-color has-text-align-center wp-block-heading\"><strong>PATROCINADORES BRONCE<\/strong><\/h2>\n\n\n\n<div style=\"height:20px\" aria-hidden=\"true\" class=\"wp-block-spacer\"><\/div>\n\n\n<ul class=\"wordcamp-block wordcamp-post-list has-layout-grid wordcamp-sponsors plata has-grid-columns-3\"><li class=\"wordcamp-post-list__post wordcamp-clearfix\">\n<div class=\"wordcamp-sponsor wordcamp-sponsors__post slug-webempresa\">\n\t\n\t\t\t<div class=\"wordcamp-image__featured-image-container wordcamp-sponsors__featured-image wordcamp-sponsors__logo align-center\"><a href=\"https:\/\/bilbao.wordcamp.org\/2020\/sponsor\/webempresa\/\" class=\"wordcamp-image__featured-image-link\"><img loading=\"lazy\" decoding=\"async\" width=\"294\" height=\"49\" src=\"https:\/\/bilbao.wordcamp.org\/2020\/files\/2020\/02\/logo-webempresa-2020-sinbaseline-1-300x49.png\" class=\"wordcamp-image__featured-image wp-post-image\" alt=\"\" srcset=\"https:\/\/bilbao.wordcamp.org\/2020\/files\/2020\/02\/logo-webempresa-2020-sinbaseline-1-300x49.png 300w, https:\/\/bilbao.wordcamp.org\/2020\/files\/2020\/02\/logo-webempresa-2020-sinbaseline-1.png 340w\" sizes=\"auto, (max-width: 294px) 100vw, 294px\" \/><\/a><\/div>\t\n\t<\/div>\n\n<\/li><\/ul>\n\n\n<hr class=\"wp-block-separator is-style-wide\" \/>\n\n\n\n<h2 class=\"has-accent-color has-text-color has-text-align-center wp-block-heading\"><strong>MICROPATROCINADORES<\/strong><\/h2>\n\n\n<ul class=\"wordcamp-block wordcamp-post-list has-layout-grid wordcamp-sponsors plata has-grid-columns-3\"><li class=\"wordcamp-post-list__post wordcamp-clearfix\">\n<div class=\"wordcamp-sponsor wordcamp-sponsors__post slug-wetopi\">\n\t\n\t\t\t<div class=\"wordcamp-image__featured-image-container wordcamp-sponsors__featured-image wordcamp-sponsors__logo align-center\"><a href=\"https:\/\/bilbao.wordcamp.org\/2020\/sponsor\/wetopi\/\" class=\"wordcamp-image__featured-image-link\"><img loading=\"lazy\" decoding=\"async\" width=\"300\" height=\"126\" src=\"https:\/\/bilbao.wordcamp.org\/2020\/files\/2020\/02\/wetopi-logo-300x126.png\" class=\"wordcamp-image__featured-image wp-post-image\" alt=\"\" srcset=\"https:\/\/bilbao.wordcamp.org\/2020\/files\/2020\/02\/wetopi-logo-300x126.png 300w, https:\/\/bilbao.wordcamp.org\/2020\/files\/2020\/02\/wetopi-logo-500x210.png 500w, https:\/\/bilbao.wordcamp.org\/2020\/files\/2020\/02\/wetopi-logo.png 509w\" sizes=\"auto, (max-width: 300px) 100vw, 300px\" \/><\/a><\/div>\t\n\t<\/div>\n\n<\/li><\/ul>\n\n\n<hr class=\"wp-block-separator is-style-wide\" \/>\n\n\n\n<div style=\"height:20px\" aria-hidden=\"true\" class=\"wp-block-spacer\"><\/div>\n\n\n\n<div style=\"height:20px\" aria-hidden=\"true\" class=\"wp-block-spacer\"><\/div>\n\n\n\n<h3 class=\"has-text-align-center wp-block-heading\">\u00bfTe interesar\u00eda participar como patrocinador?<\/h3>\n\n\n\n<p class=\"has-text-align-center\">Visita nuestra secci\u00f3n de <a href=\"https:\/\/2020.bilbao.wordcamp.org\/patrocinar\/\"><strong>patrocinios<\/strong><\/a> donde te damos m\u00e1s informaci\u00f3n sobre c\u00f3mo puedes ayudarnos a hacer mejor la WordCamp Bilbao 2020.<\/p>\n","protected":false},"excerpt":{"rendered":"<p>Los patrocinadores son los que realmente hacen posible que la WordCamp Bilbao 2020 se pueda celebrar. Nos permiten cubrir los gastos del evento, atender las necesidades de los asistentes y tener precios asequibles. \u00a1Gracias por colaborar con nosotros\/as! PATROCINADORES ORO PATROCINADORES PLATA PATROCINADORES BRONCE MICROPATROCINADORES \u00bfTe interesar\u00eda participar como patrocinador? Visita nuestra secci\u00f3n de patrocinios [&hellip;]<\/p>\n","protected":false},"author":13770116,"featured_media":0,"parent":0,"menu_order":0,"comment_status":"closed","ping_status":"closed","template":"templates\/template-full-width.php","meta":{"jetpack_post_was_ever_published":false,"footnotes":""},"class_list":["post-10","page","type-page","status-publish","hentry"],"jetpack_sharing_enabled":true,"_links":{"self":[{"href":"https:\/\/bilbao.wordcamp.org\/2020\/wp-json\/wp\/v2\/pages\/10","targetHints":{"allow":["GET"]}}],"collection":[{"href":"https:\/\/bilbao.wordcamp.org\/2020\/wp-json\/wp\/v2\/pages"}],"about":[{"href":"https:\/\/bilbao.wordcamp.org\/2020\/wp-json\/wp\/v2\/types\/page"}],"replies":[{"embeddable":true,"href":"https:\/\/bilbao.wordcamp.org\/2020\/wp-json\/wp\/v2\/comments?post=10"}],"version-history":[{"count":20,"href":"https:\/\/bilbao.wordcamp.org\/2020\/wp-json\/wp\/v2\/pages\/10\/revisions"}],"predecessor-version":[{"id":798,"href":"https:\/\/bilbao.wordcamp.org\/2020\/wp-json\/wp\/v2\/pages\/10\/revisions\/798"}],"author":[{"embeddable":true,"href":"https:\/\/bilbao.wordcamp.org\/2020\/wp-json\/wporg\/v1\/users\/roxperez"}],"wp:attachment":[{"href":"https:\/\/bilbao.wordcamp.org\/2020\/wp-json\/wp\/v2\/media?parent=10"}],"curies":[{"name":"wp","href":"https:\/\/api.w.org\/{rel}","templated":true}]}}