{"id":396,"date":"2020-02-09T12:00:56","date_gmt":"2020-02-09T11:00:56","guid":{"rendered":"https:\/\/2020.bilbao.wordcamp.org\/?page_id=396"},"modified":"2020-02-11T16:28:50","modified_gmt":"2020-02-11T15:28:50","slug":"patrocinar","status":"publish","type":"page","link":"https:\/\/bilbao.wordcamp.org\/2020\/patrocinar\/","title":{"rendered":"Patrocinar"},"content":{"rendered":"\n<p class=\"has-text-align-center has-larger-font-size\">Gracias al apoyo de los patrocinadores, <strong>m\u00e1s de 250 personas<\/strong>, podr\u00e1n disfrutar de una WordCamp de categor\u00eda a un precio asequible.<\/p>\n\n\n\n<h3 class=\"has-text-align-center wp-block-heading\">\u00bfQue har\u00edamos sin vosotros?<\/h3>\n\n\n\n<div class=\"wp-block-columns alignwide is-layout-flex wp-container-core-columns-is-layout-9d6595d7 wp-block-columns-is-layout-flex\">\n<div class=\"wp-block-column is-layout-flow wp-block-column-is-layout-flow\">\n<p><\/p>\n\n\n\n<p class=\"has-text-align-justify has-large-font-size\">Al patrocinar la <strong>WordCamp Bilbao 2020<\/strong>, estar\u00e1s dando un apoyo de valor incalculable a la comunidad de WordPress de la regi\u00f3n, y adem\u00e1s, mostrar\u00e1s tu marca y tus productos o servicios a una audiencia en constante crecimiento compuesta por desarrolladores, dise\u00f1adores, bloggers, medios, editores, emprendedores, administradores de sitios web, y muchos m\u00e1s.<\/p>\n<\/div>\n\n\n\n<div class=\"wp-block-column is-layout-flow wp-block-column-is-layout-flow\">\n<figure class=\"wp-block-image alignwide size-large\"><img loading=\"lazy\" decoding=\"async\" width=\"680\" height=\"490\" src=\"https:\/\/2020.bilbao.wordcamp.org\/files\/2020\/02\/patrocinadores.png\" alt=\"\" class=\"wp-image-320\" srcset=\"https:\/\/bilbao.wordcamp.org\/2020\/files\/2020\/02\/patrocinadores.png 680w, https:\/\/bilbao.wordcamp.org\/2020\/files\/2020\/02\/patrocinadores-300x216.png 300w, https:\/\/bilbao.wordcamp.org\/2020\/files\/2020\/02\/patrocinadores-416x300.png 416w\" sizes=\"auto, (max-width: 680px) 100vw, 680px\" \/><\/figure>\n<\/div>\n<\/div>\n\n\n\n<p class=\"has-text-color has-background has-text-align-center has-larger-font-size has-accent-color has-subtle-background-background-color\"><strong><em>\u201cColaborar con una WordCamp es contribuir con WordPress\u201d<\/em><\/strong><\/p>\n\n\n\n<div style=\"height:20px\" aria-hidden=\"true\" class=\"wp-block-spacer\"><\/div>\n\n\n\n<div class=\"wp-block-columns is-layout-flex wp-container-core-columns-is-layout-9d6595d7 wp-block-columns-is-layout-flex\">\n<div class=\"wp-block-column is-layout-flow wp-block-column-is-layout-flow\">\n<h2 class=\"has-accent-color has-text-color has-text-align-left ayu wp-block-heading\">\u00bfNos ayudas? &#8211;&gt;<\/h2>\n<\/div>\n\n\n\n<div class=\"wp-block-column is-layout-flow wp-block-column-is-layout-flow\">\n<div class=\"wp-block-button alignright\"><a class=\"wp-block-button__link\" href=\"https:\/\/2020.bilbao.wordcamp.org\/files\/2020\/02\/patrocinadores_WCBilbao2020.pdf\">DOSSIER PARA PATROCINADORES<\/a><\/div>\n<\/div>\n<\/div>\n\n\n\n<figure class=\"wp-block-image alignwide size-large\"><img loading=\"lazy\" decoding=\"async\" width=\"724\" height=\"1024\" src=\"https:\/\/2020.bilbao.wordcamp.org\/files\/2020\/02\/tabla-724x1024.png\" alt=\"\" class=\"wp-image-487\" srcset=\"https:\/\/bilbao.wordcamp.org\/2020\/files\/2020\/02\/tabla-724x1024.png 724w, https:\/\/bilbao.wordcamp.org\/2020\/files\/2020\/02\/tabla-212x300.png 212w, https:\/\/bilbao.wordcamp.org\/2020\/files\/2020\/02\/tabla-768x1086.png 768w, https:\/\/bilbao.wordcamp.org\/2020\/files\/2020\/02\/tabla-1086x1536.png 1086w, https:\/\/bilbao.wordcamp.org\/2020\/files\/2020\/02\/tabla-1200x1697.png 1200w, https:\/\/bilbao.wordcamp.org\/2020\/files\/2020\/02\/tabla.png 1400w\" sizes=\"auto, (max-width: 724px) 100vw, 724px\" \/><\/figure>\n\n\n\n<hr class=\"wp-block-separator\" \/>\n\n\n\n<h2 class=\"has-accent-color has-text-color has-text-align-center wp-block-heading\">Otras formas de colaborar<\/h2>\n\n\n\n<p><\/p>\n\n\n\n<div class=\"wp-block-columns is-layout-flex wp-container-core-columns-is-layout-9d6595d7 wp-block-columns-is-layout-flex\">\n<div class=\"wp-block-column is-layout-flow wp-block-column-is-layout-flow\">\n<p class=\"has-large-font-size\">Para la organizaci\u00f3n del evento necesitamos pagar diferentes cosas: comida, bebida, impresiones, acreditaciones, camisetas, pegatinas, regalos para los ponentes, etc.<\/p>\n<\/div>\n\n\n\n<div class=\"wp-block-column is-layout-flow wp-block-column-is-layout-flow\">\n<p class=\"has-large-font-size\">Si puedes proveer un equivalente a estos recursos que necesitamos <strong>podemos aceptar un patrocinio en especie<\/strong> que nos ayude a celebrar el evento.<\/p>\n<\/div>\n<\/div>\n\n\n<div data-test='contact-form'\n\t\t\tid='contact-form-396'\n\t\t\tclass='wp-block-jetpack-contact-form-container '\n\t\t\tdata-wp-interactive='jetpack\/form' data-wp-context='{\"formId\":\"396\",\"formHash\":\"c44a8f52016579d30f2936b5fea4f5b0f7dd0d1b\",\"showErrors\":false,\"errors\":[],\"fields\":[],\"isMultiStep\":false,\"useAjax\":true,\"submissionData\":null,\"formattedSubmissionData\":[],\"submissionSuccess\":false,\"submissionError\":null,\"elementId\":\"jp-form-c44a8f52016579d30f2936b5fea4f5b0f7dd0d1b\",\"isSingleInputForm\":false}'\n\t\t\tdata-wp-watch--scroll-to-wrapper=\"callbacks.scrollToWrapper\"\n\t\t>\n<div class=\"contact-form-submission contact-form-ajax-submission\" data-wp-bind--aria-hidden=\"state.isSuccessMessageAriaHidden\" data-wp-class--submission-success=\"context.submissionSuccess\" id=\"contact-form-success-c44a8f52016579d30f2936b5fea4f5b0f7dd0d1b\" tabindex=\"-1\" aria-labelledby=\"contact-form-success-header-c44a8f52016579d30f2936b5fea4f5b0f7dd0d1b\"><p class=\"go-back-message\"><a class=\"link\" role=\"button\" tabindex=\"0\" data-wp-on--click=\"actions.goBack\" href=\"\/2020\/wp-json\/wp\/v2\/pages\/396\">\u2190 Back<\/a><\/p><h4 data-wp-bind--aria-hidden=\"state.isSuccessMessageAriaHidden\" id=\"contact-form-success-header-c44a8f52016579d30f2936b5fea4f5b0f7dd0d1b\">Tu mensaje se ha enviado<\/h4>\n\n<template data-wp-each--submission=\"context.formattedSubmissionData\">\n\t\t\t\t\t<div class=\"jetpack_forms_contact-form-success-summary\">\n\t\t\t\t\t\t<div class=\"field-name\" data-wp-text=\"context.submission.label\" data-wp-bind--hidden=\"!context.submission.label\"><\/div>\n\t\t\t\t\t\t<div class=\"field-value\" data-wp-text=\"context.submission.value\" data-wp-bind--hidden=\"!context.submission.showPlainValue\"><\/div>\n\t\t\t\t\t\t<a class=\"field-url\" data-wp-bind--href=\"context.submission.url\" data-wp-text=\"context.submission.value\" data-wp-bind--hidden=\"!context.submission.url\" target=\"_blank\" rel=\"noopener noreferrer\"><\/a>\n\t\t\t\t\t\t<div class=\"field-rating\" data-wp-bind--hidden=\"!context.submission.rating\" data-wp-watch=\"callbacks.watchRatingIcons\"><\/div>\n\t\t\t\t\t\t<div class=\"field-images\" data-wp-bind--hidden=\"!context.submission.images\">\n\t\t\t\t\t\t\t<template data-wp-each--image=\"context.submission.images\">\n\t\t\t\t\t\t\t\t<div class=\"field-image-option\" data-wp-class--is-empty=\"!context.image.src\">\n\t\t\t\t\t\t\t\t\t<figure class=\"field-image-option__image\" data-wp-class--is-empty=\"!context.image.src\">\n\t\t\t\t\t\t\t\t\t\t<img data-wp-bind--src=\"context.image.src\" data-wp-bind--hidden=\"!context.image.src\" \/>\n\t\t\t\t\t\t\t\t\t\t<img decoding=\"async\" src=\"data:image\/gif;base64,R0lGODlhAQABAAD\/ACwAAAAAAQABAAACADs=\" data-wp-bind--hidden=\"context.image.src\" \/>\n\t\t\t\t\t\t\t\t\t<\/figure>\n\t\t\t\t\t\t\t\t\t<div class=\"field-image-option__label-wrapper\">\n\t\t\t\t\t\t\t\t\t\t<span class=\"field-image-option__label-code\" data-wp-text=\"context.image.letterCode\"><\/span>\n\t\t\t\t\t\t\t\t\t\t<span class=\"field-image-option__label\" data-wp-text=\"context.image.label\" data-wp-bind--hidden=\"!context.image.label\"><\/span>\n\t\t\t\t\t\t\t\t\t<\/div>\n\t\t\t\t\t\t\t\t<\/div>\n\t\t\t\t\t\t\t<\/template>\n\t\t\t\t\t\t<\/div>\n\t\t\t\t\t\t<div class=\"field-files\" data-wp-bind--hidden=\"!context.submission.files\">\n\t\t\t\t\t\t\t<template data-wp-each--file=\"context.submission.files\">\n\t\t\t\t\t\t\t\t<div class=\"field-file\">\n\t\t\t\t\t\t\t\t\t<div class=\"field-file__thumbnail\" data-wp-style--background-image=\"context.file.previewUrl\" data-wp-style--mask-image=\"context.file.iconUrl\" data-wp-bind--hidden=\"!context.file.hasPreview\"><\/div>\n\t\t\t\t\t\t\t\t\t<svg class=\"field-file__icon\" data-wp-bind--hidden=\"context.file.hasPreview\" width=\"20\" height=\"20\" viewBox=\"0 0 24 24\" fill=\"none\" xmlns=\"http:\/\/www.w3.org\/2000\/svg\" aria-hidden=\"true\">\n\t\t\t\t\t\t\t\t\t\t<path d=\"M14 2H6C4.9 2 4 2.9 4 4V20C4 21.1 4.89 22 5.99 22H18C19.1 22 20 21.1 20 20V8L14 2ZM18 20H6V4H13V9H18V20Z\" fill=\"currentColor\"\/>\n\t\t\t\t\t\t\t\t\t<\/svg>\n\t\t\t\t\t\t\t\t\t<span class=\"field-file__name\" data-wp-text=\"context.file.name\"><\/span>\n\t\t\t\t\t\t\t\t\t<span class=\"field-file__size\" data-wp-text=\"context.file.size\"><\/span>\n\t\t\t\t\t\t\t\t<\/div>\n\t\t\t\t\t\t\t<\/template>\n\t\t\t\t\t\t<\/div>\n\t\t\t\t\t<\/div>\n\t\t\t\t<\/template><\/div><form action='https:\/\/bilbao.wordcamp.org\/2020\/patrocinar\/'\n\t\t\t\tid='jp-form-c44a8f52016579d30f2936b5fea4f5b0f7dd0d1b'\n\t\t\t\tmethod='post'\n\t\t\t\tclass='contact-form commentsblock' aria-label=\"Patrocinar\"\n\t\t\t\tdata-wp-on--submit=\"actions.onFormSubmit\"\n\t\t\t\tdata-wp-on--reset=\"actions.onFormReset\"\n\t\t\t\tdata-wp-class--submission-success=\"context.submissionSuccess\"\n\t\t\t\tdata-wp-class--is-first-step=\"state.isFirstStep\"\n\t\t\t\tdata-wp-class--is-last-step=\"state.isLastStep\"\n\t\t\t\tdata-wp-class--is-ajax-form=\"context.useAjax\"\n\t\t\t\tnovalidate >\n<input type='hidden' name='jetpack_contact_form_jwt' value='eyJ0eXAiOiJKV1QiLCJhbGciOiJIUzI1NiJ9.eyJlbmNyeXB0ZWRfYXR0cmlidXRlcyI6IjVmYnpuYlNKVll2SWlvUWl0OWUwUW4veVp4NThSMCt6YVVJRExIampsd1pTdG1PQ0c1bFVDdlBmSlRzUU9MdHliN1Eza1g0RFRNcEVCYVFBTGZSK2VOWDRaSjV4WWU1aVlZT0Q2b3A1ZU1yWm13anZSUzJnREkxRHFKL21idVBGeWJKWXdtS3MzVXBERzZQTEtHMHpwTHJ0ZTRZVEhiL3BETzVmNzV1TE9QL09wMm80cjFmRUs1YnpsMkRzUW5KVEZtdXdGWkMyR0U3MlNPRXZXVldNVTNJYTIrbk8zbWFwZUoyZzdpMzlyYTFod210TmZiTTJnTWxwRDZFaHdIVERwcEhEUUUvNzNtVUxlR2o1dGRGQXFQaVpTQkxPZkx0ZEgwRC9YbDdTTEQwTGwrakZWTkw5MzhEcVpwMjhXNEI4VGo3MHp3bHBoRFFKUjFZcm8yMTQ5U3hTZkVjNTAxejRuaFBYN21FSUppMTMxMTcrdThYdUlWeWpZdWhHaG9BNk0vclN1azBZZmZiSEY1aVlFR3ByaTcrclBRRnlEdUlva3hXcmY3ZEVNS1JoY2Q3SVZ2dVA5QVpKbjFLOG5PcTdvZy9kR2RiMERNaVpTZTd3bUxOa3pJQmJsK1lPNTUwczFaOXc4VTdBSklUS3RQbXZTb0ZSeGxPbnZCendjSW5CMkZLMVF1R1k4a0JSVzZJZHFRSnV4Q21udW1od2h1ZGpIbGhVV0t1OWlhUUNBYmhicGtROUJzSGhvQUltVWMxaWY3alZtZU9Xa3dtQlB1TjhEcHN2aEFFSHl6VzU0M2kwNXJvWDNWYW1CdENkQ1JHZjVRK2k4WWtxNWpMeThGZkNQSGJCV1NySlp3TFU0M2VPbm8venF6b0NjS2h3UGM3cXdCdFJwZEtMTUs5aWhpamt5SmFqZUd1R0RzQU9Ga1lnd3c1UGRoZktxZytyT0pCOHFqd0N0NjVWeUVJVUpxNUk3TGdtdmExME5TR21mRDQ2Z21xK3l6SHpRTjAvaHhuSTRnRXdaTUtwcUZtTGNBWHdXQzNpbUkyY2d2UWw5VjZNa0pwbE8zRVJaaERRUHJrSXU5dC81YnJhUklQWEdIOUxtbVFNcFFwOE95Q2UwbUU1QnVPdHgzVmY2V1NFSFRQMFVNN1JUR1c2amMvY2tpQWtaWXBSSWRYM01UcXdFYVFDZGh4aVBEbHVuVG9RejRZPSIsImNvbnRlbnQiOiJcblxuPGJsb2NrcXVvdGUgY2xhc3M9XCJ3cC1ibG9jay1xdW90ZSBpcy1sYXlvdXQtZmxvdyB3cC1ibG9jay1xdW90ZS1pcy1sYXlvdXQtZmxvd1wiPjxwPlNpIGJ1c2NhYmFzIGNvbGFib3JhciBkZSBhbGd1bmEgb3RyYSBmb3JtYSBxdWUgbm8gYXBhcmVjZSBhcXVcdTAwZWQsIHBvciBmYXZvciwgY29udGFjdGEgY29uIG5vc290cm9zIHkgY3VcdTAwZTludGFub3MgdHUgb2ZlcnRhLjxicj48YnI-TnVlc3RyYSBpbnRlbmNpXHUwMGYzbiBlczxzdHJvbmc-IGRldm9sdmVyIHRvZG8gbG8gcXVlIHBvZGFtb3MgYSBsYSBjb211bmlkYWQgZGUgV29yZFByZXNzPC9zdHJvbmc-LCBhc1x1MDBlZCBxdWUgZXN0YXJlbW9zIGVuY2FudGFkb3MgZGUgdHJhYmFqYXIgY29udGlnbyBwYXJhIGNvbnNlZ3VpcmxvLjwvcD48L2Jsb2NrcXVvdGU-XG5cblxuW2NvbnRhY3QtZmllbGQgbGFiZWw9XCJOb21icmUgLyBFbXByZXNhXCIgcmVxdWlyZWQ9XCIxXCIgdHlwZT1cIm5hbWVcIi9dXG5cbltjb250YWN0LWZpZWxkIHJlcXVpcmVkPVwiMVwiIHR5cGU9XCJlbWFpbFwiIGxhYmVsPVwiQ29ycmVvIGVsZWN0clx1MDBmM25pY29cIi9dXG5cbltjb250YWN0LWZpZWxkIHJlcXVpcmVkPVwiMVwiIHR5cGU9XCJ0ZXh0YXJlYVwiIGxhYmVsPVwiTWVuc2FqZVwiL11cbiIsImhhc2giOiJjNDRhOGY1MjAxNjU3OWQzMGYyOTM2YjVmZWE0ZjViMGY3ZGQwZDFiIiwic291cmNlIjp7ImVudHJ5X3RpdGxlIjoiUGF0cm9jaW5hciIsImVudHJ5X3BhZ2UiOjEsInNvdXJjZV9pZCI6Mzk2LCJzb3VyY2VfdHlwZSI6InNpbmdsZSIsInJlcXVlc3RfdXJsIjoiaHR0cHM6Ly9iaWxiYW8ud29yZGNhbXAub3JnLzIwMjAvd3AtanNvbi93cC92Mi9wYWdlcy8zOTYifSwidmVyc2lvbiI6MiwiY2lwaGVyIjoiYWVzLTI1Ni1nY20ifQ.-RKl1MEWoD0Urn5sOBmR08sTLiZWMtrYY4VmPlYqvCM' \/>\n\n\n<blockquote class=\"wp-block-quote is-layout-flow wp-block-quote-is-layout-flow\"><p>Si buscabas colaborar de alguna otra forma que no aparece aqu\u00ed, por favor, contacta con nosotros y cu\u00e9ntanos tu oferta.<br><br>Nuestra intenci\u00f3n es<strong> devolver todo lo que podamos a la comunidad de WordPress<\/strong>, as\u00ed que estaremos encantados de trabajar contigo para conseguirlo.<\/p><\/blockquote>\n\n\n\n<div style=\"\"  data-wp-interactive=\"jetpack\/form\" data-wp-context='{\"fieldId\":\"g396-nombreempresa\",\"fieldType\":\"name\",\"fieldLabel\":\"Nombre \\\/ Empresa\",\"fieldValue\":\"\",\"fieldPlaceholder\":\"\",\"fieldIsRequired\":\"1\",\"fieldErrorMessage\":\"\",\"fieldExtra\":[],\"formHash\":\"c44a8f52016579d30f2936b5fea4f5b0f7dd0d1b\"}'  class='grunion-field-name-wrap grunion-field-wrap'  data-wp-init='callbacks.initializeField' data-wp-on--jetpack-form-reset='callbacks.initializeField' >\n<label\n\t\t\t\tfor='g396-nombreempresa' class=\"grunion-field-label name\" >Nombre \/ Empresa<span class=\"grunion-label-required\" aria-hidden=\"true\">(obligatorio)<\/span><\/label>\n<input\n\t\t\t\t\ttype='text'\n\t\t\t\t\tname='g396-nombreempresa'\n\t\t\t\t\tid='g396-nombreempresa'\n\t\t\t\t\tvalue=''\n\n\t\t\t\t\tdata-wp-bind--aria-invalid='state.fieldAriaInvalid'\n\t\t\t\t\tdata-wp-bind--value='state.getFieldValue'\n\t\t\t\t\taria-describedby='g396-nombreempresa-text-error-message'\n\t\t\t\t\tdata-wp-on--input='actions.onFieldChange'\n\t\t\t\t\tdata-wp-on--blur='actions.onFieldBlur'\n\t\t\t\t\tdata-wp-class--has-value='state.hasFieldValue'\n\n\t\t\t\t\tclass='name  grunion-field' \n\t\t\t\t\trequired='true' aria-required='true'  \/>\n \n\t\t\t<div id=\"g396-nombreempresa-text-error\" class=\"contact-form__input-error\" data-wp-class--has-errors=\"state.fieldHasErrors\">\n\t\t\t\t<span class=\"contact-form__warning-icon\" aria-hidden=\"true\">\n\t\t\t\t\t<svg width=\"16\" height=\"16\" viewBox=\"0 0 16 16\" fill=\"none\" xmlns=\"http:\/\/www.w3.org\/2000\/svg\">\n\t\t\t\t\t\t<path d=\"M8.50015 11.6402H7.50015V10.6402H8.50015V11.6402Z\" \/>\n\t\t\t\t\t\t<path d=\"M7.50015 9.64018H8.50015V6.30684H7.50015V9.64018Z\" \/>\n\t\t\t\t\t\t<path fill-rule=\"evenodd\" clip-rule=\"evenodd\" d=\"M6.98331 3.0947C7.42933 2.30177 8.57096 2.30177 9.01698 3.09469L13.8771 11.7349C14.3145 12.5126 13.7525 13.4735 12.8602 13.4735H3.14004C2.24774 13.4735 1.68575 12.5126 2.12321 11.7349L6.98331 3.0947ZM8.14541 3.58496C8.08169 3.47168 7.9186 3.47168 7.85488 3.58496L2.99478 12.2251C2.93229 12.3362 3.01257 12.4735 3.14004 12.4735H12.8602C12.9877 12.4735 13.068 12.3362 13.0055 12.2251L8.14541 3.58496Z\" \/>\n\t\t\t\t\t<\/svg>\n\t\t\t\t<\/span>\n\t\t\t\t<span data-wp-text=\"state.errorMessage\" id=\"g396-nombreempresa-text-error-message\"><\/span>\n\t\t\t<\/div> \n\t<\/div>\n\n\n\n<div style=\"\"  data-wp-interactive=\"jetpack\/form\" data-wp-context='{\"fieldId\":\"g396-correoelectrnico\",\"fieldType\":\"email\",\"fieldLabel\":\"Correo electr\\u00f3nico\",\"fieldValue\":\"\",\"fieldPlaceholder\":\"\",\"fieldIsRequired\":\"1\",\"fieldErrorMessage\":\"\",\"fieldExtra\":[],\"formHash\":\"c44a8f52016579d30f2936b5fea4f5b0f7dd0d1b\"}'  class='grunion-field-email-wrap grunion-field-wrap'  data-wp-init='callbacks.initializeField' data-wp-on--jetpack-form-reset='callbacks.initializeField' >\n<label\n\t\t\t\tfor='g396-correoelectrnico' class=\"grunion-field-label email\" >Correo electr\u00f3nico<span class=\"grunion-label-required\" aria-hidden=\"true\">(obligatorio)<\/span><\/label>\n<input\n\t\t\t\t\ttype='email'\n\t\t\t\t\tname='g396-correoelectrnico'\n\t\t\t\t\tid='g396-correoelectrnico'\n\t\t\t\t\tvalue=''\n\n\t\t\t\t\tdata-wp-bind--aria-invalid='state.fieldAriaInvalid'\n\t\t\t\t\tdata-wp-bind--value='state.getFieldValue'\n\t\t\t\t\taria-describedby='g396-correoelectrnico-email-error-message'\n\t\t\t\t\tdata-wp-on--input='actions.onFieldChange'\n\t\t\t\t\tdata-wp-on--blur='actions.onFieldBlur'\n\t\t\t\t\tdata-wp-class--has-value='state.hasFieldValue'\n\n\t\t\t\t\tclass='email  grunion-field' \n\t\t\t\t\trequired='true' aria-required='true'  \/>\n \n\t\t\t<div id=\"g396-correoelectrnico-email-error\" class=\"contact-form__input-error\" data-wp-class--has-errors=\"state.fieldHasErrors\">\n\t\t\t\t<span class=\"contact-form__warning-icon\" aria-hidden=\"true\">\n\t\t\t\t\t<svg width=\"16\" height=\"16\" viewBox=\"0 0 16 16\" fill=\"none\" xmlns=\"http:\/\/www.w3.org\/2000\/svg\">\n\t\t\t\t\t\t<path d=\"M8.50015 11.6402H7.50015V10.6402H8.50015V11.6402Z\" \/>\n\t\t\t\t\t\t<path d=\"M7.50015 9.64018H8.50015V6.30684H7.50015V9.64018Z\" \/>\n\t\t\t\t\t\t<path fill-rule=\"evenodd\" clip-rule=\"evenodd\" d=\"M6.98331 3.0947C7.42933 2.30177 8.57096 2.30177 9.01698 3.09469L13.8771 11.7349C14.3145 12.5126 13.7525 13.4735 12.8602 13.4735H3.14004C2.24774 13.4735 1.68575 12.5126 2.12321 11.7349L6.98331 3.0947ZM8.14541 3.58496C8.08169 3.47168 7.9186 3.47168 7.85488 3.58496L2.99478 12.2251C2.93229 12.3362 3.01257 12.4735 3.14004 12.4735H12.8602C12.9877 12.4735 13.068 12.3362 13.0055 12.2251L8.14541 3.58496Z\" \/>\n\t\t\t\t\t<\/svg>\n\t\t\t\t<\/span>\n\t\t\t\t<span data-wp-text=\"state.errorMessage\" id=\"g396-correoelectrnico-email-error-message\"><\/span>\n\t\t\t<\/div> \n\t<\/div>\n\n\n\n<div style=\"\"  data-wp-interactive=\"jetpack\/form\" data-wp-context='{\"fieldId\":\"g396-mensaje\",\"fieldType\":\"textarea\",\"fieldLabel\":\"Mensaje\",\"fieldValue\":\"\",\"fieldPlaceholder\":\"\",\"fieldIsRequired\":\"1\",\"fieldErrorMessage\":\"\",\"fieldExtra\":[],\"formHash\":\"c44a8f52016579d30f2936b5fea4f5b0f7dd0d1b\"}'  class='grunion-field-textarea-wrap grunion-field-wrap'  data-wp-init='callbacks.initializeField' data-wp-on--jetpack-form-reset='callbacks.initializeField' >\n<label\n\t\t\t\tfor='contact-form-comment-g396-mensaje' class=\"grunion-field-label textarea\" >Mensaje<span class=\"grunion-label-required\" aria-hidden=\"true\">(obligatorio)<\/span><\/label>\n<textarea\n\t\t                style=''\n\t\t                name='g396-mensaje'\n\t\t                id='contact-form-comment-g396-mensaje'\n\t\t                rows='20'\n\t\t\t\t\t\tdata-wp-text='state.getFieldValue'\n\t\t\t\t\t\tdata-wp-on--input='actions.onFieldChange'\n\t\t\t\t\t\tdata-wp-on--blur='actions.onFieldBlur'\n\t\t\t\t\t\tdata-wp-class--has-value='state.hasFieldValue'\n\t\t\t\t\t\taria-describedby='g396-mensaje-textarea-error-message'\n\t\t\t\t\t\tdata-wp-bind--aria-invalid='state.fieldAriaInvalid'\n\t\t\t\t\t\tclass='textarea  grunion-field'  required aria-required='true'><\/textarea>\n \n\t\t\t<div id=\"g396-mensaje-textarea-error\" class=\"contact-form__input-error\" data-wp-class--has-errors=\"state.fieldHasErrors\">\n\t\t\t\t<span class=\"contact-form__warning-icon\" aria-hidden=\"true\">\n\t\t\t\t\t<svg width=\"16\" height=\"16\" viewBox=\"0 0 16 16\" fill=\"none\" xmlns=\"http:\/\/www.w3.org\/2000\/svg\">\n\t\t\t\t\t\t<path d=\"M8.50015 11.6402H7.50015V10.6402H8.50015V11.6402Z\" \/>\n\t\t\t\t\t\t<path d=\"M7.50015 9.64018H8.50015V6.30684H7.50015V9.64018Z\" \/>\n\t\t\t\t\t\t<path fill-rule=\"evenodd\" clip-rule=\"evenodd\" d=\"M6.98331 3.0947C7.42933 2.30177 8.57096 2.30177 9.01698 3.09469L13.8771 11.7349C14.3145 12.5126 13.7525 13.4735 12.8602 13.4735H3.14004C2.24774 13.4735 1.68575 12.5126 2.12321 11.7349L6.98331 3.0947ZM8.14541 3.58496C8.08169 3.47168 7.9186 3.47168 7.85488 3.58496L2.99478 12.2251C2.93229 12.3362 3.01257 12.4735 3.14004 12.4735H12.8602C12.9877 12.4735 13.068 12.3362 13.0055 12.2251L8.14541 3.58496Z\" \/>\n\t\t\t\t\t<\/svg>\n\t\t\t\t<\/span>\n\t\t\t\t<span data-wp-text=\"state.errorMessage\" id=\"g396-mensaje-textarea-error-message\"><\/span>\n\t\t\t<\/div>\n\t<\/div>\n\n\t<p class='contact-submit'>\n<div class=\"contact-form__error\" data-wp-class--show-errors=\"state.showFormErrors\"><span class=\"contact-form__warning-icon\" aria-hidden=\"true\"><i><\/i><\/span><span class=\"contact-form__error-message\" tabindex=\"-1\" data-wp-watch=\"callbacks.focusOnValidationError\" data-wp-text=\"state.getFormErrorMessage\"><\/span><ul aria-label=\"Form errors\">\n\t\t\t\t<template data-wp-each=\"state.getErrorList\" data-wp-key=\"context.item.id\">\n\t\t\t\t\t<li><a data-wp-bind--href=\"context.item.anchor\" data-wp-on--click=\"actions.scrollIntoView\" data-wp-text=\"context.item.label\"><\/a><\/li>\n\t\t\t\t<\/template>\n\t\t\t\t<\/ul><\/div><div class=\"contact-form__error\" data-wp-class--show-errors=\"state.showSubmissionError\" data-wp-text=\"context.submissionError\" tabindex=\"-1\" data-wp-watch=\"callbacks.focusOnSubmissionError\"><\/div>\t\t<button type='submit' class='pushbutton-wide'>Enviar<\/button>\t\t<input type='hidden' name='is_block' value='1' \/>\n\t\t<input type='hidden' name='contact-form-id' value='396' \/>\n\t\t<input type='hidden' name='action' value='grunion-contact-form' \/>\n\t\t<input type='hidden' name='contact-form-hash' value='c44a8f52016579d30f2936b5fea4f5b0f7dd0d1b' \/>\n\t<\/p>\n<p style=\"display: none !important;\" class=\"akismet-fields-container\" data-prefix=\"ak_\"><label>&#916;<textarea name=\"ak_hp_textarea\" cols=\"45\" rows=\"8\" maxlength=\"100\"><\/textarea><\/label><input type=\"hidden\" id=\"ak_js_1\" name=\"ak_js\" value=\"86\"\/><script>\ndocument.getElementById( \"ak_js_1\" ).setAttribute( \"value\", ( new Date() ).getTime() );\n<\/script>\n<\/p><\/form>\n<\/div>","protected":false},"excerpt":{"rendered":"<p>Gracias al apoyo de los patrocinadores, m\u00e1s de 250 personas, podr\u00e1n disfrutar de una WordCamp de categor\u00eda a un precio asequible. \u00bfQue har\u00edamos sin vosotros? Al patrocinar la WordCamp Bilbao 2020, estar\u00e1s dando un apoyo de valor incalculable a la comunidad de WordPress de la regi\u00f3n, y adem\u00e1s, mostrar\u00e1s tu marca y tus productos o [&hellip;]<\/p>\n","protected":false},"author":7925569,"featured_media":0,"parent":0,"menu_order":0,"comment_status":"closed","ping_status":"closed","template":"templates\/template-full-width.php","meta":{"jetpack_post_was_ever_published":false,"footnotes":""},"class_list":["post-396","page","type-page","status-publish","hentry"],"jetpack_sharing_enabled":true,"_links":{"self":[{"href":"https:\/\/bilbao.wordcamp.org\/2020\/wp-json\/wp\/v2\/pages\/396","targetHints":{"allow":["GET"]}}],"collection":[{"href":"https:\/\/bilbao.wordcamp.org\/2020\/wp-json\/wp\/v2\/pages"}],"about":[{"href":"https:\/\/bilbao.wordcamp.org\/2020\/wp-json\/wp\/v2\/types\/page"}],"author":[{"embeddable":true,"href":"https:\/\/bilbao.wordcamp.org\/2020\/wp-json\/wp\/v2\/users\/7925569"}],"replies":[{"embeddable":true,"href":"https:\/\/bilbao.wordcamp.org\/2020\/wp-json\/wp\/v2\/comments?post=396"}],"version-history":[{"count":27,"href":"https:\/\/bilbao.wordcamp.org\/2020\/wp-json\/wp\/v2\/pages\/396\/revisions"}],"predecessor-version":[{"id":508,"href":"https:\/\/bilbao.wordcamp.org\/2020\/wp-json\/wp\/v2\/pages\/396\/revisions\/508"}],"wp:attachment":[{"href":"https:\/\/bilbao.wordcamp.org\/2020\/wp-json\/wp\/v2\/media?parent=396"}],"curies":[{"name":"wp","href":"https:\/\/api.w.org\/{rel}","templated":true}]}}