{"id":11,"date":"2023-12-13T12:12:31","date_gmt":"2023-12-13T11:12:31","guid":{"rendered":"https:\/\/bilbao.wordcamp.org\/2024\/location\/"},"modified":"2024-03-10T10:36:23","modified_gmt":"2024-03-10T09:36:23","slug":"localizacion","status":"publish","type":"page","link":"https:\/\/bilbao.wordcamp.org\/2024\/localizacion\/","title":{"rendered":"Localizaci\u00f3n"},"content":{"rendered":"\n<main class=\"wp-block-group wpc-venue is-layout-flow wp-block-group-is-layout-flow\">\n<section class=\"wp-block-group has-global-padding is-layout-constrained wp-block-group-is-layout-constrained\">\n<h1 class=\"wp-block-heading center\" style=\"padding-top:80px;padding-bottom:20px\">Localizaci\u00f3n<\/h1>\n\n\n\n<div class=\"googlemaps\">\n\t\t\t\t<iframe loading=\"lazy\" width=\"100\" height=\"600\" frameborder=\"0\" scrolling=\"no\" marginheight=\"0\" marginwidth=\"0\"  src=\"https:\/\/www.google.com\/maps\/embed?pb=!1m18!1m12!1m3!1d2905.021161666936!2d-2.9665434225875664!3d43.27193247700477!2m3!1f0!2f0!3f0!3m2!1i1024!2i768!4f13.1!3m3!1m2!1s0xd4e51ca256d9a2b:0x72e9a28108ae3eba!2sBilbao%20AS%20Fabrik%20-%20Mondragon%20Unibertsitatea!5e0!3m2!1ses!2ses!4v1708539124059!5m2!1ses!2ses\"><\/iframe>\n\t\t\t<\/div>\n<\/section>\n\n\n\n<section class=\"wp-block-group has-global-padding is-layout-constrained wp-block-group-is-layout-constrained\">\n<h2 class=\"wp-block-heading\">As Fabrik<\/h2>\n\n\n\n<div class=\"wp-block-columns is-layout-flex wp-container-core-columns-is-layout-28f84493 wp-block-columns-is-layout-flex\">\n<div class=\"wp-block-column is-layout-flow wp-block-column-is-layout-flow\" style=\"flex-basis:33%\">\n<p><strong>Mondragon Unibertsitatea<\/strong><\/p>\n\n\n\n<p><a href=\"https:\/\/maps.app.goo.gl\/zHwr5pq1fkBnvSRw5\" data-type=\"link\" data-id=\"https:\/\/maps.app.goo.gl\/zHwr5pq1fkBnvSRw5\" target=\"_blank\" rel=\"noreferrer noopener nofollow\">Olagorta Kalea, 26<\/a><br><em>(entrada peatones por Ribera Zorrozaure, 2)<\/em><\/p>\n\n\n\n<p>48014 Bilbao, Bizkaia<\/p>\n\n\n\n<figure class=\"wp-block-image size-full\"><img loading=\"lazy\" decoding=\"async\" width=\"478\" height=\"420\" src=\"https:\/\/bilbao.wordcamp.org\/2024\/files\/2024\/02\/Bilbao-As-Fabrik-totem-entrada.png\" alt=\"\" class=\"wp-image-2036\" srcset=\"https:\/\/bilbao.wordcamp.org\/2024\/files\/2024\/02\/Bilbao-As-Fabrik-totem-entrada.png 478w, https:\/\/bilbao.wordcamp.org\/2024\/files\/2024\/02\/Bilbao-As-Fabrik-totem-entrada-300x264.png 300w, https:\/\/bilbao.wordcamp.org\/2024\/files\/2024\/02\/Bilbao-As-Fabrik-totem-entrada-341x300.png 341w\" sizes=\"auto, (max-width: 478px) 100vw, 478px\" \/><\/figure>\n<\/div>\n\n\n\n<div class=\"wp-block-column is-layout-flow wp-block-column-is-layout-flow\" style=\"flex-basis:66%\">\n<p>Inaugurada el 15 de enero de 2021, Bilbao As Fabrik naci\u00f3 como un paso en la estrategia para convertir la isla artificial de Zorrozaurre en un centro neur\u00e1lgico de talento y conocimiento en Bilbao Bizkaia.<\/p>\n\n\n\n<p>Esta antigua f\u00e1brica de tornillos de los a\u00f1os 70, totalmente abandonada, fue rehabilitada y reformada para albergar lo que hoy es un lugar dedicado a los servicios avanzados para la Industria 4.0 y la econom\u00eda digital, en el que se dan cita la formaci\u00f3n universitaria, el emprendimiento o las iniciativas empresariales innovadoras, entre otras.<\/p>\n<\/div>\n<\/div>\n<\/section>\n\n\n\n<section class=\"wp-block-group bg-medio has-global-padding is-layout-constrained wp-block-group-is-layout-constrained\">\n<h2 class=\"wp-block-heading white\">Como llegar a As Fabrik desde San Mam\u00e9s<\/h2>\n\n\n\n<p class=\"white\">Utilizamos como <strong>punto de partida com\u00fan el cruce entre Sabina Arana y Alameda de Urquijo<\/strong>. Est\u00e1 cerca del metro, de la estaci\u00f3n de autobuses (Intermodal), del tranv\u00eda y punto de entrada desde la autov\u00eda<\/p>\n\n\n\n<div class=\"wp-block-columns is-layout-flex wp-container-core-columns-is-layout-28f84493 wp-block-columns-is-layout-flex\">\n<div class=\"wp-block-column is-layout-flow wp-block-column-is-layout-flow\" style=\"flex-basis:25%\">\n<div class=\"wp-block-group box venue-icon icon-walk has-global-padding is-layout-constrained wp-block-group-is-layout-constrained\">\n<h3 class=\"wp-block-heading\">Caminando: (38 minutos, 3km.)<\/h3>\n\n\n\n<p><a href=\"https:\/\/maps.app.goo.gl\/zmx3d8xvrsvXiJGX7\" target=\"_blank\" rel=\"noopener\">Ruta en Google Maps<\/a><\/p>\n\n\n\n<p>El recorrido hasta Zorrozaurre permite ver algunos de los \u00faltimos vestigios industriales de la villa.<\/p>\n<\/div>\n<\/div>\n\n\n\n<div class=\"wp-block-column is-layout-flow wp-block-column-is-layout-flow\" style=\"flex-basis:25%\">\n<div class=\"wp-block-group box venue-icon icon-bus has-global-padding is-layout-constrained wp-block-group-is-layout-constrained\">\n<h3 class=\"wp-block-heading\">Transporte p\u00fablico (metro \/ autob\u00fas)<\/h3>\n\n\n\n<p>La l\u00ednea de <strong>autob\u00fas A4<\/strong> sale de Deusto y cruza a Zorrozaure.<\/p>\n\n\n\n<p>La parada mas cercana a Zorrotzaure est\u00e1 en la calle Julio Urquijo 1 (<strong><a href=\"https:\/\/maps.app.goo.gl\/rJJyRQy9zkN9vQhy9\" target=\"_blank\" rel=\"noopener\">aqu\u00ed<\/a><\/strong>)<\/p>\n\n\n\n<p>Si vas en metro, te tienes que bajar en <strong>Deusto<\/strong> y caminar hasta Lehedankari Aguirre (<strong><a href=\"https:\/\/maps.app.goo.gl\/EE5Jg9aR6AiLsZNz6\">esta parada<\/a><\/strong>)<\/p>\n\n\n\n<p>En <a href=\"https:\/\/www.bilbao.eus\/cs\/Satellite\/bilbobus\/es\/linea?idioma=es&amp;codLinea=A4&amp;temporada_linea=16&amp;sentido=2\"><strong>este enlace<\/strong><\/a> podemos ver en tiempo real el recorrido as\u00ed como los tiempos de espera<\/p>\n\n\n\n<p>Y nos tenemos que bajar <a href=\"https:\/\/maps.app.goo.gl\/zjZNQwoRZQCcy35P9\" target=\"_blank\" rel=\"noopener\"><strong>en esta parada<\/strong><\/a> y retroceder 50 metros andando para encontrar As Fabrik<\/p>\n<\/div>\n<\/div>\n\n\n\n<div class=\"wp-block-column is-layout-flow wp-block-column-is-layout-flow\" style=\"flex-basis:25%\">\n<div class=\"wp-block-group box venue-icon icon-car has-global-padding is-layout-constrained wp-block-group-is-layout-constrained\">\n<h3 class=\"wp-block-heading\">Coche \/ Taxi (8 minutos, 3km.)<\/h3>\n\n\n\n<p><a href=\"https:\/\/maps.app.goo.gl\/Aog6crmZvLbGYfMj8\">Ruta en Google Maps<\/a><\/p>\n\n\n\n<p>En la zona <strong>no hay problemas para aparcar en fin de semana<\/strong><\/p>\n<\/div>\n<\/div>\n\n\n\n<div class=\"wp-block-column is-layout-flow wp-block-column-is-layout-flow\" style=\"flex-basis:25%\">\n<div class=\"wp-block-group box venue-icon icon-microbus has-global-padding is-layout-constrained wp-block-group-is-layout-constrained\">\n<h3 class=\"wp-block-heading\"><strong>Microb\u00fas de la organizaci\u00f3n<\/strong><\/h3>\n\n\n\n<p>Est\u00e1 previsto poner un microb\u00fas tanto <strong>a la entrada (de 8:30 a 9:30) como a la salida (20:00 a 21:00).<\/strong><\/p>\n\n\n\n<p><strong>Se informar\u00e1 del punto de salida mediante email <\/strong>para ver las necesidades reales<\/p>\n<\/div>\n<\/div>\n<\/div>\n<\/section>\n\n\n\n<section class=\"wp-block-group has-global-padding is-layout-constrained wp-block-group-is-layout-constrained\">\n<div class=\"wp-block-columns is-layout-flex wp-container-core-columns-is-layout-28f84493 wp-block-columns-is-layout-flex\">\n<div class=\"wp-block-column is-layout-flow wp-block-column-is-layout-flow\">\n<figure class=\"wp-block-embed is-type-video is-provider-youtube wp-block-embed-youtube wp-embed-aspect-16-9 wp-has-aspect-ratio\"><div class=\"wp-block-embed__wrapper\">\n<span class=\"embed-youtube\" style=\"text-align:center; display: block;\"><iframe loading=\"lazy\" class=\"youtube-player\" width=\"640\" height=\"360\" src=\"https:\/\/www.youtube.com\/embed\/5GVdhF8F-_g?version=3&#038;rel=1&#038;showsearch=0&#038;showinfo=1&#038;iv_load_policy=1&#038;fs=1&#038;hl=es-ES&#038;autohide=2&#038;wmode=transparent\" allowfullscreen=\"true\" style=\"border:0;\" sandbox=\"allow-scripts allow-same-origin allow-popups allow-presentation allow-popups-to-escape-sandbox\"><\/iframe><\/span>\n<\/div><\/figure>\n<\/div>\n<\/div>\n<\/section>\n<\/main>\n","protected":false},"excerpt":{"rendered":"<p>Localizaci\u00f3n As Fabrik Mondragon Unibertsitatea Olagorta Kalea, 26(entrada peatones por Ribera Zorrozaure, 2) 48014 Bilbao, Bizkaia Inaugurada el 15 de enero de 2021, Bilbao As Fabrik naci\u00f3 como un paso en la estrategia para convertir la isla artificial de Zorrozaurre en un centro neur\u00e1lgico de talento y conocimiento en Bilbao Bizkaia. Esta antigua f\u00e1brica de [&hellip;]<\/p>\n","protected":false},"author":14888264,"featured_media":2464,"parent":0,"menu_order":0,"comment_status":"closed","ping_status":"closed","template":"page-no-title","meta":{"jetpack_post_was_ever_published":true,"footnotes":""},"class_list":["post-11","page","type-page","status-publish","has-post-thumbnail","hentry"],"jetpack_sharing_enabled":true,"_links":{"self":[{"href":"https:\/\/bilbao.wordcamp.org\/2024\/wp-json\/wp\/v2\/pages\/11","targetHints":{"allow":["GET"]}}],"collection":[{"href":"https:\/\/bilbao.wordcamp.org\/2024\/wp-json\/wp\/v2\/pages"}],"about":[{"href":"https:\/\/bilbao.wordcamp.org\/2024\/wp-json\/wp\/v2\/types\/page"}],"author":[{"embeddable":true,"href":"https:\/\/bilbao.wordcamp.org\/2024\/wp-json\/wp\/v2\/users\/14888264"}],"replies":[{"embeddable":true,"href":"https:\/\/bilbao.wordcamp.org\/2024\/wp-json\/wp\/v2\/comments?post=11"}],"version-history":[{"count":76,"href":"https:\/\/bilbao.wordcamp.org\/2024\/wp-json\/wp\/v2\/pages\/11\/revisions"}],"predecessor-version":[{"id":2424,"href":"https:\/\/bilbao.wordcamp.org\/2024\/wp-json\/wp\/v2\/pages\/11\/revisions\/2424"}],"wp:featuredmedia":[{"embeddable":true,"href":"https:\/\/bilbao.wordcamp.org\/2024\/wp-json\/wp\/v2\/media\/2464"}],"wp:attachment":[{"href":"https:\/\/bilbao.wordcamp.org\/2024\/wp-json\/wp\/v2\/media?parent=11"}],"curies":[{"name":"wp","href":"https:\/\/api.w.org\/{rel}","templated":true}]}}