{"id":2,"date":"2023-12-13T11:12:31","date_gmt":"2023-12-13T11:12:31","guid":{"rendered":"http:\/\/bilbao.wordcamp.org\/2024\/?page_id=2"},"modified":"2024-04-23T16:41:54","modified_gmt":"2024-04-23T14:41:54","slug":"wcbilbao-2024","status":"publish","type":"page","link":"https:\/\/bilbao.wordcamp.org\/2024\/","title":{"rendered":"WORDCAMP BILBAO 2024"},"content":{"rendered":"\n<section id=\"slide\" class=\"wp-block-group ancho-1280 is-layout-flow wp-block-group-is-layout-flow\">\n<div class=\"wp-block-columns is-layout-flex wp-container-core-columns-is-layout-28f84493 wp-block-columns-is-layout-flex\">\n<div class=\"wp-block-column is-layout-flow wp-block-column-is-layout-flow\" style=\"flex-basis:100%\">\n<div class=\"wp-block-columns is-layout-flex wp-container-core-columns-is-layout-28f84493 wp-block-columns-is-layout-flex\">\n<div class=\"wp-block-column is-layout-flow wp-block-column-is-layout-flow\" style=\"flex-basis:100%\">\n<figure class=\"wp-block-image alignright size-full\"><img loading=\"lazy\" decoding=\"async\" width=\"418\" height=\"100\" src=\"https:\/\/bilbao.wordcamp.org\/2024\/files\/2024\/04\/logo-wordcamp-bilbao_2024-1.png\" alt=\"\" class=\"wp-image-4418\" srcset=\"https:\/\/bilbao.wordcamp.org\/2024\/files\/2024\/04\/logo-wordcamp-bilbao_2024-1.png 418w, https:\/\/bilbao.wordcamp.org\/2024\/files\/2024\/04\/logo-wordcamp-bilbao_2024-1-300x72.png 300w\" sizes=\"auto, (max-width: 418px) 100vw, 418px\" \/><\/figure>\n<\/div>\n<\/div>\n<\/div>\n<\/div>\n\n\n\n<h3 class=\"wp-block-heading has-text-align-right is-style-default\">20 y 21 de abril<\/h3>\n\n\n\n<p class=\"has-text-align-right\">Descubre <strong>WordPress <\/strong>y<br>conecta con su <strong>comunidad<\/strong><\/p>\n\n\n\n<div class=\"wp-block-buttons is-content-justification-right is-layout-flex wp-container-core-buttons-is-layout-d445cf74 wp-block-buttons-is-layout-flex\">\n<div class=\"wp-block-button\"><a class=\"wp-block-button__link wp-element-button\" href=\"https:\/\/bilbao.wordcamp.org\/2024\/comprar-entrada\/\">Comprar Entrada<\/a><\/div>\n<\/div>\n<\/section>\n\n\n\n<section class=\"wp-block-group alignfull bg-medio has-global-padding is-layout-constrained wp-block-group-is-layout-constrained\">\n<h2 class=\"wp-block-heading has-text-align-center white\">\u00danete<\/h2>\n\n\n\n<p class=\"big white center\">Si te gusta WordPress, trabajas en algo relacionado con internet, tienes una p\u00e1gina web o un blog o simplemente quieres conocer un poco mejor a la comunidad que hay detr\u00e1s de esto\u2026<\/p>\n\n\n\n<p class=\"has-text-align-center special white\">\u00a1Te esperamos en la <strong>WordCamp Bilbao 2024<\/strong>!<\/p>\n\n\n\n<div class=\"wp-block-columns estrecho margin-100 is-layout-flex wp-container-core-columns-is-layout-28f84493 wp-block-columns-is-layout-flex\">\n<div class=\"wp-block-column box patrocinadores is-layout-flow wp-block-column-is-layout-flow\">\n<h3 class=\"wp-block-heading has-text-align-center\">Llamada<br>Patrocinadores<\/h3>\n\n\n\n<div class=\"wp-block-buttons is-content-justification-center is-layout-flex wp-container-core-buttons-is-layout-a89b3969 wp-block-buttons-is-layout-flex\">\n<div class=\"wp-block-button\"><a class=\"wp-block-button__link has-text-align-center wp-element-button\" href=\"https:\/\/bilbao.wordcamp.org\/2024\/llamada-a-patrocinadores\/\">Participa<\/a><\/div>\n<\/div>\n<\/div>\n<\/div>\n<\/section>\n\n\n\n<section class=\"wp-block-group has-global-padding is-layout-constrained wp-container-core-group-is-layout-1b76926b wp-block-group-is-layout-constrained\" style=\"padding-top:80px;padding-right:40px;padding-bottom:80px;padding-left:40px\">\n<div class=\"wp-block-columns alignwide is-layout-flex wp-container-core-columns-is-layout-28f84493 wp-block-columns-is-layout-flex\">\n<div class=\"wp-block-column is-layout-flow wp-block-column-is-layout-flow\">\n<h2 class=\"wp-block-heading has-text-align-center\">Tienes que venir por:<\/h2>\n\n\n\n<div class=\"wp-block-columns estrecho margin-100 is-layout-flex wp-container-core-columns-is-layout-28f84493 wp-block-columns-is-layout-flex\" id=\"motivos\">\n<div class=\"wp-block-column box ponencias is-layout-flow wp-block-column-is-layout-flow\">\n<h3 class=\"wp-block-heading has-text-align-center\"><a href=\"https:\/\/bilbao.wordcamp.org\/2024\/ponentes\/\" data-type=\"link\" data-id=\"https:\/\/bilbao.wordcamp.org\/2024\/ponentes\/\"><span class=\"small\">Las<\/span><br>Ponencias<\/a><\/h3>\n\n\n\n<div class=\"wp-block-buttons is-content-justification-center is-layout-flex wp-container-core-buttons-is-layout-a89b3969 wp-block-buttons-is-layout-flex\"><\/div>\n<\/div>\n\n\n\n<div class=\"wp-block-column box comunidad is-layout-flow wp-block-column-is-layout-flow\">\n<h3 class=\"wp-block-heading has-text-align-center\"><a href=\"https:\/\/bilbao.wordcamp.org\/2024\/asistentes-wordcamp-bilbao-2024\/\"><span class=\"small\">Conocer a la<\/span> Comunidad<\/a><\/h3>\n\n\n\n<div class=\"wp-block-buttons is-content-justification-center is-layout-flex wp-container-core-buttons-is-layout-a89b3969 wp-block-buttons-is-layout-flex\"><\/div>\n<\/div>\n\n\n\n<div class=\"wp-block-column box talleres is-layout-flow wp-block-column-is-layout-flow\">\n<h3 class=\"wp-block-heading has-text-align-center\"><a href=\"https:\/\/bilbao.wordcamp.org\/2024\/el-programa\/\"><span class=\"small\">Los<\/span><br>Talleres<\/a><\/h3>\n\n\n\n<div class=\"wp-block-buttons is-content-justification-center is-layout-flex wp-container-core-buttons-is-layout-a89b3969 wp-block-buttons-is-layout-flex\"><\/div>\n<\/div>\n\n\n\n<div class=\"wp-block-column box comida is-layout-flow wp-block-column-is-layout-flow\">\n<h3 class=\"wp-block-heading has-text-align-center\"><span class=\"small\">La<\/span><br>Comida<\/h3>\n\n\n\n<div class=\"wp-block-buttons is-content-justification-center is-layout-flex wp-container-core-buttons-is-layout-a89b3969 wp-block-buttons-is-layout-flex\"><\/div>\n<\/div>\n<\/div>\n<\/div>\n<\/div>\n\n\n\n<div class=\"wp-block-columns alignwide is-layout-flex wp-container-core-columns-is-layout-175efdde wp-block-columns-is-layout-flex\" style=\"padding-top:80px;padding-bottom:0px\">\n<div class=\"wp-block-column is-layout-flow wp-block-column-is-layout-flow\">\n<h2 class=\"wp-block-heading has-text-align-left\">D\u00f3nde<\/h2>\n\n\n\n<p><strong>As Fabrik<\/strong><br><a href=\"https:\/\/maps.app.goo.gl\/zHwr5pq1fkBnvSRw5\" data-type=\"link\" data-id=\"https:\/\/maps.app.goo.gl\/zHwr5pq1fkBnvSRw5\" target=\"_blank\" rel=\"noreferrer noopener nofollow\">Mondragon Unibertsitatea<\/a><\/p>\n\n\n\n<p><a href=\"https:\/\/maps.app.goo.gl\/zHwr5pq1fkBnvSRw5\" data-type=\"link\" data-id=\"https:\/\/maps.app.goo.gl\/zHwr5pq1fkBnvSRw5\" target=\"_blank\" rel=\"noreferrer noopener nofollow\">Olagorta Kalea, 26<\/a><br>(entrada peatones por Ribera Zorrozaure, 2)<\/p>\n\n\n\n<p>48014 Bilbao, Bizkaia<\/p>\n\n\n\n<hr class=\"wp-block-separator has-text-color has-alpha-channel-opacity has-background\" style=\"margin-top:20px;margin-bottom:20px;background-color:#ffffff00;color:#ffffff00\" \/>\n\n\n\n<div class=\"wp-block-buttons is-content-justification-left is-layout-flex wp-container-core-buttons-is-layout-ded227c2 wp-block-buttons-is-layout-flex\" style=\"margin-bottom:80px\">\n<div class=\"wp-block-button\"><a class=\"wp-block-button__link wp-element-button\" href=\"https:\/\/bilbao.wordcamp.org\/2024\/localizacion\/\">Ver c\u00f3mo llegar<\/a><\/div>\n<\/div>\n<\/div>\n\n\n\n<div class=\"wp-block-column is-layout-flow wp-block-column-is-layout-flow\">\n<div class=\"wp-block-jetpack-slideshow aligncenter\" data-autoplay=\"true\" data-delay=\"5\" data-effect=\"fade\"><div class=\"wp-block-jetpack-slideshow_container swiper-container\"><ul class=\"wp-block-jetpack-slideshow_swiper-wrapper swiper-wrapper\"><li class=\"wp-block-jetpack-slideshow_slide swiper-slide\"><figure><img loading=\"lazy\" decoding=\"async\" width=\"540\" height=\"360\" alt=\"\" class=\"wp-block-jetpack-slideshow_image wp-image-2396\" data-id=\"2396\" src=\"https:\/\/bilbao.wordcamp.org\/2024\/files\/2024\/02\/bilbaoasfabrik.jpg\" srcset=\"https:\/\/bilbao.wordcamp.org\/2024\/files\/2024\/02\/bilbaoasfabrik.jpg 540w, https:\/\/bilbao.wordcamp.org\/2024\/files\/2024\/02\/bilbaoasfabrik-300x200.jpg 300w, https:\/\/bilbao.wordcamp.org\/2024\/files\/2024\/02\/bilbaoasfabrik-450x300.jpg 450w\" sizes=\"(max-width: 540px) 100vw, 540px\" \/><\/figure><\/li><li class=\"wp-block-jetpack-slideshow_slide swiper-slide\"><figure><img loading=\"lazy\" decoding=\"async\" width=\"1000\" height=\"668\" alt=\"\" class=\"wp-block-jetpack-slideshow_image wp-image-2402\" data-id=\"2402\" src=\"https:\/\/bilbao.wordcamp.org\/2024\/files\/2024\/02\/exterior.jpg\" srcset=\"https:\/\/bilbao.wordcamp.org\/2024\/files\/2024\/02\/exterior.jpg 1000w, https:\/\/bilbao.wordcamp.org\/2024\/files\/2024\/02\/exterior-300x200.jpg 300w, https:\/\/bilbao.wordcamp.org\/2024\/files\/2024\/02\/exterior-768x513.jpg 768w, https:\/\/bilbao.wordcamp.org\/2024\/files\/2024\/02\/exterior-449x300.jpg 449w\" sizes=\"(max-width: 1000px) 100vw, 1000px\" \/><\/figure><\/li><li class=\"wp-block-jetpack-slideshow_slide swiper-slide\"><figure><img loading=\"lazy\" decoding=\"async\" width=\"2560\" height=\"1709\" alt=\"\" class=\"wp-block-jetpack-slideshow_image wp-image-2397\" data-id=\"2397\" src=\"https:\/\/bilbao.wordcamp.org\/2024\/files\/2024\/02\/bilbao-as-fabrik-scaled-1.jpg\" srcset=\"https:\/\/bilbao.wordcamp.org\/2024\/files\/2024\/02\/bilbao-as-fabrik-scaled-1.jpg 2560w, https:\/\/bilbao.wordcamp.org\/2024\/files\/2024\/02\/bilbao-as-fabrik-scaled-1-300x200.jpg 300w, https:\/\/bilbao.wordcamp.org\/2024\/files\/2024\/02\/bilbao-as-fabrik-scaled-1-1024x684.jpg 1024w, https:\/\/bilbao.wordcamp.org\/2024\/files\/2024\/02\/bilbao-as-fabrik-scaled-1-768x513.jpg 768w, https:\/\/bilbao.wordcamp.org\/2024\/files\/2024\/02\/bilbao-as-fabrik-scaled-1-449x300.jpg 449w, https:\/\/bilbao.wordcamp.org\/2024\/files\/2024\/02\/bilbao-as-fabrik-scaled-1-1536x1025.jpg 1536w, https:\/\/bilbao.wordcamp.org\/2024\/files\/2024\/02\/bilbao-as-fabrik-scaled-1-2048x1367.jpg 2048w\" sizes=\"(max-width: 2560px) 100vw, 2560px\" \/><\/figure><\/li><\/ul><a class=\"wp-block-jetpack-slideshow_button-prev swiper-button-prev swiper-button-white\" role=\"button\"><\/a><a class=\"wp-block-jetpack-slideshow_button-next swiper-button-next swiper-button-white\" role=\"button\"><\/a><a aria-label=\"Pause Slideshow\" class=\"wp-block-jetpack-slideshow_button-pause\" role=\"button\"><\/a><div class=\"wp-block-jetpack-slideshow_pagination swiper-pagination swiper-pagination-white\"><\/div><\/div><\/div>\n<\/div>\n<\/div>\n<\/section>\n\n\n\n<section class=\"wp-block-group alignfull bg-medio has-global-padding is-layout-constrained wp-block-group-is-layout-constrained\">\n<h2 class=\"wp-block-heading white center\">\u00bfNecesitas saber mas para decidirte?<\/h2>\n\n\n\n<p class=\"big white center medium\">Si no tienes claro si este gran evento es para ti y necesitas m\u00e1s datos, puedes consultar la informaci\u00f3n siguiente:<\/p>\n\n\n\n<div class=\"wp-block-columns estrecho margin-100 is-layout-flex wp-container-core-columns-is-layout-28f84493 wp-block-columns-is-layout-flex\">\n<div class=\"wp-block-column box entradas is-layout-flow wp-block-column-is-layout-flow\">\n<h3 class=\"wp-block-heading has-text-align-center\"><a href=\"https:\/\/bilbao.wordcamp.org\/2024\/comprar-entrada\/\" data-type=\"page\" data-id=\"13\">Entradas<\/a><\/h3>\n\n\n\n<div class=\"wp-block-buttons is-content-justification-center is-layout-flex wp-container-core-buttons-is-layout-a89b3969 wp-block-buttons-is-layout-flex\">\n<div class=\"wp-block-button\"><a class=\"wp-block-button__link wp-element-button\" href=\"https:\/\/bilbao.wordcamp.org\/2024\/comprar-entrada\/\">Compra tu entrada<\/a><\/div>\n<\/div>\n<\/div>\n\n\n\n<div class=\"wp-block-column box ponentes is-layout-flow wp-block-column-is-layout-flow\">\n<h3 class=\"wp-block-heading has-text-align-center\"><a href=\"https:\/\/bilbao.wordcamp.org\/2024\/ponentes\/\" data-type=\"page\" data-id=\"2032\">Ponentes<\/a><\/h3>\n\n\n\n<div class=\"wp-block-buttons is-content-justification-center is-layout-flex wp-container-core-buttons-is-layout-a89b3969 wp-block-buttons-is-layout-flex\">\n<div class=\"wp-block-button\"><a class=\"wp-block-button__link wp-element-button\" href=\"https:\/\/bilbao.wordcamp.org\/2024\/ponentes\/\">Conoce a los ponentes<\/a><\/div>\n<\/div>\n<\/div>\n\n\n\n<div class=\"wp-block-column box programa is-layout-flow wp-block-column-is-layout-flow\">\n<h3 class=\"wp-block-heading has-text-align-center\"><a href=\"https:\/\/bilbao.wordcamp.org\/2024\/el-programa\/\">Programa<\/a><\/h3>\n\n\n\n<div class=\"wp-block-buttons is-content-justification-center is-layout-flex wp-container-core-buttons-is-layout-a89b3969 wp-block-buttons-is-layout-flex\">\n<div class=\"wp-block-button\"><a class=\"wp-block-button__link wp-element-button\" href=\"https:\/\/bilbao.wordcamp.org\/2024\/el-programa\/\">Consulta el programa<\/a><\/div>\n<\/div>\n<\/div>\n\n\n\n<div class=\"wp-block-column box patrocinadores is-layout-flow wp-block-column-is-layout-flow\">\n<h3 class=\"wp-block-heading has-text-align-center\"><a href=\"https:\/\/bilbao.wordcamp.org\/2024\/patrocinadores\/\" data-type=\"page\" data-id=\"2029\">Patrocinadores<\/a><\/h3>\n\n\n\n<div class=\"wp-block-buttons is-content-justification-center is-layout-flex wp-container-core-buttons-is-layout-a89b3969 wp-block-buttons-is-layout-flex\">\n<div class=\"wp-block-button\"><a class=\"wp-block-button__link wp-element-button\" href=\"https:\/\/bilbao.wordcamp.org\/2024\/patrocinadores\/\">Ver patrocinadores<\/a><\/div>\n<\/div>\n<\/div>\n<\/div>\n<\/section>\n\n\n\n<section class=\"wp-block-group has-global-padding is-layout-constrained wp-container-core-group-is-layout-dca8f464 wp-block-group-is-layout-constrained\">\n<div class=\"wp-block-columns is-layout-flex wp-container-core-columns-is-layout-28f84493 wp-block-columns-is-layout-flex\">\n<div class=\"wp-block-column is-layout-flow wp-block-column-is-layout-flow\">\n<div class=\"wp-block-group has-global-padding is-layout-constrained wp-container-core-group-is-layout-e3e75a89 wp-block-group-is-layout-constrained\">\n<h2 class=\"wp-block-heading has-text-align-center\" id=\"patrocinadores\">Patrocinadores<\/h2>\n\n\n\n<p class=\"has-text-align-center center\">An\u00edmate a participar en WordCamp Bilbao 2024 como patrocinador y haz que tu marca destaque. Visita nuestra secci\u00f3n de patrocinios donde te damos m\u00e1s informaci\u00f3n sobre c\u00f3mo puedes ayudarnos a hacer mejor la WordCamp Bilbao 2024.<\/p>\n\n\n\n<hr class=\"wp-block-separator has-text-color has-alpha-channel-opacity has-background\" style=\"margin-top:20px;margin-bottom:20px;background-color:#ffffff00;color:#ffffff00\" \/>\n\n\n\n<div class=\"wp-block-buttons is-content-justification-center is-layout-flex wp-container-core-buttons-is-layout-859caeef wp-block-buttons-is-layout-flex\" style=\"margin-bottom:80px\">\n<div class=\"wp-block-button\"><a class=\"wp-block-button__link wp-element-button\" href=\"https:\/\/bilbao.wordcamp.org\/2024\/llamada-a-patrocinadores\/#form-patrocinar\">Ver planes de Patrocinio<\/a><\/div>\n\n\n\n<div class=\"wp-block-button secundario\"><a class=\"wp-block-button__link wp-element-button\" href=\"https:\/\/bilbao.wordcamp.org\/2024\/patrocinadores\/\">Ver Patrocinadores<\/a><\/div>\n<\/div>\n<\/div>\n\n\n\n<div class=\"wp-block-group has-global-padding is-layout-constrained wp-block-group-is-layout-constrained\" style=\"border-top-color:#dadada;border-top-width:2px;border-bottom-color:#dadada;border-bottom-width:2px;margin-top:0;margin-bottom:var(--wp--preset--spacing--40);padding-top:var(--wp--preset--spacing--20);padding-bottom:var(--wp--preset--spacing--20)\">\n<div class=\"wp-block-columns is-not-stacked-on-mobile is-layout-flex wp-container-core-columns-is-layout-28f84493 wp-block-columns-is-layout-flex\">\n<div class=\"wp-block-column is-vertically-aligned-center is-layout-flow wp-block-column-is-layout-flow\" style=\"border-top-style:none;border-top-width:0px;border-right-color:#ffb700;border-right-style:solid;border-right-width:6px;border-bottom-style:none;border-bottom-width:0px;border-left-style:none;border-left-width:0px;padding-right:var(--wp--preset--spacing--30)\">\n<figure class=\"wp-block-image alignright size-full\"><img loading=\"lazy\" decoding=\"async\" width=\"306\" height=\"60\" src=\"https:\/\/bilbao.wordcamp.org\/2024\/files\/2024\/04\/logo-axarnet.png\" alt=\"\" class=\"wp-image-4447\" srcset=\"https:\/\/bilbao.wordcamp.org\/2024\/files\/2024\/04\/logo-axarnet.png 306w, https:\/\/bilbao.wordcamp.org\/2024\/files\/2024\/04\/logo-axarnet-300x59.png 300w\" sizes=\"auto, (max-width: 306px) 100vw, 306px\" \/><\/figure>\n<\/div>\n\n\n\n<div class=\"wp-block-column is-vertically-aligned-center is-layout-flow wp-block-column-is-layout-flow\">\n<p class=\"has-text-align-left\"><strong>Patrocinador del CONTROL DE PASAPORTE<\/strong><\/p>\n<\/div>\n<\/div>\n<\/div>\n\n\n\n<h3 class=\"wp-block-heading has-text-align-center\">D\u00f3nde<\/h3>\n\n\n\n<div class=\"wp-block-columns are-vertically-aligned-center section-patro is-layout-flex wp-container-core-columns-is-layout-8eb77903 wp-block-columns-is-layout-flex\" style=\"margin-top:0;margin-bottom:0\">\n<div class=\"wp-block-column is-vertically-aligned-center is-layout-flow wp-container-core-column-is-layout-9f71fe31 wp-block-column-is-layout-flow\" style=\"padding-top:var(--wp--preset--spacing--20);padding-right:0px;padding-bottom:var(--wp--preset--spacing--20);padding-left:0px\">\n<figure class=\"wp-block-image aligncenter size-full\"><img loading=\"lazy\" decoding=\"async\" width=\"500\" height=\"167\" src=\"https:\/\/bilbao.wordcamp.org\/2024\/files\/2024\/02\/as-fabrik.png\" alt=\"\" class=\"wp-image-2316\" srcset=\"https:\/\/bilbao.wordcamp.org\/2024\/files\/2024\/02\/as-fabrik.png 500w, https:\/\/bilbao.wordcamp.org\/2024\/files\/2024\/02\/as-fabrik-300x100.png 300w\" sizes=\"auto, (max-width: 500px) 100vw, 500px\" \/><\/figure>\n<\/div>\n<\/div>\n<\/div>\n<\/div>\n<\/section>\n\n\n\n<h3 class=\"wp-block-heading has-text-align-center\">Noticias y novedades<\/h3>\n\n\n<ul class=\"wp-block-latest-posts__list is-grid columns-3 wp-block-latest-posts\"><li><a class=\"wp-block-latest-posts__post-title\" href=\"https:\/\/bilbao.wordcamp.org\/2024\/novedades\/tienes-ya-tu-pasaporte-wordcamp\/\">\u00bfTienes ya tu pasaporte WordCamp?<\/a><div class=\"wp-block-latest-posts__post-excerpt\">\u00a1Atenci\u00f3n a todos los entusiastas de WordPress! \ud83c\udf89 En la WordCamp Bilbao 2024, tenemos una sorpresa especial para cada uno de los\u2026 <a class=\"wp-block-latest-posts__read-more\" href=\"https:\/\/bilbao.wordcamp.org\/2024\/novedades\/tienes-ya-tu-pasaporte-wordcamp\/\" rel=\"noopener noreferrer\">Read more<span class=\"screen-reader-text\">: \u00bfTienes ya tu pasaporte WordCamp?<\/span><\/a><\/div><\/li>\n<li><div class=\"wp-block-latest-posts__featured-image alignleft\"><img loading=\"lazy\" decoding=\"async\" width=\"300\" height=\"97\" src=\"https:\/\/bilbao.wordcamp.org\/2024\/files\/2024\/04\/wcb-cromos-300x97.jpg\" class=\"attachment-medium size-medium wp-post-image\" alt=\"\" style=\"\" srcset=\"https:\/\/bilbao.wordcamp.org\/2024\/files\/2024\/04\/wcb-cromos-300x97.jpg 300w, https:\/\/bilbao.wordcamp.org\/2024\/files\/2024\/04\/wcb-cromos-1024x331.jpg 1024w, https:\/\/bilbao.wordcamp.org\/2024\/files\/2024\/04\/wcb-cromos-768x248.jpg 768w, https:\/\/bilbao.wordcamp.org\/2024\/files\/2024\/04\/wcb-cromos-500x161.jpg 500w, https:\/\/bilbao.wordcamp.org\/2024\/files\/2024\/04\/wcb-cromos-1536x496.jpg 1536w, https:\/\/bilbao.wordcamp.org\/2024\/files\/2024\/04\/wcb-cromos.jpg 1920w\" sizes=\"auto, (max-width: 300px) 100vw, 300px\" \/><\/div><a class=\"wp-block-latest-posts__post-title\" href=\"https:\/\/bilbao.wordcamp.org\/2024\/novedades\/coleccion-de-cromos-de-wordcamp-bilbao-2024\/\">\u00a1Colecci\u00f3n de Cromos de WordCamp Bilbao 2024!<\/a><div class=\"wp-block-latest-posts__post-excerpt\">En la emocionante\u00a0WordCamp Bilbao 2024, estamos preparando algo especial para todos los asistentes:\u00a0 \u00a1 una colecci\u00f3n de cromos ! \u00bfRecuerdas esos d\u00edas\u2026 <a class=\"wp-block-latest-posts__read-more\" href=\"https:\/\/bilbao.wordcamp.org\/2024\/novedades\/coleccion-de-cromos-de-wordcamp-bilbao-2024\/\" rel=\"noopener noreferrer\">Read more<span class=\"screen-reader-text\">: \u00a1Colecci\u00f3n de Cromos de WordCamp Bilbao 2024!<\/span><\/a><\/div><\/li>\n<li><a class=\"wp-block-latest-posts__post-title\" href=\"https:\/\/bilbao.wordcamp.org\/2024\/patrocinador\/sirvelia-patrocinador-bronce-wordcamp-bilbao-2024\/\">Sirvelia &#8211; Patrocinador BRONCE | WordCamp Bilbao 2024<\/a><div class=\"wp-block-latest-posts__post-excerpt\">Sirvelia somos un equipo de 3 ingenieros especializados en desarrollo de plugins WordPress: Albert, Joan y Amadeu. Desde el principio nos hemos\u2026 <a class=\"wp-block-latest-posts__read-more\" href=\"https:\/\/bilbao.wordcamp.org\/2024\/patrocinador\/sirvelia-patrocinador-bronce-wordcamp-bilbao-2024\/\" rel=\"noopener noreferrer\">Read more<span class=\"screen-reader-text\">: Sirvelia &#8211; Patrocinador BRONCE | WordCamp Bilbao 2024<\/span><\/a><\/div><\/li>\n<li><a class=\"wp-block-latest-posts__post-title\" href=\"https:\/\/bilbao.wordcamp.org\/2024\/patrocinador\/weglot-patrocinador-plata-wordcamp-bilbao-2024\/\">Weglot &#8211; Patrocinador PLATA | WordCamp Bilbao 2024<\/a><div class=\"wp-block-latest-posts__post-excerpt\">Weglot es un plugin multiling\u00fce de WordPress para traducir y mostrar su sitio web en varios idiomas. Proporciona una primera capa r\u00e1pida\u2026 <a class=\"wp-block-latest-posts__read-more\" href=\"https:\/\/bilbao.wordcamp.org\/2024\/patrocinador\/weglot-patrocinador-plata-wordcamp-bilbao-2024\/\" rel=\"noopener noreferrer\">Read more<span class=\"screen-reader-text\">: Weglot &#8211; Patrocinador PLATA | WordCamp Bilbao 2024<\/span><\/a><\/div><\/li>\n<li><a class=\"wp-block-latest-posts__post-title\" href=\"https:\/\/bilbao.wordcamp.org\/2024\/patrocinador\/wetopi-patrocinador-plata-wordcamp-bilbao-2024\/\">Wetopi &#8211; Patrocinador PLATA | WordCamp Bilbao 2024<\/a><div class=\"wp-block-latest-posts__post-excerpt\">Wetopi es el lugar donde la innovaci\u00f3n en el hosting WordPress, la tecnolog\u00eda y la pasi\u00f3n por este CMS se unen. Desde\u2026 <a class=\"wp-block-latest-posts__read-more\" href=\"https:\/\/bilbao.wordcamp.org\/2024\/patrocinador\/wetopi-patrocinador-plata-wordcamp-bilbao-2024\/\" rel=\"noopener noreferrer\">Read more<span class=\"screen-reader-text\">: Wetopi &#8211; Patrocinador PLATA | WordCamp Bilbao 2024<\/span><\/a><\/div><\/li>\n<li><a class=\"wp-block-latest-posts__post-title\" href=\"https:\/\/bilbao.wordcamp.org\/2024\/patrocinador\/wpbeginner-patrocinador-oro-wordcamp-bilbao-2024\/\">WPBeginner &#8211; Patrocinador ORO | WordCamp Bilbao 2024<\/a><div class=\"wp-block-latest-posts__post-excerpt\">En WPBeginner ofrecemos tutoriales de WordPress originales y y de gran utilidad, f\u00e1ciles de entender para peque\u00f1as empresas, blogueros y propietarios de\u2026 <a class=\"wp-block-latest-posts__read-more\" href=\"https:\/\/bilbao.wordcamp.org\/2024\/patrocinador\/wpbeginner-patrocinador-oro-wordcamp-bilbao-2024\/\" rel=\"noopener noreferrer\">Read more<span class=\"screen-reader-text\">: WPBeginner &#8211; Patrocinador ORO | WordCamp Bilbao 2024<\/span><\/a><\/div><\/li>\n<\/ul>","protected":false},"excerpt":{"rendered":"<p>\u00danete Si te gusta WordPress, trabajas en algo relacionado con internet, tienes una p\u00e1gina web o un blog o simplemente quieres conocer un poco mejor a la comunidad que hay detr\u00e1s de esto\u2026 \u00a1Te esperamos en la WordCamp Bilbao 2024! LlamadaPatrocinadores Tienes que venir por: LasPonencias Conocer a la Comunidad LosTalleres LaComida D\u00f3nde As FabrikMondragon [&hellip;]<\/p>\n","protected":false},"author":14691066,"featured_media":0,"parent":0,"menu_order":0,"comment_status":"closed","ping_status":"closed","template":"","meta":{"jetpack_post_was_ever_published":false,"footnotes":""},"class_list":["post-2","page","type-page","status-publish","hentry"],"jetpack_sharing_enabled":true,"_links":{"self":[{"href":"https:\/\/bilbao.wordcamp.org\/2024\/wp-json\/wp\/v2\/pages\/2","targetHints":{"allow":["GET"]}}],"collection":[{"href":"https:\/\/bilbao.wordcamp.org\/2024\/wp-json\/wp\/v2\/pages"}],"about":[{"href":"https:\/\/bilbao.wordcamp.org\/2024\/wp-json\/wp\/v2\/types\/page"}],"author":[{"embeddable":true,"href":"https:\/\/bilbao.wordcamp.org\/2024\/wp-json\/wp\/v2\/users\/14691066"}],"replies":[{"embeddable":true,"href":"https:\/\/bilbao.wordcamp.org\/2024\/wp-json\/wp\/v2\/comments?post=2"}],"version-history":[{"count":170,"href":"https:\/\/bilbao.wordcamp.org\/2024\/wp-json\/wp\/v2\/pages\/2\/revisions"}],"predecessor-version":[{"id":4652,"href":"https:\/\/bilbao.wordcamp.org\/2024\/wp-json\/wp\/v2\/pages\/2\/revisions\/4652"}],"wp:attachment":[{"href":"https:\/\/bilbao.wordcamp.org\/2024\/wp-json\/wp\/v2\/media?parent=2"}],"curies":[{"name":"wp","href":"https:\/\/api.w.org\/{rel}","templated":true}]}}