{"id":2324,"date":"2024-02-23T00:25:42","date_gmt":"2024-02-22T23:25:42","guid":{"rendered":"https:\/\/bilbao.wordcamp.org\/2024\/?page_id=2324"},"modified":"2024-03-10T10:37:55","modified_gmt":"2024-03-10T09:37:55","slug":"que-ver-en-bilbao","status":"publish","type":"page","link":"https:\/\/bilbao.wordcamp.org\/2024\/que-ver-en-bilbao\/","title":{"rendered":"Qu\u00e9 ver en Bilbao"},"content":{"rendered":"\n<section class=\"wp-block-group has-global-padding is-layout-constrained wp-block-group-is-layout-constrained\">\n<p class=\"center\">Aqu\u00ed tienes una lista de&nbsp;<strong>10 lugares imprescindibles para visitar en Bilbao y sus alrededores<\/strong>:<\/p>\n\n\n\n<ol class=\"wp-block-list\">\n<li><strong>Museo Guggenheim<\/strong>: Dise\u00f1ado por el famoso arquitecto Frank Gehry, este ic\u00f3nico museo de arte contempor\u00e1neo se encuentra a orillas de la r\u00eda. Sus formas curvil\u00edneas recubiertas de piedra caliza, cristal y titanio cambian de tonalidad seg\u00fan la luz del d\u00eda.&nbsp;<a href=\"https:\/\/www.guggenheim-bilbao.eus\/\" target=\"_blank\" rel=\"noreferrer noopener\">Adem\u00e1s de su colecci\u00f3n permanente, alberga exposiciones temporales que lo han convertido en un referente cultural a nivel mundial<\/a>.<\/li>\n\n\n\n<li><strong>Casco Viejo (Siete Calles)<\/strong>: Este barrio medieval, situado a orillas de la r\u00eda, es el m\u00e1s antiguo y animado de Bilbao. Sus estrechas calles est\u00e1n llenas de tiendas y tabernas tradicionales.&nbsp;<a href=\"https:\/\/www.viajeroscallejeros.com\/que-ver-en-bilbao\/\" target=\"_blank\" rel=\"noreferrer noopener\">Aqu\u00ed encontrar\u00e1s la Catedral de Santiago, el Teatro Arriaga y el mercado de La Ribera<\/a>.<\/li>\n\n\n\n<li><strong>Catedral de Santiago<\/strong>: Un impresionante edificio g\u00f3tico con una fachada ornamentada y un interior lleno de detalles hist\u00f3ricos.<\/li>\n\n\n\n<li><strong>Mercado de La Ribera<\/strong>: El mercado cubierto m\u00e1s grande de Europa, donde puedes disfrutar de productos frescos y degustar pintxos locales.<\/li>\n\n\n\n<li><strong>Plaza Nueva<\/strong>: Una plaza encantadora rodeada de edificios neocl\u00e1sicos, ideal para tomar un caf\u00e9 o un aperitivo al aire libre.<\/li>\n\n\n\n<li><strong>Mirador de Artxanda<\/strong>: Sube en funicular hasta la cima de Artxanda para disfrutar de vistas panor\u00e1micas de la ciudad y la r\u00eda.<\/li>\n\n\n\n<li><strong>Iglesia de San Ant\u00f3n<\/strong>: Una iglesia g\u00f3tica con una torre inclinada y una historia interesante.<\/li>\n\n\n\n<li><strong>Teatro Arriaga<\/strong>: Un hermoso teatro con una impresionante fachada y una programaci\u00f3n variada de eventos culturales.<\/li>\n\n\n\n<li><strong>Puente Zubizuri<\/strong>: Dise\u00f1ado por Santiago Calatrava, este puente peatonal blanco y curvado es una obra de arte en s\u00ed mismo.<\/li>\n\n\n\n<li><strong>Parque de Do\u00f1a Casilda<\/strong>: Un oasis verde en el coraz\u00f3n de la ciudad, perfecto para pasear o relajarse.<\/li>\n<\/ol>\n\n\n\n<p>Fuentes<\/p>\n\n\n\n<p>Qu\u00e9 ver en Bilbao: <a href=\"https:\/\/www.viajeroscallejeros.com\/que-ver-en-bilbao\/\">https:\/\/www.viajeroscallejeros.com\/que-ver-en-bilbao\/<\/a><\/p>\n<\/section>\n","protected":false},"excerpt":{"rendered":"<p>Aqu\u00ed tienes una lista de&nbsp;10 lugares imprescindibles para visitar en Bilbao y sus alrededores: Fuentes Qu\u00e9 ver en Bilbao: https:\/\/www.viajeroscallejeros.com\/que-ver-en-bilbao\/<\/p>\n","protected":false},"author":15766014,"featured_media":2464,"parent":0,"menu_order":0,"comment_status":"closed","ping_status":"closed","template":"","meta":{"jetpack_post_was_ever_published":true,"footnotes":""},"class_list":["post-2324","page","type-page","status-publish","has-post-thumbnail","hentry"],"jetpack_sharing_enabled":true,"_links":{"self":[{"href":"https:\/\/bilbao.wordcamp.org\/2024\/wp-json\/wp\/v2\/pages\/2324","targetHints":{"allow":["GET"]}}],"collection":[{"href":"https:\/\/bilbao.wordcamp.org\/2024\/wp-json\/wp\/v2\/pages"}],"about":[{"href":"https:\/\/bilbao.wordcamp.org\/2024\/wp-json\/wp\/v2\/types\/page"}],"replies":[{"embeddable":true,"href":"https:\/\/bilbao.wordcamp.org\/2024\/wp-json\/wp\/v2\/comments?post=2324"}],"version-history":[{"count":5,"href":"https:\/\/bilbao.wordcamp.org\/2024\/wp-json\/wp\/v2\/pages\/2324\/revisions"}],"predecessor-version":[{"id":3323,"href":"https:\/\/bilbao.wordcamp.org\/2024\/wp-json\/wp\/v2\/pages\/2324\/revisions\/3323"}],"author":[{"embeddable":true,"href":"https:\/\/bilbao.wordcamp.org\/2024\/wp-json\/wporg\/v1\/users\/desberdin"}],"wp:featuredmedia":[{"embeddable":true,"href":"https:\/\/bilbao.wordcamp.org\/2024\/wp-json\/wp\/v2\/media\/2464"}],"wp:attachment":[{"href":"https:\/\/bilbao.wordcamp.org\/2024\/wp-json\/wp\/v2\/media?parent=2324"}],"curies":[{"name":"wp","href":"https:\/\/api.w.org\/{rel}","templated":true}]}}