{"id":4010,"date":"2024-03-24T11:20:06","date_gmt":"2024-03-24T10:20:06","guid":{"rendered":"https:\/\/bilbao.wordcamp.org\/2024\/?page_id=4010"},"modified":"2024-03-24T11:27:44","modified_gmt":"2024-03-24T10:27:44","slug":"tu-foto-de-perfil-en-gravatar","status":"publish","type":"page","link":"https:\/\/bilbao.wordcamp.org\/2024\/tu-foto-de-perfil-en-gravatar\/","title":{"rendered":"Tu foto de perfil en Gravatar"},"content":{"rendered":"\n<p><em><a href=\"https:\/\/madrid.wordcamp.org\/2023\/como-poner-tu-foto-en-tu-acreditacion\/\" data-type=\"link\" data-id=\"https:\/\/madrid.wordcamp.org\/2023\/como-poner-tu-foto-en-tu-acreditacion\/\" target=\"_blank\" rel=\"noreferrer noopener nofollow\">Contenido original creado por Juanma Aranda en WordCamp Madrid 2023<\/a><\/em><\/p>\n\n\n\n<h2 class=\"wp-block-heading\">Comprueba si tienes Gravatar<\/h2>\n\n\n\n<p>Antes de empezar el proceso, lo m\u00e1s importante es que compruebes si tu email tiene asociado un Gravatar o no.<\/p>\n\n\n\n<p><a href=\"https:\/\/es.gravatar.com\/site\/check\/\" target=\"_blank\" rel=\"noreferrer noopener\">Eso lo puedes hacer desde esta p\u00e1gina<\/a>.<\/p>\n\n\n\n<p>En caso de que al hacer la comprobaci\u00f3n, no salga tu fotograf\u00eda, puedes seguir con el paso 1.<\/p>\n\n\n\n<h2 class=\"wp-block-heading\">1. Date de alta en Gravatar<\/h2>\n\n\n\n<p><a rel=\"noreferrer noopener\" href=\"https:\/\/gravatar.com\/\" target=\"_blank\">Gravatar<\/a>&nbsp;es una herramienta gratuita que pertenece a Automattic. Es decir, est\u00e1 directamente relacionada con todo el ecosistema de WordPress y es el lugar al que la mayor\u00eda de p\u00e1ginas web hechas con este gestor de contenidos conectan para ver si tu correo tiene una foto asociada, y as\u00ed la puede mostrar.<\/p>\n\n\n\n<p>As\u00ed que el primer paso es&nbsp;<a href=\"https:\/\/gravatar.com\/\" target=\"_blank\" rel=\"noreferrer noopener\">ir hasta all\u00ed y crearte una cuenta gratuita<\/a>.<\/p>\n\n\n\n<p>Una vez dentro, tienes que hacer clic sobre el bot\u00f3n azul que pone \u00abCrear tu gravatar\u00bb.<\/p>\n\n\n\n<figure class=\"wp-block-image\"><img decoding=\"async\" src=\"https:\/\/madrid.wordcamp.org\/2023\/files\/2023\/07\/image-2.png\" alt=\"\" class=\"wp-image-2332\" \/><\/figure>\n\n\n\n<p>Ahora tendr\u00e1s que crear tu cuenta, para lo cual tendr\u00e1s que introducir tu correo electr\u00f3nico y una contrase\u00f1a.<\/p>\n\n\n\n<p>Presta atenci\u00f3n, porque debes introducir&nbsp;<strong>EL MISMO EMAIL QUE HAS PUESTO A LA HORA DE COMPRAR TU ENTRADA (no el de env\u00edo de factura)<\/strong>.<\/p>\n\n\n\n<p>Cumplimentado el formulario, haz clic sobre el bot\u00f3n azul que pone \u00abCrear tu cuenta\u00bb.<\/p>\n\n\n\n<h2 class=\"wp-block-heading\">2. Sube tu foto<\/h2>\n\n\n\n<p>Una vez que hayas creado tu cuenta y hayas accedido a Gravatar, te pedir\u00e1 que subas tu fotograf\u00eda.<\/p>\n\n\n\n<figure class=\"wp-block-image\"><img decoding=\"async\" src=\"https:\/\/madrid.wordcamp.org\/2023\/files\/2023\/07\/image-3-1024x528.png\" alt=\"\" class=\"wp-image-2334\" \/><\/figure>\n\n\n\n<h2 class=\"wp-block-heading\">3. Recorta la imagen<\/h2>\n\n\n\n<p>La imagen se mostrar\u00e1 en todos los sitios con un formato cuadrado (o redondeado), por lo que, en la siguiente pantalla, te dar\u00e1 la opci\u00f3n de recortarla para que tu cara quede centrada.<\/p>\n\n\n\n<p>Puedes redimensionar el cuadrado de recorte tirando de los v\u00e9rtices con el rat\u00f3n y moverlo hacia cualquier lugar de la fotograf\u00eda pinchando y arrastrando.<\/p>\n\n\n\n<p>En la columna de la derecha tienes una previsualizaci\u00f3n de c\u00f3mo se ver\u00eda tu foto en distintos tama\u00f1os, tanto en versi\u00f3n redondeada como cuadrada.<\/p>\n\n\n\n<figure class=\"wp-block-image\"><img decoding=\"async\" src=\"https:\/\/madrid.wordcamp.org\/2023\/files\/2023\/07\/image-4.png\" alt=\"\" class=\"wp-image-2335\" \/><\/figure>\n\n\n\n<p>Una vez elegido el cuadrado que quieres mostrar, deber\u00e1s dar el tijeretazo para que se recorte. Esto es tan f\u00e1cil como hacer clic en el bot\u00f3n azul que pone \u00abCrop image\u00bb.<\/p>\n\n\n\n<h2 class=\"wp-block-heading\">4. Establece una clasificaci\u00f3n<\/h2>\n\n\n\n<p>Despu\u00e9s de recortar la foto, tendr\u00e1s que asignarle una calificaci\u00f3n, eligiendo entre las distintas opciones que te ofrecen.<\/p>\n\n\n\n<figure class=\"wp-block-image\"><img decoding=\"async\" src=\"https:\/\/madrid.wordcamp.org\/2023\/files\/2023\/07\/image-5.png\" alt=\"\" class=\"wp-image-2336\" \/><\/figure>\n\n\n\n<p>Si es una foto normal y corriente, donde no est\u00e9s haciendo ning\u00fan gesto raro u obsceno, simplemente selecciona la primera opci\u00f3n y despu\u00e9s haz clic en en bot\u00f3n azul que pone \u00abEstablecer una calificaci\u00f3n\u00bb<\/p>\n\n\n\n<h2 class=\"wp-block-heading\">\u00a1Listo! Ya tienes tu foto<\/h2>\n\n\n\n<p>Si has seguido todo el proceso al pie de la letra, en pocos minutos podr\u00e1s acceder de nuevo al listado p\u00fablico de asistentes de nuestra web y comprobar c\u00f3mo tu fotograf\u00eda ya aparece en lugar del icono de usuario que se ve\u00eda anteriormente.<\/p>\n\n\n\n<p>Y si a\u00fan no compraste tu entrada para WordCamp Bilbao 2024, <a href=\"https:\/\/bilbao.wordcamp.org\/2024\/comprar-entrada\/\">este es el momento perfecto para hacerlo<\/a>.<\/p>\n","protected":false},"excerpt":{"rendered":"<p>Contenido original creado por Juanma Aranda en WordCamp Madrid 2023 Comprueba si tienes Gravatar Antes de empezar el proceso, lo m\u00e1s importante es que compruebes si tu email tiene asociado un Gravatar o no. Eso lo puedes hacer desde esta p\u00e1gina. En caso de que al hacer la comprobaci\u00f3n, no salga tu fotograf\u00eda, puedes seguir [&hellip;]<\/p>\n","protected":false},"author":14888264,"featured_media":0,"parent":0,"menu_order":0,"comment_status":"closed","ping_status":"closed","template":"","meta":{"jetpack_post_was_ever_published":false,"footnotes":""},"class_list":["post-4010","page","type-page","status-publish","hentry"],"jetpack_sharing_enabled":true,"_links":{"self":[{"href":"https:\/\/bilbao.wordcamp.org\/2024\/wp-json\/wp\/v2\/pages\/4010","targetHints":{"allow":["GET"]}}],"collection":[{"href":"https:\/\/bilbao.wordcamp.org\/2024\/wp-json\/wp\/v2\/pages"}],"about":[{"href":"https:\/\/bilbao.wordcamp.org\/2024\/wp-json\/wp\/v2\/types\/page"}],"author":[{"embeddable":true,"href":"https:\/\/bilbao.wordcamp.org\/2024\/wp-json\/wp\/v2\/users\/14888264"}],"replies":[{"embeddable":true,"href":"https:\/\/bilbao.wordcamp.org\/2024\/wp-json\/wp\/v2\/comments?post=4010"}],"version-history":[{"count":2,"href":"https:\/\/bilbao.wordcamp.org\/2024\/wp-json\/wp\/v2\/pages\/4010\/revisions"}],"predecessor-version":[{"id":4013,"href":"https:\/\/bilbao.wordcamp.org\/2024\/wp-json\/wp\/v2\/pages\/4010\/revisions\/4013"}],"wp:attachment":[{"href":"https:\/\/bilbao.wordcamp.org\/2024\/wp-json\/wp\/v2\/media?parent=4010"}],"curies":[{"name":"wp","href":"https:\/\/api.w.org\/{rel}","templated":true}]}}