{"id":4257,"date":"2024-04-09T07:13:03","date_gmt":"2024-04-09T05:13:03","guid":{"rendered":"https:\/\/bilbao.wordcamp.org\/2024\/?page_id=4257"},"modified":"2024-04-09T07:19:05","modified_gmt":"2024-04-09T05:19:05","slug":"todas-las-charlas-y-talleres","status":"publish","type":"page","link":"https:\/\/bilbao.wordcamp.org\/2024\/todas-las-charlas-y-talleres\/","title":{"rendered":"Todas las charlas y talleres"},"content":{"rendered":"\n<div class=\"wp-block-query is-layout-flow wp-block-query-is-layout-flow\"><ul class=\"wp-block-post-template is-layout-flow wp-block-post-template-is-layout-flow\"><li class=\"wp-block-post post-3769 wcb_session type-wcb_session status-publish hentry wcb_track-zona-cafeteria\">\n<h2 class=\"wp-block-post-title has-large-font-size\">Apertura de puertas \/ Caf\u00e9 cortesia<\/h2>\n\n\n\n<div class=\"wp-block-post-excerpt\"><p class=\"wp-block-post-excerpt__excerpt\"><\/p><p class=\"wp-block-post-excerpt__more-text\"><a class=\"wp-block-post-excerpt__more-link\" href=\"https:\/\/bilbao.wordcamp.org\/2024\/session\/apertura-de-puertas-cafe-cortesia\/\">Leer m\u00e1s<\/a><\/p><\/div>\n\n\n<div class=\"wp-block-group is-content-justification-left is-layout-flex wp-container-core-group-is-layout-bc8e6f51 wp-block-group-is-layout-flex\">\n<p>Tracks:<\/p>\n\n\n<div class=\"taxonomy-wcb_track wp-block-post-terms\"><a href=\"https:\/\/bilbao.wordcamp.org\/2024\/track\/zona-cafeteria\/\" rel=\"tag\">Zona Cafeteria<\/a><\/div><\/div>\n\n\n\n<div class=\"wp-block-group is-horizontal is-content-justification-left is-layout-flex wp-container-core-group-is-layout-a86bb09c wp-block-group-is-layout-flex\">\n<p>Time:<\/p>\n\n\n<div class=\"wp-block-wordcamp-session-date\"><time dateTime=\"2024-04-20T08:45:00+02:00\">20 de abril de 2024 08:45<\/time><\/div><\/div>\n\n<\/li><li class=\"wp-block-post post-3856 wcb_session type-wcb_session status-publish hentry wcb_track-grada-grande\">\n<h2 class=\"wp-block-post-title has-large-font-size\">Bienvenida<\/h2>\n\n<div class=\"wp-block-wordcamp-session-speakers\"><span class=\"wp-block-wordcamp-session-speakers__name\"><a href=\"https:\/\/bilbao.wordcamp.org\/2024\/speaker\/fran-gonzalez-madrillano\/\">Fran Gonz\u00e1lez @madrillano<\/a><\/span><\/div>\n\n<div class=\"wp-block-post-excerpt\"><p class=\"wp-block-post-excerpt__excerpt\">Fran nos dar\u00e1 un charla breve explicando c\u00f3mo se desarrollar\u00e1 el evento as\u00ed como toda la parte log\u00edstica (comidas, foto de familiar, concursos&#8230;). Promete ser breve<\/p><p class=\"wp-block-post-excerpt__more-text\"><a class=\"wp-block-post-excerpt__more-link\" href=\"https:\/\/bilbao.wordcamp.org\/2024\/session\/charla-apertura\/\">Leer m\u00e1s<\/a><\/p><\/div>\n\n\n<div class=\"wp-block-group is-content-justification-left is-layout-flex wp-container-core-group-is-layout-bc8e6f51 wp-block-group-is-layout-flex\">\n<p>Tracks:<\/p>\n\n\n<div class=\"taxonomy-wcb_track wp-block-post-terms\"><a href=\"https:\/\/bilbao.wordcamp.org\/2024\/track\/grada-grande\/\" rel=\"tag\">Grada Grande<\/a><\/div><\/div>\n\n\n\n<div class=\"wp-block-group is-horizontal is-content-justification-left is-layout-flex wp-container-core-group-is-layout-a86bb09c wp-block-group-is-layout-flex\">\n<p>Time:<\/p>\n\n\n<div class=\"wp-block-wordcamp-session-date\"><time dateTime=\"2024-04-20T09:30:00+02:00\">20 de abril de 2024 09:30<\/time><\/div><\/div>\n\n<\/li><li class=\"wp-block-post post-3762 wcb_session type-wcb_session status-publish has-post-thumbnail hentry wcb_track-sala-1\">\n<h2 class=\"wp-block-post-title has-large-font-size\">Accesibilidad web en primera persona.<\/h2>\n\n<div class=\"wp-block-wordcamp-session-speakers\"><span class=\"wp-block-wordcamp-session-speakers__name\"><a href=\"https:\/\/bilbao.wordcamp.org\/2024\/speaker\/juan-regueras-sanchez\/\">Juan Regueras S\u00e1nchez<\/a><\/span><\/div>\n\n<div class=\"wp-block-post-excerpt\"><p class=\"wp-block-post-excerpt__excerpt\">Cuando comenzamos nuestro proyecto con WordPress debemos tener en cuenta varios factores entre ellos la accesibilidad web. En muchas ocasiones no somos conscientes del valor que esto tiene para muchas personas, por ello te invito a conocer algunos conceptos b\u00e1sicos a tener en cuenta para hacer nuestro sitio m\u00e1s accesible.<\/p><p class=\"wp-block-post-excerpt__more-text\"><a class=\"wp-block-post-excerpt__more-link\" href=\"https:\/\/bilbao.wordcamp.org\/2024\/session\/accesibilidad-web-en-primera-persona\/\">Leer m\u00e1s<\/a><\/p><\/div>\n\n\n<div class=\"wp-block-group is-content-justification-left is-layout-flex wp-container-core-group-is-layout-bc8e6f51 wp-block-group-is-layout-flex\">\n<p>Tracks:<\/p>\n\n\n<div class=\"taxonomy-wcb_track wp-block-post-terms\"><a href=\"https:\/\/bilbao.wordcamp.org\/2024\/track\/sala-1\/\" rel=\"tag\">Sala 1<\/a><\/div><\/div>\n\n\n\n<div class=\"wp-block-group is-horizontal is-content-justification-left is-layout-flex wp-container-core-group-is-layout-a86bb09c wp-block-group-is-layout-flex\">\n<p>Time:<\/p>\n\n\n<div class=\"wp-block-wordcamp-session-date\"><time dateTime=\"2024-04-20T10:00:00+02:00\">20 de abril de 2024 10:00<\/time><\/div><\/div>\n\n<\/li><li class=\"wp-block-post post-3842 wcb_session type-wcb_session status-publish hentry wcb_track-taller\">\n<h2 class=\"wp-block-post-title has-large-font-size\">Taller: C\u00f3mo mantener cientos de webs sin morir en el intento<\/h2>\n\n<div class=\"wp-block-wordcamp-session-speakers\"><span class=\"wp-block-wordcamp-session-speakers__name\"><a href=\"https:\/\/bilbao.wordcamp.org\/2024\/speaker\/fernando-tellado\/\">Fernando Tellado<\/a><\/span><\/div>\n\n<div class=\"wp-block-post-excerpt\"><p class=\"wp-block-post-excerpt__excerpt\">En este taller te mostrar\u00e9 los distintos m\u00e9todos que he utilizado a lo largo de los a\u00f1os para mantener cientos de webs, comparando sus ventajas e inconvenientes, y a continuaci\u00f3n te ense\u00f1ar\u00e9 en\u00a0detalle y en tiempo real\u00a0cu\u00e1l es el sistema que uso actualmente y c\u00f3mo hacerlo para poder gestionar muchas webs entre un equipo peque\u00f1o.<\/p><p class=\"wp-block-post-excerpt__more-text\"><a class=\"wp-block-post-excerpt__more-link\" href=\"https:\/\/bilbao.wordcamp.org\/2024\/session\/taller-como-mantener-cientos-de-webs-sin-morir-en-el-intento\/\">Leer m\u00e1s<\/a><\/p><\/div>\n\n\n<div class=\"wp-block-group is-content-justification-left is-layout-flex wp-container-core-group-is-layout-bc8e6f51 wp-block-group-is-layout-flex\">\n<p>Tracks:<\/p>\n\n\n<div class=\"taxonomy-wcb_track wp-block-post-terms\"><a href=\"https:\/\/bilbao.wordcamp.org\/2024\/track\/taller\/\" rel=\"tag\">Taller<\/a><\/div><\/div>\n\n\n\n<div class=\"wp-block-group is-horizontal is-content-justification-left is-layout-flex wp-container-core-group-is-layout-a86bb09c wp-block-group-is-layout-flex\">\n<p>Time:<\/p>\n\n\n<div class=\"wp-block-wordcamp-session-date\"><time dateTime=\"2024-04-20T10:00:00+02:00\">20 de abril de 2024 10:00<\/time><\/div><\/div>\n\n<\/li><li class=\"wp-block-post post-3840 wcb_session type-wcb_session status-publish has-post-thumbnail hentry wcb_track-grada-pequena\">\n<h2 class=\"wp-block-post-title has-large-font-size\">V\u00c9NDENOS TU MOTO<\/h2>\n\n\n\n<div class=\"wp-block-post-excerpt\"><p class=\"wp-block-post-excerpt__excerpt\">Un espacio con oradores improvisados en los que tendr\u00e1n 2 o 3 minutos para hablarnos de su proyecto, buscar colaboradores u ofertar empleos, ofrecer tus servicios. En definitiva, queremos que nos vendas tu moto Si quieres apuntarte, p\u00e1sate por el grupo de Telegram https:\/\/t.me\/WCBilbao2024\/709\/710<\/p><p class=\"wp-block-post-excerpt__more-text\"><a class=\"wp-block-post-excerpt__more-link\" href=\"https:\/\/bilbao.wordcamp.org\/2024\/session\/vendenos-tu-moto-2\/\">Leer m\u00e1s<\/a><\/p><\/div>\n\n\n<div class=\"wp-block-group is-content-justification-left is-layout-flex wp-container-core-group-is-layout-bc8e6f51 wp-block-group-is-layout-flex\">\n<p>Tracks:<\/p>\n\n\n<div class=\"taxonomy-wcb_track wp-block-post-terms\"><a href=\"https:\/\/bilbao.wordcamp.org\/2024\/track\/grada-pequena\/\" rel=\"tag\">Grada Peque\u00f1a<\/a><\/div><\/div>\n\n\n\n<div class=\"wp-block-group is-horizontal is-content-justification-left is-layout-flex wp-container-core-group-is-layout-a86bb09c wp-block-group-is-layout-flex\">\n<p>Time:<\/p>\n\n\n<div class=\"wp-block-wordcamp-session-date\"><time dateTime=\"2024-04-20T10:15:00+02:00\">20 de abril de 2024 10:15<\/time><\/div><\/div>\n\n<\/li><li class=\"wp-block-post post-3526 wcb_session type-wcb_session status-publish has-post-thumbnail hentry wcb_track-sala-2\">\n<h2 class=\"wp-block-post-title has-large-font-size\">UX<\/h2>\n\n<div class=\"wp-block-wordcamp-session-speakers\"><span class=\"wp-block-wordcamp-session-speakers__name\"><a href=\"https:\/\/bilbao.wordcamp.org\/2024\/speaker\/ana-ramirez\/\">Ana Ramirez<\/a><\/span><\/div>\n\n<div class=\"wp-block-post-excerpt\"><p class=\"wp-block-post-excerpt__excerpt\">Esta ponencia es un recorrido desde lo que se entiende por un UX cuando se estudia y lo que nos encontramos en la vida real; las frustraciones del dise\u00f1ador UX, la convivencia en el desarrollo del producto con el cliente, el equipo de desarrollo e incluso los mismo usuarios. Se mostrar\u00e1n ejemplos de dos desarrollos<\/p><p class=\"wp-block-post-excerpt__more-text\"><a class=\"wp-block-post-excerpt__more-link\" href=\"https:\/\/bilbao.wordcamp.org\/2024\/session\/ux\/\">Leer m\u00e1s<\/a><\/p><\/div>\n\n\n<div class=\"wp-block-group is-content-justification-left is-layout-flex wp-container-core-group-is-layout-bc8e6f51 wp-block-group-is-layout-flex\">\n<p>Tracks:<\/p>\n\n\n<div class=\"taxonomy-wcb_track wp-block-post-terms\"><a href=\"https:\/\/bilbao.wordcamp.org\/2024\/track\/sala-2\/\" rel=\"tag\">Sala 2<\/a><\/div><\/div>\n\n\n\n<div class=\"wp-block-group is-horizontal is-content-justification-left is-layout-flex wp-container-core-group-is-layout-a86bb09c wp-block-group-is-layout-flex\">\n<p>Time:<\/p>\n\n\n<div class=\"wp-block-wordcamp-session-date\"><time dateTime=\"2024-04-20T10:15:00+02:00\">20 de abril de 2024 10:15<\/time><\/div><\/div>\n\n<\/li><li class=\"wp-block-post post-3764 wcb_session type-wcb_session status-publish has-post-thumbnail hentry wcb_track-sala-1\">\n<h2 class=\"wp-block-post-title has-large-font-size\">WPO en im\u00e1genes. \u00bfEst\u00e1s pasando algo por alto?<\/h2>\n\n<div class=\"wp-block-wordcamp-session-speakers\"><span class=\"wp-block-wordcamp-session-speakers__name\"><a href=\"https:\/\/bilbao.wordcamp.org\/2024\/speaker\/jonathan-martinez\/\">Jonathan Martinez<\/a><\/span><\/div>\n\n<div class=\"wp-block-post-excerpt\"><p class=\"wp-block-post-excerpt__excerpt\">\u00bfPiensas que la optimizaci\u00f3n de im\u00e1genes se reduce a instalar un plugin en WordPress? En esta charla te mostrar\u00e9 los aspectos clave para una optimizaci\u00f3n efectiva, desde la selecci\u00f3n de formatos y tama\u00f1os, hasta las t\u00e9cnicas avanzadas de compresi\u00f3n por parte de servidor. Pero esto no es todo\u2026 \u00a1Tambi\u00e9n har\u00e9 pruebas y un an\u00e1lisis en<\/p><p class=\"wp-block-post-excerpt__more-text\"><a class=\"wp-block-post-excerpt__more-link\" href=\"https:\/\/bilbao.wordcamp.org\/2024\/session\/wpo-en-imagenes-estas-pasando-algo-por-alto\/\">Leer m\u00e1s<\/a><\/p><\/div>\n\n\n<div class=\"wp-block-group is-content-justification-left is-layout-flex wp-container-core-group-is-layout-bc8e6f51 wp-block-group-is-layout-flex\">\n<p>Tracks:<\/p>\n\n\n<div class=\"taxonomy-wcb_track wp-block-post-terms\"><a href=\"https:\/\/bilbao.wordcamp.org\/2024\/track\/sala-1\/\" rel=\"tag\">Sala 1<\/a><\/div><\/div>\n\n\n\n<div class=\"wp-block-group is-horizontal is-content-justification-left is-layout-flex wp-container-core-group-is-layout-a86bb09c wp-block-group-is-layout-flex\">\n<p>Time:<\/p>\n\n\n<div class=\"wp-block-wordcamp-session-date\"><time dateTime=\"2024-04-20T10:30:00+02:00\">20 de abril de 2024 10:30<\/time><\/div><\/div>\n\n<\/li><li class=\"wp-block-post post-3781 wcb_session type-wcb_session status-publish hentry wcb_track-sala-1\">\n<h2 class=\"wp-block-post-title has-large-font-size\">Creaci\u00f3n de contenido educativo e interactivo con H5P en WordPress<\/h2>\n\n<div class=\"wp-block-wordcamp-session-speakers\"><span class=\"wp-block-wordcamp-session-speakers__name\"><a href=\"https:\/\/bilbao.wordcamp.org\/2024\/speaker\/marina-ilialetdinova\/\">Marina Ilialetdinova<\/a><\/span><\/div>\n\n<div class=\"wp-block-post-excerpt\"><p class=\"wp-block-post-excerpt__excerpt\">H5P es una herramienta que permite crear diferentes formatos de contenido interactivo de forma gratuita. En caso de WordPress funciona como un plugin que se integra en la p\u00e1gina web creada en WordPress y permite crear varios tests, v\u00eddeos o im\u00e1genes interactivos, juegos etc. Se la puede utilizar sobre todo en la educaci\u00f3n, creando cursos<\/p><p class=\"wp-block-post-excerpt__more-text\"><a class=\"wp-block-post-excerpt__more-link\" href=\"https:\/\/bilbao.wordcamp.org\/2024\/session\/creacion-de-contenido-educativo-e-interactivo-con-h5p-en-wordpress\/\">Leer m\u00e1s<\/a><\/p><\/div>\n\n\n<div class=\"wp-block-group is-content-justification-left is-layout-flex wp-container-core-group-is-layout-bc8e6f51 wp-block-group-is-layout-flex\">\n<p>Tracks:<\/p>\n\n\n<div class=\"taxonomy-wcb_track wp-block-post-terms\"><a href=\"https:\/\/bilbao.wordcamp.org\/2024\/track\/sala-1\/\" rel=\"tag\">Sala 1<\/a><\/div><\/div>\n\n\n\n<div class=\"wp-block-group is-horizontal is-content-justification-left is-layout-flex wp-container-core-group-is-layout-a86bb09c wp-block-group-is-layout-flex\">\n<p>Time:<\/p>\n\n\n<div class=\"wp-block-wordcamp-session-date\"><time dateTime=\"2024-04-20T12:00:00+02:00\">20 de abril de 2024 12:00<\/time><\/div><\/div>\n\n<\/li><li class=\"wp-block-post post-3783 wcb_session type-wcb_session status-publish has-post-thumbnail hentry wcb_track-sala-2\">\n<h2 class=\"wp-block-post-title has-large-font-size\">Ticketbai: \u00bfQu\u00e9 puede saber hacienda de nosotros con esta info? \u00bfCu\u00e1ndo llegar\u00e1 al resto de comunidades?<\/h2>\n\n<div class=\"wp-block-wordcamp-session-speakers\"><span class=\"wp-block-wordcamp-session-speakers__name\"><a href=\"https:\/\/bilbao.wordcamp.org\/2024\/speaker\/arrate-nunez-santamaria\/\">Arrate Nu\u00f1ez Santamaria<\/a><\/span><\/div>\n\n<div class=\"wp-block-post-excerpt\"><p class=\"wp-block-post-excerpt__excerpt\">TicketBAI es un proyecto conjunto entre las Haciendas Forales y el Gobierno Vasco. Su objetivo es combatir el fraude fiscal y establecer nuevos requisitos legales para todas las personas f\u00edsicas y jur\u00eddicas que realizan actividades econ\u00f3micas. En esta charla, exploraremos c\u00f3mo TicketBAI afecta a los emisores de facturas y qu\u00e9 informaci\u00f3n puede obtener Hacienda a<\/p><p class=\"wp-block-post-excerpt__more-text\"><a class=\"wp-block-post-excerpt__more-link\" href=\"https:\/\/bilbao.wordcamp.org\/2024\/session\/ticketbai-que-puede-saber-hacienda-de-nosotros-con-esta-info-cuando-llegara-al-resto-de-comunidades\/\">Leer m\u00e1s<\/a><\/p><\/div>\n\n\n<div class=\"wp-block-group is-content-justification-left is-layout-flex wp-container-core-group-is-layout-bc8e6f51 wp-block-group-is-layout-flex\">\n<p>Tracks:<\/p>\n\n\n<div class=\"taxonomy-wcb_track wp-block-post-terms\"><a href=\"https:\/\/bilbao.wordcamp.org\/2024\/track\/sala-2\/\" rel=\"tag\">Sala 2<\/a><\/div><\/div>\n\n\n\n<div class=\"wp-block-group is-horizontal is-content-justification-left is-layout-flex wp-container-core-group-is-layout-a86bb09c wp-block-group-is-layout-flex\">\n<p>Time:<\/p>\n\n\n<div class=\"wp-block-wordcamp-session-date\"><time dateTime=\"2024-04-20T12:00:00+02:00\">20 de abril de 2024 12:00<\/time><\/div><\/div>\n\n<\/li><li class=\"wp-block-post post-3844 wcb_session type-wcb_session status-publish hentry wcb_track-taller\">\n<h2 class=\"wp-block-post-title has-large-font-size\">Taller: Los Pilares de la PROductividad<\/h2>\n\n<div class=\"wp-block-wordcamp-session-speakers\"><span class=\"wp-block-wordcamp-session-speakers__name\"><a href=\"https:\/\/bilbao.wordcamp.org\/2024\/speaker\/ibon-azkoitia\/\">Ibon Azkoitia<\/a><\/span><\/div>\n\n<div class=\"wp-block-post-excerpt\"><p class=\"wp-block-post-excerpt__excerpt\">En este taller veremos en detalle cu\u00e1les son\u00a0los\u00a0pilares\u00a0de la\u00a0PROductividad\u00a0para que puedas aplicarlos en la gesti\u00f3n de tu negocio y proyectos. Haremos que sea din\u00e1mico y debatiremos todos juntos a la par que resolveremos dudas o veremos ejemplos concretos de\u00a0los\u00a0asistentes.<\/p><p class=\"wp-block-post-excerpt__more-text\"><a class=\"wp-block-post-excerpt__more-link\" href=\"https:\/\/bilbao.wordcamp.org\/2024\/session\/taller-los-pilares-de-la-productividad\/\">Leer m\u00e1s<\/a><\/p><\/div>\n\n\n<div class=\"wp-block-group is-content-justification-left is-layout-flex wp-container-core-group-is-layout-bc8e6f51 wp-block-group-is-layout-flex\">\n<p>Tracks:<\/p>\n\n\n<div class=\"taxonomy-wcb_track wp-block-post-terms\"><a href=\"https:\/\/bilbao.wordcamp.org\/2024\/track\/taller\/\" rel=\"tag\">Taller<\/a><\/div><\/div>\n\n\n\n<div class=\"wp-block-group is-horizontal is-content-justification-left is-layout-flex wp-container-core-group-is-layout-a86bb09c wp-block-group-is-layout-flex\">\n<p>Time:<\/p>\n\n\n<div class=\"wp-block-wordcamp-session-date\"><time dateTime=\"2024-04-20T12:00:00+02:00\">20 de abril de 2024 12:00<\/time><\/div><\/div>\n\n<\/li><\/ul>\n\n<nav class=\"wp-block-query-pagination is-layout-flex wp-block-query-pagination-is-layout-flex\" aria-label=\"Paginaci\u00f3n\">\n\n\n<div class=\"wp-block-query-pagination-numbers\"><span aria-current=\"page\" class=\"page-numbers current\">1<\/span>\n<a class=\"page-numbers\" href=\"?query-0-page=2\">2<\/a>\n<a class=\"page-numbers\" href=\"?query-0-page=3\">3<\/a>\n<a class=\"page-numbers\" href=\"?query-0-page=4\">4<\/a><\/div>\n\n<a href=\"\/2024\/wp-json\/wp\/v2\/pages\/4257?query-0-page=2\" class=\"wp-block-query-pagination-next\">P\u00e1gina siguiente<\/a>\n<\/nav><\/div>\n","protected":false},"excerpt":{"rendered":"","protected":false},"author":14888264,"featured_media":0,"parent":0,"menu_order":0,"comment_status":"closed","ping_status":"closed","template":"","meta":{"jetpack_post_was_ever_published":false,"footnotes":""},"class_list":["post-4257","page","type-page","status-publish","hentry"],"jetpack_sharing_enabled":true,"_links":{"self":[{"href":"https:\/\/bilbao.wordcamp.org\/2024\/wp-json\/wp\/v2\/pages\/4257","targetHints":{"allow":["GET"]}}],"collection":[{"href":"https:\/\/bilbao.wordcamp.org\/2024\/wp-json\/wp\/v2\/pages"}],"about":[{"href":"https:\/\/bilbao.wordcamp.org\/2024\/wp-json\/wp\/v2\/types\/page"}],"author":[{"embeddable":true,"href":"https:\/\/bilbao.wordcamp.org\/2024\/wp-json\/wp\/v2\/users\/14888264"}],"replies":[{"embeddable":true,"href":"https:\/\/bilbao.wordcamp.org\/2024\/wp-json\/wp\/v2\/comments?post=4257"}],"version-history":[{"count":2,"href":"https:\/\/bilbao.wordcamp.org\/2024\/wp-json\/wp\/v2\/pages\/4257\/revisions"}],"predecessor-version":[{"id":4261,"href":"https:\/\/bilbao.wordcamp.org\/2024\/wp-json\/wp\/v2\/pages\/4257\/revisions\/4261"}],"wp:attachment":[{"href":"https:\/\/bilbao.wordcamp.org\/2024\/wp-json\/wp\/v2\/media?parent=4257"}],"curies":[{"name":"wp","href":"https:\/\/api.w.org\/{rel}","templated":true}]}}