{"id":1141,"date":"2025-02-15T16:24:46","date_gmt":"2025-02-15T15:24:46","guid":{"rendered":"https:\/\/bilbao.wordcamp.org\/2025\/?page_id=1141"},"modified":"2025-04-01T11:21:00","modified_gmt":"2025-04-01T09:21:00","slug":"llamada-a-ponentes","status":"publish","type":"page","link":"https:\/\/bilbao.wordcamp.org\/2025\/llamada-a-ponentes\/","title":{"rendered":"Llamada a ponentes"},"content":{"rendered":"\n<div class=\"wp-block-group alignfull bkg-rojo has-global-padding is-layout-constrained wp-block-group-is-layout-constrained\">\n<div style=\"height:1rem\" aria-hidden=\"true\" class=\"wp-block-spacer\"><\/div>\n\n\n\n<h2 class=\"wp-block-heading centrado\">\u00a1Atenci\u00f3n! (el tiempo vol\u00f3)<\/h2>\n\n\n\n<h3 class=\"wp-block-heading centrado\">Se acab\u00f3 el plazo de recepci\u00f3n de ponencias: 31-03-25<\/h3>\n\n\n\n<p>El <strong>31 de marzo<\/strong> cerramos definitivamente el plazo para la recepci\u00f3n de ponencias, as\u00ed que ya no se van a aceptar m\u00e1s propuestas. Esperamos que el a\u00f1o que viene te animes y muestres a la comunidad WordPress todo aquello que te mueres de ganas por contar.<\/p>\n\n\n\n<p>Ense\u00f1a a la <strong>comunidad WordPress<\/strong> tu talento y, sobre todo&#8230; <strong>\u00a1Deja que tus ideas hablen!<\/strong><\/p>\n\n\n\n<div style=\"height:1rem\" aria-hidden=\"true\" class=\"wp-block-spacer\"><\/div>\n<\/div>\n\n\n\n<section class=\"wp-block-group is-layout-flow wp-block-group-is-layout-flow\">\n<div class=\"wp-block-columns ancho-1280 is-layout-flex wp-container-core-columns-is-layout-28f84493 wp-block-columns-is-layout-flex\">\n<div class=\"wp-block-column is-vertically-aligned-center has-global-padding is-layout-constrained wp-block-column-is-layout-constrained\">\n<p class=\"has-text-align-left center big\">Para esta edici\u00f3n de <strong>WordCamp Bilbao<\/strong> queremos tener la mejor selecci\u00f3n de ponentes posible y creemos firmemente en que, con tu participaci\u00f3n,&nbsp; podemos hacerlo realidad.<\/p>\n\n\n\n<div style=\"height:1rem\" aria-hidden=\"true\" class=\"wp-block-spacer\"><\/div>\n\n\n\n<div class=\"wp-block-columns is-layout-flex wp-container-core-columns-is-layout-28f84493 wp-block-columns-is-layout-flex\">\n<div class=\"wp-block-column is-layout-flow wp-block-column-is-layout-flow\" style=\"flex-basis:33.33%\">\n<div style=\"background-image:url(&apos;https:\/\/bilbao.wordcamp.org\/2025\/files\/2025\/02\/Ponente-Ana.webp&apos;);background-position:50% 50%;background-repeat:no-repeat;background-size:contain;\" class=\"wp-block-group image-ponentes transition has-global-padding is-layout-constrained wp-block-group-is-layout-constrained has-background\">\n<figure class=\"wp-block-image size-full\"><img loading=\"lazy\" decoding=\"async\" width=\"588\" height=\"512\" src=\"https:\/\/bilbao.wordcamp.org\/2025\/files\/2025\/02\/Vector01.png\" alt=\"\" class=\"wp-image-378\" srcset=\"https:\/\/bilbao.wordcamp.org\/2025\/files\/2025\/02\/Vector01.png 588w, https:\/\/bilbao.wordcamp.org\/2025\/files\/2025\/02\/Vector01-300x261.png 300w, https:\/\/bilbao.wordcamp.org\/2025\/files\/2025\/02\/Vector01-345x300.png 345w\" sizes=\"auto, (max-width: 588px) 100vw, 588px\" \/><\/figure>\n<\/div>\n\n\n\n<p style=\"font-size:0.7rem\">Fotograf\u00eda de Juanma Aparicio<\/p>\n<\/div>\n\n\n\n<div class=\"wp-block-column is-layout-flow wp-block-column-is-layout-flow\"><\/div>\n\n\n\n<div class=\"wp-block-column is-layout-flow wp-block-column-is-layout-flow\" style=\"flex-basis:66.66%\">\n<p>El evento tendr\u00e1 lugar los d\u00edas <strong>10 y 11 de mayo de 2025 en el edificio Campus Bilbao As Fabrik<\/strong>, donde nos reuniremos un enorme grupo de dise\u00f1adores, desarrolladores, emprendedores, empresarios, bloggers y formadores, cuya pasi\u00f3n por <strong>WordPress <\/strong>nos har\u00e1 compartir esos d\u00edas.<\/p>\n\n\n\n<p>\u00a1As\u00ed que ya lo sabes!<\/p>\n\n\n\n<p>Si tienes conocimientos m\u00ednimos de WordPress, puedes enviar tu solicitud como ponente. No es necesario que seas un experto en <strong>WordPress<\/strong>, o que trabajes a diario con la herramienta. Basta con que lo utilices a nivel profesional o que, simplemente, sea parte de tus aficiones.<\/p>\n\n\n\n<p class=\"has-text-align-left special center\"><strong>Te estamos esperando, \u00a1an\u00edmate!<\/strong><\/p>\n<\/div>\n<\/div>\n\n\n\n<div style=\"height:1rem\" aria-hidden=\"true\" class=\"wp-block-spacer\"><\/div>\n<\/div>\n<\/div>\n\n\n\n<div class=\"wp-block-buttons center is-content-justification-center is-layout-flex wp-container-core-buttons-is-layout-a89b3969 wp-block-buttons-is-layout-flex\">\n<div class=\"wp-block-button center\"><a class=\"wp-block-button__link wp-element-button\" href=\"#dar-ponencia\" style=\"padding-top:0;padding-right:0;padding-bottom:0;padding-left:0\"><strong>Quiero dar una ponencia<\/strong><\/a><\/div>\n<\/div>\n<\/section>\n\n\n\n<div style=\"height:2rem\" aria-hidden=\"true\" class=\"wp-block-spacer\"><\/div>\n\n\n\n<section id=\"buscando-ponentes\" class=\"wp-block-group bg-medio has-background has-global-padding is-layout-constrained wp-block-group-is-layout-constrained\" style=\"background-color:#8756eb\">\n<div class=\"wp-block-columns ancho-1280 is-layout-flex wp-container-core-columns-is-layout-28f84493 wp-block-columns-is-layout-flex\">\n<div class=\"wp-block-column is-vertically-aligned-center is-layout-flow wp-block-column-is-layout-flow\" style=\"padding-right:var(--wp--preset--spacing--30);padding-left:var(--wp--preset--spacing--30)\">\n<div style=\"height:var(--wp--preset--spacing--30)\" aria-hidden=\"true\" class=\"wp-block-spacer\"><\/div>\n\n\n\n<h2 class=\"wp-block-heading has-text-align-left centrado blanco-txt\">\u00bfQu\u00e9 estamos buscando?<\/h2>\n\n\n\n<div style=\"height:1rem\" aria-hidden=\"true\" class=\"wp-block-spacer\"><\/div>\n\n\n\n<p class=\"has-text-align-left centrado blanco-txt\">Queremos que WordCamp Bilbao 2025 sea una edici\u00f3n especial para ti.<\/p>\n\n\n\n<p class=\"has-text-align-left centrado blanco-txt\">Para este a\u00f1o hemos pensado en<strong> talleres y charlas de tem\u00e1tica orientada al marketing,<\/strong> que deber\u00e1n tener una duraci\u00f3n aproximada de unos 30 minutos.<\/p>\n\n\n\n<p class=\"has-text-align-left centrado blanco-txt\">Y recuerda, como esto es una <strong>WordCamp<\/strong>, estas <strong>charlas <\/strong>y <strong>talleres <\/strong>deber\u00e1n estar <strong>relacionadas con WordPress<\/strong>.<\/p>\n\n\n\n<p class=\"has-text-align-left centrado blanco-txt\">Por supuesto, se puede a\u00f1adir la informaci\u00f3n de contacto del ponente \/ empresa y el logo pero, eso si, <strong>solo al final de la presentaci\u00f3n<\/strong>. No estar\u00e1n permitidas ni las charlas ni talleres cuya \u00fanica finalidad sea la de vender una marca, producto o servicio comercial, aunque sea de terceros. <\/p>\n\n\n\n<div style=\"height:var(--wp--preset--spacing--40)\" aria-hidden=\"true\" class=\"wp-block-spacer\"><\/div>\n<\/div>\n<\/div>\n<\/section>\n\n\n\n<section id=\"dar-ponencia\" class=\"wp-block-group has-global-padding is-layout-constrained wp-container-core-group-is-layout-e1b0467e wp-block-group-is-layout-constrained\" style=\"padding-top:80px;padding-right:40px;padding-bottom:80px;padding-left:40px\">\n<h2 class=\"wp-block-heading\">Selecci\u00f3n de propuestas<\/h2>\n\n\n\n<div class=\"wp-block-columns is-layout-flex wp-container-core-columns-is-layout-28f84493 wp-block-columns-is-layout-flex\">\n<div class=\"wp-block-column is-layout-flow wp-block-column-is-layout-flow\" style=\"flex-basis:33.33%\">\n<p><strong>\u00abDonde las ideas hablan y no se quedan s\u00f3lo en palabras\u00bb<\/strong><\/p>\n<\/div>\n\n\n\n<div class=\"wp-block-column is-layout-flow wp-block-column-is-layout-flow\" style=\"flex-basis:66.66%\">\n<p>Plazo cerrado.<\/p>\n<\/div>\n<\/div>\n<\/section>\n\n\n\n<p><\/p>\n","protected":false},"excerpt":{"rendered":"<p>\u00a1Atenci\u00f3n! (el tiempo vol\u00f3) Se acab\u00f3 el plazo de recepci\u00f3n de ponencias: 31-03-25 El 31 de marzo cerramos definitivamente el plazo para la recepci\u00f3n de ponencias, as\u00ed que ya no se van a aceptar m\u00e1s propuestas. Esperamos que el a\u00f1o que viene te animes y muestres a la comunidad WordPress todo aquello que te mueres [&hellip;]<\/p>\n","protected":false},"author":21173824,"featured_media":1828,"parent":0,"menu_order":0,"comment_status":"closed","ping_status":"closed","template":"","meta":{"jetpack_post_was_ever_published":false,"footnotes":""},"class_list":["post-1141","page","type-page","status-publish","has-post-thumbnail","hentry"],"jetpack_likes_enabled":true,"jetpack_sharing_enabled":true,"_links":{"self":[{"href":"https:\/\/bilbao.wordcamp.org\/2025\/wp-json\/wp\/v2\/pages\/1141","targetHints":{"allow":["GET"]}}],"collection":[{"href":"https:\/\/bilbao.wordcamp.org\/2025\/wp-json\/wp\/v2\/pages"}],"about":[{"href":"https:\/\/bilbao.wordcamp.org\/2025\/wp-json\/wp\/v2\/types\/page"}],"author":[{"embeddable":true,"href":"https:\/\/bilbao.wordcamp.org\/2025\/wp-json\/wp\/v2\/users\/21173824"}],"replies":[{"embeddable":true,"href":"https:\/\/bilbao.wordcamp.org\/2025\/wp-json\/wp\/v2\/comments?post=1141"}],"version-history":[{"count":59,"href":"https:\/\/bilbao.wordcamp.org\/2025\/wp-json\/wp\/v2\/pages\/1141\/revisions"}],"predecessor-version":[{"id":3336,"href":"https:\/\/bilbao.wordcamp.org\/2025\/wp-json\/wp\/v2\/pages\/1141\/revisions\/3336"}],"wp:featuredmedia":[{"embeddable":true,"href":"https:\/\/bilbao.wordcamp.org\/2025\/wp-json\/wp\/v2\/media\/1828"}],"wp:attachment":[{"href":"https:\/\/bilbao.wordcamp.org\/2025\/wp-json\/wp\/v2\/media?parent=1141"}],"curies":[{"name":"wp","href":"https:\/\/api.w.org\/{rel}","templated":true}]}}