{"id":1706,"date":"2025-02-26T20:08:55","date_gmt":"2025-02-26T19:08:55","guid":{"rendered":"https:\/\/bilbao.wordcamp.org\/2025\/?page_id=1706"},"modified":"2025-05-02T00:34:59","modified_gmt":"2025-05-01T22:34:59","slug":"ludoteca","status":"publish","type":"page","link":"https:\/\/bilbao.wordcamp.org\/2025\/ludoteca\/","title":{"rendered":"Ludoteca"},"content":{"rendered":"\n<p>Estar\u00e1s pensando que te encantar\u00eda compartir tus ideas con nosotros, pero\u2026 \u00bfY los \u201cpeques\u201d? \u00bfQu\u00e9 hago con ellos?<\/p>\n\n\n\n<p>Sabemos que salir de casa un par de d\u00edas para asistir al evento m\u00e1s alucinante de este a\u00f1o (s\u00ed, somos de Bilbao) no es una decisi\u00f3n sencilla cuando tienes hijos.<\/p>\n\n\n\n<h2 class=\"wp-block-heading azul-txt\">\u00a1Que no sea por los enanos!<\/h2>\n\n\n\n<p>En <strong>WordCamp Bilbao 2025<\/strong> hemos pensado en ti y por eso te hemos preparado una soluci\u00f3n que te va a venir como anillo al dedo. En nuestro espacio podr\u00e1s desarrollarte como profesional, conocer a gente nueva (y no tan nueva) y, sobre todo, compartir tus ideas&#8230; Porque ya sab\u00edas que en nuestra WordCamp las ideas van a hablar y no se van a quedar s\u00f3lo en palabras, \u00bfno?<\/p>\n\n\n\n<p>Y ahora que sabes lo bien que vas a estar con nosotros, hablemos de tus encantadores \u201cdemonietes\u201d.<\/p>\n\n\n\n<p>En nuestra <strong>ludoteca<\/strong>, los peque\u00f1os disfrutar\u00e1n la WordCamp mucho m\u00e1s que t\u00fa porque estar\u00e1n con un monitor que es un aut\u00e9ntico genio del entretenimiento infantil. As\u00ed que se lo pasar\u00e1n en grande en un espacio divertid\u00edsimo dentro del propio recinto del evento, as\u00ed podr\u00e1s visitarles siempre que quieras.<\/p>\n\n\n\n<h2 class=\"wp-block-heading verde2-txt\">\u00bfQu\u00e9 actividades har\u00e1n?<\/h2>\n\n\n\n<p>Es un secreto que nos reservamos por eso del \u201cmisterio profesional\u201d, pero girar\u00e1 en torno a la tecnolog\u00eda y a involucrarse dentro de la WordCamp con los \u201cmayores\u201d (y no te cuento m\u00e1s, que eres una persona muy astuta y ya me est\u00e1s sonsacando informaci\u00f3n \u201creservada\u201d).<\/p>\n\n\n\n<p>As\u00ed que ya lo sabes: Haz que en esta WordCamp Bilbao 2025 las ideas de tus hijos tambi\u00e9n hablen y formen parte de la gran familia que es WordPress.<\/p>\n\n\n\n<h3 class=\"wp-block-heading\">Informaci\u00f3n:<\/h3>\n\n\n\n<ul class=\"wp-block-list\">\n<li>Para ni\u00f1os de 5 a 12 a\u00f1os<\/li>\n\n\n\n<li>Plazas: M\u00e1ximo 15 ni\u00f1os (\u00a1corre que vuelan!)<\/li>\n\n\n\n<li>Precio: 5 euros<\/li>\n<\/ul>\n\n\n\n<h3 class=\"wp-block-heading\">Horarios<\/h3>\n\n\n\n<p>La ludoteca estar\u00e1 abierta el s\u00e1bado 10 de mayo, de:<\/p>\n\n\n\n<ul class=\"wp-block-list\">\n<li>09:00 a 13:30<\/li>\n\n\n\n<li>15:30 a 18:40<\/li>\n<\/ul>\n\n\n\n<h3 class=\"wp-block-heading\">Reserva de plazas:<\/h3>\n\n\n\n<p>Para reservar tu plaza, ind\u00edcalo al comprar tu entrada e incl\u00fayenos la siguiente informaci\u00f3n:<\/p>\n\n\n\n<ul class=\"wp-block-list\">\n<li>Nombre del responsable<\/li>\n\n\n\n<li>Tel\u00e9fono de contacto<\/li>\n\n\n\n<li>Correo electr\u00f3nico<\/li>\n\n\n\n<li>Nombre y edades de los  peques<\/li>\n\n\n\n<li>Cualquier otro detalle que debamos saber<\/li>\n<\/ul>\n\n\n\n<p><strong>\u00a1IMPORTANTE!<\/strong> No podremos admitir ni\u00f1os sin reserva previa. \u00a1Las plazas son limitadas!<\/p>\n\n\n\n<p>\u00bfDudas? \u00a1Contacta con nosotros y te ayudaremos!<\/p>\n\n\n\n<div style=\"height:1rem\" aria-hidden=\"true\" class=\"wp-block-spacer\"><\/div>\n\n\n\n<div class=\"wp-block-buttons is-content-justification-center is-layout-flex wp-container-core-buttons-is-layout-a89b3969 wp-block-buttons-is-layout-flex\">\n<div class=\"wp-block-button medio-txt\"><a class=\"wp-block-button__link wp-element-button\" href=\"https:\/\/bilbao.wordcamp.org\/2025\/comprar-entrada\/\" style=\"padding-top:0;padding-right:0;padding-bottom:0;padding-left:0\"><strong>Reserva tu entrada<\/strong><\/a><\/div>\n<\/div>\n\n\n\n<p><\/p>\n","protected":false},"excerpt":{"rendered":"<p>Estar\u00e1s pensando que te encantar\u00eda compartir tus ideas con nosotros, pero\u2026 \u00bfY los \u201cpeques\u201d? \u00bfQu\u00e9 hago con ellos? Sabemos que salir de casa un par de d\u00edas para asistir al evento m\u00e1s alucinante de este a\u00f1o (s\u00ed, somos de Bilbao) no es una decisi\u00f3n sencilla cuando tienes hijos. \u00a1Que no sea por los enanos! En [&hellip;]<\/p>\n","protected":false},"author":21173824,"featured_media":0,"parent":0,"menu_order":0,"comment_status":"closed","ping_status":"closed","template":"","meta":{"jetpack_post_was_ever_published":true,"footnotes":""},"class_list":["post-1706","page","type-page","status-publish","hentry"],"jetpack_likes_enabled":true,"jetpack_sharing_enabled":true,"_links":{"self":[{"href":"https:\/\/bilbao.wordcamp.org\/2025\/wp-json\/wp\/v2\/pages\/1706","targetHints":{"allow":["GET"]}}],"collection":[{"href":"https:\/\/bilbao.wordcamp.org\/2025\/wp-json\/wp\/v2\/pages"}],"about":[{"href":"https:\/\/bilbao.wordcamp.org\/2025\/wp-json\/wp\/v2\/types\/page"}],"author":[{"embeddable":true,"href":"https:\/\/bilbao.wordcamp.org\/2025\/wp-json\/wp\/v2\/users\/21173824"}],"replies":[{"embeddable":true,"href":"https:\/\/bilbao.wordcamp.org\/2025\/wp-json\/wp\/v2\/comments?post=1706"}],"version-history":[{"count":25,"href":"https:\/\/bilbao.wordcamp.org\/2025\/wp-json\/wp\/v2\/pages\/1706\/revisions"}],"predecessor-version":[{"id":4818,"href":"https:\/\/bilbao.wordcamp.org\/2025\/wp-json\/wp\/v2\/pages\/1706\/revisions\/4818"}],"wp:attachment":[{"href":"https:\/\/bilbao.wordcamp.org\/2025\/wp-json\/wp\/v2\/media?parent=1706"}],"curies":[{"name":"wp","href":"https:\/\/api.w.org\/{rel}","templated":true}]}}