{"id":1854,"date":"2025-03-03T12:24:24","date_gmt":"2025-03-03T11:24:24","guid":{"rendered":"https:\/\/bilbao.wordcamp.org\/2025\/?page_id=1854"},"modified":"2025-04-02T00:10:35","modified_gmt":"2025-04-01T22:10:35","slug":"blog","status":"publish","type":"page","link":"https:\/\/bilbao.wordcamp.org\/2025\/blog\/","title":{"rendered":"Blog"},"content":{"rendered":"<ul class=\"wp-block-latest-posts__list has-dates wp-block-latest-posts\"><li><div class=\"wp-block-latest-posts__featured-image\"><a href=\"https:\/\/bilbao.wordcamp.org\/2025\/blog\/seguridad-y-velocidad-tienen-nombre-propio\/\" aria-label=\"Seguridad y velocidad tienen nombre propio\"><img loading=\"lazy\" decoding=\"async\" width=\"1024\" height=\"427\" src=\"https:\/\/bilbao.wordcamp.org\/2025\/files\/2025\/05\/kinsta-blog-1024x427.webp\" class=\"attachment-large size-large wp-post-image\" alt=\"Con Kinsta, tu web ser\u00e1 m\u00e1s segura y m\u00e1s r\u00e1pida\" style=\"\" srcset=\"https:\/\/bilbao.wordcamp.org\/2025\/files\/2025\/05\/kinsta-blog-1024x427.webp 1024w, https:\/\/bilbao.wordcamp.org\/2025\/files\/2025\/05\/kinsta-blog-300x125.webp 300w, https:\/\/bilbao.wordcamp.org\/2025\/files\/2025\/05\/kinsta-blog-768x320.webp 768w, https:\/\/bilbao.wordcamp.org\/2025\/files\/2025\/05\/kinsta-blog-500x208.webp 500w, https:\/\/bilbao.wordcamp.org\/2025\/files\/2025\/05\/kinsta-blog-1536x640.webp 1536w, https:\/\/bilbao.wordcamp.org\/2025\/files\/2025\/05\/kinsta-blog.webp 1920w\" sizes=\"auto, (max-width: 1024px) 100vw, 1024px\" \/><\/a><\/div><a class=\"wp-block-latest-posts__post-title\" href=\"https:\/\/bilbao.wordcamp.org\/2025\/blog\/seguridad-y-velocidad-tienen-nombre-propio\/\">Seguridad y velocidad tienen nombre propio<\/a><time datetime=\"2025-05-08T13:43:36+02:00\" class=\"wp-block-latest-posts__post-date\">08\/05\/2025<\/time><div class=\"wp-block-latest-posts__post-excerpt\">Kinsta se convierte en patrocinador oficial de la WordCamp Bilbao 2025 y estamos s\u00faper emocionados. Con su alojamiento administrado de alta velocidad, seguridad de nivel empresarial y un soporte humano 24\/7, Kinsta es el aliado perfecto para cualquier creador o desarrollador WordPress. Y s\u00ed, gracias a ellos, esta WordCamp va a ser algo que nunca olvidar\u00e1s. \u00bfTe la vas a perder? Marca el 10 y 11 de mayo en tu calendario y&#8230; \u00a1corre por tu entrada antes de que vuelen!<\/div><\/li>\n<li><div class=\"wp-block-latest-posts__featured-image\"><a href=\"https:\/\/bilbao.wordcamp.org\/2025\/blog\/wetopi-y-los-ninos\/\" aria-label=\"\u00a1Dejad que los ni\u00f1os se acerquen a m\u00ed!\"><img loading=\"lazy\" decoding=\"async\" width=\"1024\" height=\"427\" src=\"https:\/\/bilbao.wordcamp.org\/2025\/files\/2025\/05\/wetopi-ludoteca-1024x427.webp\" class=\"attachment-large size-large wp-post-image\" alt=\"La ludoteca nunca fue tan f\u00e1cil como con Wetopi\" style=\"\" srcset=\"https:\/\/bilbao.wordcamp.org\/2025\/files\/2025\/05\/wetopi-ludoteca-1024x427.webp 1024w, https:\/\/bilbao.wordcamp.org\/2025\/files\/2025\/05\/wetopi-ludoteca-300x125.webp 300w, https:\/\/bilbao.wordcamp.org\/2025\/files\/2025\/05\/wetopi-ludoteca-768x320.webp 768w, https:\/\/bilbao.wordcamp.org\/2025\/files\/2025\/05\/wetopi-ludoteca-500x208.webp 500w, https:\/\/bilbao.wordcamp.org\/2025\/files\/2025\/05\/wetopi-ludoteca-1536x640.webp 1536w, https:\/\/bilbao.wordcamp.org\/2025\/files\/2025\/05\/wetopi-ludoteca.webp 1920w\" sizes=\"auto, (max-width: 1024px) 100vw, 1024px\" \/><\/a><\/div><a class=\"wp-block-latest-posts__post-title\" href=\"https:\/\/bilbao.wordcamp.org\/2025\/blog\/wetopi-y-los-ninos\/\">\u00a1Dejad que los ni\u00f1os se acerquen a m\u00ed!<\/a><time datetime=\"2025-05-06T01:45:56+02:00\" class=\"wp-block-latest-posts__post-date\">06\/05\/2025<\/time><div class=\"wp-block-latest-posts__post-excerpt\">\u00a1WordCamp Bilbao 2025 est\u00e1 a punto de comenzar y viene cargada de sorpresas para toda la familia! Este a\u00f1o, gracias al apoyo de Wetopi, contaremos con una ludoteca espectacular para que los m\u00e1s peques (y los no tan peques) se lo pasen en grande mientras los adultos disfrutan de ponencias \u00e9picas. Seguridad, diversi\u00f3n y esp\u00edritu WordPressero a tope.<\/div><\/li>\n<li><div class=\"wp-block-latest-posts__featured-image\"><a href=\"https:\/\/bilbao.wordcamp.org\/2025\/blog\/el-show-definitivo\/\" aria-label=\"El show definitivo\"><img loading=\"lazy\" decoding=\"async\" width=\"1024\" height=\"427\" src=\"https:\/\/bilbao.wordcamp.org\/2025\/files\/2025\/04\/patrocinio-raiola-1024x427.webp\" class=\"attachment-large size-large wp-post-image\" alt=\"Nuestro patrocinador Raiola Networks\" style=\"\" srcset=\"https:\/\/bilbao.wordcamp.org\/2025\/files\/2025\/04\/patrocinio-raiola-1024x427.webp 1024w, https:\/\/bilbao.wordcamp.org\/2025\/files\/2025\/04\/patrocinio-raiola-300x125.webp 300w, https:\/\/bilbao.wordcamp.org\/2025\/files\/2025\/04\/patrocinio-raiola-768x320.webp 768w, https:\/\/bilbao.wordcamp.org\/2025\/files\/2025\/04\/patrocinio-raiola-500x208.webp 500w, https:\/\/bilbao.wordcamp.org\/2025\/files\/2025\/04\/patrocinio-raiola-1536x640.webp 1536w, https:\/\/bilbao.wordcamp.org\/2025\/files\/2025\/04\/patrocinio-raiola.webp 1920w\" sizes=\"auto, (max-width: 1024px) 100vw, 1024px\" \/><\/a><\/div><a class=\"wp-block-latest-posts__post-title\" href=\"https:\/\/bilbao.wordcamp.org\/2025\/blog\/el-show-definitivo\/\">El show definitivo<\/a><time datetime=\"2025-04-03T09:00:00+02:00\" class=\"wp-block-latest-posts__post-date\">03\/04\/2025<\/time><div class=\"wp-block-latest-posts__post-excerpt\">Raiola Networks se une como patrocinador a nuestra WordCamp Bilbao 2025, prometiendo un evento m\u00e1gico con ponencias hechizantes, networking encantado y sorpresas inolvidables. \u00a1\u00danete a la cuadrilla y a la comunidad WordPress y marca el 10 y 11 de mayo en tu calendario!. Compra tu billete a Bilbhogwarts y recuerda&#8230; Sin ti, no habr\u00e1 magia posible.<\/div><\/li>\n<li><div class=\"wp-block-latest-posts__featured-image\"><a href=\"https:\/\/bilbao.wordcamp.org\/2025\/blog\/nos-faltas-tu\/\" aria-label=\"\u00a1Eh, que nos faltas t\u00fa!\"><img loading=\"lazy\" decoding=\"async\" width=\"1024\" height=\"427\" src=\"https:\/\/bilbao.wordcamp.org\/2025\/files\/2025\/04\/llamada-a-voluntariado-1024x427.webp\" class=\"attachment-large size-large wp-post-image\" alt=\"Ap\u00fantate, el voluntariado te espera\" style=\"\" srcset=\"https:\/\/bilbao.wordcamp.org\/2025\/files\/2025\/04\/llamada-a-voluntariado-1024x427.webp 1024w, https:\/\/bilbao.wordcamp.org\/2025\/files\/2025\/04\/llamada-a-voluntariado-300x125.webp 300w, https:\/\/bilbao.wordcamp.org\/2025\/files\/2025\/04\/llamada-a-voluntariado-768x320.webp 768w, https:\/\/bilbao.wordcamp.org\/2025\/files\/2025\/04\/llamada-a-voluntariado-500x208.webp 500w, https:\/\/bilbao.wordcamp.org\/2025\/files\/2025\/04\/llamada-a-voluntariado-1536x640.webp 1536w, https:\/\/bilbao.wordcamp.org\/2025\/files\/2025\/04\/llamada-a-voluntariado.webp 1920w\" sizes=\"auto, (max-width: 1024px) 100vw, 1024px\" \/><\/a><\/div><a class=\"wp-block-latest-posts__post-title\" href=\"https:\/\/bilbao.wordcamp.org\/2025\/blog\/nos-faltas-tu\/\">\u00a1Eh, que nos faltas t\u00fa!<\/a><time datetime=\"2025-04-02T09:00:00+02:00\" class=\"wp-block-latest-posts__post-date\">02\/04\/2025<\/time><div class=\"wp-block-latest-posts__post-excerpt\">La WordCamp Bilbao 2025 te anda buscando para que seas voluntario y formes parte del evento m\u00e1s genial de WordPress. Disfruta de la gente, del ambiente&#8230; \u00a1Y ll\u00e9vate una camiseta exclusiva!<\/div><\/li>\n<li><div class=\"wp-block-latest-posts__featured-image\"><a href=\"https:\/\/bilbao.wordcamp.org\/2025\/blog\/nuestro-patrocinador-woo\/\" aria-label=\"Lanza tus productos al espacio con Woo\"><img loading=\"lazy\" decoding=\"async\" width=\"1024\" height=\"427\" src=\"https:\/\/bilbao.wordcamp.org\/2025\/files\/2025\/03\/patrocinio-woo-1024x427.webp\" class=\"attachment-large size-large wp-post-image\" alt=\"Nuestro patrocinador Woo\" style=\"\" srcset=\"https:\/\/bilbao.wordcamp.org\/2025\/files\/2025\/03\/patrocinio-woo-1024x427.webp 1024w, https:\/\/bilbao.wordcamp.org\/2025\/files\/2025\/03\/patrocinio-woo-300x125.webp 300w, https:\/\/bilbao.wordcamp.org\/2025\/files\/2025\/03\/patrocinio-woo-768x320.webp 768w, https:\/\/bilbao.wordcamp.org\/2025\/files\/2025\/03\/patrocinio-woo-500x208.webp 500w, https:\/\/bilbao.wordcamp.org\/2025\/files\/2025\/03\/patrocinio-woo-1536x640.webp 1536w, https:\/\/bilbao.wordcamp.org\/2025\/files\/2025\/03\/patrocinio-woo.webp 1920w\" sizes=\"auto, (max-width: 1024px) 100vw, 1024px\" \/><\/a><\/div><a class=\"wp-block-latest-posts__post-title\" href=\"https:\/\/bilbao.wordcamp.org\/2025\/blog\/nuestro-patrocinador-woo\/\">Lanza tus productos al espacio con Woo<\/a><time datetime=\"2025-04-01T10:00:00+02:00\" class=\"wp-block-latest-posts__post-date\">01\/04\/2025<\/time><div class=\"wp-block-latest-posts__post-excerpt\">\u00bfListo para un viaje espacial? Woo nos patrocina la WordCamp Bilbao 2025 y esto va a tener consecuencias inmensas. Prep\u00e1rate para charlas interplanetarias, reencuentros gal\u00e1cticos y, si me dejan, \u00a1carreras de carritos al estilo \u00abAutos Locos\u00bb!&#8230;  \u00a1Vamos, que despegamos!<\/div><\/li>\n<li><div class=\"wp-block-latest-posts__featured-image\"><a href=\"https:\/\/bilbao.wordcamp.org\/2025\/blog\/que-se-cierra-el-plazo\/\" aria-label=\"\u00a1Que se cierra el plazo!\"><img loading=\"lazy\" decoding=\"async\" width=\"1024\" height=\"427\" src=\"https:\/\/bilbao.wordcamp.org\/2025\/files\/2025\/03\/ponencias-31-marzo-1024x427.webp\" class=\"attachment-large size-large wp-post-image\" alt=\"La presentaci\u00f3n de ponencias finaliza el 31 de marzo\" style=\"\" srcset=\"https:\/\/bilbao.wordcamp.org\/2025\/files\/2025\/03\/ponencias-31-marzo-1024x427.webp 1024w, https:\/\/bilbao.wordcamp.org\/2025\/files\/2025\/03\/ponencias-31-marzo-300x125.webp 300w, https:\/\/bilbao.wordcamp.org\/2025\/files\/2025\/03\/ponencias-31-marzo-768x320.webp 768w, https:\/\/bilbao.wordcamp.org\/2025\/files\/2025\/03\/ponencias-31-marzo-500x208.webp 500w, https:\/\/bilbao.wordcamp.org\/2025\/files\/2025\/03\/ponencias-31-marzo-1536x640.webp 1536w, https:\/\/bilbao.wordcamp.org\/2025\/files\/2025\/03\/ponencias-31-marzo.webp 1920w\" sizes=\"auto, (max-width: 1024px) 100vw, 1024px\" \/><\/a><\/div><a class=\"wp-block-latest-posts__post-title\" href=\"https:\/\/bilbao.wordcamp.org\/2025\/blog\/que-se-cierra-el-plazo\/\">\u00a1Que se cierra el plazo!<\/a><time datetime=\"2025-03-24T23:04:23+01:00\" class=\"wp-block-latest-posts__post-date\">24\/03\/2025<\/time><div class=\"wp-block-latest-posts__post-excerpt\">\u00a1Corre!&#8230; El 31 de marzo se cierra el plazo de recepci\u00f3n de ponencias y, si no est\u00e1n a tiempo, nuestra cuadrilla y la comunidad WordPress nos quedaremos sin saber las maravillas que escondes dentro de tu cabeza. \u00a1An\u00edmate y d\u00e9janos alucinados a todos en la WordCamp Bilbao 2025!<\/div><\/li>\n<li><div class=\"wp-block-latest-posts__featured-image\"><a href=\"https:\/\/bilbao.wordcamp.org\/2025\/blog\/nuestro-patrocinador-bluehost\/\" aria-label=\"Bluehost nos da el sorpres\u00f3n\"><img loading=\"lazy\" decoding=\"async\" width=\"1024\" height=\"427\" src=\"https:\/\/bilbao.wordcamp.org\/2025\/files\/2025\/03\/patrocinio-bluehost-1024x427.webp\" class=\"attachment-large size-large wp-post-image\" alt=\"Nuestro patrocinador Bluehost\" style=\"\" srcset=\"https:\/\/bilbao.wordcamp.org\/2025\/files\/2025\/03\/patrocinio-bluehost-1024x427.webp 1024w, https:\/\/bilbao.wordcamp.org\/2025\/files\/2025\/03\/patrocinio-bluehost-300x125.webp 300w, https:\/\/bilbao.wordcamp.org\/2025\/files\/2025\/03\/patrocinio-bluehost-768x320.webp 768w, https:\/\/bilbao.wordcamp.org\/2025\/files\/2025\/03\/patrocinio-bluehost-500x208.webp 500w, https:\/\/bilbao.wordcamp.org\/2025\/files\/2025\/03\/patrocinio-bluehost-1536x640.webp 1536w, https:\/\/bilbao.wordcamp.org\/2025\/files\/2025\/03\/patrocinio-bluehost.webp 1920w\" sizes=\"auto, (max-width: 1024px) 100vw, 1024px\" \/><\/a><\/div><a class=\"wp-block-latest-posts__post-title\" href=\"https:\/\/bilbao.wordcamp.org\/2025\/blog\/nuestro-patrocinador-bluehost\/\">Bluehost nos da el sorpres\u00f3n<\/a><time datetime=\"2025-03-22T12:22:49+01:00\" class=\"wp-block-latest-posts__post-date\">22\/03\/2025<\/time><div class=\"wp-block-latest-posts__post-excerpt\">\u00a1Atenci\u00f3n, WordPresseros!&#8230; Bluehost se une a la fiesta de la WordCamp Bilbao 2025, \u00a1y esto merece txalaparta y cohetes! Prep\u00e1rate para disfrutar con nuestra cuadrilla  en un evento de otro nivel y con un patrocinador de lujo que nos impulsa a la velocidad de la luz. \u00a1Y si me dejan, montamos un tirachinas gigante!&#8230; \u00bfTe lo vas a perder?<\/div><\/li>\n<li><div class=\"wp-block-latest-posts__featured-image\"><a href=\"https:\/\/bilbao.wordcamp.org\/2025\/blog\/nuestro-patrocinador-wordpress-com\/\" aria-label=\"\u00a1Larga vida a WordPress.com!\"><img loading=\"lazy\" decoding=\"async\" width=\"1024\" height=\"427\" src=\"https:\/\/bilbao.wordcamp.org\/2025\/files\/2025\/03\/patrocinio-wordpress-com-1024x427.webp\" class=\"attachment-large size-large wp-post-image\" alt=\"Nuestro patrocinador WordPress.com\" style=\"\" srcset=\"https:\/\/bilbao.wordcamp.org\/2025\/files\/2025\/03\/patrocinio-wordpress-com-1024x427.webp 1024w, https:\/\/bilbao.wordcamp.org\/2025\/files\/2025\/03\/patrocinio-wordpress-com-300x125.webp 300w, https:\/\/bilbao.wordcamp.org\/2025\/files\/2025\/03\/patrocinio-wordpress-com-768x320.webp 768w, https:\/\/bilbao.wordcamp.org\/2025\/files\/2025\/03\/patrocinio-wordpress-com-500x208.webp 500w, https:\/\/bilbao.wordcamp.org\/2025\/files\/2025\/03\/patrocinio-wordpress-com-1536x640.webp 1536w, https:\/\/bilbao.wordcamp.org\/2025\/files\/2025\/03\/patrocinio-wordpress-com.webp 1920w\" sizes=\"auto, (max-width: 1024px) 100vw, 1024px\" \/><\/a><\/div><a class=\"wp-block-latest-posts__post-title\" href=\"https:\/\/bilbao.wordcamp.org\/2025\/blog\/nuestro-patrocinador-wordpress-com\/\">\u00a1Larga vida a WordPress.com!<\/a><time datetime=\"2025-03-19T10:00:00+01:00\" class=\"wp-block-latest-posts__post-date\">19\/03\/2025<\/time><div class=\"wp-block-latest-posts__post-excerpt\">WordPress.com es el rey de los CMS, el soberano sobre el que giran las WordCamp, el monarca indiscutible que patrocina nuestra WordCamp Bilbao 2025 y nos engrandece un poquito m\u00e1s. \u00a1Gracias WordPress.com!<\/div><\/li>\n<li><div class=\"wp-block-latest-posts__featured-image\"><a href=\"https:\/\/bilbao.wordcamp.org\/2025\/blog\/nuestro-patrocinador-lucushost\/\" aria-label=\"Lucushost, un patrocinador rico, rico\"><img loading=\"lazy\" decoding=\"async\" width=\"1024\" height=\"427\" src=\"https:\/\/bilbao.wordcamp.org\/2025\/files\/2025\/03\/patrocinio-lucushost-1024x427.webp\" class=\"attachment-large size-large wp-post-image\" alt=\"Nuestro patrocinador Lucushost\" style=\"\" srcset=\"https:\/\/bilbao.wordcamp.org\/2025\/files\/2025\/03\/patrocinio-lucushost-1024x427.webp 1024w, https:\/\/bilbao.wordcamp.org\/2025\/files\/2025\/03\/patrocinio-lucushost-300x125.webp 300w, https:\/\/bilbao.wordcamp.org\/2025\/files\/2025\/03\/patrocinio-lucushost-768x320.webp 768w, https:\/\/bilbao.wordcamp.org\/2025\/files\/2025\/03\/patrocinio-lucushost-500x208.webp 500w, https:\/\/bilbao.wordcamp.org\/2025\/files\/2025\/03\/patrocinio-lucushost-1536x640.webp 1536w, https:\/\/bilbao.wordcamp.org\/2025\/files\/2025\/03\/patrocinio-lucushost.webp 1920w\" sizes=\"auto, (max-width: 1024px) 100vw, 1024px\" \/><\/a><\/div><a class=\"wp-block-latest-posts__post-title\" href=\"https:\/\/bilbao.wordcamp.org\/2025\/blog\/nuestro-patrocinador-lucushost\/\">Lucushost, un patrocinador rico, rico<\/a><time datetime=\"2025-03-16T13:12:05+01:00\" class=\"wp-block-latest-posts__post-date\">16\/03\/2025<\/time><div class=\"wp-block-latest-posts__post-excerpt\">Mil gracias a Lucushost por patrocinar nuestra WordCamp Bilbao 2025 y por ayudar para que los d\u00edas 10 y 11 de mayo se conviertan en inolvidables para la comunidad WordPress. \u00a1Ahh!&#8230; \u00a1Y vete trayendo el sof\u00e1 de tu casa a nuestro evento! (ya sabr\u00e1s por qu\u00e9)<\/div><\/li>\n<li><div class=\"wp-block-latest-posts__featured-image\"><a href=\"https:\/\/bilbao.wordcamp.org\/2025\/blog\/nuestro-patrocinador-a2-hosting\/\" aria-label=\"\u00bfSabes qui\u00e9n patrocina a nuestra cuadrilla?\"><img loading=\"lazy\" decoding=\"async\" width=\"1024\" height=\"427\" src=\"https:\/\/bilbao.wordcamp.org\/2025\/files\/2025\/03\/patrocinio-a2-hosting-1024x427.jpg\" class=\"attachment-large size-large wp-post-image\" alt=\"Nuestro patrocinador A2 Hosting\" style=\"\" srcset=\"https:\/\/bilbao.wordcamp.org\/2025\/files\/2025\/03\/patrocinio-a2-hosting-1024x427.jpg 1024w, https:\/\/bilbao.wordcamp.org\/2025\/files\/2025\/03\/patrocinio-a2-hosting-300x125.jpg 300w, https:\/\/bilbao.wordcamp.org\/2025\/files\/2025\/03\/patrocinio-a2-hosting-768x320.jpg 768w, https:\/\/bilbao.wordcamp.org\/2025\/files\/2025\/03\/patrocinio-a2-hosting-500x208.jpg 500w, https:\/\/bilbao.wordcamp.org\/2025\/files\/2025\/03\/patrocinio-a2-hosting-1536x640.jpg 1536w, https:\/\/bilbao.wordcamp.org\/2025\/files\/2025\/03\/patrocinio-a2-hosting.jpg 1920w\" sizes=\"auto, (max-width: 1024px) 100vw, 1024px\" \/><\/a><\/div><a class=\"wp-block-latest-posts__post-title\" href=\"https:\/\/bilbao.wordcamp.org\/2025\/blog\/nuestro-patrocinador-a2-hosting\/\">\u00bfSabes qui\u00e9n patrocina a nuestra cuadrilla?<\/a><time datetime=\"2025-03-12T22:31:54+01:00\" class=\"wp-block-latest-posts__post-date\">12\/03\/2025<\/time><div class=\"wp-block-latest-posts__post-excerpt\">Tenemos nuevo patrocinador y no podemos estar m\u00e1s contentos. \u00a1Gracias A2 Hosting!<\/div><\/li>\n<li><div class=\"wp-block-latest-posts__featured-image\"><a href=\"https:\/\/bilbao.wordcamp.org\/2025\/blog\/se-abre-la-solicitud-de-ponencias-wcbilbao25\/\" aria-label=\"Se abre la solicitud de ponencias #WCBILBAO25\"><img loading=\"lazy\" decoding=\"async\" width=\"1024\" height=\"427\" src=\"https:\/\/bilbao.wordcamp.org\/2025\/files\/2025\/03\/entrada-blog-ponencias-1024x427.webp\" class=\"attachment-large size-large wp-post-image\" alt=\"Env\u00eda tu propuesta de ponencia\" style=\"\" srcset=\"https:\/\/bilbao.wordcamp.org\/2025\/files\/2025\/03\/entrada-blog-ponencias-1024x427.webp 1024w, https:\/\/bilbao.wordcamp.org\/2025\/files\/2025\/03\/entrada-blog-ponencias-300x125.webp 300w, https:\/\/bilbao.wordcamp.org\/2025\/files\/2025\/03\/entrada-blog-ponencias-768x320.webp 768w, https:\/\/bilbao.wordcamp.org\/2025\/files\/2025\/03\/entrada-blog-ponencias-500x208.webp 500w, https:\/\/bilbao.wordcamp.org\/2025\/files\/2025\/03\/entrada-blog-ponencias-1536x640.webp 1536w, https:\/\/bilbao.wordcamp.org\/2025\/files\/2025\/03\/entrada-blog-ponencias.webp 1920w\" sizes=\"auto, (max-width: 1024px) 100vw, 1024px\" \/><\/a><\/div><a class=\"wp-block-latest-posts__post-title\" href=\"https:\/\/bilbao.wordcamp.org\/2025\/blog\/se-abre-la-solicitud-de-ponencias-wcbilbao25\/\">Se abre la solicitud de ponencias #WCBILBAO25<\/a><time datetime=\"2025-03-04T23:32:54+01:00\" class=\"wp-block-latest-posts__post-date\">04\/03\/2025<\/time><div class=\"wp-block-latest-posts__post-excerpt\">Ya puedes mandar tu solicitud de ponencia a la WordCamp Bilbao 2025. \u00a1An\u00edmate y deja que el mundo escuche tus palabras!<\/div><\/li>\n<\/ul>\n\n\n<div style=\"height:3rem\" aria-hidden=\"true\" class=\"wp-block-spacer\"><\/div>\n","protected":false},"excerpt":{"rendered":"","protected":false},"author":21173824,"featured_media":1828,"parent":0,"menu_order":0,"comment_status":"closed","ping_status":"closed","template":"","meta":{"jetpack_post_was_ever_published":false,"footnotes":""},"class_list":["post-1854","page","type-page","status-publish","has-post-thumbnail","hentry"],"jetpack_likes_enabled":true,"jetpack_sharing_enabled":true,"_links":{"self":[{"href":"https:\/\/bilbao.wordcamp.org\/2025\/wp-json\/wp\/v2\/pages\/1854","targetHints":{"allow":["GET"]}}],"collection":[{"href":"https:\/\/bilbao.wordcamp.org\/2025\/wp-json\/wp\/v2\/pages"}],"about":[{"href":"https:\/\/bilbao.wordcamp.org\/2025\/wp-json\/wp\/v2\/types\/page"}],"author":[{"embeddable":true,"href":"https:\/\/bilbao.wordcamp.org\/2025\/wp-json\/wp\/v2\/users\/21173824"}],"replies":[{"embeddable":true,"href":"https:\/\/bilbao.wordcamp.org\/2025\/wp-json\/wp\/v2\/comments?post=1854"}],"version-history":[{"count":6,"href":"https:\/\/bilbao.wordcamp.org\/2025\/wp-json\/wp\/v2\/pages\/1854\/revisions"}],"predecessor-version":[{"id":3504,"href":"https:\/\/bilbao.wordcamp.org\/2025\/wp-json\/wp\/v2\/pages\/1854\/revisions\/3504"}],"wp:featuredmedia":[{"embeddable":true,"href":"https:\/\/bilbao.wordcamp.org\/2025\/wp-json\/wp\/v2\/media\/1828"}],"wp:attachment":[{"href":"https:\/\/bilbao.wordcamp.org\/2025\/wp-json\/wp\/v2\/media?parent=1854"}],"curies":[{"name":"wp","href":"https:\/\/api.w.org\/{rel}","templated":true}]}}