{"id":20,"date":"2024-12-11T12:33:01","date_gmt":"2024-12-11T11:33:01","guid":{"rendered":"https:\/\/bilbao.wordcamp.org\/2025\/code-of-conduct\/"},"modified":"2025-03-03T17:48:43","modified_gmt":"2025-03-03T16:48:43","slug":"codigo-de-conducta","status":"publish","type":"page","link":"https:\/\/bilbao.wordcamp.org\/2025\/codigo-de-conducta\/","title":{"rendered":"C\u00f3digo de conducta"},"content":{"rendered":"\n<h2 class=\"wp-block-heading\">Prop\u00f3sito<\/h2>\n\n\n\n<p><a href=\"https:\/\/bilbao.wordcamp.org\/2025\/\"><strong>WordCamp Bilbao<\/strong><\/a> cree en una <strong>comunidad abierta<\/strong> a todo el mundo. Como tal, estamos comprometidos a proporcionar un <strong>ambiente amigable, seguro y acogedor<\/strong> para todos, independientemente de su sexo, orientaci\u00f3n sexual, discapacidad, etnia, religi\u00f3n, sistema operativo preferido, lenguaje de programaci\u00f3n o editor de texto.<\/p>\n\n\n\n<p>Este c\u00f3digo de conducta resume nuestras expectativas para el <strong>comportamiento de los participantes<\/strong>, as\u00ed como las consecuencias para el comportamiento inaceptable.<\/p>\n\n\n\n<p>Instamos a todos los patrocinadores, voluntarios, ponentes, asistentes y otros participantes, que ayuden a tener una experiencia de evento segura y agradable para todos.<\/p>\n\n\n\n<h2 class=\"wp-block-heading\">Ciudadan\u00eda Open Source<\/h2>\n\n\n\n<p>Un objetivo adicional de este c\u00f3digo de conducta es <strong>ampliar la ciudadan\u00eda de c\u00f3digo abierto<\/strong>, alentando a los participantes a reconocer y fortalecer las relaciones entre lo que hacemos y <strong>la comunidad<\/strong> en general.<\/p>\n\n\n\n<p>Con este objetivo, los organizadores de <a href=\"https:\/\/bilbao.wordcamp.org\/2024\/\"><strong>WordCamp Bilbao<\/strong><\/a> recoger\u00e1n candidaturas de personas ejemplares a lo largo de todo el evento y reconocer\u00e1n a selectos participantes despu\u00e9s de la conferencia en la web.<\/p>\n\n\n\n<p>Si ves a alguien que est\u00e1 haciendo un esfuerzo extra para asegurar que nuestra comunidad resulte acogedora, amable y que anime a todos los participantes a contribuir en la mayor medida posible, lo queremos saber.<\/p>\n\n\n\n<p>Puedes nominar a alguien en la mesa de registro o dici\u00e9ndolo a alg\u00fan miembro de la organizaci\u00f3n.<\/p>\n\n\n\n<h2 class=\"wp-block-heading\">Comportamiento esperado<\/h2>\n\n\n\n<ul class=\"wp-block-list\">\n<li>Ser considerado, respetuoso y colaborativo.<\/li>\n\n\n\n<li>Abstenerse de comportamiento degradante, discriminatorio o de acoso.<\/li>\n\n\n\n<li><strong>Ser consciente del entorno y de los compa\u00f1eros participantes. Alerta a los organizadores si observas una situaci\u00f3n peligrosa o de alguien en apuros.<\/strong><\/li>\n\n\n\n<li>Participa de una manera aut\u00e9ntica y activa. Al hacerlo, est\u00e1s ayudando a que <a href=\"https:\/\/bilbao.wordcamp.org\/2025\/\"><strong>WordCamp Bilbao<\/strong><\/a> sea una realidad.<\/li>\n<\/ul>\n\n\n\n<h2 class=\"wp-block-heading\">Comportamiento inaceptable<\/h2>\n\n\n\n<p>Como comportamientos inaceptables se incluyen: intimidatorio, acosador, abusivo, conducta discriminatoria, despectiva o degradante por cualquier asistente de la <a href=\"https:\/\/bilbao.wordcamp.org\/2024\/\">WordCamp Bilbao<\/a> y eventos relacionados.<\/p>\n\n\n\n<p>El lugar donde se realiza <a href=\"https:\/\/bilbao.wordcamp.org\/2025\/\"><strong>WordCamp Bilbao<\/strong><\/a> es un lugar p\u00fablico y puede ser compartido con otros visitantes; por favor, s\u00e9 respetuoso con todos los visitantes de este lugar y con el propio entorno.<\/p>\n\n\n\n<p>El acoso incluye: comentarios verbales ofensivos relacionados con el g\u00e9nero, la orientaci\u00f3n sexual, la raza, la religi\u00f3n, la discapacidad; uso inadecuado de desnudez y\/o im\u00e1genes sexuales en espacios p\u00fablicos (incluyendo diapositivas de la presentaci\u00f3n); intimidaci\u00f3n deliberada, acecho o acoso con fotograf\u00eda o grabaci\u00f3n; interrupci\u00f3n sostenida de charlas y otros eventos; contacto f\u00edsico inapropiado y atenci\u00f3n sexual no deseada.<\/p>\n\n\n\n<h2 class=\"wp-block-heading\">Consecuencias de un comportamiento inaceptable<\/h2>\n\n\n\n<p>El comportamiento inaceptable no ser\u00e1 tolerado. Ya sea por parte de los asistentes, organizadores, personal local, patrocinadores u otros participantes en <a href=\"https:\/\/bilbao.wordcamp.org\/2025\/\"><strong>WordCamp Bilbao<\/strong><\/a>.<\/p>\n\n\n\n<p>Se espera que cualquiera cumpla inmediatamente en caso de que se le llame la atenci\u00f3n por un comportamiento inaceptable.<\/p>\n\n\n\n<p>Si un participante se involucra en una conducta inaceptable, los organizadores de la conferencia pueden tomar cualquier acci\u00f3n que consideren apropiada, incluso la expulsi\u00f3n de la conferencia sin previo aviso o reembolso si fuera necesario.<\/p>\n\n\n\n<h2 class=\"wp-block-heading\">\u00bfQu\u00e9 hacer si eres testigo u objeto de un comportamiento inaceptable?<\/h2>\n\n\n\n<p>Si est\u00e1s involucrado en un comportamiento inaceptable, eres testigo de otra persona con dicho comportamiento o tienes otras preocupaciones, por favor notif\u00edcalo a un organizador\/a de la conferencia tan pronto como sea posible.<\/p>\n\n\n\n<p>El equipo de <a href=\"https:\/\/bilbao.wordcamp.org\/2025\/\"><strong>WordCamp Bilbao<\/strong><\/a> estar\u00e1 disponible para ayudar a los participantes, para ponerse en contacto con la seguridad local o para ofrecer cualquier tipo de ayuda a aquellos que experimenten un comportamiento inaceptable.<\/p>\n\n\n\n<p>Durante el evento, los organizadores y voluntarios vestir\u00e1n diferente al resto de asistentes. Cualquier persona puede ponerse en contacto con un organizador\/a o voluntario\/a de la conferencia. Tambi\u00e9n puedes venir a la mesa de inscripci\u00f3n en el vest\u00edbulo y preguntar por los organizadores.<\/p>\n\n\n\n<h2 class=\"wp-block-heading\">\u00c1mbito de aplicaci\u00f3n<\/h2>\n\n\n\n<p>Esperamos que todos los participantes de la conferencia (patrocinadores, voluntarios, ponentes, asistentes y otros invitados) cumplan con el c\u00f3digo de conducta en todas las salas de conferencias y eventos relacionados con la conferencia.<\/p>\n\n\n\n<h2 class=\"wp-block-heading\">Informaci\u00f3n de contacto<\/h2>\n\n\n\n<p>Si te ves en la necesidad de contactar con nosotros, <strong><a href=\"https:\/\/bilbao.wordcamp.org\/2025\/contacto\/\">esta p\u00e1gina<\/a><\/strong> tiene toda la informaci\u00f3n necesaria.<\/p>\n\n\n\n<h2 class=\"wp-block-heading\">Licencia y atribuci\u00f3n<\/h2>\n\n\n\n<p>Este c\u00f3digo de conducta es una copia directa del impresionante trabajo del Open Source Bridge, pero sustituido con nuestra informaci\u00f3n del evento. El original est\u00e1 disponible en <a href=\"https:\/\/opensource.com\/code-of-conduct\" target=\"_blank\" rel=\"noreferrer noopener\"><strong>https:\/\/opensource.com\/code-of-conduct<\/strong><\/a> y est\u00e1 liberado bajo una <a href=\"https:\/\/creativecommons.org\/licenses\/by-sa\/3.0\/\" target=\"_blank\" rel=\"noreferrer noopener\"><strong>Licencia de Creative Commons Attribution-ShareAlike<\/strong><\/a>.<\/p>\n\n\n\n<h3 class=\"wp-block-heading\">\u00a1COMP\u00c1RTELO, ES GRATIS!<\/h3>\n","protected":false},"excerpt":{"rendered":"<p>Prop\u00f3sito WordCamp Bilbao cree en una comunidad abierta a todo el mundo. Como tal, estamos comprometidos a proporcionar un ambiente amigable, seguro y acogedor para todos, independientemente de su sexo, orientaci\u00f3n sexual, discapacidad, etnia, religi\u00f3n, sistema operativo preferido, lenguaje de programaci\u00f3n o editor de texto. Este c\u00f3digo de conducta resume nuestras expectativas para el comportamiento [&hellip;]<\/p>\n","protected":false},"author":14691066,"featured_media":1828,"parent":0,"menu_order":0,"comment_status":"closed","ping_status":"closed","template":"","meta":{"jetpack_post_was_ever_published":false,"footnotes":""},"class_list":["post-20","page","type-page","status-publish","has-post-thumbnail","hentry"],"jetpack_likes_enabled":true,"jetpack_sharing_enabled":true,"_links":{"self":[{"href":"https:\/\/bilbao.wordcamp.org\/2025\/wp-json\/wp\/v2\/pages\/20","targetHints":{"allow":["GET"]}}],"collection":[{"href":"https:\/\/bilbao.wordcamp.org\/2025\/wp-json\/wp\/v2\/pages"}],"about":[{"href":"https:\/\/bilbao.wordcamp.org\/2025\/wp-json\/wp\/v2\/types\/page"}],"author":[{"embeddable":true,"href":"https:\/\/bilbao.wordcamp.org\/2025\/wp-json\/wp\/v2\/users\/14691066"}],"replies":[{"embeddable":true,"href":"https:\/\/bilbao.wordcamp.org\/2025\/wp-json\/wp\/v2\/comments?post=20"}],"version-history":[{"count":4,"href":"https:\/\/bilbao.wordcamp.org\/2025\/wp-json\/wp\/v2\/pages\/20\/revisions"}],"predecessor-version":[{"id":345,"href":"https:\/\/bilbao.wordcamp.org\/2025\/wp-json\/wp\/v2\/pages\/20\/revisions\/345"}],"wp:featuredmedia":[{"embeddable":true,"href":"https:\/\/bilbao.wordcamp.org\/2025\/wp-json\/wp\/v2\/media\/1828"}],"wp:attachment":[{"href":"https:\/\/bilbao.wordcamp.org\/2025\/wp-json\/wp\/v2\/media?parent=20"}],"curies":[{"name":"wp","href":"https:\/\/api.w.org\/{rel}","templated":true}]}}