{"id":3323,"date":"2025-04-01T11:02:08","date_gmt":"2025-04-01T09:02:08","guid":{"rendered":"https:\/\/bilbao.wordcamp.org\/2025\/?page_id=3323"},"modified":"2025-04-14T20:34:54","modified_gmt":"2025-04-14T18:34:54","slug":"llamada-a-voluntariado","status":"publish","type":"page","link":"https:\/\/bilbao.wordcamp.org\/2025\/llamada-a-voluntariado\/","title":{"rendered":"Llamada a voluntariado"},"content":{"rendered":"\n<section class=\"wp-block-group has-global-padding is-layout-constrained wp-block-group-is-layout-constrained\">\n<p class=\"has-text-align-left centrado\"><em>\u00abCualquier WordCamp basa su \u00e9xito en el esfuerzo del equipo de voluntariado que, con su inestimable trabajo, consigue que los\/as asistentes vivan una experiencia inolvidable.\u00bb<\/em><\/p>\n\n\n\n<div class=\"wp-block-columns is-layout-flex wp-container-core-columns-is-layout-28f84493 wp-block-columns-is-layout-flex\">\n<div class=\"wp-block-column is-layout-flow wp-block-column-is-layout-flow\" style=\"flex-basis:33.33%\">\n<div style=\"background-image:url(&apos;https:\/\/bilbao.wordcamp.org\/2025\/files\/2025\/04\/voluntarios.webp&apos;);background-position:50% 50%;background-repeat:no-repeat;background-size:contain;\" class=\"wp-block-group image-voluntarios transition has-global-padding is-layout-constrained wp-block-group-is-layout-constrained has-background\">\n<figure class=\"wp-block-image size-full\"><img loading=\"lazy\" decoding=\"async\" width=\"519\" height=\"519\" src=\"https:\/\/bilbao.wordcamp.org\/2025\/files\/2025\/02\/Rectangle-20.png\" alt=\"\" class=\"wp-image-1216\" srcset=\"https:\/\/bilbao.wordcamp.org\/2025\/files\/2025\/02\/Rectangle-20.png 519w, https:\/\/bilbao.wordcamp.org\/2025\/files\/2025\/02\/Rectangle-20-300x300.png 300w, https:\/\/bilbao.wordcamp.org\/2025\/files\/2025\/02\/Rectangle-20-150x150.png 150w\" sizes=\"auto, (max-width: 519px) 100vw, 519px\" \/><\/figure>\n<\/div>\n\n\n\n<p style=\"font-size:0.7rem\">Fotograf\u00eda de Nilo V\u00e9lez<\/p>\n<\/div>\n\n\n\n<div class=\"wp-block-column is-layout-flow wp-block-column-is-layout-flow\"><\/div>\n\n\n\n<div class=\"wp-block-column is-layout-flow wp-block-column-is-layout-flow\" style=\"flex-basis:66.66%\">\n<p>Es por eso que queremos contar contigo, sin importarnos a qu\u00e9 te dediques, seas profesional independiente o no, dise\u00f1ador, desarrollador, del mundo del marketing o estudiante. Si te interesa WordPress y quieres ver como funciona un evento de este tipo, <strong>\u00a1esta es tu oportunidad!<\/strong><\/p>\n\n\n\n<p>Ser\u00e1s el primer contacto que tengan los asistentes al llegar al evento y ayudar\u00e1s a que <strong>WordPress siga siendo el mejor CMS<\/strong>. Conocer\u00e1s el funcionamiento de un evento de esta \u00edndole y podr\u00e1s relacionarte de primera mano con los patrocinadores, ponentes y asistentes al evento.<\/p>\n\n\n\n<p>Forma equipo con nosotros en <strong>WordCamp Bilbao 2025<\/strong> y ap\u00fantate al voluntariado de este a\u00f1o.<\/p>\n\n\n\n<p class=\"has-text-align-left\"><strong><strong>\u00a1Ser\u00e1s parte fundamental en el desarrollo de la WordCamp Bilbao 2025!<\/strong><\/strong><\/p>\n<\/div>\n<\/div>\n\n\n\n<div style=\"height:1rem\" aria-hidden=\"true\" class=\"wp-block-spacer\"><\/div>\n\n\n\n<div class=\"wp-block-buttons is-content-justification-center is-layout-flex wp-container-core-buttons-is-layout-a89b3969 wp-block-buttons-is-layout-flex\">\n<div class=\"wp-block-button\"><a class=\"wp-block-button__link wp-element-button\" href=\"#ancla-formulario\"><strong>Quiero ser voluntario<\/strong><\/a><\/div>\n<\/div>\n<\/section>\n\n\n\n<div style=\"height:16px\" aria-hidden=\"true\" class=\"wp-block-spacer\"><\/div>\n\n\n\n<section class=\"wp-block-group caja-morada has-global-padding is-layout-constrained wp-block-group-is-layout-constrained\">\n<h2 class=\"wp-block-heading has-text-align-left centrado\">\u00bfQu\u00e9 supone ser voluntario\/a en una WordCamp?<\/h2>\n\n\n\n<div class=\"wp-block-group has-global-padding is-layout-constrained wp-block-group-is-layout-constrained\">\n<p>Si eres voluntario podr\u00e1s disfrutar de un mont\u00f3n de cosas que no podr\u00edas ver de otro modo. Aqu\u00ed te dejo unas cuantas:<\/p>\n\n\n\n<ul class=\"wp-block-list\">\n<li>Ver la organizaci\u00f3n de una <strong>WordCamp<\/strong> desde dentro. <\/li>\n\n\n\n<li>Ser <strong>parte esencial<\/strong> de un evento de <strong>WordPress<\/strong>.<\/li>\n\n\n\n<li>Poder <strong>conocer y hablar<\/strong> con cada uno de los ponentes.<\/li>\n\n\n\n<li>Tu entrada a <strong>WordCamp Bilbao 2025<\/strong> ser\u00e1 <strong>gratuita<\/strong>.<\/li>\n\n\n\n<li><strong>Camiseta exclusiva<\/strong> s\u00f3lo para los voluntarios.<\/li>\n<\/ul>\n\n\n\n<p class=\"center white big\">Bueno, tambi\u00e9n hay alguna pega y es que, lamentablemente, no podemos hacernos cargo de los gastos del voluntariado. Esto implica que, <strong>si vienes de fuera, tendr\u00e1s que costearte t\u00fa tus propios gastos de viaje y alojamiento<\/strong>.<\/p>\n<\/div>\n<\/section>\n\n\n\n<div style=\"height:1rem\" aria-hidden=\"true\" class=\"wp-block-spacer\"><\/div>\n\n\n\n<section class=\"wp-block-group caja-verde has-global-padding is-layout-constrained wp-block-group-is-layout-constrained\">\n<h2 class=\"wp-block-heading has-text-align-left centrado\">\u00bfEn qu\u00e9 puedo ayudar?<\/h2>\n\n\n\n<div class=\"wp-block-group has-global-padding is-layout-constrained wp-block-group-is-layout-constrained\">\n<p class=\"has-text-align-left\">Puedes ayudarnos en muchas cosas pero, b\u00e1sicamente, durante los d\u00edas que dura este evento, necesitaremos tu aportaci\u00f3n en estos momentos vitales:<\/p>\n\n\n\n<ul class=\"wp-block-list\">\n<li><strong>Preparativos<\/strong>: El viernes dejaremos todo preparado para las ponencias, las charlas y los talleres del d\u00eda siguiente.<\/li>\n\n\n\n<li><strong>WordCamp Bilbao 2025<\/strong>: El s\u00e1bado celebraremos la WordCamp, dando apoyo y soporte a quien lo necesite.<\/li>\n\n\n\n<li><strong>Contributor Day<\/strong>: El domingo por la ma\u00f1ana tendr\u00e1 lugae el \u00abContributor Day\u00bb, con diferentes mesas de trabajo.<\/li>\n<\/ul>\n<\/div>\n<\/section>\n\n\n\n<div style=\"height:1rem\" aria-hidden=\"true\" class=\"wp-block-spacer\"><\/div>\n\n\n\n<section class=\"wp-block-group caja-rosa has-global-padding is-layout-constrained wp-block-group-is-layout-constrained\">\n<h2 class=\"wp-block-heading has-text-align-left centrado\">Estas son algunas de las tareas en las que te necesitaremos:<\/h2>\n\n\n\n<div class=\"wp-block-group has-global-padding is-layout-constrained wp-block-group-is-layout-constrained\">\n<ul class=\"wp-block-list white\">\n<li>Ayudar en el registro de asistentes.<\/li>\n\n\n\n<li>Preparar las acreditaciones, camisetas y regalos promocionales.<\/li>\n\n\n\n<li>Ayudar a los\/as ponentes y patrocinadores durante el evento.<\/li>\n\n\n\n<li>Facilitar indicaciones a los asistentes.<\/li>\n\n\n\n<li>Ayudar en las charlas con los micr\u00f3fonos, tiempos y el turno de preguntas.<\/li>\n<\/ul>\n\n\n\n<div style=\"height:1rem\" aria-hidden=\"true\" class=\"wp-block-spacer\"><\/div>\n<\/div>\n<\/section>\n\n\n\n<div style=\"height:1rem\" aria-hidden=\"true\" class=\"wp-block-spacer\"><\/div>\n","protected":false},"excerpt":{"rendered":"<p>\u00abCualquier WordCamp basa su \u00e9xito en el esfuerzo del equipo de voluntariado que, con su inestimable trabajo, consigue que los\/as asistentes vivan una experiencia inolvidable.\u00bb Fotograf\u00eda de Nilo V\u00e9lez Es por eso que queremos contar contigo, sin importarnos a qu\u00e9 te dediques, seas profesional independiente o no, dise\u00f1ador, desarrollador, del mundo del marketing o estudiante. [&hellip;]<\/p>\n","protected":false},"author":21173824,"featured_media":1828,"parent":0,"menu_order":0,"comment_status":"closed","ping_status":"closed","template":"","meta":{"jetpack_post_was_ever_published":false,"footnotes":""},"class_list":["post-3323","page","type-page","status-publish","has-post-thumbnail","hentry"],"jetpack_likes_enabled":true,"jetpack_sharing_enabled":true,"_links":{"self":[{"href":"https:\/\/bilbao.wordcamp.org\/2025\/wp-json\/wp\/v2\/pages\/3323","targetHints":{"allow":["GET"]}}],"collection":[{"href":"https:\/\/bilbao.wordcamp.org\/2025\/wp-json\/wp\/v2\/pages"}],"about":[{"href":"https:\/\/bilbao.wordcamp.org\/2025\/wp-json\/wp\/v2\/types\/page"}],"author":[{"embeddable":true,"href":"https:\/\/bilbao.wordcamp.org\/2025\/wp-json\/wp\/v2\/users\/21173824"}],"replies":[{"embeddable":true,"href":"https:\/\/bilbao.wordcamp.org\/2025\/wp-json\/wp\/v2\/comments?post=3323"}],"version-history":[{"count":21,"href":"https:\/\/bilbao.wordcamp.org\/2025\/wp-json\/wp\/v2\/pages\/3323\/revisions"}],"predecessor-version":[{"id":3841,"href":"https:\/\/bilbao.wordcamp.org\/2025\/wp-json\/wp\/v2\/pages\/3323\/revisions\/3841"}],"wp:featuredmedia":[{"embeddable":true,"href":"https:\/\/bilbao.wordcamp.org\/2025\/wp-json\/wp\/v2\/media\/1828"}],"wp:attachment":[{"href":"https:\/\/bilbao.wordcamp.org\/2025\/wp-json\/wp\/v2\/media?parent=3323"}],"curies":[{"name":"wp","href":"https:\/\/api.w.org\/{rel}","templated":true}]}}