{"id":4459,"date":"2025-04-21T01:33:04","date_gmt":"2025-04-20T23:33:04","guid":{"rendered":"https:\/\/bilbao.wordcamp.org\/2025\/?page_id=4459"},"modified":"2025-04-22T16:24:49","modified_gmt":"2025-04-22T14:24:49","slug":"todas-las-charlas-y-talleres","status":"publish","type":"page","link":"https:\/\/bilbao.wordcamp.org\/2025\/todas-las-charlas-y-talleres\/","title":{"rendered":"Todas las charlas y talleres"},"content":{"rendered":"\n<div class=\"wp-block-query is-layout-flow wp-block-query-is-layout-flow\"><ul class=\"wp-block-post-template is-layout-flow wp-block-post-template-is-layout-flow\"><li class=\"wp-block-post post-3721 wcb_session type-wcb_session status-publish hentry wcb_track-sala-2 wcb_session_category-taller\">\n<h2 class=\"wp-block-post-title has-large-font-size\">Lo verde vende: T\u00e9cnicas de Green Marketing para tu eCommerce<\/h2>\n\n<div class=\"wp-block-wordcamp-session-speakers\"><span class=\"wp-block-wordcamp-session-speakers__name\"><a href=\"https:\/\/bilbao.wordcamp.org\/2025\/speaker\/lidia-marban\/\">Lidia Marb\u00e1n<\/a><\/span><\/div>\n\n<div class=\"wp-block-post-excerpt\"><p class=\"wp-block-post-excerpt__excerpt\">M\u00e1s del 60% de los consumidores conf\u00edan m\u00e1s en aquellas marcas que muestran un compromiso real con la sostenibilidad y las causas ambientales. Y, seg\u00fan las estad\u00edsticas, en torno al 80% de los consumidores est\u00e1n dispuestos a pagar m\u00e1s si el producto es sostenible. \u00bfVas a dejar pasar esta oportunidad en tu eCommerce? El marketing<\/p><p class=\"wp-block-post-excerpt__more-text\"><a class=\"wp-block-post-excerpt__more-link\" href=\"https:\/\/bilbao.wordcamp.org\/2025\/session\/lo-verde-vende-tecnicas-de-green-marketing-para-tu-ecommerce\/\">Leer m\u00e1s<\/a><\/p><\/div>\n\n\n<div class=\"wp-block-group is-content-justification-left is-layout-flex wp-container-core-group-is-layout-bc8e6f51 wp-block-group-is-layout-flex\">\n<p>Tracks:<\/p>\n\n\n<div class=\"taxonomy-wcb_track wp-block-post-terms\"><a href=\"https:\/\/bilbao.wordcamp.org\/2025\/track\/sala-2\/\" rel=\"tag\">Sala 2<\/a><\/div><\/div>\n\n\n\n<div class=\"wp-block-group is-horizontal is-content-justification-left is-layout-flex wp-container-core-group-is-layout-a86bb09c wp-block-group-is-layout-flex\">\n<p>Time:<\/p>\n\n\n<div class=\"wp-block-wordcamp-session-date\"><time dateTime=\"2025-05-10T10:00:00+02:00\">10 de mayo de 2025 10:00<\/time><\/div><\/div>\n\n<\/li><li class=\"wp-block-post post-3679 wcb_session type-wcb_session status-publish hentry wcb_track-sala-1 wcb_session_category-ponencia\">\n<h2 class=\"wp-block-post-title has-large-font-size\">10 trucos para no tirar el dinero en Google Ads<\/h2>\n\n<div class=\"wp-block-wordcamp-session-speakers\"><span class=\"wp-block-wordcamp-session-speakers__name\"><a href=\"https:\/\/bilbao.wordcamp.org\/2025\/speaker\/unai-benito-larrakoetxea\/\">Unai Benito Larrakoetxea<\/a><\/span><\/div>\n\n<div class=\"wp-block-post-excerpt\"><p class=\"wp-block-post-excerpt__excerpt\">Una de las grandes ventajas y desventajas de Google Ads es la facilidad con la que se pone en marcha una campa\u00f1a: siguiente, siguiente, siguiente\u2026 De esta manera, estamos tirando a la basura el 50% del presupuesto. Con estos sencillos consejos podr\u00e1s dar los primeros pasos para optimizar tus campa\u00f1as.<\/p><p class=\"wp-block-post-excerpt__more-text\"><a class=\"wp-block-post-excerpt__more-link\" href=\"https:\/\/bilbao.wordcamp.org\/2025\/session\/10-trucos-para-no-tirar-el-dinero-en-google-ads\/\">Leer m\u00e1s<\/a><\/p><\/div>\n\n\n<div class=\"wp-block-group is-content-justification-left is-layout-flex wp-container-core-group-is-layout-bc8e6f51 wp-block-group-is-layout-flex\">\n<p>Tracks:<\/p>\n\n\n<div class=\"taxonomy-wcb_track wp-block-post-terms\"><a href=\"https:\/\/bilbao.wordcamp.org\/2025\/track\/sala-1\/\" rel=\"tag\">Sala 1<\/a><\/div><\/div>\n\n\n\n<div class=\"wp-block-group is-horizontal is-content-justification-left is-layout-flex wp-container-core-group-is-layout-a86bb09c wp-block-group-is-layout-flex\">\n<p>Time:<\/p>\n\n\n<div class=\"wp-block-wordcamp-session-date\"><time dateTime=\"2025-05-10T10:00:00+02:00\">10 de mayo de 2025 10:00<\/time><\/div><\/div>\n\n<\/li><li class=\"wp-block-post post-3675 wcb_session type-wcb_session status-publish hentry wcb_track-sala-1 wcb_session_category-ponencia\">\n<h2 class=\"wp-block-post-title has-large-font-size\">Las API como fuente de contenidos en WordPress<\/h2>\n\n<div class=\"wp-block-wordcamp-session-speakers\"><span class=\"wp-block-wordcamp-session-speakers__name\"><a href=\"https:\/\/bilbao.wordcamp.org\/2025\/speaker\/david-martinez\/\">David Mart\u00ednez<\/a><\/span><\/div>\n\n<div class=\"wp-block-post-excerpt\"><p class=\"wp-block-post-excerpt__excerpt\">A veces, dotar de contenidos a una web es una tarea muy compleja para los peque\u00f1os empresarios. Tienen que gestionar su negocio y no siempre les alcanza el tiempo (o el dinero) para dotar a su web de contenidos de calidad con la frecuencia suficiente. Por eso es importante buscar una alternativa que genere contenidos<\/p><p class=\"wp-block-post-excerpt__more-text\"><a class=\"wp-block-post-excerpt__more-link\" href=\"https:\/\/bilbao.wordcamp.org\/2025\/session\/las-api-como-fuente-de-contenidos-en-wordpress\/\">Leer m\u00e1s<\/a><\/p><\/div>\n\n\n<div class=\"wp-block-group is-content-justification-left is-layout-flex wp-container-core-group-is-layout-bc8e6f51 wp-block-group-is-layout-flex\">\n<p>Tracks:<\/p>\n\n\n<div class=\"taxonomy-wcb_track wp-block-post-terms\"><a href=\"https:\/\/bilbao.wordcamp.org\/2025\/track\/sala-1\/\" rel=\"tag\">Sala 1<\/a><\/div><\/div>\n\n\n\n<div class=\"wp-block-group is-horizontal is-content-justification-left is-layout-flex wp-container-core-group-is-layout-a86bb09c wp-block-group-is-layout-flex\">\n<p>Time:<\/p>\n\n\n<div class=\"wp-block-wordcamp-session-date\"><time dateTime=\"2025-05-10T10:40:00+02:00\">10 de mayo de 2025 10:40<\/time><\/div><\/div>\n\n<\/li><li class=\"wp-block-post post-3701 wcb_session type-wcb_session status-publish hentry wcb_track-sala-2 wcb_session_category-ponencia\">\n<h2 class=\"wp-block-post-title has-large-font-size\">Comunidad, la herramienta m\u00e1s poderosa<\/h2>\n\n<div class=\"wp-block-wordcamp-session-speakers\"><span class=\"wp-block-wordcamp-session-speakers__name\"><a href=\"https:\/\/bilbao.wordcamp.org\/2025\/speaker\/alvaro-torres\/\">\u00c1lvaro Torres<\/a><\/span><\/div>\n\n<div class=\"wp-block-post-excerpt\"><p class=\"wp-block-post-excerpt__excerpt\">En marketing contamos con un gran n\u00famero de herramientas, pero no hay ninguna como crear comunidad. Ten en cuenta lo que se viene\u2026 Te contar\u00e9 lo que he aprendido en estos a\u00f1os de la comunidad WordPress y c\u00f3mo estoy creando una comunidad de generaci\u00f3n de v\u00eddeo con IA. Si quieres saber m\u00e1s acerca de todo<\/p><p class=\"wp-block-post-excerpt__more-text\"><a class=\"wp-block-post-excerpt__more-link\" href=\"https:\/\/bilbao.wordcamp.org\/2025\/session\/comunidad-la-herramienta-mas-poderosa\/\">Leer m\u00e1s<\/a><\/p><\/div>\n\n\n<div class=\"wp-block-group is-content-justification-left is-layout-flex wp-container-core-group-is-layout-bc8e6f51 wp-block-group-is-layout-flex\">\n<p>Tracks:<\/p>\n\n\n<div class=\"taxonomy-wcb_track wp-block-post-terms\"><a href=\"https:\/\/bilbao.wordcamp.org\/2025\/track\/sala-2\/\" rel=\"tag\">Sala 2<\/a><\/div><\/div>\n\n\n\n<div class=\"wp-block-group is-horizontal is-content-justification-left is-layout-flex wp-container-core-group-is-layout-a86bb09c wp-block-group-is-layout-flex\">\n<p>Time:<\/p>\n\n\n<div class=\"wp-block-wordcamp-session-date\"><time dateTime=\"2025-05-10T11:40:00+02:00\">10 de mayo de 2025 11:40<\/time><\/div><\/div>\n\n<\/li><li class=\"wp-block-post post-3647 wcb_session type-wcb_session status-publish hentry wcb_track-sala-1 wcb_session_category-ponencia\">\n<h2 class=\"wp-block-post-title has-large-font-size\">DISC: La paleta de colores m\u00e1s all\u00e1 del dise\u00f1o Web<\/h2>\n\n<div class=\"wp-block-wordcamp-session-speakers\"><span class=\"wp-block-wordcamp-session-speakers__name\"><a href=\"https:\/\/bilbao.wordcamp.org\/2025\/speaker\/jorge-gonzalez-revilla\/\">Jorge Gonz\u00e1lez Revilla<\/a><\/span><\/div>\n\n<div class=\"wp-block-post-excerpt\"><p class=\"wp-block-post-excerpt__excerpt\">No, esta charla no va sobre RGB, o el color en hexadecimal de la marca de nuestro cliente. Cuando vendemos un proyecto, gestionamos su ejecuci\u00f3n o impartimos clases, siempre estamos en contacto con personas. La comunicaci\u00f3n no siempre va a ser f\u00e1cil. Y ya lo sabemos, cada persona es \u00fanica\u2026 pero predeciblemente \u00fanica. DISC es<\/p><p class=\"wp-block-post-excerpt__more-text\"><a class=\"wp-block-post-excerpt__more-link\" href=\"https:\/\/bilbao.wordcamp.org\/2025\/session\/disc-la-paleta-de-colores-mas-alla-del-diseno-web\/\">Leer m\u00e1s<\/a><\/p><\/div>\n\n\n<div class=\"wp-block-group is-content-justification-left is-layout-flex wp-container-core-group-is-layout-bc8e6f51 wp-block-group-is-layout-flex\">\n<p>Tracks:<\/p>\n\n\n<div class=\"taxonomy-wcb_track wp-block-post-terms\"><a href=\"https:\/\/bilbao.wordcamp.org\/2025\/track\/sala-1\/\" rel=\"tag\">Sala 1<\/a><\/div><\/div>\n\n\n\n<div class=\"wp-block-group is-horizontal is-content-justification-left is-layout-flex wp-container-core-group-is-layout-a86bb09c wp-block-group-is-layout-flex\">\n<p>Time:<\/p>\n\n\n<div class=\"wp-block-wordcamp-session-date\"><time dateTime=\"2025-05-10T11:40:00+02:00\">10 de mayo de 2025 11:40<\/time><\/div><\/div>\n\n<\/li><li class=\"wp-block-post post-3652 wcb_session type-wcb_session status-publish hentry wcb_track-sala-2 wcb_session_category-ponencia\">\n<h2 class=\"wp-block-post-title has-large-font-size\">De ejecutor a estratega: El marketing como arma secreta del desarrollador web<\/h2>\n\n<div class=\"wp-block-wordcamp-session-speakers\"><span class=\"wp-block-wordcamp-session-speakers__name\"><a href=\"https:\/\/bilbao.wordcamp.org\/2025\/speaker\/yannick-garcia-monguilod\/\">Yannick Garc\u00eda Monguilod<\/a><\/span><\/div>\n\n<div class=\"wp-block-post-excerpt\"><p class=\"wp-block-post-excerpt__excerpt\">Muchos desarrolladores web se limitan a construir lo que el cliente pide, pero \u00bfqu\u00e9 pasar\u00eda si fueras t\u00fa quien lidera la estrategia desde el inicio? En esta ponencia, descubrir\u00e1s por qu\u00e9 el marketing no es solo cosa de marketers, sino la clave para planificar proyectos web con impacto real. Aprender\u00e1s c\u00f3mo aplicar estrategias de marketing<\/p><p class=\"wp-block-post-excerpt__more-text\"><a class=\"wp-block-post-excerpt__more-link\" href=\"https:\/\/bilbao.wordcamp.org\/2025\/session\/de-ejecutor-a-estratega-el-marketing-como-arma-secreta-del-desarrollador-web\/\">Leer m\u00e1s<\/a><\/p><\/div>\n\n\n<div class=\"wp-block-group is-content-justification-left is-layout-flex wp-container-core-group-is-layout-bc8e6f51 wp-block-group-is-layout-flex\">\n<p>Tracks:<\/p>\n\n\n<div class=\"taxonomy-wcb_track wp-block-post-terms\"><a href=\"https:\/\/bilbao.wordcamp.org\/2025\/track\/sala-2\/\" rel=\"tag\">Sala 2<\/a><\/div><\/div>\n\n\n\n<div class=\"wp-block-group is-horizontal is-content-justification-left is-layout-flex wp-container-core-group-is-layout-a86bb09c wp-block-group-is-layout-flex\">\n<p>Time:<\/p>\n\n\n<div class=\"wp-block-wordcamp-session-date\"><time dateTime=\"2025-05-10T12:20:00+02:00\">10 de mayo de 2025 12:20<\/time><\/div><\/div>\n\n<\/li><li class=\"wp-block-post post-3656 wcb_session type-wcb_session status-publish hentry wcb_track-sala-1 wcb_session_category-ponencia\">\n<h2 class=\"wp-block-post-title has-large-font-size\">Escribiendo en WordPress con IA: M\u00e1s r\u00e1pido, mejor y sin perder autenticidad<\/h2>\n\n<div class=\"wp-block-wordcamp-session-speakers\"><span class=\"wp-block-wordcamp-session-speakers__name\"><a href=\"https:\/\/bilbao.wordcamp.org\/2025\/speaker\/rosa-ana-moreno\/\">Rosa Ana Moreno<\/a><\/span><\/div>\n\n<div class=\"wp-block-post-excerpt\"><p class=\"wp-block-post-excerpt__excerpt\">\u00bfLa inteligencia artificial puede escribir por nosotros? S\u00ed. Pero, \u00bfpuede hacerlo bien? Cada vez m\u00e1s herramientas de IA nos prometen generar contenido en segundos, pero muchas veces los textos resultan impersonales, poco estructurados o simplemente \u00abvac\u00edos\u00bb. En esta ponencia, exploraremos c\u00f3mo utilizar la IA para escribir contenido en WordPress de manera m\u00e1s eficiente, sin perder<\/p><p class=\"wp-block-post-excerpt__more-text\"><a class=\"wp-block-post-excerpt__more-link\" href=\"https:\/\/bilbao.wordcamp.org\/2025\/session\/escribiendo-en-wordpress-con-ia-mas-rapido-mejor-y-sin-perder-autenticidad\/\">Leer m\u00e1s<\/a><\/p><\/div>\n\n\n<div class=\"wp-block-group is-content-justification-left is-layout-flex wp-container-core-group-is-layout-bc8e6f51 wp-block-group-is-layout-flex\">\n<p>Tracks:<\/p>\n\n\n<div class=\"taxonomy-wcb_track wp-block-post-terms\"><a href=\"https:\/\/bilbao.wordcamp.org\/2025\/track\/sala-1\/\" rel=\"tag\">Sala 1<\/a><\/div><\/div>\n\n\n\n<div class=\"wp-block-group is-horizontal is-content-justification-left is-layout-flex wp-container-core-group-is-layout-a86bb09c wp-block-group-is-layout-flex\">\n<p>Time:<\/p>\n\n\n<div class=\"wp-block-wordcamp-session-date\"><time dateTime=\"2025-05-10T12:20:00+02:00\">10 de mayo de 2025 12:20<\/time><\/div><\/div>\n\n<\/li><li class=\"wp-block-post post-3705 wcb_session type-wcb_session status-publish hentry wcb_track-sala-1 wcb_session_category-ponencia\">\n<h2 class=\"wp-block-post-title has-large-font-size\">Turning User Experience into a Growth Engine<\/h2>\n\n<div class=\"wp-block-wordcamp-session-speakers\"><span class=\"wp-block-wordcamp-session-speakers__name\"><a href=\"https:\/\/bilbao.wordcamp.org\/2025\/speaker\/vineet-talwar\/\">Vineet Talwar<\/a><\/span><\/div>\n\n<div class=\"wp-block-post-excerpt\"><p class=\"wp-block-post-excerpt__excerpt\">Marketing campaigns bring visitors to your site, but what happens next? Many businesses invest heavily in ads and content, only to lose potential customers due to slow load times, confusing navigation, or poor mobile experiences. In this session, we\u2019ll explore how to transform your WordPress site into a conversion powerhouse\u2014where marketing meets seamless user experience.<\/p><p class=\"wp-block-post-excerpt__more-text\"><a class=\"wp-block-post-excerpt__more-link\" href=\"https:\/\/bilbao.wordcamp.org\/2025\/session\/turning-user-experience-into-a-growth-engine\/\">Leer m\u00e1s<\/a><\/p><\/div>\n\n\n<div class=\"wp-block-group is-content-justification-left is-layout-flex wp-container-core-group-is-layout-bc8e6f51 wp-block-group-is-layout-flex\">\n<p>Tracks:<\/p>\n\n\n<div class=\"taxonomy-wcb_track wp-block-post-terms\"><a href=\"https:\/\/bilbao.wordcamp.org\/2025\/track\/sala-1\/\" rel=\"tag\">Sala 1<\/a><\/div><\/div>\n\n\n\n<div class=\"wp-block-group is-horizontal is-content-justification-left is-layout-flex wp-container-core-group-is-layout-a86bb09c wp-block-group-is-layout-flex\">\n<p>Time:<\/p>\n\n\n<div class=\"wp-block-wordcamp-session-date\"><time dateTime=\"2025-05-10T13:00:00+02:00\">10 de mayo de 2025 13:00<\/time><\/div><\/div>\n\n<\/li><li class=\"wp-block-post post-3660 wcb_session type-wcb_session status-publish hentry wcb_track-sala-2 wcb_session_category-ponencia\">\n<h2 class=\"wp-block-post-title has-large-font-size\">Secretos y desaf\u00edos en la seguridad de WordPress que como usuario jamas imagin\u00e9.<\/h2>\n\n<div class=\"wp-block-wordcamp-session-speakers\"><span class=\"wp-block-wordcamp-session-speakers__name\"><a href=\"https:\/\/bilbao.wordcamp.org\/2025\/speaker\/josep-moran\/\">Josep Mor\u00e1n<\/a><\/span><\/div>\n\n<div class=\"wp-block-post-excerpt\"><p class=\"wp-block-post-excerpt__excerpt\">Un repaso de los desaf\u00edos, secretos y sorpresas que como usuario de WordPress jam\u00e1s imagin\u00e9 que afrontar\u00eda trabajando en un hosting.<\/p><p class=\"wp-block-post-excerpt__more-text\"><a class=\"wp-block-post-excerpt__more-link\" href=\"https:\/\/bilbao.wordcamp.org\/2025\/session\/secretos-y-desafios-en-la-seguridad-de-wordpress-que-como-usuario-jamas-imagine\/\">Leer m\u00e1s<\/a><\/p><\/div>\n\n\n<div class=\"wp-block-group is-content-justification-left is-layout-flex wp-container-core-group-is-layout-bc8e6f51 wp-block-group-is-layout-flex\">\n<p>Tracks:<\/p>\n\n\n<div class=\"taxonomy-wcb_track wp-block-post-terms\"><a href=\"https:\/\/bilbao.wordcamp.org\/2025\/track\/sala-2\/\" rel=\"tag\">Sala 2<\/a><\/div><\/div>\n\n\n\n<div class=\"wp-block-group is-horizontal is-content-justification-left is-layout-flex wp-container-core-group-is-layout-a86bb09c wp-block-group-is-layout-flex\">\n<p>Time:<\/p>\n\n\n<div class=\"wp-block-wordcamp-session-date\"><time dateTime=\"2025-05-10T13:00:00+02:00\">10 de mayo de 2025 13:00<\/time><\/div><\/div>\n\n<\/li><li class=\"wp-block-post post-3689 wcb_session type-wcb_session status-publish hentry wcb_track-sala-2 wcb_session_category-ponencia\">\n<h2 class=\"wp-block-post-title has-large-font-size\">Y ahora\u2026 \u00bfd\u00f3nde encuentro clientes?<\/h2>\n\n<div class=\"wp-block-wordcamp-session-speakers\"><span class=\"wp-block-wordcamp-session-speakers__name\"><a href=\"https:\/\/bilbao.wordcamp.org\/2025\/speaker\/miguel-angel-cabaleiro-tenorio\/\">\u00c1ngel Cabaleiro<\/a><\/span><\/div>\n\n<div class=\"wp-block-post-excerpt\"><p class=\"wp-block-post-excerpt__excerpt\">Si ya has empezado a ofrecer tus servicios relacionados con WordPress, te habr\u00e1s dado cuenta de que vender es una de las habilidades m\u00e1s importantes que necesitas. Pero\u2026 \u00bfc\u00f3mo vendo? \u00bfd\u00f3nde encuentro m\u00e1s clientes? En esta charla te explicar\u00e9 mi experiencia vendiendo mis servicios como consultor y desarrollador WordPress en los \u00faltimos 8 a\u00f1os y<\/p><p class=\"wp-block-post-excerpt__more-text\"><a class=\"wp-block-post-excerpt__more-link\" href=\"https:\/\/bilbao.wordcamp.org\/2025\/session\/y-ahora-donde-encuentro-clientes\/\">Leer m\u00e1s<\/a><\/p><\/div>\n\n\n<div class=\"wp-block-group is-content-justification-left is-layout-flex wp-container-core-group-is-layout-bc8e6f51 wp-block-group-is-layout-flex\">\n<p>Tracks:<\/p>\n\n\n<div class=\"taxonomy-wcb_track wp-block-post-terms\"><a href=\"https:\/\/bilbao.wordcamp.org\/2025\/track\/sala-2\/\" rel=\"tag\">Sala 2<\/a><\/div><\/div>\n\n\n\n<div class=\"wp-block-group is-horizontal is-content-justification-left is-layout-flex wp-container-core-group-is-layout-a86bb09c wp-block-group-is-layout-flex\">\n<p>Time:<\/p>\n\n\n<div class=\"wp-block-wordcamp-session-date\"><time dateTime=\"2025-05-10T15:30:00+02:00\">10 de mayo de 2025 15:30<\/time><\/div><\/div>\n\n<\/li><\/ul>\n\n<nav class=\"wp-block-query-pagination is-layout-flex wp-block-query-pagination-is-layout-flex\" aria-label=\"Paginaci\u00f3n\">\n\n\n<div class=\"wp-block-query-pagination-numbers\"><span aria-current=\"page\" class=\"page-numbers current\">1<\/span>\n<a class=\"page-numbers\" href=\"?query-0-page=2\">2<\/a><\/div>\n\n<a href=\"\/2025\/wp-json\/wp\/v2\/pages\/4459?query-0-page=2\" class=\"wp-block-query-pagination-next\">P\u00e1gina siguiente<\/a>\n<\/nav><\/div>\n","protected":false},"excerpt":{"rendered":"","protected":false},"author":21173824,"featured_media":0,"parent":0,"menu_order":0,"comment_status":"closed","ping_status":"closed","template":"","meta":{"jetpack_post_was_ever_published":false,"footnotes":""},"class_list":["post-4459","page","type-page","status-publish","hentry"],"jetpack_likes_enabled":true,"jetpack_sharing_enabled":true,"_links":{"self":[{"href":"https:\/\/bilbao.wordcamp.org\/2025\/wp-json\/wp\/v2\/pages\/4459","targetHints":{"allow":["GET"]}}],"collection":[{"href":"https:\/\/bilbao.wordcamp.org\/2025\/wp-json\/wp\/v2\/pages"}],"about":[{"href":"https:\/\/bilbao.wordcamp.org\/2025\/wp-json\/wp\/v2\/types\/page"}],"author":[{"embeddable":true,"href":"https:\/\/bilbao.wordcamp.org\/2025\/wp-json\/wp\/v2\/users\/21173824"}],"replies":[{"embeddable":true,"href":"https:\/\/bilbao.wordcamp.org\/2025\/wp-json\/wp\/v2\/comments?post=4459"}],"version-history":[{"count":2,"href":"https:\/\/bilbao.wordcamp.org\/2025\/wp-json\/wp\/v2\/pages\/4459\/revisions"}],"predecessor-version":[{"id":4554,"href":"https:\/\/bilbao.wordcamp.org\/2025\/wp-json\/wp\/v2\/pages\/4459\/revisions\/4554"}],"wp:attachment":[{"href":"https:\/\/bilbao.wordcamp.org\/2025\/wp-json\/wp\/v2\/media?parent=4459"}],"curies":[{"name":"wp","href":"https:\/\/api.w.org\/{rel}","templated":true}]}}